{"id":19090,"date":"2025-07-10T15:55:45","date_gmt":"2025-07-10T13:55:45","guid":{"rendered":"https:\/\/rikliskarto.com\/shop\/unkategorisiert\/xerjoff-skizzenbuch-s-33-ausgabe-mit-leeren-seiten\/"},"modified":"2025-07-10T15:55:45","modified_gmt":"2025-07-10T13:55:45","slug":"xerjoff-skizzenbuch-s-33-ausgabe-mit-leeren-seiten","status":"publish","type":"product","link":"https:\/\/rikliskarto.com\/de\/nischen-parfum\/xerjoff-de\/xerjoff-skizzenbuch-s-33-ausgabe-mit-leeren-seiten\/","title":{"rendered":"Xerjoff &#8211; Skizzenbuch S.33 Ausgabe mit leeren Seiten"},"content":{"rendered":"<p><img decoding=\"async\" width=\"300\" height=\"300\" class=\"alignnone size-medium wp-image-18952\" src=\"https:\/\/rikliskarto.com\/wp-content\/uploads\/2025\/07\/Ontwerp-zonder-titel-300x300.png\" alt=\"\" srcset=\"https:\/\/rikliskarto.com\/wp-content\/uploads\/2025\/07\/Ontwerp-zonder-titel-300x300.png 300w, https:\/\/rikliskarto.com\/wp-content\/uploads\/2025\/07\/Ontwerp-zonder-titel-150x150.png 150w, https:\/\/rikliskarto.com\/wp-content\/uploads\/2025\/07\/Ontwerp-zonder-titel-768x768.png 768w, https:\/\/rikliskarto.com\/wp-content\/uploads\/2025\/07\/Ontwerp-zonder-titel-100x100.png 100w, https:\/\/rikliskarto.com\/wp-content\/uploads\/2025\/07\/Ontwerp-zonder-titel.png 1000w\" sizes=\"(max-width: 300px) 100vw, 300px\" \/><\/p>\n","protected":false},"excerpt":{"rendered":"<p data-start=\"133\" data-end=\"462\">Die P33 Black Page Edition ist eine Hommage an die Kraft der Einfachheit. Mit seinem tiefschwarzen Einband, der hochwertigen Verarbeitung und den dezenten Details ist dieses Notizbuch wie gemacht f\u00fcr Denker, Tr\u00e4umer und Macher. Perfekt f\u00fcr Ihre t\u00e4glichen Ideen, Skizzen oder Strategien.  <\/p>\n<p data-start=\"464\" data-end=\"527\"><strong><span style=\"font-family: var(--bs-font-sans-serif); font-size: 1rem;\" data-start=\"491\" data-end=\"526\">Jetzt<\/span><\/strong><strong style=\"font-family: var(--bs-font-sans-serif); font-size: 1rem;\" data-start=\"491\" data-end=\"526\">bei Riklis Karto erh\u00e4ltlich!<\/strong><\/p>\n","protected":false},"featured_media":18954,"comment_status":"open","ping_status":"closed","template":"","meta":{"_acf_changed":false},"product_brand":[],"product_cat":[862,1697],"product_tag":[],"class_list":{"0":"post-19090","1":"product","2":"type-product","3":"status-publish","4":"has-post-thumbnail","6":"product_cat-nischen-parfum","7":"product_cat-xerjoff-de","8":"brand-xerjoff-de","9":"scent-note-basisnoten-de","10":"scent-note-bergamot-de","11":"scent-note-bernstein","12":"scent-note-groene-appel-de","13":"scent-note-hartnoten-de","14":"scent-note-iris-de","15":"scent-note-kaneel-de","16":"scent-note-moschus-de","17":"scent-note-topnoten-de","18":"scent-note-zedernholz","19":"composition-fruitig-de","20":"fragrance-family-floral-de","21":"fragrance-family-fruity-de","23":"first","24":"instock","25":"taxable","26":"shipping-taxable","27":"purchasable","28":"product-type-variable"},"acf":[],"yoast_head":"<!-- This site is optimized with the Yoast SEO plugin v25.9 - https:\/\/yoast.com\/wordpress\/plugins\/seo\/ -->\n<title>Xerjoff - Skizzenbuch S.33 Ausgabe mit leeren Seiten - Riklis Karto<\/title>\n<meta name=\"robots\" content=\"index, follow, max-snippet:-1, max-image-preview:large, max-video-preview:-1\" \/>\n<link rel=\"canonical\" href=\"https:\/\/rikliskarto.com\/de\/nischen-parfum\/xerjoff-de\/xerjoff-skizzenbuch-s-33-ausgabe-mit-leeren-seiten\/\" \/>\n<meta property=\"og:locale\" content=\"de_DE\" \/>\n<meta property=\"og:type\" content=\"article\" \/>\n<meta property=\"og:title\" content=\"Xerjoff - Skizzenbuch S.33 Ausgabe mit leeren Seiten - Riklis Karto\" \/>\n<meta property=\"og:description\" content=\"Die P33 Black Page Edition ist eine Hommage an die Kraft der Einfachheit. Mit seinem tiefschwarzen Einband, der hochwertigen Verarbeitung und den dezenten Details ist dieses Notizbuch wie gemacht f\u00fcr Denker, Tr\u00e4umer und Macher. Perfekt f\u00fcr Ihre t\u00e4glichen Ideen, Skizzen oder Strategien.  Jetztbei Riklis Karto erh\u00e4ltlich!\" \/>\n<meta property=\"og:url\" content=\"https:\/\/rikliskarto.com\/de\/nischen-parfum\/xerjoff-de\/xerjoff-skizzenbuch-s-33-ausgabe-mit-leeren-seiten\/\" \/>\n<meta property=\"og:site_name\" content=\"Riklis Karto\" \/>\n<meta property=\"og:image\" content=\"https:\/\/rikliskarto.com\/wp-content\/uploads\/2025\/07\/Ontwerp-zonder-titel.png\" \/>\n\t<meta property=\"og:image:width\" content=\"1000\" \/>\n\t<meta property=\"og:image:height\" content=\"1000\" \/>\n\t<meta property=\"og:image:type\" content=\"image\/png\" \/>\n<meta name=\"twitter:card\" content=\"summary_large_image\" \/>\n<script type=\"application\/ld+json\" class=\"yoast-schema-graph\">{\"@context\":\"https:\/\/schema.org\",\"@graph\":[{\"@type\":\"WebPage\",\"@id\":\"https:\/\/rikliskarto.com\/de\/nischen-parfum\/xerjoff-de\/xerjoff-skizzenbuch-s-33-ausgabe-mit-leeren-seiten\/\",\"url\":\"https:\/\/rikliskarto.com\/de\/nischen-parfum\/xerjoff-de\/xerjoff-skizzenbuch-s-33-ausgabe-mit-leeren-seiten\/\",\"name\":\"Xerjoff - Skizzenbuch S.33 Ausgabe mit leeren Seiten - Riklis Karto\",\"isPartOf\":{\"@id\":\"https:\/\/rikliskarto.com\/de\/#website\"},\"primaryImageOfPage\":{\"@id\":\"https:\/\/rikliskarto.com\/de\/nischen-parfum\/xerjoff-de\/xerjoff-skizzenbuch-s-33-ausgabe-mit-leeren-seiten\/#primaryimage\"},\"image\":{\"@id\":\"https:\/\/rikliskarto.com\/de\/nischen-parfum\/xerjoff-de\/xerjoff-skizzenbuch-s-33-ausgabe-mit-leeren-seiten\/#primaryimage\"},\"thumbnailUrl\":\"https:\/\/rikliskarto.com\/wp-content\/uploads\/2025\/07\/Ontwerp-zonder-titel.png\",\"datePublished\":\"2025-07-10T13:55:45+00:00\",\"breadcrumb\":{\"@id\":\"https:\/\/rikliskarto.com\/de\/nischen-parfum\/xerjoff-de\/xerjoff-skizzenbuch-s-33-ausgabe-mit-leeren-seiten\/#breadcrumb\"},\"inLanguage\":\"de\",\"potentialAction\":[{\"@type\":\"ReadAction\",\"target\":[\"https:\/\/rikliskarto.com\/de\/nischen-parfum\/xerjoff-de\/xerjoff-skizzenbuch-s-33-ausgabe-mit-leeren-seiten\/\"]}]},{\"@type\":\"ImageObject\",\"inLanguage\":\"de\",\"@id\":\"https:\/\/rikliskarto.com\/de\/nischen-parfum\/xerjoff-de\/xerjoff-skizzenbuch-s-33-ausgabe-mit-leeren-seiten\/#primaryimage\",\"url\":\"https:\/\/rikliskarto.com\/wp-content\/uploads\/2025\/07\/Ontwerp-zonder-titel.png\",\"contentUrl\":\"https:\/\/rikliskarto.com\/wp-content\/uploads\/2025\/07\/Ontwerp-zonder-titel.png\",\"width\":1000,\"height\":1000},{\"@type\":\"BreadcrumbList\",\"@id\":\"https:\/\/rikliskarto.com\/de\/nischen-parfum\/xerjoff-de\/xerjoff-skizzenbuch-s-33-ausgabe-mit-leeren-seiten\/#breadcrumb\",\"itemListElement\":[{\"@type\":\"ListItem\",\"position\":1,\"name\":\"Home\",\"item\":\"https:\/\/rikliskarto.com\/de\/heim\/\"},{\"@type\":\"ListItem\",\"position\":2,\"name\":\"Priv\u00e9: Laden\",\"item\":\"https:\/\/rikliskarto.com\/de\/shop\/\"},{\"@type\":\"ListItem\",\"position\":3,\"name\":\"Xerjoff &#8211; Skizzenbuch S.33 Ausgabe mit leeren Seiten\"}]},{\"@type\":\"WebSite\",\"@id\":\"https:\/\/rikliskarto.com\/de\/#website\",\"url\":\"https:\/\/rikliskarto.com\/de\/\",\"name\":\"Riklis Karto\",\"description\":\"Ontdek de beste Niche Parfum &amp; Geurkaarsen.\",\"potentialAction\":[{\"@type\":\"SearchAction\",\"target\":{\"@type\":\"EntryPoint\",\"urlTemplate\":\"https:\/\/rikliskarto.com\/de\/?s={search_term_string}\"},\"query-input\":{\"@type\":\"PropertyValueSpecification\",\"valueRequired\":true,\"valueName\":\"search_term_string\"}}],\"inLanguage\":\"de\"}]}<\/script>\n<!-- \/ Yoast SEO plugin. -->","yoast_head_json":{"title":"Xerjoff - Skizzenbuch S.33 Ausgabe mit leeren Seiten - Riklis Karto","robots":{"index":"index","follow":"follow","max-snippet":"max-snippet:-1","max-image-preview":"max-image-preview:large","max-video-preview":"max-video-preview:-1"},"canonical":"https:\/\/rikliskarto.com\/de\/nischen-parfum\/xerjoff-de\/xerjoff-skizzenbuch-s-33-ausgabe-mit-leeren-seiten\/","og_locale":"de_DE","og_type":"article","og_title":"Xerjoff - Skizzenbuch S.33 Ausgabe mit leeren Seiten - Riklis Karto","og_description":"Die P33 Black Page Edition ist eine Hommage an die Kraft der Einfachheit. Mit seinem tiefschwarzen Einband, der hochwertigen Verarbeitung und den dezenten Details ist dieses Notizbuch wie gemacht f\u00fcr Denker, Tr\u00e4umer und Macher. Perfekt f\u00fcr Ihre t\u00e4glichen Ideen, Skizzen oder Strategien.  Jetztbei Riklis Karto erh\u00e4ltlich!","og_url":"https:\/\/rikliskarto.com\/de\/nischen-parfum\/xerjoff-de\/xerjoff-skizzenbuch-s-33-ausgabe-mit-leeren-seiten\/","og_site_name":"Riklis Karto","og_image":[{"width":1000,"height":1000,"url":"https:\/\/rikliskarto.com\/wp-content\/uploads\/2025\/07\/Ontwerp-zonder-titel.png","type":"image\/png"}],"twitter_card":"summary_large_image","schema":{"@context":"https:\/\/schema.org","@graph":[{"@type":"WebPage","@id":"https:\/\/rikliskarto.com\/de\/nischen-parfum\/xerjoff-de\/xerjoff-skizzenbuch-s-33-ausgabe-mit-leeren-seiten\/","url":"https:\/\/rikliskarto.com\/de\/nischen-parfum\/xerjoff-de\/xerjoff-skizzenbuch-s-33-ausgabe-mit-leeren-seiten\/","name":"Xerjoff - Skizzenbuch S.33 Ausgabe mit leeren Seiten - Riklis Karto","isPartOf":{"@id":"https:\/\/rikliskarto.com\/de\/#website"},"primaryImageOfPage":{"@id":"https:\/\/rikliskarto.com\/de\/nischen-parfum\/xerjoff-de\/xerjoff-skizzenbuch-s-33-ausgabe-mit-leeren-seiten\/#primaryimage"},"image":{"@id":"https:\/\/rikliskarto.com\/de\/nischen-parfum\/xerjoff-de\/xerjoff-skizzenbuch-s-33-ausgabe-mit-leeren-seiten\/#primaryimage"},"thumbnailUrl":"https:\/\/rikliskarto.com\/wp-content\/uploads\/2025\/07\/Ontwerp-zonder-titel.png","datePublished":"2025-07-10T13:55:45+00:00","breadcrumb":{"@id":"https:\/\/rikliskarto.com\/de\/nischen-parfum\/xerjoff-de\/xerjoff-skizzenbuch-s-33-ausgabe-mit-leeren-seiten\/#breadcrumb"},"inLanguage":"de","potentialAction":[{"@type":"ReadAction","target":["https:\/\/rikliskarto.com\/de\/nischen-parfum\/xerjoff-de\/xerjoff-skizzenbuch-s-33-ausgabe-mit-leeren-seiten\/"]}]},{"@type":"ImageObject","inLanguage":"de","@id":"https:\/\/rikliskarto.com\/de\/nischen-parfum\/xerjoff-de\/xerjoff-skizzenbuch-s-33-ausgabe-mit-leeren-seiten\/#primaryimage","url":"https:\/\/rikliskarto.com\/wp-content\/uploads\/2025\/07\/Ontwerp-zonder-titel.png","contentUrl":"https:\/\/rikliskarto.com\/wp-content\/uploads\/2025\/07\/Ontwerp-zonder-titel.png","width":1000,"height":1000},{"@type":"BreadcrumbList","@id":"https:\/\/rikliskarto.com\/de\/nischen-parfum\/xerjoff-de\/xerjoff-skizzenbuch-s-33-ausgabe-mit-leeren-seiten\/#breadcrumb","itemListElement":[{"@type":"ListItem","position":1,"name":"Home","item":"https:\/\/rikliskarto.com\/de\/heim\/"},{"@type":"ListItem","position":2,"name":"Priv\u00e9: Laden","item":"https:\/\/rikliskarto.com\/de\/shop\/"},{"@type":"ListItem","position":3,"name":"Xerjoff &#8211; Skizzenbuch S.33 Ausgabe mit leeren Seiten"}]},{"@type":"WebSite","@id":"https:\/\/rikliskarto.com\/de\/#website","url":"https:\/\/rikliskarto.com\/de\/","name":"Riklis Karto","description":"Ontdek de beste Niche Parfum &amp; Geurkaarsen.","potentialAction":[{"@type":"SearchAction","target":{"@type":"EntryPoint","urlTemplate":"https:\/\/rikliskarto.com\/de\/?s={search_term_string}"},"query-input":{"@type":"PropertyValueSpecification","valueRequired":true,"valueName":"search_term_string"}}],"inLanguage":"de"}]}},"_links":{"self":[{"href":"https:\/\/rikliskarto.com\/de\/wp-json\/wp\/v2\/product\/19090","targetHints":{"allow":["GET"]}}],"collection":[{"href":"https:\/\/rikliskarto.com\/de\/wp-json\/wp\/v2\/product"}],"about":[{"href":"https:\/\/rikliskarto.com\/de\/wp-json\/wp\/v2\/types\/product"}],"replies":[{"embeddable":true,"href":"https:\/\/rikliskarto.com\/de\/wp-json\/wp\/v2\/comments?post=19090"}],"wp:featuredmedia":[{"embeddable":true,"href":"https:\/\/rikliskarto.com\/de\/wp-json\/wp\/v2\/media\/18954"}],"wp:attachment":[{"href":"https:\/\/rikliskarto.com\/de\/wp-json\/wp\/v2\/media?parent=19090"}],"wp:term":[{"taxonomy":"product_brand","embeddable":true,"href":"https:\/\/rikliskarto.com\/de\/wp-json\/wp\/v2\/product_brand?post=19090"},{"taxonomy":"product_cat","embeddable":true,"href":"https:\/\/rikliskarto.com\/de\/wp-json\/wp\/v2\/product_cat?post=19090"},{"taxonomy":"product_tag","embeddable":true,"href":"https:\/\/rikliskarto.com\/de\/wp-json\/wp\/v2\/product_tag?post=19090"}],"curies":[{"name":"wp","href":"https:\/\/api.w.org\/{rel}","templated":true}]}}