{"id":19086,"date":"2025-07-10T17:49:58","date_gmt":"2025-07-10T15:49:58","guid":{"rendered":"https:\/\/rikliskarto.com\/shop\/unkategorisiert\/xerjoff-blends-tony-iommi-deified-parfuem\/"},"modified":"2025-07-10T17:49:58","modified_gmt":"2025-07-10T15:49:58","slug":"xerjoff-blends-tony-iommi-deified-parfuem","status":"publish","type":"product","link":"https:\/\/rikliskarto.com\/de\/nischen-parfum\/xerjoff-de\/xerjoff-blends-tony-iommi-deified-parfuem\/","title":{"rendered":"XERJOFF &#8211; BLENDS TONY IOMMI DEIFIED PARF\u00dcM"},"content":{"rendered":"<p>Deified ist die zweite Kreation aus der Zusammenarbeit zwischen Tony Iommi (Black Sabbath) und Sergio Momo von Xerjoff. Ein dunkles, opulentes Parf\u00fcm, das durch Leder und Gew\u00fcrze mit der Dualit\u00e4t spielt. Er er\u00f6ffnet mit Safran und Apfel, gefolgt von einem w\u00fcrzig-ledrigen Herz und endet auf einer rhythmischen Holzbasis.<\/p>\n","protected":false},"excerpt":{"rendered":"<p>Deified ist die zweite Kreation aus der Zusammenarbeit zwischen Tony Iommi (Black Sabbath) und Sergio Momo von Xerjoff. Ein dunkles, opulentes Parf\u00fcm, das durch Leder und Gew\u00fcrze mit der Dualit\u00e4t&#8230;<\/p>\n","protected":false},"featured_media":18968,"comment_status":"open","ping_status":"closed","template":"","meta":{"_acf_changed":false},"product_brand":[],"product_cat":[862,1697],"product_tag":[],"class_list":{"0":"post-19086","1":"product","2":"type-product","3":"status-publish","4":"has-post-thumbnail","6":"product_cat-nischen-parfum","7":"product_cat-xerjoff-de","8":"brand-xerjoff-de","9":"scent-note-appel-de","10":"scent-note-basisnoten-de","11":"scent-note-hartnoten-de","12":"scent-note-mos-de","13":"scent-note-moschus-de","14":"scent-note-patchouli-basisnoten-de","15":"scent-note-roos-de","16":"scent-note-saffraan-de","17":"scent-note-topnoten-de","18":"composition-kaneel-de","19":"composition-leer-de","20":"fragrance-family-woods-de","21":"formule-eau-de-parfum-de","22":"gender-unisex-de","24":"first","25":"instock","26":"taxable","27":"shipping-taxable","28":"purchasable","29":"product-type-variable"},"acf":[],"yoast_head":"<!-- This site is optimized with the Yoast SEO plugin v25.9 - https:\/\/yoast.com\/wordpress\/plugins\/seo\/ -->\n<title>XERJOFF - BLENDS TONY IOMMI DEIFIED PARF\u00dcM - Riklis Karto<\/title>\n<meta name=\"robots\" content=\"index, follow, max-snippet:-1, max-image-preview:large, max-video-preview:-1\" \/>\n<link rel=\"canonical\" href=\"https:\/\/rikliskarto.com\/de\/nischen-parfum\/xerjoff-de\/xerjoff-blends-tony-iommi-deified-parfuem\/\" \/>\n<meta property=\"og:locale\" content=\"de_DE\" \/>\n<meta property=\"og:type\" content=\"article\" \/>\n<meta property=\"og:title\" content=\"XERJOFF - BLENDS TONY IOMMI DEIFIED PARF\u00dcM - Riklis Karto\" \/>\n<meta property=\"og:description\" content=\"Deified ist die zweite Kreation aus der Zusammenarbeit zwischen Tony Iommi (Black Sabbath) und Sergio Momo von Xerjoff. Ein dunkles, opulentes Parf\u00fcm, das durch Leder und Gew\u00fcrze mit der Dualit\u00e4t...\" \/>\n<meta property=\"og:url\" content=\"https:\/\/rikliskarto.com\/de\/nischen-parfum\/xerjoff-de\/xerjoff-blends-tony-iommi-deified-parfuem\/\" \/>\n<meta property=\"og:site_name\" content=\"Riklis Karto\" \/>\n<meta property=\"og:image\" content=\"https:\/\/rikliskarto.com\/wp-content\/uploads\/2025\/07\/Ontwerp-zonder-titel-3.png\" \/>\n\t<meta property=\"og:image:width\" content=\"1000\" \/>\n\t<meta property=\"og:image:height\" content=\"1000\" \/>\n\t<meta property=\"og:image:type\" content=\"image\/png\" \/>\n<meta name=\"twitter:card\" content=\"summary_large_image\" \/>\n<script type=\"application\/ld+json\" class=\"yoast-schema-graph\">{\"@context\":\"https:\/\/schema.org\",\"@graph\":[{\"@type\":\"WebPage\",\"@id\":\"https:\/\/rikliskarto.com\/de\/nischen-parfum\/xerjoff-de\/xerjoff-blends-tony-iommi-deified-parfuem\/\",\"url\":\"https:\/\/rikliskarto.com\/de\/nischen-parfum\/xerjoff-de\/xerjoff-blends-tony-iommi-deified-parfuem\/\",\"name\":\"XERJOFF - BLENDS TONY IOMMI DEIFIED PARF\u00dcM - Riklis Karto\",\"isPartOf\":{\"@id\":\"https:\/\/rikliskarto.com\/de\/#website\"},\"primaryImageOfPage\":{\"@id\":\"https:\/\/rikliskarto.com\/de\/nischen-parfum\/xerjoff-de\/xerjoff-blends-tony-iommi-deified-parfuem\/#primaryimage\"},\"image\":{\"@id\":\"https:\/\/rikliskarto.com\/de\/nischen-parfum\/xerjoff-de\/xerjoff-blends-tony-iommi-deified-parfuem\/#primaryimage\"},\"thumbnailUrl\":\"https:\/\/rikliskarto.com\/wp-content\/uploads\/2025\/07\/Ontwerp-zonder-titel-3.png\",\"datePublished\":\"2025-07-10T15:49:58+00:00\",\"breadcrumb\":{\"@id\":\"https:\/\/rikliskarto.com\/de\/nischen-parfum\/xerjoff-de\/xerjoff-blends-tony-iommi-deified-parfuem\/#breadcrumb\"},\"inLanguage\":\"de\",\"potentialAction\":[{\"@type\":\"ReadAction\",\"target\":[\"https:\/\/rikliskarto.com\/de\/nischen-parfum\/xerjoff-de\/xerjoff-blends-tony-iommi-deified-parfuem\/\"]}]},{\"@type\":\"ImageObject\",\"inLanguage\":\"de\",\"@id\":\"https:\/\/rikliskarto.com\/de\/nischen-parfum\/xerjoff-de\/xerjoff-blends-tony-iommi-deified-parfuem\/#primaryimage\",\"url\":\"https:\/\/rikliskarto.com\/wp-content\/uploads\/2025\/07\/Ontwerp-zonder-titel-3.png\",\"contentUrl\":\"https:\/\/rikliskarto.com\/wp-content\/uploads\/2025\/07\/Ontwerp-zonder-titel-3.png\",\"width\":1000,\"height\":1000},{\"@type\":\"BreadcrumbList\",\"@id\":\"https:\/\/rikliskarto.com\/de\/nischen-parfum\/xerjoff-de\/xerjoff-blends-tony-iommi-deified-parfuem\/#breadcrumb\",\"itemListElement\":[{\"@type\":\"ListItem\",\"position\":1,\"name\":\"Home\",\"item\":\"https:\/\/rikliskarto.com\/de\/heim\/\"},{\"@type\":\"ListItem\",\"position\":2,\"name\":\"Priv\u00e9: Laden\",\"item\":\"https:\/\/rikliskarto.com\/de\/shop\/\"},{\"@type\":\"ListItem\",\"position\":3,\"name\":\"XERJOFF &#8211; BLENDS TONY IOMMI DEIFIED PARF\u00dcM\"}]},{\"@type\":\"WebSite\",\"@id\":\"https:\/\/rikliskarto.com\/de\/#website\",\"url\":\"https:\/\/rikliskarto.com\/de\/\",\"name\":\"Riklis Karto\",\"description\":\"Ontdek de beste Niche Parfum &amp; Geurkaarsen.\",\"potentialAction\":[{\"@type\":\"SearchAction\",\"target\":{\"@type\":\"EntryPoint\",\"urlTemplate\":\"https:\/\/rikliskarto.com\/de\/?s={search_term_string}\"},\"query-input\":{\"@type\":\"PropertyValueSpecification\",\"valueRequired\":true,\"valueName\":\"search_term_string\"}}],\"inLanguage\":\"de\"}]}<\/script>\n<!-- \/ Yoast SEO plugin. -->","yoast_head_json":{"title":"XERJOFF - BLENDS TONY IOMMI DEIFIED PARF\u00dcM - Riklis Karto","robots":{"index":"index","follow":"follow","max-snippet":"max-snippet:-1","max-image-preview":"max-image-preview:large","max-video-preview":"max-video-preview:-1"},"canonical":"https:\/\/rikliskarto.com\/de\/nischen-parfum\/xerjoff-de\/xerjoff-blends-tony-iommi-deified-parfuem\/","og_locale":"de_DE","og_type":"article","og_title":"XERJOFF - BLENDS TONY IOMMI DEIFIED PARF\u00dcM - Riklis Karto","og_description":"Deified ist die zweite Kreation aus der Zusammenarbeit zwischen Tony Iommi (Black Sabbath) und Sergio Momo von Xerjoff. Ein dunkles, opulentes Parf\u00fcm, das durch Leder und Gew\u00fcrze mit der Dualit\u00e4t...","og_url":"https:\/\/rikliskarto.com\/de\/nischen-parfum\/xerjoff-de\/xerjoff-blends-tony-iommi-deified-parfuem\/","og_site_name":"Riklis Karto","og_image":[{"width":1000,"height":1000,"url":"https:\/\/rikliskarto.com\/wp-content\/uploads\/2025\/07\/Ontwerp-zonder-titel-3.png","type":"image\/png"}],"twitter_card":"summary_large_image","schema":{"@context":"https:\/\/schema.org","@graph":[{"@type":"WebPage","@id":"https:\/\/rikliskarto.com\/de\/nischen-parfum\/xerjoff-de\/xerjoff-blends-tony-iommi-deified-parfuem\/","url":"https:\/\/rikliskarto.com\/de\/nischen-parfum\/xerjoff-de\/xerjoff-blends-tony-iommi-deified-parfuem\/","name":"XERJOFF - BLENDS TONY IOMMI DEIFIED PARF\u00dcM - Riklis Karto","isPartOf":{"@id":"https:\/\/rikliskarto.com\/de\/#website"},"primaryImageOfPage":{"@id":"https:\/\/rikliskarto.com\/de\/nischen-parfum\/xerjoff-de\/xerjoff-blends-tony-iommi-deified-parfuem\/#primaryimage"},"image":{"@id":"https:\/\/rikliskarto.com\/de\/nischen-parfum\/xerjoff-de\/xerjoff-blends-tony-iommi-deified-parfuem\/#primaryimage"},"thumbnailUrl":"https:\/\/rikliskarto.com\/wp-content\/uploads\/2025\/07\/Ontwerp-zonder-titel-3.png","datePublished":"2025-07-10T15:49:58+00:00","breadcrumb":{"@id":"https:\/\/rikliskarto.com\/de\/nischen-parfum\/xerjoff-de\/xerjoff-blends-tony-iommi-deified-parfuem\/#breadcrumb"},"inLanguage":"de","potentialAction":[{"@type":"ReadAction","target":["https:\/\/rikliskarto.com\/de\/nischen-parfum\/xerjoff-de\/xerjoff-blends-tony-iommi-deified-parfuem\/"]}]},{"@type":"ImageObject","inLanguage":"de","@id":"https:\/\/rikliskarto.com\/de\/nischen-parfum\/xerjoff-de\/xerjoff-blends-tony-iommi-deified-parfuem\/#primaryimage","url":"https:\/\/rikliskarto.com\/wp-content\/uploads\/2025\/07\/Ontwerp-zonder-titel-3.png","contentUrl":"https:\/\/rikliskarto.com\/wp-content\/uploads\/2025\/07\/Ontwerp-zonder-titel-3.png","width":1000,"height":1000},{"@type":"BreadcrumbList","@id":"https:\/\/rikliskarto.com\/de\/nischen-parfum\/xerjoff-de\/xerjoff-blends-tony-iommi-deified-parfuem\/#breadcrumb","itemListElement":[{"@type":"ListItem","position":1,"name":"Home","item":"https:\/\/rikliskarto.com\/de\/heim\/"},{"@type":"ListItem","position":2,"name":"Priv\u00e9: Laden","item":"https:\/\/rikliskarto.com\/de\/shop\/"},{"@type":"ListItem","position":3,"name":"XERJOFF &#8211; BLENDS TONY IOMMI DEIFIED PARF\u00dcM"}]},{"@type":"WebSite","@id":"https:\/\/rikliskarto.com\/de\/#website","url":"https:\/\/rikliskarto.com\/de\/","name":"Riklis Karto","description":"Ontdek de beste Niche Parfum &amp; Geurkaarsen.","potentialAction":[{"@type":"SearchAction","target":{"@type":"EntryPoint","urlTemplate":"https:\/\/rikliskarto.com\/de\/?s={search_term_string}"},"query-input":{"@type":"PropertyValueSpecification","valueRequired":true,"valueName":"search_term_string"}}],"inLanguage":"de"}]}},"_links":{"self":[{"href":"https:\/\/rikliskarto.com\/de\/wp-json\/wp\/v2\/product\/19086","targetHints":{"allow":["GET"]}}],"collection":[{"href":"https:\/\/rikliskarto.com\/de\/wp-json\/wp\/v2\/product"}],"about":[{"href":"https:\/\/rikliskarto.com\/de\/wp-json\/wp\/v2\/types\/product"}],"replies":[{"embeddable":true,"href":"https:\/\/rikliskarto.com\/de\/wp-json\/wp\/v2\/comments?post=19086"}],"wp:featuredmedia":[{"embeddable":true,"href":"https:\/\/rikliskarto.com\/de\/wp-json\/wp\/v2\/media\/18968"}],"wp:attachment":[{"href":"https:\/\/rikliskarto.com\/de\/wp-json\/wp\/v2\/media?parent=19086"}],"wp:term":[{"taxonomy":"product_brand","embeddable":true,"href":"https:\/\/rikliskarto.com\/de\/wp-json\/wp\/v2\/product_brand?post=19086"},{"taxonomy":"product_cat","embeddable":true,"href":"https:\/\/rikliskarto.com\/de\/wp-json\/wp\/v2\/product_cat?post=19086"},{"taxonomy":"product_tag","embeddable":true,"href":"https:\/\/rikliskarto.com\/de\/wp-json\/wp\/v2\/product_tag?post=19086"}],"curies":[{"name":"wp","href":"https:\/\/api.w.org\/{rel}","templated":true}]}}