{"id":19074,"date":"2025-07-13T16:56:19","date_gmt":"2025-07-13T14:56:19","guid":{"rendered":"https:\/\/rikliskarto.com\/shop\/unkategorisiert\/stephane-humbert-lucas-777-oumma\/"},"modified":"2025-07-13T16:56:19","modified_gmt":"2025-07-13T14:56:19","slug":"stephane-humbert-lucas-777-oumma","status":"publish","type":"product","link":"https:\/\/rikliskarto.com\/de\/nischen-parfum\/stephane-humbert-lucas-777-oumma\/","title":{"rendered":"ST\u00c9PHANE HUMBERT LUCAS 777 &#8211; Oumma"},"content":{"rendered":"<p>Oumma ist ein tiefer und eleganter Duft mit satten Rosen, Jasmin und rauchigen Balsamen. Die Kombination aus Oud, Zedernholz und Rauch verleiht ihm einen mystischen Charakter. Ein Duft f\u00fcr Liebhaber von Tiefe, W\u00e4rme und Spiritualit\u00e4t. Unisex, intensiv und voller Luxus.<\/p>\n","protected":false},"excerpt":{"rendered":"<p>Oumma ist ein tiefer und eleganter Duft mit satten Rosen, Jasmin und rauchigen Balsamen. Die Kombination aus Oud, Zedernholz und Rauch verleiht ihm einen mystischen Charakter. Ein Duft f\u00fcr Liebhaber&#8230;<\/p>\n","protected":false},"featured_media":19024,"comment_status":"open","ping_status":"closed","template":"","meta":{"_acf_changed":false},"product_brand":[],"product_cat":[862,1693],"product_tag":[],"class_list":{"0":"post-19074","1":"product","2":"type-product","3":"status-publish","4":"has-post-thumbnail","6":"product_cat-nischen-parfum","7":"product_cat-stephane-humbert-lucas-777-de","8":"brand-stephane-humbert-lucas-777-de","9":"scent-note-agyptischer-jasmin","10":"scent-note-basisnoten-de","11":"scent-note-burmesischer-oudh","12":"scent-note-hartnoten-de","13":"scent-note-marokkanische-rose","14":"scent-note-nagarmotha-de","15":"scent-note-peruanischer-balsam","16":"scent-note-rolu-balsam","17":"scent-note-topnoten-de","18":"scent-note-zedernholz","19":"composition-balsemachtig-de","20":"composition-houtachtig-de","21":"composition-poederig-de","22":"composition-rauchig","23":"fragrance-family-oriental-de","24":"fragrance-family-woody-oriental-de","25":"formule-eau-de-parfum-de","26":"season-herfst-de","27":"season-lente-de","28":"season-winter-de","29":"occasion-abend","30":"gender-unisex-de","32":"first","33":"instock","34":"taxable","35":"shipping-taxable","36":"purchasable","37":"product-type-variable"},"acf":[],"yoast_head":"<!-- This site is optimized with the Yoast SEO plugin v25.9 - https:\/\/yoast.com\/wordpress\/plugins\/seo\/ -->\n<title>ST\u00c9PHANE HUMBERT LUCAS 777 - Oumma - Riklis Karto<\/title>\n<meta name=\"robots\" content=\"index, follow, max-snippet:-1, max-image-preview:large, max-video-preview:-1\" \/>\n<link rel=\"canonical\" href=\"https:\/\/rikliskarto.com\/de\/nischen-parfum\/stephane-humbert-lucas-777-oumma\/\" \/>\n<meta property=\"og:locale\" content=\"de_DE\" \/>\n<meta property=\"og:type\" content=\"article\" \/>\n<meta property=\"og:title\" content=\"ST\u00c9PHANE HUMBERT LUCAS 777 - Oumma - Riklis Karto\" \/>\n<meta property=\"og:description\" content=\"Oumma ist ein tiefer und eleganter Duft mit satten Rosen, Jasmin und rauchigen Balsamen. Die Kombination aus Oud, Zedernholz und Rauch verleiht ihm einen mystischen Charakter. Ein Duft f\u00fcr Liebhaber...\" \/>\n<meta property=\"og:url\" content=\"https:\/\/rikliskarto.com\/de\/nischen-parfum\/stephane-humbert-lucas-777-oumma\/\" \/>\n<meta property=\"og:site_name\" content=\"Riklis Karto\" \/>\n<meta property=\"og:image\" content=\"https:\/\/rikliskarto.com\/wp-content\/uploads\/2025\/07\/oumma.png\" \/>\n\t<meta property=\"og:image:width\" content=\"1000\" \/>\n\t<meta property=\"og:image:height\" content=\"1000\" \/>\n\t<meta property=\"og:image:type\" content=\"image\/png\" \/>\n<meta name=\"twitter:card\" content=\"summary_large_image\" \/>\n<script type=\"application\/ld+json\" class=\"yoast-schema-graph\">{\"@context\":\"https:\/\/schema.org\",\"@graph\":[{\"@type\":\"WebPage\",\"@id\":\"https:\/\/rikliskarto.com\/de\/nischen-parfum\/stephane-humbert-lucas-777-oumma\/\",\"url\":\"https:\/\/rikliskarto.com\/de\/nischen-parfum\/stephane-humbert-lucas-777-oumma\/\",\"name\":\"ST\u00c9PHANE HUMBERT LUCAS 777 - Oumma - Riklis Karto\",\"isPartOf\":{\"@id\":\"https:\/\/rikliskarto.com\/de\/#website\"},\"primaryImageOfPage\":{\"@id\":\"https:\/\/rikliskarto.com\/de\/nischen-parfum\/stephane-humbert-lucas-777-oumma\/#primaryimage\"},\"image\":{\"@id\":\"https:\/\/rikliskarto.com\/de\/nischen-parfum\/stephane-humbert-lucas-777-oumma\/#primaryimage\"},\"thumbnailUrl\":\"https:\/\/rikliskarto.com\/wp-content\/uploads\/2025\/07\/oumma.png\",\"datePublished\":\"2025-07-13T14:56:19+00:00\",\"breadcrumb\":{\"@id\":\"https:\/\/rikliskarto.com\/de\/nischen-parfum\/stephane-humbert-lucas-777-oumma\/#breadcrumb\"},\"inLanguage\":\"de\",\"potentialAction\":[{\"@type\":\"ReadAction\",\"target\":[\"https:\/\/rikliskarto.com\/de\/nischen-parfum\/stephane-humbert-lucas-777-oumma\/\"]}]},{\"@type\":\"ImageObject\",\"inLanguage\":\"de\",\"@id\":\"https:\/\/rikliskarto.com\/de\/nischen-parfum\/stephane-humbert-lucas-777-oumma\/#primaryimage\",\"url\":\"https:\/\/rikliskarto.com\/wp-content\/uploads\/2025\/07\/oumma.png\",\"contentUrl\":\"https:\/\/rikliskarto.com\/wp-content\/uploads\/2025\/07\/oumma.png\",\"width\":1000,\"height\":1000},{\"@type\":\"BreadcrumbList\",\"@id\":\"https:\/\/rikliskarto.com\/de\/nischen-parfum\/stephane-humbert-lucas-777-oumma\/#breadcrumb\",\"itemListElement\":[{\"@type\":\"ListItem\",\"position\":1,\"name\":\"Home\",\"item\":\"https:\/\/rikliskarto.com\/de\/heim\/\"},{\"@type\":\"ListItem\",\"position\":2,\"name\":\"Priv\u00e9: Laden\",\"item\":\"https:\/\/rikliskarto.com\/de\/shop\/\"},{\"@type\":\"ListItem\",\"position\":3,\"name\":\"ST\u00c9PHANE HUMBERT LUCAS 777 &#8211; Oumma\"}]},{\"@type\":\"WebSite\",\"@id\":\"https:\/\/rikliskarto.com\/de\/#website\",\"url\":\"https:\/\/rikliskarto.com\/de\/\",\"name\":\"Riklis Karto\",\"description\":\"Ontdek de beste Niche Parfum &amp; Geurkaarsen.\",\"potentialAction\":[{\"@type\":\"SearchAction\",\"target\":{\"@type\":\"EntryPoint\",\"urlTemplate\":\"https:\/\/rikliskarto.com\/de\/?s={search_term_string}\"},\"query-input\":{\"@type\":\"PropertyValueSpecification\",\"valueRequired\":true,\"valueName\":\"search_term_string\"}}],\"inLanguage\":\"de\"}]}<\/script>\n<!-- \/ Yoast SEO plugin. -->","yoast_head_json":{"title":"ST\u00c9PHANE HUMBERT LUCAS 777 - Oumma - Riklis Karto","robots":{"index":"index","follow":"follow","max-snippet":"max-snippet:-1","max-image-preview":"max-image-preview:large","max-video-preview":"max-video-preview:-1"},"canonical":"https:\/\/rikliskarto.com\/de\/nischen-parfum\/stephane-humbert-lucas-777-oumma\/","og_locale":"de_DE","og_type":"article","og_title":"ST\u00c9PHANE HUMBERT LUCAS 777 - Oumma - Riklis Karto","og_description":"Oumma ist ein tiefer und eleganter Duft mit satten Rosen, Jasmin und rauchigen Balsamen. Die Kombination aus Oud, Zedernholz und Rauch verleiht ihm einen mystischen Charakter. Ein Duft f\u00fcr Liebhaber...","og_url":"https:\/\/rikliskarto.com\/de\/nischen-parfum\/stephane-humbert-lucas-777-oumma\/","og_site_name":"Riklis Karto","og_image":[{"width":1000,"height":1000,"url":"https:\/\/rikliskarto.com\/wp-content\/uploads\/2025\/07\/oumma.png","type":"image\/png"}],"twitter_card":"summary_large_image","schema":{"@context":"https:\/\/schema.org","@graph":[{"@type":"WebPage","@id":"https:\/\/rikliskarto.com\/de\/nischen-parfum\/stephane-humbert-lucas-777-oumma\/","url":"https:\/\/rikliskarto.com\/de\/nischen-parfum\/stephane-humbert-lucas-777-oumma\/","name":"ST\u00c9PHANE HUMBERT LUCAS 777 - Oumma - Riklis Karto","isPartOf":{"@id":"https:\/\/rikliskarto.com\/de\/#website"},"primaryImageOfPage":{"@id":"https:\/\/rikliskarto.com\/de\/nischen-parfum\/stephane-humbert-lucas-777-oumma\/#primaryimage"},"image":{"@id":"https:\/\/rikliskarto.com\/de\/nischen-parfum\/stephane-humbert-lucas-777-oumma\/#primaryimage"},"thumbnailUrl":"https:\/\/rikliskarto.com\/wp-content\/uploads\/2025\/07\/oumma.png","datePublished":"2025-07-13T14:56:19+00:00","breadcrumb":{"@id":"https:\/\/rikliskarto.com\/de\/nischen-parfum\/stephane-humbert-lucas-777-oumma\/#breadcrumb"},"inLanguage":"de","potentialAction":[{"@type":"ReadAction","target":["https:\/\/rikliskarto.com\/de\/nischen-parfum\/stephane-humbert-lucas-777-oumma\/"]}]},{"@type":"ImageObject","inLanguage":"de","@id":"https:\/\/rikliskarto.com\/de\/nischen-parfum\/stephane-humbert-lucas-777-oumma\/#primaryimage","url":"https:\/\/rikliskarto.com\/wp-content\/uploads\/2025\/07\/oumma.png","contentUrl":"https:\/\/rikliskarto.com\/wp-content\/uploads\/2025\/07\/oumma.png","width":1000,"height":1000},{"@type":"BreadcrumbList","@id":"https:\/\/rikliskarto.com\/de\/nischen-parfum\/stephane-humbert-lucas-777-oumma\/#breadcrumb","itemListElement":[{"@type":"ListItem","position":1,"name":"Home","item":"https:\/\/rikliskarto.com\/de\/heim\/"},{"@type":"ListItem","position":2,"name":"Priv\u00e9: Laden","item":"https:\/\/rikliskarto.com\/de\/shop\/"},{"@type":"ListItem","position":3,"name":"ST\u00c9PHANE HUMBERT LUCAS 777 &#8211; Oumma"}]},{"@type":"WebSite","@id":"https:\/\/rikliskarto.com\/de\/#website","url":"https:\/\/rikliskarto.com\/de\/","name":"Riklis Karto","description":"Ontdek de beste Niche Parfum &amp; Geurkaarsen.","potentialAction":[{"@type":"SearchAction","target":{"@type":"EntryPoint","urlTemplate":"https:\/\/rikliskarto.com\/de\/?s={search_term_string}"},"query-input":{"@type":"PropertyValueSpecification","valueRequired":true,"valueName":"search_term_string"}}],"inLanguage":"de"}]}},"_links":{"self":[{"href":"https:\/\/rikliskarto.com\/de\/wp-json\/wp\/v2\/product\/19074","targetHints":{"allow":["GET"]}}],"collection":[{"href":"https:\/\/rikliskarto.com\/de\/wp-json\/wp\/v2\/product"}],"about":[{"href":"https:\/\/rikliskarto.com\/de\/wp-json\/wp\/v2\/types\/product"}],"replies":[{"embeddable":true,"href":"https:\/\/rikliskarto.com\/de\/wp-json\/wp\/v2\/comments?post=19074"}],"wp:featuredmedia":[{"embeddable":true,"href":"https:\/\/rikliskarto.com\/de\/wp-json\/wp\/v2\/media\/19024"}],"wp:attachment":[{"href":"https:\/\/rikliskarto.com\/de\/wp-json\/wp\/v2\/media?parent=19074"}],"wp:term":[{"taxonomy":"product_brand","embeddable":true,"href":"https:\/\/rikliskarto.com\/de\/wp-json\/wp\/v2\/product_brand?post=19074"},{"taxonomy":"product_cat","embeddable":true,"href":"https:\/\/rikliskarto.com\/de\/wp-json\/wp\/v2\/product_cat?post=19074"},{"taxonomy":"product_tag","embeddable":true,"href":"https:\/\/rikliskarto.com\/de\/wp-json\/wp\/v2\/product_tag?post=19074"}],"curies":[{"name":"wp","href":"https:\/\/api.w.org\/{rel}","templated":true}]}}