{"id":19071,"date":"2025-07-11T17:45:19","date_gmt":"2025-07-11T15:45:19","guid":{"rendered":"https:\/\/rikliskarto.com\/shop\/unkategorisiert\/stephane-humbert-lucas-777-ein-wunsch-wird-wahr\/"},"modified":"2025-07-11T17:45:19","modified_gmt":"2025-07-11T15:45:19","slug":"stephane-humbert-lucas-777-ein-wunsch-wird-wahr","status":"publish","type":"product","link":"https:\/\/rikliskarto.com\/de\/nischen-parfum\/stephane-humbert-lucas-777-de\/stephane-humbert-lucas-777-ein-wunsch-wird-wahr\/","title":{"rendered":"St\u00e9phane Humbert Lucas 777 &#8211; Ein Wunsch wird wahr"},"content":{"rendered":"<p>Eine vertr\u00e4umte, fast magische Komposition, in der orientalische W\u00e4rme und frische, pudrige T\u00f6ne aufeinandertreffen. Wish Come True ist ein Duft, der Sie in eine Welt der Sehnsucht und des Luxus entf\u00fchrt. Mit seinem weichen Auftakt, dem blumigen Herzen und der zutiefst sinnlichen Basis ist dies ein Duft, der sich als hypnotisierende Reise auf der Haut entwickelt. Intensiv, aber raffiniert, ein echter olfaktorischer Wunsch, der in Erf\u00fcllung geht.<\/p>\n","protected":false},"excerpt":{"rendered":"<p>Eine vertr\u00e4umte, fast magische Komposition, in der orientalische W\u00e4rme und frische, pudrige T\u00f6ne aufeinandertreffen. Wish Come True ist ein Duft, der Sie in eine Welt der Sehnsucht und des Luxus&#8230;<\/p>\n","protected":false},"featured_media":19004,"comment_status":"open","ping_status":"closed","template":"","meta":{"_acf_changed":false},"product_brand":[],"product_cat":[862,1693],"product_tag":[],"class_list":{"0":"post-19071","1":"product","2":"type-product","3":"status-publish","4":"has-post-thumbnail","6":"product_cat-nischen-parfum","7":"product_cat-stephane-humbert-lucas-777-de","8":"brand-stephane-humbert-lucas-777-de","9":"scent-note-amber-hartnoten-de","10":"scent-note-basisnoten-de","11":"scent-note-bergamot-de","12":"scent-note-hartnoten-de","13":"scent-note-houtachtige-noten-basisnoten-de","14":"scent-note-labdanum-basisnoten-de","15":"scent-note-moschus-de","16":"scent-note-neroli-de-2","17":"scent-note-oranjebloesem-hartnoten-de","18":"scent-note-topnoten-de","19":"scent-note-vanille-de","20":"scent-note-wierook-de","21":"scent-note-witte-bloemen-de","22":"fragrance-family-amber-de","23":"fragrance-family-floral-de","24":"fragrance-family-oriental-de","25":"formule-extrait-de-parfum-de","26":"style-avontuurlijk-de","27":"style-luxe-de","28":"season-lente-de","29":"season-winter-de","30":"occasion-date-de","31":"occasion-diner-de","32":"gender-unisex-de","34":"first","35":"instock","36":"taxable","37":"shipping-taxable","38":"purchasable","39":"product-type-variable"},"acf":[],"yoast_head":"<!-- This site is optimized with the Yoast SEO plugin v25.9 - https:\/\/yoast.com\/wordpress\/plugins\/seo\/ -->\n<title>St\u00e9phane Humbert Lucas 777 - Ein Wunsch wird wahr - Riklis Karto<\/title>\n<meta name=\"robots\" content=\"index, follow, max-snippet:-1, max-image-preview:large, max-video-preview:-1\" \/>\n<link rel=\"canonical\" href=\"https:\/\/rikliskarto.com\/de\/nischen-parfum\/stephane-humbert-lucas-777-de\/stephane-humbert-lucas-777-ein-wunsch-wird-wahr\/\" \/>\n<meta property=\"og:locale\" content=\"de_DE\" \/>\n<meta property=\"og:type\" content=\"article\" \/>\n<meta property=\"og:title\" content=\"St\u00e9phane Humbert Lucas 777 - Ein Wunsch wird wahr - Riklis Karto\" \/>\n<meta property=\"og:description\" content=\"Eine vertr\u00e4umte, fast magische Komposition, in der orientalische W\u00e4rme und frische, pudrige T\u00f6ne aufeinandertreffen. Wish Come True ist ein Duft, der Sie in eine Welt der Sehnsucht und des Luxus...\" \/>\n<meta property=\"og:url\" content=\"https:\/\/rikliskarto.com\/de\/nischen-parfum\/stephane-humbert-lucas-777-de\/stephane-humbert-lucas-777-ein-wunsch-wird-wahr\/\" \/>\n<meta property=\"og:site_name\" content=\"Riklis Karto\" \/>\n<meta property=\"og:image\" content=\"https:\/\/rikliskarto.com\/wp-content\/uploads\/2025\/07\/Wishcometrue.png\" \/>\n\t<meta property=\"og:image:width\" content=\"1000\" \/>\n\t<meta property=\"og:image:height\" content=\"1000\" \/>\n\t<meta property=\"og:image:type\" content=\"image\/png\" \/>\n<meta name=\"twitter:card\" content=\"summary_large_image\" \/>\n<script type=\"application\/ld+json\" class=\"yoast-schema-graph\">{\"@context\":\"https:\/\/schema.org\",\"@graph\":[{\"@type\":\"WebPage\",\"@id\":\"https:\/\/rikliskarto.com\/de\/nischen-parfum\/stephane-humbert-lucas-777-de\/stephane-humbert-lucas-777-ein-wunsch-wird-wahr\/\",\"url\":\"https:\/\/rikliskarto.com\/de\/nischen-parfum\/stephane-humbert-lucas-777-de\/stephane-humbert-lucas-777-ein-wunsch-wird-wahr\/\",\"name\":\"St\u00e9phane Humbert Lucas 777 - Ein Wunsch wird wahr - Riklis Karto\",\"isPartOf\":{\"@id\":\"https:\/\/rikliskarto.com\/de\/#website\"},\"primaryImageOfPage\":{\"@id\":\"https:\/\/rikliskarto.com\/de\/nischen-parfum\/stephane-humbert-lucas-777-de\/stephane-humbert-lucas-777-ein-wunsch-wird-wahr\/#primaryimage\"},\"image\":{\"@id\":\"https:\/\/rikliskarto.com\/de\/nischen-parfum\/stephane-humbert-lucas-777-de\/stephane-humbert-lucas-777-ein-wunsch-wird-wahr\/#primaryimage\"},\"thumbnailUrl\":\"https:\/\/rikliskarto.com\/wp-content\/uploads\/2025\/07\/Wishcometrue.png\",\"datePublished\":\"2025-07-11T15:45:19+00:00\",\"breadcrumb\":{\"@id\":\"https:\/\/rikliskarto.com\/de\/nischen-parfum\/stephane-humbert-lucas-777-de\/stephane-humbert-lucas-777-ein-wunsch-wird-wahr\/#breadcrumb\"},\"inLanguage\":\"de\",\"potentialAction\":[{\"@type\":\"ReadAction\",\"target\":[\"https:\/\/rikliskarto.com\/de\/nischen-parfum\/stephane-humbert-lucas-777-de\/stephane-humbert-lucas-777-ein-wunsch-wird-wahr\/\"]}]},{\"@type\":\"ImageObject\",\"inLanguage\":\"de\",\"@id\":\"https:\/\/rikliskarto.com\/de\/nischen-parfum\/stephane-humbert-lucas-777-de\/stephane-humbert-lucas-777-ein-wunsch-wird-wahr\/#primaryimage\",\"url\":\"https:\/\/rikliskarto.com\/wp-content\/uploads\/2025\/07\/Wishcometrue.png\",\"contentUrl\":\"https:\/\/rikliskarto.com\/wp-content\/uploads\/2025\/07\/Wishcometrue.png\",\"width\":1000,\"height\":1000},{\"@type\":\"BreadcrumbList\",\"@id\":\"https:\/\/rikliskarto.com\/de\/nischen-parfum\/stephane-humbert-lucas-777-de\/stephane-humbert-lucas-777-ein-wunsch-wird-wahr\/#breadcrumb\",\"itemListElement\":[{\"@type\":\"ListItem\",\"position\":1,\"name\":\"Home\",\"item\":\"https:\/\/rikliskarto.com\/de\/heim\/\"},{\"@type\":\"ListItem\",\"position\":2,\"name\":\"Priv\u00e9: Laden\",\"item\":\"https:\/\/rikliskarto.com\/de\/shop\/\"},{\"@type\":\"ListItem\",\"position\":3,\"name\":\"St\u00e9phane Humbert Lucas 777 &#8211; Ein Wunsch wird wahr\"}]},{\"@type\":\"WebSite\",\"@id\":\"https:\/\/rikliskarto.com\/de\/#website\",\"url\":\"https:\/\/rikliskarto.com\/de\/\",\"name\":\"Riklis Karto\",\"description\":\"Ontdek de beste Niche Parfum &amp; Geurkaarsen.\",\"potentialAction\":[{\"@type\":\"SearchAction\",\"target\":{\"@type\":\"EntryPoint\",\"urlTemplate\":\"https:\/\/rikliskarto.com\/de\/?s={search_term_string}\"},\"query-input\":{\"@type\":\"PropertyValueSpecification\",\"valueRequired\":true,\"valueName\":\"search_term_string\"}}],\"inLanguage\":\"de\"}]}<\/script>\n<!-- \/ Yoast SEO plugin. -->","yoast_head_json":{"title":"St\u00e9phane Humbert Lucas 777 - Ein Wunsch wird wahr - Riklis Karto","robots":{"index":"index","follow":"follow","max-snippet":"max-snippet:-1","max-image-preview":"max-image-preview:large","max-video-preview":"max-video-preview:-1"},"canonical":"https:\/\/rikliskarto.com\/de\/nischen-parfum\/stephane-humbert-lucas-777-de\/stephane-humbert-lucas-777-ein-wunsch-wird-wahr\/","og_locale":"de_DE","og_type":"article","og_title":"St\u00e9phane Humbert Lucas 777 - Ein Wunsch wird wahr - Riklis Karto","og_description":"Eine vertr\u00e4umte, fast magische Komposition, in der orientalische W\u00e4rme und frische, pudrige T\u00f6ne aufeinandertreffen. Wish Come True ist ein Duft, der Sie in eine Welt der Sehnsucht und des Luxus...","og_url":"https:\/\/rikliskarto.com\/de\/nischen-parfum\/stephane-humbert-lucas-777-de\/stephane-humbert-lucas-777-ein-wunsch-wird-wahr\/","og_site_name":"Riklis Karto","og_image":[{"width":1000,"height":1000,"url":"https:\/\/rikliskarto.com\/wp-content\/uploads\/2025\/07\/Wishcometrue.png","type":"image\/png"}],"twitter_card":"summary_large_image","schema":{"@context":"https:\/\/schema.org","@graph":[{"@type":"WebPage","@id":"https:\/\/rikliskarto.com\/de\/nischen-parfum\/stephane-humbert-lucas-777-de\/stephane-humbert-lucas-777-ein-wunsch-wird-wahr\/","url":"https:\/\/rikliskarto.com\/de\/nischen-parfum\/stephane-humbert-lucas-777-de\/stephane-humbert-lucas-777-ein-wunsch-wird-wahr\/","name":"St\u00e9phane Humbert Lucas 777 - Ein Wunsch wird wahr - Riklis Karto","isPartOf":{"@id":"https:\/\/rikliskarto.com\/de\/#website"},"primaryImageOfPage":{"@id":"https:\/\/rikliskarto.com\/de\/nischen-parfum\/stephane-humbert-lucas-777-de\/stephane-humbert-lucas-777-ein-wunsch-wird-wahr\/#primaryimage"},"image":{"@id":"https:\/\/rikliskarto.com\/de\/nischen-parfum\/stephane-humbert-lucas-777-de\/stephane-humbert-lucas-777-ein-wunsch-wird-wahr\/#primaryimage"},"thumbnailUrl":"https:\/\/rikliskarto.com\/wp-content\/uploads\/2025\/07\/Wishcometrue.png","datePublished":"2025-07-11T15:45:19+00:00","breadcrumb":{"@id":"https:\/\/rikliskarto.com\/de\/nischen-parfum\/stephane-humbert-lucas-777-de\/stephane-humbert-lucas-777-ein-wunsch-wird-wahr\/#breadcrumb"},"inLanguage":"de","potentialAction":[{"@type":"ReadAction","target":["https:\/\/rikliskarto.com\/de\/nischen-parfum\/stephane-humbert-lucas-777-de\/stephane-humbert-lucas-777-ein-wunsch-wird-wahr\/"]}]},{"@type":"ImageObject","inLanguage":"de","@id":"https:\/\/rikliskarto.com\/de\/nischen-parfum\/stephane-humbert-lucas-777-de\/stephane-humbert-lucas-777-ein-wunsch-wird-wahr\/#primaryimage","url":"https:\/\/rikliskarto.com\/wp-content\/uploads\/2025\/07\/Wishcometrue.png","contentUrl":"https:\/\/rikliskarto.com\/wp-content\/uploads\/2025\/07\/Wishcometrue.png","width":1000,"height":1000},{"@type":"BreadcrumbList","@id":"https:\/\/rikliskarto.com\/de\/nischen-parfum\/stephane-humbert-lucas-777-de\/stephane-humbert-lucas-777-ein-wunsch-wird-wahr\/#breadcrumb","itemListElement":[{"@type":"ListItem","position":1,"name":"Home","item":"https:\/\/rikliskarto.com\/de\/heim\/"},{"@type":"ListItem","position":2,"name":"Priv\u00e9: Laden","item":"https:\/\/rikliskarto.com\/de\/shop\/"},{"@type":"ListItem","position":3,"name":"St\u00e9phane Humbert Lucas 777 &#8211; Ein Wunsch wird wahr"}]},{"@type":"WebSite","@id":"https:\/\/rikliskarto.com\/de\/#website","url":"https:\/\/rikliskarto.com\/de\/","name":"Riklis Karto","description":"Ontdek de beste Niche Parfum &amp; Geurkaarsen.","potentialAction":[{"@type":"SearchAction","target":{"@type":"EntryPoint","urlTemplate":"https:\/\/rikliskarto.com\/de\/?s={search_term_string}"},"query-input":{"@type":"PropertyValueSpecification","valueRequired":true,"valueName":"search_term_string"}}],"inLanguage":"de"}]}},"_links":{"self":[{"href":"https:\/\/rikliskarto.com\/de\/wp-json\/wp\/v2\/product\/19071","targetHints":{"allow":["GET"]}}],"collection":[{"href":"https:\/\/rikliskarto.com\/de\/wp-json\/wp\/v2\/product"}],"about":[{"href":"https:\/\/rikliskarto.com\/de\/wp-json\/wp\/v2\/types\/product"}],"replies":[{"embeddable":true,"href":"https:\/\/rikliskarto.com\/de\/wp-json\/wp\/v2\/comments?post=19071"}],"wp:featuredmedia":[{"embeddable":true,"href":"https:\/\/rikliskarto.com\/de\/wp-json\/wp\/v2\/media\/19004"}],"wp:attachment":[{"href":"https:\/\/rikliskarto.com\/de\/wp-json\/wp\/v2\/media?parent=19071"}],"wp:term":[{"taxonomy":"product_brand","embeddable":true,"href":"https:\/\/rikliskarto.com\/de\/wp-json\/wp\/v2\/product_brand?post=19071"},{"taxonomy":"product_cat","embeddable":true,"href":"https:\/\/rikliskarto.com\/de\/wp-json\/wp\/v2\/product_cat?post=19071"},{"taxonomy":"product_tag","embeddable":true,"href":"https:\/\/rikliskarto.com\/de\/wp-json\/wp\/v2\/product_tag?post=19071"}],"curies":[{"name":"wp","href":"https:\/\/api.w.org\/{rel}","templated":true}]}}