{"id":18736,"date":"2025-04-01T17:37:47","date_gmt":"2025-04-01T15:37:47","guid":{"rendered":"https:\/\/rikliskarto.com\/shop\/sospiro-traviata\/"},"modified":"2025-06-12T11:51:20","modified_gmt":"2025-06-12T09:51:20","slug":"sospiro-traviata","status":"publish","type":"product","link":"https:\/\/rikliskarto.com\/de\/nischen-parfum\/sospiro-traviata\/","title":{"rendered":"Sospiro Traviata"},"content":{"rendered":"<p>Sospiro Traviata ist ein eleganter und ausdrucksstarker Duft, der die Leidenschaft und Emotion der Oper in ein raffiniertes Parfum \u00fcbersetzt. Der Auftakt ist hell und prickelnd mit Zitrusnoten und einem Hauch von Sch\u00e4rfe, was f\u00fcr einen energischen und stilvollen Start sorgt. Im Herzen entfalten sich \u00fcppige Blumen wie Rose und Jasmin, kombiniert mit cremigen Akzenten f\u00fcr eine sinnliche und harmonische Balance. Die Basis aus warmem Amber, weichem Holz und Moschus sorgt f\u00fcr ein tiefes und langanhaltendes Finish. Traviata ist der perfekte Duft f\u00fcr alle, die einen klassischen, aber dennoch modernen Duft mit einem luxuri\u00f6sen und bezaubernden Aussehen lieben.<\/p>\n","protected":false},"excerpt":{"rendered":"<p>Sospiro Traviata ist ein eleganter und ausdrucksstarker Duft, der die Leidenschaft und Emotion der Oper in ein raffiniertes Parfum \u00fcbersetzt. Der Auftakt ist hell und prickelnd mit Zitrusnoten und einem&#8230;<\/p>\n","protected":false},"featured_media":18084,"comment_status":"open","ping_status":"closed","template":"","meta":{"_acf_changed":false},"product_brand":[],"product_cat":[862,1691],"product_tag":[],"class_list":{"0":"post-18736","1":"product","2":"type-product","3":"status-publish","4":"has-post-thumbnail","6":"product_cat-nischen-parfum","7":"product_cat-sospiro-de","8":"brand-sospiro-de","9":"scent-note-amber-hartnoten-de","10":"scent-note-fruchtige-noten","11":"scent-note-holzige-noten","12":"scent-note-lavendel-de","13":"fragrance-family-amber-de","15":"first","16":"instock","17":"taxable","18":"shipping-taxable","19":"purchasable","20":"product-type-variable"},"acf":[],"yoast_head":"<!-- This site is optimized with the Yoast SEO plugin v25.9 - https:\/\/yoast.com\/wordpress\/plugins\/seo\/ -->\n<title>Sospiro Traviata - Riklis Karto<\/title>\n<meta name=\"robots\" content=\"index, follow, max-snippet:-1, max-image-preview:large, max-video-preview:-1\" \/>\n<link rel=\"canonical\" href=\"https:\/\/rikliskarto.com\/de\/nischen-parfum\/sospiro-traviata\/\" \/>\n<meta property=\"og:locale\" content=\"de_DE\" \/>\n<meta property=\"og:type\" content=\"article\" \/>\n<meta property=\"og:title\" content=\"Sospiro Traviata - Riklis Karto\" \/>\n<meta property=\"og:description\" content=\"Sospiro Traviata ist ein eleganter und ausdrucksstarker Duft, der die Leidenschaft und Emotion der Oper in ein raffiniertes Parfum \u00fcbersetzt. Der Auftakt ist hell und prickelnd mit Zitrusnoten und einem...\" \/>\n<meta property=\"og:url\" content=\"https:\/\/rikliskarto.com\/de\/nischen-parfum\/sospiro-traviata\/\" \/>\n<meta property=\"og:site_name\" content=\"Riklis Karto\" \/>\n<meta property=\"article:modified_time\" content=\"2025-06-12T09:51:20+00:00\" \/>\n<meta property=\"og:image\" content=\"https:\/\/rikliskarto.com\/wp-content\/uploads\/2025\/04\/sospiro-traviata.png\" \/>\n\t<meta property=\"og:image:width\" content=\"1000\" \/>\n\t<meta property=\"og:image:height\" content=\"1000\" \/>\n\t<meta property=\"og:image:type\" content=\"image\/png\" \/>\n<meta name=\"twitter:card\" content=\"summary_large_image\" \/>\n<meta name=\"twitter:label1\" content=\"Gesch\u00e4tzte Lesezeit\" \/>\n\t<meta name=\"twitter:data1\" content=\"1\u00a0Minute\" \/>\n<script type=\"application\/ld+json\" class=\"yoast-schema-graph\">{\"@context\":\"https:\/\/schema.org\",\"@graph\":[{\"@type\":\"WebPage\",\"@id\":\"https:\/\/rikliskarto.com\/de\/nischen-parfum\/sospiro-traviata\/\",\"url\":\"https:\/\/rikliskarto.com\/de\/nischen-parfum\/sospiro-traviata\/\",\"name\":\"Sospiro Traviata - Riklis Karto\",\"isPartOf\":{\"@id\":\"https:\/\/rikliskarto.com\/de\/#website\"},\"primaryImageOfPage\":{\"@id\":\"https:\/\/rikliskarto.com\/de\/nischen-parfum\/sospiro-traviata\/#primaryimage\"},\"image\":{\"@id\":\"https:\/\/rikliskarto.com\/de\/nischen-parfum\/sospiro-traviata\/#primaryimage\"},\"thumbnailUrl\":\"https:\/\/rikliskarto.com\/wp-content\/uploads\/2025\/04\/sospiro-traviata.png\",\"datePublished\":\"2025-04-01T15:37:47+00:00\",\"dateModified\":\"2025-06-12T09:51:20+00:00\",\"breadcrumb\":{\"@id\":\"https:\/\/rikliskarto.com\/de\/nischen-parfum\/sospiro-traviata\/#breadcrumb\"},\"inLanguage\":\"de\",\"potentialAction\":[{\"@type\":\"ReadAction\",\"target\":[\"https:\/\/rikliskarto.com\/de\/nischen-parfum\/sospiro-traviata\/\"]}]},{\"@type\":\"ImageObject\",\"inLanguage\":\"de\",\"@id\":\"https:\/\/rikliskarto.com\/de\/nischen-parfum\/sospiro-traviata\/#primaryimage\",\"url\":\"https:\/\/rikliskarto.com\/wp-content\/uploads\/2025\/04\/sospiro-traviata.png\",\"contentUrl\":\"https:\/\/rikliskarto.com\/wp-content\/uploads\/2025\/04\/sospiro-traviata.png\",\"width\":1000,\"height\":1000},{\"@type\":\"BreadcrumbList\",\"@id\":\"https:\/\/rikliskarto.com\/de\/nischen-parfum\/sospiro-traviata\/#breadcrumb\",\"itemListElement\":[{\"@type\":\"ListItem\",\"position\":1,\"name\":\"Home\",\"item\":\"https:\/\/rikliskarto.com\/de\/heim\/\"},{\"@type\":\"ListItem\",\"position\":2,\"name\":\"Priv\u00e9: Laden\",\"item\":\"https:\/\/rikliskarto.com\/de\/shop\/\"},{\"@type\":\"ListItem\",\"position\":3,\"name\":\"Sospiro Traviata\"}]},{\"@type\":\"WebSite\",\"@id\":\"https:\/\/rikliskarto.com\/de\/#website\",\"url\":\"https:\/\/rikliskarto.com\/de\/\",\"name\":\"Riklis Karto\",\"description\":\"Ontdek de beste Niche Parfum &amp; Geurkaarsen.\",\"potentialAction\":[{\"@type\":\"SearchAction\",\"target\":{\"@type\":\"EntryPoint\",\"urlTemplate\":\"https:\/\/rikliskarto.com\/de\/?s={search_term_string}\"},\"query-input\":{\"@type\":\"PropertyValueSpecification\",\"valueRequired\":true,\"valueName\":\"search_term_string\"}}],\"inLanguage\":\"de\"}]}<\/script>\n<!-- \/ Yoast SEO plugin. -->","yoast_head_json":{"title":"Sospiro Traviata - Riklis Karto","robots":{"index":"index","follow":"follow","max-snippet":"max-snippet:-1","max-image-preview":"max-image-preview:large","max-video-preview":"max-video-preview:-1"},"canonical":"https:\/\/rikliskarto.com\/de\/nischen-parfum\/sospiro-traviata\/","og_locale":"de_DE","og_type":"article","og_title":"Sospiro Traviata - Riklis Karto","og_description":"Sospiro Traviata ist ein eleganter und ausdrucksstarker Duft, der die Leidenschaft und Emotion der Oper in ein raffiniertes Parfum \u00fcbersetzt. Der Auftakt ist hell und prickelnd mit Zitrusnoten und einem...","og_url":"https:\/\/rikliskarto.com\/de\/nischen-parfum\/sospiro-traviata\/","og_site_name":"Riklis Karto","article_modified_time":"2025-06-12T09:51:20+00:00","og_image":[{"width":1000,"height":1000,"url":"https:\/\/rikliskarto.com\/wp-content\/uploads\/2025\/04\/sospiro-traviata.png","type":"image\/png"}],"twitter_card":"summary_large_image","twitter_misc":{"Gesch\u00e4tzte Lesezeit":"1\u00a0Minute"},"schema":{"@context":"https:\/\/schema.org","@graph":[{"@type":"WebPage","@id":"https:\/\/rikliskarto.com\/de\/nischen-parfum\/sospiro-traviata\/","url":"https:\/\/rikliskarto.com\/de\/nischen-parfum\/sospiro-traviata\/","name":"Sospiro Traviata - Riklis Karto","isPartOf":{"@id":"https:\/\/rikliskarto.com\/de\/#website"},"primaryImageOfPage":{"@id":"https:\/\/rikliskarto.com\/de\/nischen-parfum\/sospiro-traviata\/#primaryimage"},"image":{"@id":"https:\/\/rikliskarto.com\/de\/nischen-parfum\/sospiro-traviata\/#primaryimage"},"thumbnailUrl":"https:\/\/rikliskarto.com\/wp-content\/uploads\/2025\/04\/sospiro-traviata.png","datePublished":"2025-04-01T15:37:47+00:00","dateModified":"2025-06-12T09:51:20+00:00","breadcrumb":{"@id":"https:\/\/rikliskarto.com\/de\/nischen-parfum\/sospiro-traviata\/#breadcrumb"},"inLanguage":"de","potentialAction":[{"@type":"ReadAction","target":["https:\/\/rikliskarto.com\/de\/nischen-parfum\/sospiro-traviata\/"]}]},{"@type":"ImageObject","inLanguage":"de","@id":"https:\/\/rikliskarto.com\/de\/nischen-parfum\/sospiro-traviata\/#primaryimage","url":"https:\/\/rikliskarto.com\/wp-content\/uploads\/2025\/04\/sospiro-traviata.png","contentUrl":"https:\/\/rikliskarto.com\/wp-content\/uploads\/2025\/04\/sospiro-traviata.png","width":1000,"height":1000},{"@type":"BreadcrumbList","@id":"https:\/\/rikliskarto.com\/de\/nischen-parfum\/sospiro-traviata\/#breadcrumb","itemListElement":[{"@type":"ListItem","position":1,"name":"Home","item":"https:\/\/rikliskarto.com\/de\/heim\/"},{"@type":"ListItem","position":2,"name":"Priv\u00e9: Laden","item":"https:\/\/rikliskarto.com\/de\/shop\/"},{"@type":"ListItem","position":3,"name":"Sospiro Traviata"}]},{"@type":"WebSite","@id":"https:\/\/rikliskarto.com\/de\/#website","url":"https:\/\/rikliskarto.com\/de\/","name":"Riklis Karto","description":"Ontdek de beste Niche Parfum &amp; Geurkaarsen.","potentialAction":[{"@type":"SearchAction","target":{"@type":"EntryPoint","urlTemplate":"https:\/\/rikliskarto.com\/de\/?s={search_term_string}"},"query-input":{"@type":"PropertyValueSpecification","valueRequired":true,"valueName":"search_term_string"}}],"inLanguage":"de"}]}},"_links":{"self":[{"href":"https:\/\/rikliskarto.com\/de\/wp-json\/wp\/v2\/product\/18736","targetHints":{"allow":["GET"]}}],"collection":[{"href":"https:\/\/rikliskarto.com\/de\/wp-json\/wp\/v2\/product"}],"about":[{"href":"https:\/\/rikliskarto.com\/de\/wp-json\/wp\/v2\/types\/product"}],"replies":[{"embeddable":true,"href":"https:\/\/rikliskarto.com\/de\/wp-json\/wp\/v2\/comments?post=18736"}],"wp:featuredmedia":[{"embeddable":true,"href":"https:\/\/rikliskarto.com\/de\/wp-json\/wp\/v2\/media\/18084"}],"wp:attachment":[{"href":"https:\/\/rikliskarto.com\/de\/wp-json\/wp\/v2\/media?parent=18736"}],"wp:term":[{"taxonomy":"product_brand","embeddable":true,"href":"https:\/\/rikliskarto.com\/de\/wp-json\/wp\/v2\/product_brand?post=18736"},{"taxonomy":"product_cat","embeddable":true,"href":"https:\/\/rikliskarto.com\/de\/wp-json\/wp\/v2\/product_cat?post=18736"},{"taxonomy":"product_tag","embeddable":true,"href":"https:\/\/rikliskarto.com\/de\/wp-json\/wp\/v2\/product_tag?post=18736"}],"curies":[{"name":"wp","href":"https:\/\/api.w.org\/{rel}","templated":true}]}}