{"id":18728,"date":"2025-04-01T14:55:00","date_gmt":"2025-04-01T12:55:00","guid":{"rendered":"https:\/\/rikliskarto.com\/shop\/gold-intensiv-aoud\/"},"modified":"2025-06-12T11:49:33","modified_gmt":"2025-06-12T09:49:33","slug":"gold-intensiv-aoud","status":"publish","type":"product","link":"https:\/\/rikliskarto.com\/de\/nischen-parfum\/gold-intensiv-aoud\/","title":{"rendered":"Mancera \u2013 Gold Intensiv Aoud"},"content":{"rendered":"<p>Mancera Gold Intensive Aoud ist ein warmer und luxuri\u00f6ser Duft mit einem reichen, orientalischen Aussehen. Der Duft er\u00f6ffnet mit strahlenden Zitrusnoten, die f\u00fcr einen frischen und raffinierten Start sorgen. Im Herzen treffen blumige Akkorde wie Rose und Jasmin mit w\u00fcrzigen Nuancen aufeinander und verleihen dem Duft einen eleganten und intensiven Charakter. Die Basis aus tiefem Holz, Amber und sinnlichem wei\u00dfem Moschus sorgt f\u00fcr ein kraftvolles und langanhaltendes Finish. Gold Intensive Aoud ist perfekt f\u00fcr Liebhaber eines unverwechselbaren, raffinierten Duftes mit einem Hauch von Geheimnis.<\/p>\n","protected":false},"excerpt":{"rendered":"<p>Mancera Gold Intensive Aoud ist ein warmer und luxuri\u00f6ser Duft mit einem reichen, orientalischen Aussehen. Der Duft er\u00f6ffnet mit strahlenden Zitrusnoten, die f\u00fcr einen frischen und raffinierten Start sorgen. Im&#8230;<\/p>\n","protected":false},"featured_media":18106,"comment_status":"open","ping_status":"closed","template":"","meta":{"_acf_changed":false},"product_brand":[],"product_cat":[862,1685],"product_tag":[],"class_list":{"0":"post-18728","1":"product","2":"type-product","3":"status-publish","4":"has-post-thumbnail","6":"product_cat-nischen-parfum","7":"product_cat-mancera-parfum-de","8":"brand-mancera-parfum-de","9":"scent-note-citrusvruchten-de","10":"scent-note-houtachtige-noten-basisnoten-de","11":"scent-note-moschus-de","12":"scent-note-rozen-de","13":"scent-note-safran","14":"composition-aromatisch-de","15":"composition-citrusvruchten-de","16":"composition-poederig-de","17":"composition-roos-de","18":"composition-warm-kruidig-de","20":"first","21":"instock","22":"taxable","23":"shipping-taxable","24":"purchasable","25":"product-type-variable","26":"has-default-attributes"},"acf":[],"yoast_head":"<!-- This site is optimized with the Yoast SEO plugin v25.9 - https:\/\/yoast.com\/wordpress\/plugins\/seo\/ -->\n<title>Mancera \u2013 Gold Intensiv Aoud - Riklis Karto<\/title>\n<meta name=\"robots\" content=\"index, follow, max-snippet:-1, max-image-preview:large, max-video-preview:-1\" \/>\n<link rel=\"canonical\" href=\"https:\/\/rikliskarto.com\/de\/nischen-parfum\/gold-intensiv-aoud\/\" \/>\n<meta property=\"og:locale\" content=\"de_DE\" \/>\n<meta property=\"og:type\" content=\"article\" \/>\n<meta property=\"og:title\" content=\"Mancera \u2013 Gold Intensiv Aoud - Riklis Karto\" \/>\n<meta property=\"og:description\" content=\"Mancera Gold Intensive Aoud ist ein warmer und luxuri\u00f6ser Duft mit einem reichen, orientalischen Aussehen. Der Duft er\u00f6ffnet mit strahlenden Zitrusnoten, die f\u00fcr einen frischen und raffinierten Start sorgen. Im...\" \/>\n<meta property=\"og:url\" content=\"https:\/\/rikliskarto.com\/de\/nischen-parfum\/gold-intensiv-aoud\/\" \/>\n<meta property=\"og:site_name\" content=\"Riklis Karto\" \/>\n<meta property=\"article:modified_time\" content=\"2025-06-12T09:49:33+00:00\" \/>\n<meta property=\"og:image\" content=\"https:\/\/rikliskarto.com\/wp-content\/uploads\/2025\/04\/goldintensitiveaoud120-1.png\" \/>\n\t<meta property=\"og:image:width\" content=\"1000\" \/>\n\t<meta property=\"og:image:height\" content=\"1000\" \/>\n\t<meta property=\"og:image:type\" content=\"image\/png\" \/>\n<meta name=\"twitter:card\" content=\"summary_large_image\" \/>\n<script type=\"application\/ld+json\" class=\"yoast-schema-graph\">{\"@context\":\"https:\/\/schema.org\",\"@graph\":[{\"@type\":\"WebPage\",\"@id\":\"https:\/\/rikliskarto.com\/de\/nischen-parfum\/gold-intensiv-aoud\/\",\"url\":\"https:\/\/rikliskarto.com\/de\/nischen-parfum\/gold-intensiv-aoud\/\",\"name\":\"Mancera \u2013 Gold Intensiv Aoud - Riklis Karto\",\"isPartOf\":{\"@id\":\"https:\/\/rikliskarto.com\/de\/#website\"},\"primaryImageOfPage\":{\"@id\":\"https:\/\/rikliskarto.com\/de\/nischen-parfum\/gold-intensiv-aoud\/#primaryimage\"},\"image\":{\"@id\":\"https:\/\/rikliskarto.com\/de\/nischen-parfum\/gold-intensiv-aoud\/#primaryimage\"},\"thumbnailUrl\":\"https:\/\/rikliskarto.com\/wp-content\/uploads\/2025\/04\/goldintensitiveaoud120-1.png\",\"datePublished\":\"2025-04-01T12:55:00+00:00\",\"dateModified\":\"2025-06-12T09:49:33+00:00\",\"breadcrumb\":{\"@id\":\"https:\/\/rikliskarto.com\/de\/nischen-parfum\/gold-intensiv-aoud\/#breadcrumb\"},\"inLanguage\":\"de\",\"potentialAction\":[{\"@type\":\"ReadAction\",\"target\":[\"https:\/\/rikliskarto.com\/de\/nischen-parfum\/gold-intensiv-aoud\/\"]}]},{\"@type\":\"ImageObject\",\"inLanguage\":\"de\",\"@id\":\"https:\/\/rikliskarto.com\/de\/nischen-parfum\/gold-intensiv-aoud\/#primaryimage\",\"url\":\"https:\/\/rikliskarto.com\/wp-content\/uploads\/2025\/04\/goldintensitiveaoud120-1.png\",\"contentUrl\":\"https:\/\/rikliskarto.com\/wp-content\/uploads\/2025\/04\/goldintensitiveaoud120-1.png\",\"width\":1000,\"height\":1000},{\"@type\":\"BreadcrumbList\",\"@id\":\"https:\/\/rikliskarto.com\/de\/nischen-parfum\/gold-intensiv-aoud\/#breadcrumb\",\"itemListElement\":[{\"@type\":\"ListItem\",\"position\":1,\"name\":\"Home\",\"item\":\"https:\/\/rikliskarto.com\/de\/heim\/\"},{\"@type\":\"ListItem\",\"position\":2,\"name\":\"Priv\u00e9: Laden\",\"item\":\"https:\/\/rikliskarto.com\/de\/shop\/\"},{\"@type\":\"ListItem\",\"position\":3,\"name\":\"Mancera \u2013 Gold Intensiv Aoud\"}]},{\"@type\":\"WebSite\",\"@id\":\"https:\/\/rikliskarto.com\/de\/#website\",\"url\":\"https:\/\/rikliskarto.com\/de\/\",\"name\":\"Riklis Karto\",\"description\":\"Ontdek de beste Niche Parfum &amp; Geurkaarsen.\",\"potentialAction\":[{\"@type\":\"SearchAction\",\"target\":{\"@type\":\"EntryPoint\",\"urlTemplate\":\"https:\/\/rikliskarto.com\/de\/?s={search_term_string}\"},\"query-input\":{\"@type\":\"PropertyValueSpecification\",\"valueRequired\":true,\"valueName\":\"search_term_string\"}}],\"inLanguage\":\"de\"}]}<\/script>\n<!-- \/ Yoast SEO plugin. -->","yoast_head_json":{"title":"Mancera \u2013 Gold Intensiv Aoud - Riklis Karto","robots":{"index":"index","follow":"follow","max-snippet":"max-snippet:-1","max-image-preview":"max-image-preview:large","max-video-preview":"max-video-preview:-1"},"canonical":"https:\/\/rikliskarto.com\/de\/nischen-parfum\/gold-intensiv-aoud\/","og_locale":"de_DE","og_type":"article","og_title":"Mancera \u2013 Gold Intensiv Aoud - Riklis Karto","og_description":"Mancera Gold Intensive Aoud ist ein warmer und luxuri\u00f6ser Duft mit einem reichen, orientalischen Aussehen. Der Duft er\u00f6ffnet mit strahlenden Zitrusnoten, die f\u00fcr einen frischen und raffinierten Start sorgen. Im...","og_url":"https:\/\/rikliskarto.com\/de\/nischen-parfum\/gold-intensiv-aoud\/","og_site_name":"Riklis Karto","article_modified_time":"2025-06-12T09:49:33+00:00","og_image":[{"width":1000,"height":1000,"url":"https:\/\/rikliskarto.com\/wp-content\/uploads\/2025\/04\/goldintensitiveaoud120-1.png","type":"image\/png"}],"twitter_card":"summary_large_image","schema":{"@context":"https:\/\/schema.org","@graph":[{"@type":"WebPage","@id":"https:\/\/rikliskarto.com\/de\/nischen-parfum\/gold-intensiv-aoud\/","url":"https:\/\/rikliskarto.com\/de\/nischen-parfum\/gold-intensiv-aoud\/","name":"Mancera \u2013 Gold Intensiv Aoud - Riklis Karto","isPartOf":{"@id":"https:\/\/rikliskarto.com\/de\/#website"},"primaryImageOfPage":{"@id":"https:\/\/rikliskarto.com\/de\/nischen-parfum\/gold-intensiv-aoud\/#primaryimage"},"image":{"@id":"https:\/\/rikliskarto.com\/de\/nischen-parfum\/gold-intensiv-aoud\/#primaryimage"},"thumbnailUrl":"https:\/\/rikliskarto.com\/wp-content\/uploads\/2025\/04\/goldintensitiveaoud120-1.png","datePublished":"2025-04-01T12:55:00+00:00","dateModified":"2025-06-12T09:49:33+00:00","breadcrumb":{"@id":"https:\/\/rikliskarto.com\/de\/nischen-parfum\/gold-intensiv-aoud\/#breadcrumb"},"inLanguage":"de","potentialAction":[{"@type":"ReadAction","target":["https:\/\/rikliskarto.com\/de\/nischen-parfum\/gold-intensiv-aoud\/"]}]},{"@type":"ImageObject","inLanguage":"de","@id":"https:\/\/rikliskarto.com\/de\/nischen-parfum\/gold-intensiv-aoud\/#primaryimage","url":"https:\/\/rikliskarto.com\/wp-content\/uploads\/2025\/04\/goldintensitiveaoud120-1.png","contentUrl":"https:\/\/rikliskarto.com\/wp-content\/uploads\/2025\/04\/goldintensitiveaoud120-1.png","width":1000,"height":1000},{"@type":"BreadcrumbList","@id":"https:\/\/rikliskarto.com\/de\/nischen-parfum\/gold-intensiv-aoud\/#breadcrumb","itemListElement":[{"@type":"ListItem","position":1,"name":"Home","item":"https:\/\/rikliskarto.com\/de\/heim\/"},{"@type":"ListItem","position":2,"name":"Priv\u00e9: Laden","item":"https:\/\/rikliskarto.com\/de\/shop\/"},{"@type":"ListItem","position":3,"name":"Mancera \u2013 Gold Intensiv Aoud"}]},{"@type":"WebSite","@id":"https:\/\/rikliskarto.com\/de\/#website","url":"https:\/\/rikliskarto.com\/de\/","name":"Riklis Karto","description":"Ontdek de beste Niche Parfum &amp; Geurkaarsen.","potentialAction":[{"@type":"SearchAction","target":{"@type":"EntryPoint","urlTemplate":"https:\/\/rikliskarto.com\/de\/?s={search_term_string}"},"query-input":{"@type":"PropertyValueSpecification","valueRequired":true,"valueName":"search_term_string"}}],"inLanguage":"de"}]}},"_links":{"self":[{"href":"https:\/\/rikliskarto.com\/de\/wp-json\/wp\/v2\/product\/18728","targetHints":{"allow":["GET"]}}],"collection":[{"href":"https:\/\/rikliskarto.com\/de\/wp-json\/wp\/v2\/product"}],"about":[{"href":"https:\/\/rikliskarto.com\/de\/wp-json\/wp\/v2\/types\/product"}],"replies":[{"embeddable":true,"href":"https:\/\/rikliskarto.com\/de\/wp-json\/wp\/v2\/comments?post=18728"}],"wp:featuredmedia":[{"embeddable":true,"href":"https:\/\/rikliskarto.com\/de\/wp-json\/wp\/v2\/media\/18106"}],"wp:attachment":[{"href":"https:\/\/rikliskarto.com\/de\/wp-json\/wp\/v2\/media?parent=18728"}],"wp:term":[{"taxonomy":"product_brand","embeddable":true,"href":"https:\/\/rikliskarto.com\/de\/wp-json\/wp\/v2\/product_brand?post=18728"},{"taxonomy":"product_cat","embeddable":true,"href":"https:\/\/rikliskarto.com\/de\/wp-json\/wp\/v2\/product_cat?post=18728"},{"taxonomy":"product_tag","embeddable":true,"href":"https:\/\/rikliskarto.com\/de\/wp-json\/wp\/v2\/product_tag?post=18728"}],"curies":[{"name":"wp","href":"https:\/\/api.w.org\/{rel}","templated":true}]}}