{"id":18723,"date":"2025-04-01T17:12:17","date_gmt":"2025-04-01T15:12:17","guid":{"rendered":"https:\/\/rikliskarto.com\/shop\/sospiro-maraschino\/"},"modified":"2025-06-12T11:51:21","modified_gmt":"2025-06-12T09:51:21","slug":"sospiro-maraschino","status":"publish","type":"product","link":"https:\/\/rikliskarto.com\/de\/nischen-parfum\/sospiro-maraschino\/","title":{"rendered":"Sospiro Maraschino"},"content":{"rendered":"<p>Sospiro Maraschino ist ein raffinierter und s\u00fcchtig machender Duft, der die s\u00fc\u00dfe und verf\u00fchrerische Seite der Kirschen zum Leben erweckt. Der Auftakt ist fruchtig und prickelnd, mit saftigen Kirschen und einem Hauch von Zitrusfr\u00fcchten f\u00fcr einen frischen und verspielten Start. Im Herzen verschmelzen cremige Mandelnoten und zarte wei\u00dfe Bl\u00fcten miteinander und verleihen dem Duft einen luxuri\u00f6sen und gourmandigen Charakter. Die Basis aus warmer Vanille, Holz und weichem Moschus sorgt f\u00fcr ein elegantes und langanhaltendes Finish. Maraschino ist der perfekte Duft f\u00fcr Liebhaber von s\u00fc\u00dfen, sinnlichen Parfums mit einem schicken und modernen Look.<\/p>\n","protected":false},"excerpt":{"rendered":"<p>Sospiro Maraschino ist ein raffinierter und s\u00fcchtig machender Duft, der die s\u00fc\u00dfe und verf\u00fchrerische Seite der Kirschen zum Leben erweckt. Der Auftakt ist fruchtig und prickelnd, mit saftigen Kirschen und einem Hauch von Zitrusfr\u00fcchten f\u00fcr einen frischen und verspielten Start. Im Herzen verschmelzen cremige Mandelnoten und zarte wei\u00dfe Bl\u00fcten miteinander und verleihen dem Duft einen luxuri\u00f6sen und gourmandigen Charakter. Die Basis aus warmer Vanille, Holz und weichem Moschus sorgt f\u00fcr ein elegantes und langanhaltendes Finish. Maraschino ist der perfekte Duft f\u00fcr Liebhaber von s\u00fc\u00dfen, sinnlichen Parfums mit einem schicken und modernen Look.    <\/p>\n","protected":false},"featured_media":18087,"comment_status":"open","ping_status":"closed","template":"","meta":{"_acf_changed":false},"product_brand":[],"product_cat":[862,1691],"product_tag":[],"class_list":{"0":"post-18723","1":"product","2":"type-product","3":"status-publish","4":"has-post-thumbnail","6":"product_cat-nischen-parfum","7":"product_cat-sospiro-de","8":"brand-sospiro-de","9":"scent-note-bernstein","10":"scent-note-erdbeere","11":"scent-note-fruitige-noten-de","12":"scent-note-jasmin-sambac","13":"scent-note-kirschen","14":"scent-note-moschus-de","15":"scent-note-roos-de","16":"scent-note-sandelhout-de","17":"scent-note-vanille-de","18":"composition-fruitig-de","19":"composition-zoet-de","20":"fragrance-family-fruity-de","21":"fragrance-family-pulverig","23":"first","24":"instock","25":"taxable","26":"shipping-taxable","27":"purchasable","28":"product-type-variable"},"acf":[],"yoast_head":"<!-- This site is optimized with the Yoast SEO plugin v25.9 - https:\/\/yoast.com\/wordpress\/plugins\/seo\/ -->\n<title>Sospiro Maraschino - Riklis Karto<\/title>\n<meta name=\"robots\" content=\"index, follow, max-snippet:-1, max-image-preview:large, max-video-preview:-1\" \/>\n<link rel=\"canonical\" href=\"https:\/\/rikliskarto.com\/de\/nischen-parfum\/sospiro-maraschino\/\" \/>\n<meta property=\"og:locale\" content=\"de_DE\" \/>\n<meta property=\"og:type\" content=\"article\" \/>\n<meta property=\"og:title\" content=\"Sospiro Maraschino - Riklis Karto\" \/>\n<meta property=\"og:description\" content=\"Sospiro Maraschino ist ein raffinierter und s\u00fcchtig machender Duft, der die s\u00fc\u00dfe und verf\u00fchrerische Seite der Kirschen zum Leben erweckt. Der Auftakt ist fruchtig und prickelnd, mit saftigen Kirschen und einem Hauch von Zitrusfr\u00fcchten f\u00fcr einen frischen und verspielten Start. Im Herzen verschmelzen cremige Mandelnoten und zarte wei\u00dfe Bl\u00fcten miteinander und verleihen dem Duft einen luxuri\u00f6sen und gourmandigen Charakter. Die Basis aus warmer Vanille, Holz und weichem Moschus sorgt f\u00fcr ein elegantes und langanhaltendes Finish. Maraschino ist der perfekte Duft f\u00fcr Liebhaber von s\u00fc\u00dfen, sinnlichen Parfums mit einem schicken und modernen Look.\" \/>\n<meta property=\"og:url\" content=\"https:\/\/rikliskarto.com\/de\/nischen-parfum\/sospiro-maraschino\/\" \/>\n<meta property=\"og:site_name\" content=\"Riklis Karto\" \/>\n<meta property=\"article:modified_time\" content=\"2025-06-12T09:51:21+00:00\" \/>\n<meta property=\"og:image\" content=\"https:\/\/rikliskarto.com\/wp-content\/uploads\/2025\/04\/sospiro-maraschino.png\" \/>\n\t<meta property=\"og:image:width\" content=\"1000\" \/>\n\t<meta property=\"og:image:height\" content=\"1000\" \/>\n\t<meta property=\"og:image:type\" content=\"image\/png\" \/>\n<meta name=\"twitter:card\" content=\"summary_large_image\" \/>\n<meta name=\"twitter:label1\" content=\"Gesch\u00e4tzte Lesezeit\" \/>\n\t<meta name=\"twitter:data1\" content=\"1\u00a0Minute\" \/>\n<script type=\"application\/ld+json\" class=\"yoast-schema-graph\">{\"@context\":\"https:\/\/schema.org\",\"@graph\":[{\"@type\":\"WebPage\",\"@id\":\"https:\/\/rikliskarto.com\/de\/nischen-parfum\/sospiro-maraschino\/\",\"url\":\"https:\/\/rikliskarto.com\/de\/nischen-parfum\/sospiro-maraschino\/\",\"name\":\"Sospiro Maraschino - Riklis Karto\",\"isPartOf\":{\"@id\":\"https:\/\/rikliskarto.com\/de\/#website\"},\"primaryImageOfPage\":{\"@id\":\"https:\/\/rikliskarto.com\/de\/nischen-parfum\/sospiro-maraschino\/#primaryimage\"},\"image\":{\"@id\":\"https:\/\/rikliskarto.com\/de\/nischen-parfum\/sospiro-maraschino\/#primaryimage\"},\"thumbnailUrl\":\"https:\/\/rikliskarto.com\/wp-content\/uploads\/2025\/04\/sospiro-maraschino.png\",\"datePublished\":\"2025-04-01T15:12:17+00:00\",\"dateModified\":\"2025-06-12T09:51:21+00:00\",\"breadcrumb\":{\"@id\":\"https:\/\/rikliskarto.com\/de\/nischen-parfum\/sospiro-maraschino\/#breadcrumb\"},\"inLanguage\":\"de\",\"potentialAction\":[{\"@type\":\"ReadAction\",\"target\":[\"https:\/\/rikliskarto.com\/de\/nischen-parfum\/sospiro-maraschino\/\"]}]},{\"@type\":\"ImageObject\",\"inLanguage\":\"de\",\"@id\":\"https:\/\/rikliskarto.com\/de\/nischen-parfum\/sospiro-maraschino\/#primaryimage\",\"url\":\"https:\/\/rikliskarto.com\/wp-content\/uploads\/2025\/04\/sospiro-maraschino.png\",\"contentUrl\":\"https:\/\/rikliskarto.com\/wp-content\/uploads\/2025\/04\/sospiro-maraschino.png\",\"width\":1000,\"height\":1000},{\"@type\":\"BreadcrumbList\",\"@id\":\"https:\/\/rikliskarto.com\/de\/nischen-parfum\/sospiro-maraschino\/#breadcrumb\",\"itemListElement\":[{\"@type\":\"ListItem\",\"position\":1,\"name\":\"Home\",\"item\":\"https:\/\/rikliskarto.com\/de\/heim\/\"},{\"@type\":\"ListItem\",\"position\":2,\"name\":\"Priv\u00e9: Laden\",\"item\":\"https:\/\/rikliskarto.com\/de\/shop\/\"},{\"@type\":\"ListItem\",\"position\":3,\"name\":\"Sospiro Maraschino\"}]},{\"@type\":\"WebSite\",\"@id\":\"https:\/\/rikliskarto.com\/de\/#website\",\"url\":\"https:\/\/rikliskarto.com\/de\/\",\"name\":\"Riklis Karto\",\"description\":\"Ontdek de beste Niche Parfum &amp; Geurkaarsen.\",\"potentialAction\":[{\"@type\":\"SearchAction\",\"target\":{\"@type\":\"EntryPoint\",\"urlTemplate\":\"https:\/\/rikliskarto.com\/de\/?s={search_term_string}\"},\"query-input\":{\"@type\":\"PropertyValueSpecification\",\"valueRequired\":true,\"valueName\":\"search_term_string\"}}],\"inLanguage\":\"de\"}]}<\/script>\n<!-- \/ Yoast SEO plugin. -->","yoast_head_json":{"title":"Sospiro Maraschino - Riklis Karto","robots":{"index":"index","follow":"follow","max-snippet":"max-snippet:-1","max-image-preview":"max-image-preview:large","max-video-preview":"max-video-preview:-1"},"canonical":"https:\/\/rikliskarto.com\/de\/nischen-parfum\/sospiro-maraschino\/","og_locale":"de_DE","og_type":"article","og_title":"Sospiro Maraschino - Riklis Karto","og_description":"Sospiro Maraschino ist ein raffinierter und s\u00fcchtig machender Duft, der die s\u00fc\u00dfe und verf\u00fchrerische Seite der Kirschen zum Leben erweckt. Der Auftakt ist fruchtig und prickelnd, mit saftigen Kirschen und einem Hauch von Zitrusfr\u00fcchten f\u00fcr einen frischen und verspielten Start. Im Herzen verschmelzen cremige Mandelnoten und zarte wei\u00dfe Bl\u00fcten miteinander und verleihen dem Duft einen luxuri\u00f6sen und gourmandigen Charakter. Die Basis aus warmer Vanille, Holz und weichem Moschus sorgt f\u00fcr ein elegantes und langanhaltendes Finish. Maraschino ist der perfekte Duft f\u00fcr Liebhaber von s\u00fc\u00dfen, sinnlichen Parfums mit einem schicken und modernen Look.","og_url":"https:\/\/rikliskarto.com\/de\/nischen-parfum\/sospiro-maraschino\/","og_site_name":"Riklis Karto","article_modified_time":"2025-06-12T09:51:21+00:00","og_image":[{"width":1000,"height":1000,"url":"https:\/\/rikliskarto.com\/wp-content\/uploads\/2025\/04\/sospiro-maraschino.png","type":"image\/png"}],"twitter_card":"summary_large_image","twitter_misc":{"Gesch\u00e4tzte Lesezeit":"1\u00a0Minute"},"schema":{"@context":"https:\/\/schema.org","@graph":[{"@type":"WebPage","@id":"https:\/\/rikliskarto.com\/de\/nischen-parfum\/sospiro-maraschino\/","url":"https:\/\/rikliskarto.com\/de\/nischen-parfum\/sospiro-maraschino\/","name":"Sospiro Maraschino - Riklis Karto","isPartOf":{"@id":"https:\/\/rikliskarto.com\/de\/#website"},"primaryImageOfPage":{"@id":"https:\/\/rikliskarto.com\/de\/nischen-parfum\/sospiro-maraschino\/#primaryimage"},"image":{"@id":"https:\/\/rikliskarto.com\/de\/nischen-parfum\/sospiro-maraschino\/#primaryimage"},"thumbnailUrl":"https:\/\/rikliskarto.com\/wp-content\/uploads\/2025\/04\/sospiro-maraschino.png","datePublished":"2025-04-01T15:12:17+00:00","dateModified":"2025-06-12T09:51:21+00:00","breadcrumb":{"@id":"https:\/\/rikliskarto.com\/de\/nischen-parfum\/sospiro-maraschino\/#breadcrumb"},"inLanguage":"de","potentialAction":[{"@type":"ReadAction","target":["https:\/\/rikliskarto.com\/de\/nischen-parfum\/sospiro-maraschino\/"]}]},{"@type":"ImageObject","inLanguage":"de","@id":"https:\/\/rikliskarto.com\/de\/nischen-parfum\/sospiro-maraschino\/#primaryimage","url":"https:\/\/rikliskarto.com\/wp-content\/uploads\/2025\/04\/sospiro-maraschino.png","contentUrl":"https:\/\/rikliskarto.com\/wp-content\/uploads\/2025\/04\/sospiro-maraschino.png","width":1000,"height":1000},{"@type":"BreadcrumbList","@id":"https:\/\/rikliskarto.com\/de\/nischen-parfum\/sospiro-maraschino\/#breadcrumb","itemListElement":[{"@type":"ListItem","position":1,"name":"Home","item":"https:\/\/rikliskarto.com\/de\/heim\/"},{"@type":"ListItem","position":2,"name":"Priv\u00e9: Laden","item":"https:\/\/rikliskarto.com\/de\/shop\/"},{"@type":"ListItem","position":3,"name":"Sospiro Maraschino"}]},{"@type":"WebSite","@id":"https:\/\/rikliskarto.com\/de\/#website","url":"https:\/\/rikliskarto.com\/de\/","name":"Riklis Karto","description":"Ontdek de beste Niche Parfum &amp; Geurkaarsen.","potentialAction":[{"@type":"SearchAction","target":{"@type":"EntryPoint","urlTemplate":"https:\/\/rikliskarto.com\/de\/?s={search_term_string}"},"query-input":{"@type":"PropertyValueSpecification","valueRequired":true,"valueName":"search_term_string"}}],"inLanguage":"de"}]}},"_links":{"self":[{"href":"https:\/\/rikliskarto.com\/de\/wp-json\/wp\/v2\/product\/18723","targetHints":{"allow":["GET"]}}],"collection":[{"href":"https:\/\/rikliskarto.com\/de\/wp-json\/wp\/v2\/product"}],"about":[{"href":"https:\/\/rikliskarto.com\/de\/wp-json\/wp\/v2\/types\/product"}],"replies":[{"embeddable":true,"href":"https:\/\/rikliskarto.com\/de\/wp-json\/wp\/v2\/comments?post=18723"}],"wp:featuredmedia":[{"embeddable":true,"href":"https:\/\/rikliskarto.com\/de\/wp-json\/wp\/v2\/media\/18087"}],"wp:attachment":[{"href":"https:\/\/rikliskarto.com\/de\/wp-json\/wp\/v2\/media?parent=18723"}],"wp:term":[{"taxonomy":"product_brand","embeddable":true,"href":"https:\/\/rikliskarto.com\/de\/wp-json\/wp\/v2\/product_brand?post=18723"},{"taxonomy":"product_cat","embeddable":true,"href":"https:\/\/rikliskarto.com\/de\/wp-json\/wp\/v2\/product_cat?post=18723"},{"taxonomy":"product_tag","embeddable":true,"href":"https:\/\/rikliskarto.com\/de\/wp-json\/wp\/v2\/product_tag?post=18723"}],"curies":[{"name":"wp","href":"https:\/\/api.w.org\/{rel}","templated":true}]}}