{"id":18699,"date":"2025-04-09T11:31:58","date_gmt":"2025-04-09T09:31:58","guid":{"rendered":"https:\/\/rikliskarto.com\/shop\/khol-der-barhein\/"},"modified":"2025-06-12T11:51:35","modified_gmt":"2025-06-12T09:51:35","slug":"khol-der-barhein","status":"publish","type":"product","link":"https:\/\/rikliskarto.com\/de\/nischen-parfum\/khol-der-barhein\/","title":{"rendered":"Kh\u00f4l der Barhein"},"content":{"rendered":"<p data-start=\"123\" data-end=\"556\">St\u00e9phane Humbert Lucas Khol de Bahrain ist ein sinnlicher und geheimnisvoller Duft, der orientalischen Luxus und poetische Weichheit vereint. Der Auftakt ist weich und verfeinert mit pudriger Iris und einer dezenten S\u00fc\u00dfe, die sofort eine vertr\u00e4umte Atmosph\u00e4re schafft. In der Herznote vereinen sich Rose, Veilchen und cremige Akzente f\u00fcr ein elegantes und warmes Gef\u00fchl. Die Basis aus Amber, Moschus und Sandelholz sorgt f\u00fcr einen tiefen, intimen und lang anhaltenden Abgang.   <\/p>\n<p data-start=\"558\" data-end=\"741\">Kh\u00f4l de Bahrain ist perfekt f\u00fcr alle, die einen raffinierten, weichen Duft mit einem Hauch von Mystik lieben. Entdecken Sie diesen besonderen Duft bei Riklis Karto und verleihen Sie Ihrer Kollektion eine elegante, orientalische Note. <\/p>\n","protected":false},"excerpt":{"rendered":"<p>St\u00e9phane Humbert Lucas Khol de Bahrain ist ein sinnlicher und geheimnisvoller Duft, der orientalischen Luxus und poetische Weichheit vereint. Der Auftakt ist weich und verfeinert mit pudriger Iris und einer&#8230;<\/p>\n","protected":false},"featured_media":18168,"comment_status":"open","ping_status":"closed","template":"","meta":{"_acf_changed":false},"product_brand":[],"product_cat":[862,1693],"product_tag":[],"class_list":{"0":"post-18699","1":"product","2":"type-product","3":"status-publish","4":"has-post-thumbnail","6":"product_cat-nischen-parfum","7":"product_cat-stephane-humbert-lucas-777-de","8":"brand-stephane-humbert-lucas-777-de","9":"scent-note-holzige-noten","10":"scent-note-iris-de","11":"scent-note-iris-topnoten-de","12":"scent-note-sandelhout-de","13":"composition-amber-de","14":"composition-bleomig-de","15":"composition-houtachtig-de","16":"composition-musk-de","17":"composition-poederig-de","18":"composition-roos-de","19":"fragrance-family-amber-de","20":"fragrance-family-oriental-de","21":"fragrance-family-pulverig","23":"first","24":"instock","25":"taxable","26":"shipping-taxable","27":"purchasable","28":"product-type-variable"},"acf":[],"yoast_head":"<!-- This site is optimized with the Yoast SEO plugin v25.9 - https:\/\/yoast.com\/wordpress\/plugins\/seo\/ -->\n<title>Kh\u00f4l der Barhein - Riklis Karto<\/title>\n<meta name=\"robots\" content=\"index, follow, max-snippet:-1, max-image-preview:large, max-video-preview:-1\" \/>\n<link rel=\"canonical\" href=\"https:\/\/rikliskarto.com\/de\/nischen-parfum\/khol-der-barhein\/\" \/>\n<meta property=\"og:locale\" content=\"de_DE\" \/>\n<meta property=\"og:type\" content=\"article\" \/>\n<meta property=\"og:title\" content=\"Kh\u00f4l der Barhein - Riklis Karto\" \/>\n<meta property=\"og:description\" content=\"St\u00e9phane Humbert Lucas Khol de Bahrain ist ein sinnlicher und geheimnisvoller Duft, der orientalischen Luxus und poetische Weichheit vereint. Der Auftakt ist weich und verfeinert mit pudriger Iris und einer...\" \/>\n<meta property=\"og:url\" content=\"https:\/\/rikliskarto.com\/de\/nischen-parfum\/khol-der-barhein\/\" \/>\n<meta property=\"og:site_name\" content=\"Riklis Karto\" \/>\n<meta property=\"article:modified_time\" content=\"2025-06-12T09:51:35+00:00\" \/>\n<meta property=\"og:image\" content=\"https:\/\/rikliskarto.com\/wp-content\/uploads\/2025\/04\/kholdebahrein.png\" \/>\n\t<meta property=\"og:image:width\" content=\"1000\" \/>\n\t<meta property=\"og:image:height\" content=\"1000\" \/>\n\t<meta property=\"og:image:type\" content=\"image\/png\" \/>\n<meta name=\"twitter:card\" content=\"summary_large_image\" \/>\n<meta name=\"twitter:label1\" content=\"Gesch\u00e4tzte Lesezeit\" \/>\n\t<meta name=\"twitter:data1\" content=\"1\u00a0Minute\" \/>\n<script type=\"application\/ld+json\" class=\"yoast-schema-graph\">{\"@context\":\"https:\/\/schema.org\",\"@graph\":[{\"@type\":\"WebPage\",\"@id\":\"https:\/\/rikliskarto.com\/de\/nischen-parfum\/khol-der-barhein\/\",\"url\":\"https:\/\/rikliskarto.com\/de\/nischen-parfum\/khol-der-barhein\/\",\"name\":\"Kh\u00f4l der Barhein - Riklis Karto\",\"isPartOf\":{\"@id\":\"https:\/\/rikliskarto.com\/de\/#website\"},\"primaryImageOfPage\":{\"@id\":\"https:\/\/rikliskarto.com\/de\/nischen-parfum\/khol-der-barhein\/#primaryimage\"},\"image\":{\"@id\":\"https:\/\/rikliskarto.com\/de\/nischen-parfum\/khol-der-barhein\/#primaryimage\"},\"thumbnailUrl\":\"https:\/\/rikliskarto.com\/wp-content\/uploads\/2025\/04\/kholdebahrein.png\",\"datePublished\":\"2025-04-09T09:31:58+00:00\",\"dateModified\":\"2025-06-12T09:51:35+00:00\",\"breadcrumb\":{\"@id\":\"https:\/\/rikliskarto.com\/de\/nischen-parfum\/khol-der-barhein\/#breadcrumb\"},\"inLanguage\":\"de\",\"potentialAction\":[{\"@type\":\"ReadAction\",\"target\":[\"https:\/\/rikliskarto.com\/de\/nischen-parfum\/khol-der-barhein\/\"]}]},{\"@type\":\"ImageObject\",\"inLanguage\":\"de\",\"@id\":\"https:\/\/rikliskarto.com\/de\/nischen-parfum\/khol-der-barhein\/#primaryimage\",\"url\":\"https:\/\/rikliskarto.com\/wp-content\/uploads\/2025\/04\/kholdebahrein.png\",\"contentUrl\":\"https:\/\/rikliskarto.com\/wp-content\/uploads\/2025\/04\/kholdebahrein.png\",\"width\":1000,\"height\":1000},{\"@type\":\"BreadcrumbList\",\"@id\":\"https:\/\/rikliskarto.com\/de\/nischen-parfum\/khol-der-barhein\/#breadcrumb\",\"itemListElement\":[{\"@type\":\"ListItem\",\"position\":1,\"name\":\"Home\",\"item\":\"https:\/\/rikliskarto.com\/de\/heim\/\"},{\"@type\":\"ListItem\",\"position\":2,\"name\":\"Priv\u00e9: Laden\",\"item\":\"https:\/\/rikliskarto.com\/de\/shop\/\"},{\"@type\":\"ListItem\",\"position\":3,\"name\":\"Kh\u00f4l der Barhein\"}]},{\"@type\":\"WebSite\",\"@id\":\"https:\/\/rikliskarto.com\/de\/#website\",\"url\":\"https:\/\/rikliskarto.com\/de\/\",\"name\":\"Riklis Karto\",\"description\":\"Ontdek de beste Niche Parfum &amp; Geurkaarsen.\",\"potentialAction\":[{\"@type\":\"SearchAction\",\"target\":{\"@type\":\"EntryPoint\",\"urlTemplate\":\"https:\/\/rikliskarto.com\/de\/?s={search_term_string}\"},\"query-input\":{\"@type\":\"PropertyValueSpecification\",\"valueRequired\":true,\"valueName\":\"search_term_string\"}}],\"inLanguage\":\"de\"}]}<\/script>\n<!-- \/ Yoast SEO plugin. -->","yoast_head_json":{"title":"Kh\u00f4l der Barhein - Riklis Karto","robots":{"index":"index","follow":"follow","max-snippet":"max-snippet:-1","max-image-preview":"max-image-preview:large","max-video-preview":"max-video-preview:-1"},"canonical":"https:\/\/rikliskarto.com\/de\/nischen-parfum\/khol-der-barhein\/","og_locale":"de_DE","og_type":"article","og_title":"Kh\u00f4l der Barhein - Riklis Karto","og_description":"St\u00e9phane Humbert Lucas Khol de Bahrain ist ein sinnlicher und geheimnisvoller Duft, der orientalischen Luxus und poetische Weichheit vereint. Der Auftakt ist weich und verfeinert mit pudriger Iris und einer...","og_url":"https:\/\/rikliskarto.com\/de\/nischen-parfum\/khol-der-barhein\/","og_site_name":"Riklis Karto","article_modified_time":"2025-06-12T09:51:35+00:00","og_image":[{"width":1000,"height":1000,"url":"https:\/\/rikliskarto.com\/wp-content\/uploads\/2025\/04\/kholdebahrein.png","type":"image\/png"}],"twitter_card":"summary_large_image","twitter_misc":{"Gesch\u00e4tzte Lesezeit":"1\u00a0Minute"},"schema":{"@context":"https:\/\/schema.org","@graph":[{"@type":"WebPage","@id":"https:\/\/rikliskarto.com\/de\/nischen-parfum\/khol-der-barhein\/","url":"https:\/\/rikliskarto.com\/de\/nischen-parfum\/khol-der-barhein\/","name":"Kh\u00f4l der Barhein - Riklis Karto","isPartOf":{"@id":"https:\/\/rikliskarto.com\/de\/#website"},"primaryImageOfPage":{"@id":"https:\/\/rikliskarto.com\/de\/nischen-parfum\/khol-der-barhein\/#primaryimage"},"image":{"@id":"https:\/\/rikliskarto.com\/de\/nischen-parfum\/khol-der-barhein\/#primaryimage"},"thumbnailUrl":"https:\/\/rikliskarto.com\/wp-content\/uploads\/2025\/04\/kholdebahrein.png","datePublished":"2025-04-09T09:31:58+00:00","dateModified":"2025-06-12T09:51:35+00:00","breadcrumb":{"@id":"https:\/\/rikliskarto.com\/de\/nischen-parfum\/khol-der-barhein\/#breadcrumb"},"inLanguage":"de","potentialAction":[{"@type":"ReadAction","target":["https:\/\/rikliskarto.com\/de\/nischen-parfum\/khol-der-barhein\/"]}]},{"@type":"ImageObject","inLanguage":"de","@id":"https:\/\/rikliskarto.com\/de\/nischen-parfum\/khol-der-barhein\/#primaryimage","url":"https:\/\/rikliskarto.com\/wp-content\/uploads\/2025\/04\/kholdebahrein.png","contentUrl":"https:\/\/rikliskarto.com\/wp-content\/uploads\/2025\/04\/kholdebahrein.png","width":1000,"height":1000},{"@type":"BreadcrumbList","@id":"https:\/\/rikliskarto.com\/de\/nischen-parfum\/khol-der-barhein\/#breadcrumb","itemListElement":[{"@type":"ListItem","position":1,"name":"Home","item":"https:\/\/rikliskarto.com\/de\/heim\/"},{"@type":"ListItem","position":2,"name":"Priv\u00e9: Laden","item":"https:\/\/rikliskarto.com\/de\/shop\/"},{"@type":"ListItem","position":3,"name":"Kh\u00f4l der Barhein"}]},{"@type":"WebSite","@id":"https:\/\/rikliskarto.com\/de\/#website","url":"https:\/\/rikliskarto.com\/de\/","name":"Riklis Karto","description":"Ontdek de beste Niche Parfum &amp; Geurkaarsen.","potentialAction":[{"@type":"SearchAction","target":{"@type":"EntryPoint","urlTemplate":"https:\/\/rikliskarto.com\/de\/?s={search_term_string}"},"query-input":{"@type":"PropertyValueSpecification","valueRequired":true,"valueName":"search_term_string"}}],"inLanguage":"de"}]}},"_links":{"self":[{"href":"https:\/\/rikliskarto.com\/de\/wp-json\/wp\/v2\/product\/18699","targetHints":{"allow":["GET"]}}],"collection":[{"href":"https:\/\/rikliskarto.com\/de\/wp-json\/wp\/v2\/product"}],"about":[{"href":"https:\/\/rikliskarto.com\/de\/wp-json\/wp\/v2\/types\/product"}],"replies":[{"embeddable":true,"href":"https:\/\/rikliskarto.com\/de\/wp-json\/wp\/v2\/comments?post=18699"}],"wp:featuredmedia":[{"embeddable":true,"href":"https:\/\/rikliskarto.com\/de\/wp-json\/wp\/v2\/media\/18168"}],"wp:attachment":[{"href":"https:\/\/rikliskarto.com\/de\/wp-json\/wp\/v2\/media?parent=18699"}],"wp:term":[{"taxonomy":"product_brand","embeddable":true,"href":"https:\/\/rikliskarto.com\/de\/wp-json\/wp\/v2\/product_brand?post=18699"},{"taxonomy":"product_cat","embeddable":true,"href":"https:\/\/rikliskarto.com\/de\/wp-json\/wp\/v2\/product_cat?post=18699"},{"taxonomy":"product_tag","embeddable":true,"href":"https:\/\/rikliskarto.com\/de\/wp-json\/wp\/v2\/product_tag?post=18699"}],"curies":[{"name":"wp","href":"https:\/\/api.w.org\/{rel}","templated":true}]}}