{"id":18694,"date":"2025-04-01T17:59:10","date_gmt":"2025-04-01T15:59:10","guid":{"rendered":"https:\/\/rikliskarto.com\/shop\/generation-2022\/"},"modified":"2025-06-12T11:51:36","modified_gmt":"2025-06-12T09:51:36","slug":"generation-2022","status":"publish","type":"product","link":"https:\/\/rikliskarto.com\/de\/nischen-parfum\/generation-2022\/","title":{"rendered":"Generation 2022"},"content":{"rendered":"<p>St\u00e9phane Humbert Lucas 777 2022 Generation ist ein kraftvoller und raffinierter Duft, der Modernit\u00e4t mit zeitloser Eleganz verbindet. Der Auftakt ist prickelnd und energiegeladen mit frischen Zitrusnoten und w\u00fcrzigen Akzenten, was sofort einen dynamischen Eindruck hinterl\u00e4sst. In der Herznote vermischen sich blumige und holzige Akkorde mit einem subtilen Hauch von Weihrauch und schaffen einen geheimnisvollen und vielschichtigen Charakter. Die Basis aus warmem Amber, Vanille und Moschus verleiht dem Duft ein tiefes, langanhaltendes und luxuri\u00f6ses Finish. Die Generation 2022 ist perfekt f\u00fcr Liebhaber von unverwechselbaren und raffinierten D\u00fcften mit einem modernen Touch.<\/p>\n","protected":false},"excerpt":{"rendered":"<p>St\u00e9phane Humbert Lucas 777 2022 Generation ist ein kraftvoller und raffinierter Duft, der Modernit\u00e4t mit zeitloser Eleganz verbindet. Der Auftakt ist prickelnd und energiegeladen mit frischen Zitrusnoten und w\u00fcrzigen Akzenten,&#8230;<\/p>\n","protected":false},"featured_media":18110,"comment_status":"open","ping_status":"closed","template":"","meta":{"_acf_changed":false},"product_brand":[],"product_cat":[862,1693],"product_tag":[],"class_list":{"0":"post-18694","1":"product","2":"type-product","3":"status-publish","4":"has-post-thumbnail","6":"product_cat-nischen-parfum","7":"product_cat-stephane-humbert-lucas-777-de","8":"brand-stephane-humbert-lucas-777-de","9":"scent-note-adlerholz","10":"scent-note-alt","11":"scent-note-citrusvruchten-de","12":"scent-note-fruchtige-noten","13":"scent-note-munze","14":"scent-note-yuzu-de","15":"scent-note-zwarte-bes-de","16":"composition-aromatisch-de","17":"composition-groen-de","18":"composition-houtachtig-de","19":"composition-oudh-de","21":"first","22":"instock","23":"taxable","24":"shipping-taxable","25":"purchasable","26":"product-type-variable"},"acf":[],"yoast_head":"<!-- This site is optimized with the Yoast SEO plugin v25.9 - https:\/\/yoast.com\/wordpress\/plugins\/seo\/ -->\n<title>Generation 2022 - Riklis Karto<\/title>\n<meta name=\"robots\" content=\"index, follow, max-snippet:-1, max-image-preview:large, max-video-preview:-1\" \/>\n<link rel=\"canonical\" href=\"https:\/\/rikliskarto.com\/de\/nischen-parfum\/generation-2022\/\" \/>\n<meta property=\"og:locale\" content=\"de_DE\" \/>\n<meta property=\"og:type\" content=\"article\" \/>\n<meta property=\"og:title\" content=\"Generation 2022 - Riklis Karto\" \/>\n<meta property=\"og:description\" content=\"St\u00e9phane Humbert Lucas 777 2022 Generation ist ein kraftvoller und raffinierter Duft, der Modernit\u00e4t mit zeitloser Eleganz verbindet. Der Auftakt ist prickelnd und energiegeladen mit frischen Zitrusnoten und w\u00fcrzigen Akzenten,...\" \/>\n<meta property=\"og:url\" content=\"https:\/\/rikliskarto.com\/de\/nischen-parfum\/generation-2022\/\" \/>\n<meta property=\"og:site_name\" content=\"Riklis Karto\" \/>\n<meta property=\"article:modified_time\" content=\"2025-06-12T09:51:36+00:00\" \/>\n<meta property=\"og:image\" content=\"https:\/\/rikliskarto.com\/wp-content\/uploads\/2025\/04\/2022generation.png\" \/>\n\t<meta property=\"og:image:width\" content=\"1000\" \/>\n\t<meta property=\"og:image:height\" content=\"1000\" \/>\n\t<meta property=\"og:image:type\" content=\"image\/png\" \/>\n<meta name=\"twitter:card\" content=\"summary_large_image\" \/>\n<script type=\"application\/ld+json\" class=\"yoast-schema-graph\">{\"@context\":\"https:\/\/schema.org\",\"@graph\":[{\"@type\":\"WebPage\",\"@id\":\"https:\/\/rikliskarto.com\/de\/nischen-parfum\/generation-2022\/\",\"url\":\"https:\/\/rikliskarto.com\/de\/nischen-parfum\/generation-2022\/\",\"name\":\"Generation 2022 - Riklis Karto\",\"isPartOf\":{\"@id\":\"https:\/\/rikliskarto.com\/de\/#website\"},\"primaryImageOfPage\":{\"@id\":\"https:\/\/rikliskarto.com\/de\/nischen-parfum\/generation-2022\/#primaryimage\"},\"image\":{\"@id\":\"https:\/\/rikliskarto.com\/de\/nischen-parfum\/generation-2022\/#primaryimage\"},\"thumbnailUrl\":\"https:\/\/rikliskarto.com\/wp-content\/uploads\/2025\/04\/2022generation.png\",\"datePublished\":\"2025-04-01T15:59:10+00:00\",\"dateModified\":\"2025-06-12T09:51:36+00:00\",\"breadcrumb\":{\"@id\":\"https:\/\/rikliskarto.com\/de\/nischen-parfum\/generation-2022\/#breadcrumb\"},\"inLanguage\":\"de\",\"potentialAction\":[{\"@type\":\"ReadAction\",\"target\":[\"https:\/\/rikliskarto.com\/de\/nischen-parfum\/generation-2022\/\"]}]},{\"@type\":\"ImageObject\",\"inLanguage\":\"de\",\"@id\":\"https:\/\/rikliskarto.com\/de\/nischen-parfum\/generation-2022\/#primaryimage\",\"url\":\"https:\/\/rikliskarto.com\/wp-content\/uploads\/2025\/04\/2022generation.png\",\"contentUrl\":\"https:\/\/rikliskarto.com\/wp-content\/uploads\/2025\/04\/2022generation.png\",\"width\":1000,\"height\":1000},{\"@type\":\"BreadcrumbList\",\"@id\":\"https:\/\/rikliskarto.com\/de\/nischen-parfum\/generation-2022\/#breadcrumb\",\"itemListElement\":[{\"@type\":\"ListItem\",\"position\":1,\"name\":\"Home\",\"item\":\"https:\/\/rikliskarto.com\/de\/heim\/\"},{\"@type\":\"ListItem\",\"position\":2,\"name\":\"Priv\u00e9: Laden\",\"item\":\"https:\/\/rikliskarto.com\/de\/shop\/\"},{\"@type\":\"ListItem\",\"position\":3,\"name\":\"Generation 2022\"}]},{\"@type\":\"WebSite\",\"@id\":\"https:\/\/rikliskarto.com\/de\/#website\",\"url\":\"https:\/\/rikliskarto.com\/de\/\",\"name\":\"Riklis Karto\",\"description\":\"Ontdek de beste Niche Parfum &amp; Geurkaarsen.\",\"potentialAction\":[{\"@type\":\"SearchAction\",\"target\":{\"@type\":\"EntryPoint\",\"urlTemplate\":\"https:\/\/rikliskarto.com\/de\/?s={search_term_string}\"},\"query-input\":{\"@type\":\"PropertyValueSpecification\",\"valueRequired\":true,\"valueName\":\"search_term_string\"}}],\"inLanguage\":\"de\"}]}<\/script>\n<!-- \/ Yoast SEO plugin. -->","yoast_head_json":{"title":"Generation 2022 - Riklis Karto","robots":{"index":"index","follow":"follow","max-snippet":"max-snippet:-1","max-image-preview":"max-image-preview:large","max-video-preview":"max-video-preview:-1"},"canonical":"https:\/\/rikliskarto.com\/de\/nischen-parfum\/generation-2022\/","og_locale":"de_DE","og_type":"article","og_title":"Generation 2022 - Riklis Karto","og_description":"St\u00e9phane Humbert Lucas 777 2022 Generation ist ein kraftvoller und raffinierter Duft, der Modernit\u00e4t mit zeitloser Eleganz verbindet. Der Auftakt ist prickelnd und energiegeladen mit frischen Zitrusnoten und w\u00fcrzigen Akzenten,...","og_url":"https:\/\/rikliskarto.com\/de\/nischen-parfum\/generation-2022\/","og_site_name":"Riklis Karto","article_modified_time":"2025-06-12T09:51:36+00:00","og_image":[{"width":1000,"height":1000,"url":"https:\/\/rikliskarto.com\/wp-content\/uploads\/2025\/04\/2022generation.png","type":"image\/png"}],"twitter_card":"summary_large_image","schema":{"@context":"https:\/\/schema.org","@graph":[{"@type":"WebPage","@id":"https:\/\/rikliskarto.com\/de\/nischen-parfum\/generation-2022\/","url":"https:\/\/rikliskarto.com\/de\/nischen-parfum\/generation-2022\/","name":"Generation 2022 - Riklis Karto","isPartOf":{"@id":"https:\/\/rikliskarto.com\/de\/#website"},"primaryImageOfPage":{"@id":"https:\/\/rikliskarto.com\/de\/nischen-parfum\/generation-2022\/#primaryimage"},"image":{"@id":"https:\/\/rikliskarto.com\/de\/nischen-parfum\/generation-2022\/#primaryimage"},"thumbnailUrl":"https:\/\/rikliskarto.com\/wp-content\/uploads\/2025\/04\/2022generation.png","datePublished":"2025-04-01T15:59:10+00:00","dateModified":"2025-06-12T09:51:36+00:00","breadcrumb":{"@id":"https:\/\/rikliskarto.com\/de\/nischen-parfum\/generation-2022\/#breadcrumb"},"inLanguage":"de","potentialAction":[{"@type":"ReadAction","target":["https:\/\/rikliskarto.com\/de\/nischen-parfum\/generation-2022\/"]}]},{"@type":"ImageObject","inLanguage":"de","@id":"https:\/\/rikliskarto.com\/de\/nischen-parfum\/generation-2022\/#primaryimage","url":"https:\/\/rikliskarto.com\/wp-content\/uploads\/2025\/04\/2022generation.png","contentUrl":"https:\/\/rikliskarto.com\/wp-content\/uploads\/2025\/04\/2022generation.png","width":1000,"height":1000},{"@type":"BreadcrumbList","@id":"https:\/\/rikliskarto.com\/de\/nischen-parfum\/generation-2022\/#breadcrumb","itemListElement":[{"@type":"ListItem","position":1,"name":"Home","item":"https:\/\/rikliskarto.com\/de\/heim\/"},{"@type":"ListItem","position":2,"name":"Priv\u00e9: Laden","item":"https:\/\/rikliskarto.com\/de\/shop\/"},{"@type":"ListItem","position":3,"name":"Generation 2022"}]},{"@type":"WebSite","@id":"https:\/\/rikliskarto.com\/de\/#website","url":"https:\/\/rikliskarto.com\/de\/","name":"Riklis Karto","description":"Ontdek de beste Niche Parfum &amp; Geurkaarsen.","potentialAction":[{"@type":"SearchAction","target":{"@type":"EntryPoint","urlTemplate":"https:\/\/rikliskarto.com\/de\/?s={search_term_string}"},"query-input":{"@type":"PropertyValueSpecification","valueRequired":true,"valueName":"search_term_string"}}],"inLanguage":"de"}]}},"_links":{"self":[{"href":"https:\/\/rikliskarto.com\/de\/wp-json\/wp\/v2\/product\/18694","targetHints":{"allow":["GET"]}}],"collection":[{"href":"https:\/\/rikliskarto.com\/de\/wp-json\/wp\/v2\/product"}],"about":[{"href":"https:\/\/rikliskarto.com\/de\/wp-json\/wp\/v2\/types\/product"}],"replies":[{"embeddable":true,"href":"https:\/\/rikliskarto.com\/de\/wp-json\/wp\/v2\/comments?post=18694"}],"wp:featuredmedia":[{"embeddable":true,"href":"https:\/\/rikliskarto.com\/de\/wp-json\/wp\/v2\/media\/18110"}],"wp:attachment":[{"href":"https:\/\/rikliskarto.com\/de\/wp-json\/wp\/v2\/media?parent=18694"}],"wp:term":[{"taxonomy":"product_brand","embeddable":true,"href":"https:\/\/rikliskarto.com\/de\/wp-json\/wp\/v2\/product_brand?post=18694"},{"taxonomy":"product_cat","embeddable":true,"href":"https:\/\/rikliskarto.com\/de\/wp-json\/wp\/v2\/product_cat?post=18694"},{"taxonomy":"product_tag","embeddable":true,"href":"https:\/\/rikliskarto.com\/de\/wp-json\/wp\/v2\/product_tag?post=18694"}],"curies":[{"name":"wp","href":"https:\/\/api.w.org\/{rel}","templated":true}]}}