{"id":18693,"date":"2025-04-09T12:49:41","date_gmt":"2025-04-09T10:49:41","guid":{"rendered":"https:\/\/rikliskarto.com\/shop\/schwarzer-edelstein\/"},"modified":"2025-06-12T11:51:34","modified_gmt":"2025-06-12T09:51:34","slug":"schwarzer-edelstein","status":"publish","type":"product","link":"https:\/\/rikliskarto.com\/de\/nischen-parfum\/schwarzer-edelstein\/","title":{"rendered":"Schwarzer Edelstein"},"content":{"rendered":"<p data-start=\"116\" data-end=\"584\">St\u00e9phane Humbert Lucas Black Gemstone ist ein tiefer, geheimnisvoller Duft mit einer reichen und kraftvollen Ausstrahlung. Der Duft er\u00f6ffnet sich intensiv mit dunklen Gew\u00fcrzen, Weihrauch und einem Hauch von Zitrusfr\u00fcchten, der sofort ein kraftvolles und elegantes Statement setzt. Im Herzen entfalten sich Leder-, Holz- und florale Nuancen, die f\u00fcr einen warmen und geschichteten Charakter sorgen. Die Basis ist voll und langanhaltend, mit Noten von Amber, Moschus und Balsamico-Akkorden, die einen sinnlichen, orientalischen Abgang verleihen.   <\/p>\n<p data-start=\"586\" data-end=\"791\">Black Gemstone ist ein Parf\u00fcm f\u00fcr alle, die es wagen, sich abzuheben und einen luxuri\u00f6sen, unverwechselbaren Duft mit Tiefe und Charakter lieben.<\/p>\n","protected":false},"excerpt":{"rendered":"<p>St\u00e9phane Humbert Lucas Black Gemstone ist ein tiefer, geheimnisvoller Duft mit einer reichen und kraftvollen Ausstrahlung. Der Duft er\u00f6ffnet sich intensiv mit dunklen Gew\u00fcrzen, Weihrauch und einem Hauch von Zitrusfr\u00fcchten,&#8230;<\/p>\n","protected":false},"featured_media":18172,"comment_status":"open","ping_status":"closed","template":"","meta":{"_acf_changed":false},"product_brand":[],"product_cat":[862,1693],"product_tag":[],"class_list":{"0":"post-18693","1":"product","2":"type-product","3":"status-publish","4":"has-post-thumbnail","6":"product_cat-nischen-parfum","7":"product_cat-stephane-humbert-lucas-777-de","8":"brand-stephane-humbert-lucas-777-de","9":"scent-note-citrusvruchten-de","10":"scent-note-houtachtige-noten-basisnoten-de","11":"scent-note-wierook-topnoten-de","12":"composition-amber-de","13":"composition-balsemachtig-de","14":"composition-houtachtig-de","15":"composition-leer-de","16":"composition-warm-kruidig-de","17":"fragrance-family-woody-oriental-de","19":"first","20":"instock","21":"taxable","22":"shipping-taxable","23":"purchasable","24":"product-type-variable"},"acf":[],"yoast_head":"<!-- This site is optimized with the Yoast SEO plugin v25.9 - https:\/\/yoast.com\/wordpress\/plugins\/seo\/ -->\n<title>Schwarzer Edelstein - Riklis Karto<\/title>\n<meta name=\"robots\" content=\"index, follow, max-snippet:-1, max-image-preview:large, max-video-preview:-1\" \/>\n<link rel=\"canonical\" href=\"https:\/\/rikliskarto.com\/de\/nischen-parfum\/schwarzer-edelstein\/\" \/>\n<meta property=\"og:locale\" content=\"de_DE\" \/>\n<meta property=\"og:type\" content=\"article\" \/>\n<meta property=\"og:title\" content=\"Schwarzer Edelstein - Riklis Karto\" \/>\n<meta property=\"og:description\" content=\"St\u00e9phane Humbert Lucas Black Gemstone ist ein tiefer, geheimnisvoller Duft mit einer reichen und kraftvollen Ausstrahlung. Der Duft er\u00f6ffnet sich intensiv mit dunklen Gew\u00fcrzen, Weihrauch und einem Hauch von Zitrusfr\u00fcchten,...\" \/>\n<meta property=\"og:url\" content=\"https:\/\/rikliskarto.com\/de\/nischen-parfum\/schwarzer-edelstein\/\" \/>\n<meta property=\"og:site_name\" content=\"Riklis Karto\" \/>\n<meta property=\"article:modified_time\" content=\"2025-06-12T09:51:34+00:00\" \/>\n<meta property=\"og:image\" content=\"https:\/\/rikliskarto.com\/wp-content\/uploads\/2025\/04\/blackgemstone.png\" \/>\n\t<meta property=\"og:image:width\" content=\"1000\" \/>\n\t<meta property=\"og:image:height\" content=\"1000\" \/>\n\t<meta property=\"og:image:type\" content=\"image\/png\" \/>\n<meta name=\"twitter:card\" content=\"summary_large_image\" \/>\n<meta name=\"twitter:label1\" content=\"Gesch\u00e4tzte Lesezeit\" \/>\n\t<meta name=\"twitter:data1\" content=\"1\u00a0Minute\" \/>\n<script type=\"application\/ld+json\" class=\"yoast-schema-graph\">{\"@context\":\"https:\/\/schema.org\",\"@graph\":[{\"@type\":\"WebPage\",\"@id\":\"https:\/\/rikliskarto.com\/de\/nischen-parfum\/schwarzer-edelstein\/\",\"url\":\"https:\/\/rikliskarto.com\/de\/nischen-parfum\/schwarzer-edelstein\/\",\"name\":\"Schwarzer Edelstein - Riklis Karto\",\"isPartOf\":{\"@id\":\"https:\/\/rikliskarto.com\/de\/#website\"},\"primaryImageOfPage\":{\"@id\":\"https:\/\/rikliskarto.com\/de\/nischen-parfum\/schwarzer-edelstein\/#primaryimage\"},\"image\":{\"@id\":\"https:\/\/rikliskarto.com\/de\/nischen-parfum\/schwarzer-edelstein\/#primaryimage\"},\"thumbnailUrl\":\"https:\/\/rikliskarto.com\/wp-content\/uploads\/2025\/04\/blackgemstone.png\",\"datePublished\":\"2025-04-09T10:49:41+00:00\",\"dateModified\":\"2025-06-12T09:51:34+00:00\",\"breadcrumb\":{\"@id\":\"https:\/\/rikliskarto.com\/de\/nischen-parfum\/schwarzer-edelstein\/#breadcrumb\"},\"inLanguage\":\"de\",\"potentialAction\":[{\"@type\":\"ReadAction\",\"target\":[\"https:\/\/rikliskarto.com\/de\/nischen-parfum\/schwarzer-edelstein\/\"]}]},{\"@type\":\"ImageObject\",\"inLanguage\":\"de\",\"@id\":\"https:\/\/rikliskarto.com\/de\/nischen-parfum\/schwarzer-edelstein\/#primaryimage\",\"url\":\"https:\/\/rikliskarto.com\/wp-content\/uploads\/2025\/04\/blackgemstone.png\",\"contentUrl\":\"https:\/\/rikliskarto.com\/wp-content\/uploads\/2025\/04\/blackgemstone.png\",\"width\":1000,\"height\":1000},{\"@type\":\"BreadcrumbList\",\"@id\":\"https:\/\/rikliskarto.com\/de\/nischen-parfum\/schwarzer-edelstein\/#breadcrumb\",\"itemListElement\":[{\"@type\":\"ListItem\",\"position\":1,\"name\":\"Home\",\"item\":\"https:\/\/rikliskarto.com\/de\/heim\/\"},{\"@type\":\"ListItem\",\"position\":2,\"name\":\"Priv\u00e9: Laden\",\"item\":\"https:\/\/rikliskarto.com\/de\/shop\/\"},{\"@type\":\"ListItem\",\"position\":3,\"name\":\"Schwarzer Edelstein\"}]},{\"@type\":\"WebSite\",\"@id\":\"https:\/\/rikliskarto.com\/de\/#website\",\"url\":\"https:\/\/rikliskarto.com\/de\/\",\"name\":\"Riklis Karto\",\"description\":\"Ontdek de beste Niche Parfum &amp; Geurkaarsen.\",\"potentialAction\":[{\"@type\":\"SearchAction\",\"target\":{\"@type\":\"EntryPoint\",\"urlTemplate\":\"https:\/\/rikliskarto.com\/de\/?s={search_term_string}\"},\"query-input\":{\"@type\":\"PropertyValueSpecification\",\"valueRequired\":true,\"valueName\":\"search_term_string\"}}],\"inLanguage\":\"de\"}]}<\/script>\n<!-- \/ Yoast SEO plugin. -->","yoast_head_json":{"title":"Schwarzer Edelstein - Riklis Karto","robots":{"index":"index","follow":"follow","max-snippet":"max-snippet:-1","max-image-preview":"max-image-preview:large","max-video-preview":"max-video-preview:-1"},"canonical":"https:\/\/rikliskarto.com\/de\/nischen-parfum\/schwarzer-edelstein\/","og_locale":"de_DE","og_type":"article","og_title":"Schwarzer Edelstein - Riklis Karto","og_description":"St\u00e9phane Humbert Lucas Black Gemstone ist ein tiefer, geheimnisvoller Duft mit einer reichen und kraftvollen Ausstrahlung. Der Duft er\u00f6ffnet sich intensiv mit dunklen Gew\u00fcrzen, Weihrauch und einem Hauch von Zitrusfr\u00fcchten,...","og_url":"https:\/\/rikliskarto.com\/de\/nischen-parfum\/schwarzer-edelstein\/","og_site_name":"Riklis Karto","article_modified_time":"2025-06-12T09:51:34+00:00","og_image":[{"width":1000,"height":1000,"url":"https:\/\/rikliskarto.com\/wp-content\/uploads\/2025\/04\/blackgemstone.png","type":"image\/png"}],"twitter_card":"summary_large_image","twitter_misc":{"Gesch\u00e4tzte Lesezeit":"1\u00a0Minute"},"schema":{"@context":"https:\/\/schema.org","@graph":[{"@type":"WebPage","@id":"https:\/\/rikliskarto.com\/de\/nischen-parfum\/schwarzer-edelstein\/","url":"https:\/\/rikliskarto.com\/de\/nischen-parfum\/schwarzer-edelstein\/","name":"Schwarzer Edelstein - Riklis Karto","isPartOf":{"@id":"https:\/\/rikliskarto.com\/de\/#website"},"primaryImageOfPage":{"@id":"https:\/\/rikliskarto.com\/de\/nischen-parfum\/schwarzer-edelstein\/#primaryimage"},"image":{"@id":"https:\/\/rikliskarto.com\/de\/nischen-parfum\/schwarzer-edelstein\/#primaryimage"},"thumbnailUrl":"https:\/\/rikliskarto.com\/wp-content\/uploads\/2025\/04\/blackgemstone.png","datePublished":"2025-04-09T10:49:41+00:00","dateModified":"2025-06-12T09:51:34+00:00","breadcrumb":{"@id":"https:\/\/rikliskarto.com\/de\/nischen-parfum\/schwarzer-edelstein\/#breadcrumb"},"inLanguage":"de","potentialAction":[{"@type":"ReadAction","target":["https:\/\/rikliskarto.com\/de\/nischen-parfum\/schwarzer-edelstein\/"]}]},{"@type":"ImageObject","inLanguage":"de","@id":"https:\/\/rikliskarto.com\/de\/nischen-parfum\/schwarzer-edelstein\/#primaryimage","url":"https:\/\/rikliskarto.com\/wp-content\/uploads\/2025\/04\/blackgemstone.png","contentUrl":"https:\/\/rikliskarto.com\/wp-content\/uploads\/2025\/04\/blackgemstone.png","width":1000,"height":1000},{"@type":"BreadcrumbList","@id":"https:\/\/rikliskarto.com\/de\/nischen-parfum\/schwarzer-edelstein\/#breadcrumb","itemListElement":[{"@type":"ListItem","position":1,"name":"Home","item":"https:\/\/rikliskarto.com\/de\/heim\/"},{"@type":"ListItem","position":2,"name":"Priv\u00e9: Laden","item":"https:\/\/rikliskarto.com\/de\/shop\/"},{"@type":"ListItem","position":3,"name":"Schwarzer Edelstein"}]},{"@type":"WebSite","@id":"https:\/\/rikliskarto.com\/de\/#website","url":"https:\/\/rikliskarto.com\/de\/","name":"Riklis Karto","description":"Ontdek de beste Niche Parfum &amp; Geurkaarsen.","potentialAction":[{"@type":"SearchAction","target":{"@type":"EntryPoint","urlTemplate":"https:\/\/rikliskarto.com\/de\/?s={search_term_string}"},"query-input":{"@type":"PropertyValueSpecification","valueRequired":true,"valueName":"search_term_string"}}],"inLanguage":"de"}]}},"_links":{"self":[{"href":"https:\/\/rikliskarto.com\/de\/wp-json\/wp\/v2\/product\/18693","targetHints":{"allow":["GET"]}}],"collection":[{"href":"https:\/\/rikliskarto.com\/de\/wp-json\/wp\/v2\/product"}],"about":[{"href":"https:\/\/rikliskarto.com\/de\/wp-json\/wp\/v2\/types\/product"}],"replies":[{"embeddable":true,"href":"https:\/\/rikliskarto.com\/de\/wp-json\/wp\/v2\/comments?post=18693"}],"wp:featuredmedia":[{"embeddable":true,"href":"https:\/\/rikliskarto.com\/de\/wp-json\/wp\/v2\/media\/18172"}],"wp:attachment":[{"href":"https:\/\/rikliskarto.com\/de\/wp-json\/wp\/v2\/media?parent=18693"}],"wp:term":[{"taxonomy":"product_brand","embeddable":true,"href":"https:\/\/rikliskarto.com\/de\/wp-json\/wp\/v2\/product_brand?post=18693"},{"taxonomy":"product_cat","embeddable":true,"href":"https:\/\/rikliskarto.com\/de\/wp-json\/wp\/v2\/product_cat?post=18693"},{"taxonomy":"product_tag","embeddable":true,"href":"https:\/\/rikliskarto.com\/de\/wp-json\/wp\/v2\/product_tag?post=18693"}],"curies":[{"name":"wp","href":"https:\/\/api.w.org\/{rel}","templated":true}]}}