{"id":18688,"date":"2025-04-09T13:39:49","date_gmt":"2025-04-09T11:39:49","guid":{"rendered":"https:\/\/rikliskarto.com\/shop\/taklamakan\/"},"modified":"2025-07-13T17:25:27","modified_gmt":"2025-07-13T15:25:27","slug":"taklamakan","status":"publish","type":"product","link":"https:\/\/rikliskarto.com\/de\/nischen-parfum\/stephane-humbert-lucas-777-de\/taklamakan\/","title":{"rendered":"Taklamakan"},"content":{"rendered":"<p data-start=\"198\" data-end=\"676\">St\u00e9phane Humbert Lucas Taklamakan ist ein kraftvoller, geheimnisvoller Duft, der von der gleichnamigen W\u00fcste inspiriert ist. Das Parfum strahlt W\u00e4rme, Tiefe und Abenteuer aus. Der Duft er\u00f6ffnet mit rauchigen und balsamischen Noten, die sofort eine bezaubernde Atmosph\u00e4re hervorrufen. Im Herzen verschmelzen satte H\u00f6lzer mit Harzen und Gew\u00fcrzen und schaffen einen trockenen, intensiven Charakter. Die Basis ist dunkel und s\u00fcchtig machend, mit Amber, Oud und Moschus, die lange auf der Haut verweilen.    <\/p>\n<p data-start=\"678\" data-end=\"849\">Taklamakan ist ein Duft f\u00fcr den wahren Parf\u00fcmliebhaber \u2013 robust, intensiv und unwiderstehlich mystisch.<\/p>\n","protected":false},"excerpt":{"rendered":"<p>St\u00e9phane Humbert Lucas Taklamakan ist ein kraftvoller, geheimnisvoller Duft, der von der gleichnamigen W\u00fcste inspiriert ist. Das Parfum strahlt W\u00e4rme, Tiefe und Abenteuer aus. Der Duft er\u00f6ffnet mit rauchigen und&#8230;<\/p>\n","protected":false},"featured_media":18179,"comment_status":"open","ping_status":"closed","template":"","meta":{"_acf_changed":false},"product_brand":[],"product_cat":[862,1693],"product_tag":[],"class_list":{"0":"post-18688","1":"product","2":"type-product","3":"status-publish","4":"has-post-thumbnail","6":"product_cat-nischen-parfum","7":"product_cat-stephane-humbert-lucas-777-de","8":"brand-stephane-humbert-lucas-777-de","9":"scent-note-adlerholz","10":"scent-note-muskus-de","11":"scent-note-patchouli-basisnoten-de","12":"scent-note-vanille-de","13":"scent-note-zedernholz","14":"composition-amber-de","15":"composition-fruitig-de","16":"composition-houtachtig-de","17":"composition-warm-kruidig-de","18":"fragrance-family-amber-de","19":"fragrance-family-oriental-de","20":"fragrance-family-woods-de","22":"first","23":"instock","24":"taxable","25":"shipping-taxable","26":"purchasable","27":"product-type-variable"},"acf":[],"yoast_head":"<!-- This site is optimized with the Yoast SEO plugin v25.9 - https:\/\/yoast.com\/wordpress\/plugins\/seo\/ -->\n<title>Taklamakan - Riklis Karto<\/title>\n<meta name=\"robots\" content=\"index, follow, max-snippet:-1, max-image-preview:large, max-video-preview:-1\" \/>\n<link rel=\"canonical\" href=\"https:\/\/rikliskarto.com\/de\/nischen-parfum\/stephane-humbert-lucas-777-de\/taklamakan\/\" \/>\n<meta property=\"og:locale\" content=\"de_DE\" \/>\n<meta property=\"og:type\" content=\"article\" \/>\n<meta property=\"og:title\" content=\"Taklamakan - Riklis Karto\" \/>\n<meta property=\"og:description\" content=\"St\u00e9phane Humbert Lucas Taklamakan ist ein kraftvoller, geheimnisvoller Duft, der von der gleichnamigen W\u00fcste inspiriert ist. Das Parfum strahlt W\u00e4rme, Tiefe und Abenteuer aus. Der Duft er\u00f6ffnet mit rauchigen und...\" \/>\n<meta property=\"og:url\" content=\"https:\/\/rikliskarto.com\/de\/nischen-parfum\/stephane-humbert-lucas-777-de\/taklamakan\/\" \/>\n<meta property=\"og:site_name\" content=\"Riklis Karto\" \/>\n<meta property=\"article:modified_time\" content=\"2025-07-13T15:25:27+00:00\" \/>\n<meta property=\"og:image\" content=\"https:\/\/rikliskarto.com\/wp-content\/uploads\/2025\/04\/taklamakan.png\" \/>\n\t<meta property=\"og:image:width\" content=\"1000\" \/>\n\t<meta property=\"og:image:height\" content=\"1000\" \/>\n\t<meta property=\"og:image:type\" content=\"image\/png\" \/>\n<meta name=\"twitter:card\" content=\"summary_large_image\" \/>\n<script type=\"application\/ld+json\" class=\"yoast-schema-graph\">{\"@context\":\"https:\/\/schema.org\",\"@graph\":[{\"@type\":\"WebPage\",\"@id\":\"https:\/\/rikliskarto.com\/de\/nischen-parfum\/stephane-humbert-lucas-777-de\/taklamakan\/\",\"url\":\"https:\/\/rikliskarto.com\/de\/nischen-parfum\/stephane-humbert-lucas-777-de\/taklamakan\/\",\"name\":\"Taklamakan - Riklis Karto\",\"isPartOf\":{\"@id\":\"https:\/\/rikliskarto.com\/de\/#website\"},\"primaryImageOfPage\":{\"@id\":\"https:\/\/rikliskarto.com\/de\/nischen-parfum\/stephane-humbert-lucas-777-de\/taklamakan\/#primaryimage\"},\"image\":{\"@id\":\"https:\/\/rikliskarto.com\/de\/nischen-parfum\/stephane-humbert-lucas-777-de\/taklamakan\/#primaryimage\"},\"thumbnailUrl\":\"https:\/\/rikliskarto.com\/wp-content\/uploads\/2025\/04\/taklamakan.png\",\"datePublished\":\"2025-04-09T11:39:49+00:00\",\"dateModified\":\"2025-07-13T15:25:27+00:00\",\"breadcrumb\":{\"@id\":\"https:\/\/rikliskarto.com\/de\/nischen-parfum\/stephane-humbert-lucas-777-de\/taklamakan\/#breadcrumb\"},\"inLanguage\":\"de\",\"potentialAction\":[{\"@type\":\"ReadAction\",\"target\":[\"https:\/\/rikliskarto.com\/de\/nischen-parfum\/stephane-humbert-lucas-777-de\/taklamakan\/\"]}]},{\"@type\":\"ImageObject\",\"inLanguage\":\"de\",\"@id\":\"https:\/\/rikliskarto.com\/de\/nischen-parfum\/stephane-humbert-lucas-777-de\/taklamakan\/#primaryimage\",\"url\":\"https:\/\/rikliskarto.com\/wp-content\/uploads\/2025\/04\/taklamakan.png\",\"contentUrl\":\"https:\/\/rikliskarto.com\/wp-content\/uploads\/2025\/04\/taklamakan.png\",\"width\":1000,\"height\":1000},{\"@type\":\"BreadcrumbList\",\"@id\":\"https:\/\/rikliskarto.com\/de\/nischen-parfum\/stephane-humbert-lucas-777-de\/taklamakan\/#breadcrumb\",\"itemListElement\":[{\"@type\":\"ListItem\",\"position\":1,\"name\":\"Home\",\"item\":\"https:\/\/rikliskarto.com\/de\/heim\/\"},{\"@type\":\"ListItem\",\"position\":2,\"name\":\"Priv\u00e9: Laden\",\"item\":\"https:\/\/rikliskarto.com\/de\/shop\/\"},{\"@type\":\"ListItem\",\"position\":3,\"name\":\"Taklamakan\"}]},{\"@type\":\"WebSite\",\"@id\":\"https:\/\/rikliskarto.com\/de\/#website\",\"url\":\"https:\/\/rikliskarto.com\/de\/\",\"name\":\"Riklis Karto\",\"description\":\"Ontdek de beste Niche Parfum &amp; Geurkaarsen.\",\"potentialAction\":[{\"@type\":\"SearchAction\",\"target\":{\"@type\":\"EntryPoint\",\"urlTemplate\":\"https:\/\/rikliskarto.com\/de\/?s={search_term_string}\"},\"query-input\":{\"@type\":\"PropertyValueSpecification\",\"valueRequired\":true,\"valueName\":\"search_term_string\"}}],\"inLanguage\":\"de\"}]}<\/script>\n<!-- \/ Yoast SEO plugin. -->","yoast_head_json":{"title":"Taklamakan - Riklis Karto","robots":{"index":"index","follow":"follow","max-snippet":"max-snippet:-1","max-image-preview":"max-image-preview:large","max-video-preview":"max-video-preview:-1"},"canonical":"https:\/\/rikliskarto.com\/de\/nischen-parfum\/stephane-humbert-lucas-777-de\/taklamakan\/","og_locale":"de_DE","og_type":"article","og_title":"Taklamakan - Riklis Karto","og_description":"St\u00e9phane Humbert Lucas Taklamakan ist ein kraftvoller, geheimnisvoller Duft, der von der gleichnamigen W\u00fcste inspiriert ist. Das Parfum strahlt W\u00e4rme, Tiefe und Abenteuer aus. Der Duft er\u00f6ffnet mit rauchigen und...","og_url":"https:\/\/rikliskarto.com\/de\/nischen-parfum\/stephane-humbert-lucas-777-de\/taklamakan\/","og_site_name":"Riklis Karto","article_modified_time":"2025-07-13T15:25:27+00:00","og_image":[{"width":1000,"height":1000,"url":"https:\/\/rikliskarto.com\/wp-content\/uploads\/2025\/04\/taklamakan.png","type":"image\/png"}],"twitter_card":"summary_large_image","schema":{"@context":"https:\/\/schema.org","@graph":[{"@type":"WebPage","@id":"https:\/\/rikliskarto.com\/de\/nischen-parfum\/stephane-humbert-lucas-777-de\/taklamakan\/","url":"https:\/\/rikliskarto.com\/de\/nischen-parfum\/stephane-humbert-lucas-777-de\/taklamakan\/","name":"Taklamakan - Riklis Karto","isPartOf":{"@id":"https:\/\/rikliskarto.com\/de\/#website"},"primaryImageOfPage":{"@id":"https:\/\/rikliskarto.com\/de\/nischen-parfum\/stephane-humbert-lucas-777-de\/taklamakan\/#primaryimage"},"image":{"@id":"https:\/\/rikliskarto.com\/de\/nischen-parfum\/stephane-humbert-lucas-777-de\/taklamakan\/#primaryimage"},"thumbnailUrl":"https:\/\/rikliskarto.com\/wp-content\/uploads\/2025\/04\/taklamakan.png","datePublished":"2025-04-09T11:39:49+00:00","dateModified":"2025-07-13T15:25:27+00:00","breadcrumb":{"@id":"https:\/\/rikliskarto.com\/de\/nischen-parfum\/stephane-humbert-lucas-777-de\/taklamakan\/#breadcrumb"},"inLanguage":"de","potentialAction":[{"@type":"ReadAction","target":["https:\/\/rikliskarto.com\/de\/nischen-parfum\/stephane-humbert-lucas-777-de\/taklamakan\/"]}]},{"@type":"ImageObject","inLanguage":"de","@id":"https:\/\/rikliskarto.com\/de\/nischen-parfum\/stephane-humbert-lucas-777-de\/taklamakan\/#primaryimage","url":"https:\/\/rikliskarto.com\/wp-content\/uploads\/2025\/04\/taklamakan.png","contentUrl":"https:\/\/rikliskarto.com\/wp-content\/uploads\/2025\/04\/taklamakan.png","width":1000,"height":1000},{"@type":"BreadcrumbList","@id":"https:\/\/rikliskarto.com\/de\/nischen-parfum\/stephane-humbert-lucas-777-de\/taklamakan\/#breadcrumb","itemListElement":[{"@type":"ListItem","position":1,"name":"Home","item":"https:\/\/rikliskarto.com\/de\/heim\/"},{"@type":"ListItem","position":2,"name":"Priv\u00e9: Laden","item":"https:\/\/rikliskarto.com\/de\/shop\/"},{"@type":"ListItem","position":3,"name":"Taklamakan"}]},{"@type":"WebSite","@id":"https:\/\/rikliskarto.com\/de\/#website","url":"https:\/\/rikliskarto.com\/de\/","name":"Riklis Karto","description":"Ontdek de beste Niche Parfum &amp; Geurkaarsen.","potentialAction":[{"@type":"SearchAction","target":{"@type":"EntryPoint","urlTemplate":"https:\/\/rikliskarto.com\/de\/?s={search_term_string}"},"query-input":{"@type":"PropertyValueSpecification","valueRequired":true,"valueName":"search_term_string"}}],"inLanguage":"de"}]}},"_links":{"self":[{"href":"https:\/\/rikliskarto.com\/de\/wp-json\/wp\/v2\/product\/18688","targetHints":{"allow":["GET"]}}],"collection":[{"href":"https:\/\/rikliskarto.com\/de\/wp-json\/wp\/v2\/product"}],"about":[{"href":"https:\/\/rikliskarto.com\/de\/wp-json\/wp\/v2\/types\/product"}],"replies":[{"embeddable":true,"href":"https:\/\/rikliskarto.com\/de\/wp-json\/wp\/v2\/comments?post=18688"}],"wp:featuredmedia":[{"embeddable":true,"href":"https:\/\/rikliskarto.com\/de\/wp-json\/wp\/v2\/media\/18179"}],"wp:attachment":[{"href":"https:\/\/rikliskarto.com\/de\/wp-json\/wp\/v2\/media?parent=18688"}],"wp:term":[{"taxonomy":"product_brand","embeddable":true,"href":"https:\/\/rikliskarto.com\/de\/wp-json\/wp\/v2\/product_brand?post=18688"},{"taxonomy":"product_cat","embeddable":true,"href":"https:\/\/rikliskarto.com\/de\/wp-json\/wp\/v2\/product_cat?post=18688"},{"taxonomy":"product_tag","embeddable":true,"href":"https:\/\/rikliskarto.com\/de\/wp-json\/wp\/v2\/product_tag?post=18688"}],"curies":[{"name":"wp","href":"https:\/\/api.w.org\/{rel}","templated":true}]}}