{"id":16853,"date":"2024-07-23T11:34:41","date_gmt":"2024-07-23T09:34:41","guid":{"rendered":"https:\/\/rikliskarto.com\/shop\/xerjoff-jubilaeum-von-alexandria-ii\/"},"modified":"2025-06-12T11:52:15","modified_gmt":"2025-06-12T09:52:15","slug":"xerjoff-jubilaeum-von-alexandria-ii","status":"publish","type":"product","link":"https:\/\/rikliskarto.com\/de\/nischen-parfum\/xerjoff-de\/xerjoff-jubilaeum-von-alexandria-ii\/","title":{"rendered":"Xerjoff &#8211; Jubil\u00e4um von Alexandria II"},"content":{"rendered":"<h2>Alexandria II. Jahrestag von Xerjoff<\/h2>\n<p>Das Alexandria II Anniversery von Xerjoff ist ein besonderes Parfum. Vor mehr als zehn Jahren f\u00fchrte Xerjoff das Parf\u00fcm Alexandria ein. Dieser war einzigartig, da ein sehr seltenes Oud verwendet wurde, das nur in begrenzten Mengen erh\u00e4ltlich war. Das war ein sofortiger Erfolg, aber das hatte auch eine Kehrseite.   <\/p>\n<p>Das seltene Alte war bald nicht mehr erh\u00e4ltlich. Xerjoff brachte die Alexandria II heraus, die \u00e4hnliches, seltenes Oud enthielt. Es entwickelte sich auch zu einem der meistverkauften Parfums. Um mehr als zehn Jahre Handwerkskunst zu feiern, wurde diese Alendria II Anniversery Kreation kreiert. Diesmal mit ganz besonderem Altvieh aus Tarakan auf den Borneo-Inseln.    <\/p>\n<p>Wir haben uns sofort in dieses einzigartige Parf\u00fcm verliebt. Alexandria er\u00f6ffnet mit tiefen, sinnlichen Noten von bulgarischer Rose, Kreuzk\u00fcmmel und Canerom, die nahtlos mit den Herznoten des besonderen Oud aus Tarakan \u00fcbergehen. Abgerundet wird diese besondere Komposition mit warmen Noten von Moschus und Vanille aus Madagaskar und australischem Sandelholz.  <\/p>\n<p>Der Duft ist beruhigend mit einem wunderbar kraftvollen holzigen Aroma, das Sie in die tropischen W\u00e4lder von Borneo entf\u00fchrt. Das Alexandria II ist sehr empfehlenswert f\u00fcr Parf\u00fcmliebhaber, die auf der Suche nach einem einzigartigen Parfum sind. <\/p>\n<h2>Xerjoff Alexandria II Jubil\u00e4um bei Riklis Karto kaufen<\/h2>\n<p>Erleben Sie die einzigartige Komposition aus besonderen nat\u00fcrlichen Inhaltsstoffen, die sorgf\u00e4ltig aufeinander abgestimmt sind. Nach dem ersten Spr\u00fchsto\u00df werden Sie nichts mehr wollen. Dies wird schnell zu einem Ihrer Lieblingsparf\u00fcms. Wir laden Sie ein, diesen Duft in unserer Parf\u00fcmerie in Groningen oder Zwolle in natura zu erleben. Hier sind wir bereit, Sie in die Welt von Xerjoff zu entf\u00fchren.    <\/p>\n<p>Sie k\u00f6nnen nicht l\u00e4nger warten? Bestellen Sie noch heute die Alexandria II Anniversary bei Xerjoff. Vor 14 Uhr bestellt, wird heute versendet!<\/p>\n","protected":false},"excerpt":{"rendered":"<p>Der Alexandria II Anniversery von Xerjoff f\u00e4ngt die Essenz von Luxus und Mystik in einem Flakon ein. Mit Oud direkt aus den W\u00e4ldern Borneos garantiert Ihnen dieses Parf\u00fcm einen einzigartigen und luxuri\u00f6sen Duft, der Ihren Charakter unterstreicht. Die Duftnoten sind erdig, w\u00fcrzig und blumig. Erleben Sie es selbst.   <\/p>\n<p><strong>Vor 14 Uhr bestellt, noch am selben Tag versendet. Bezahlen Sie anschlie\u00dfend mit klarna. <\/strong><\/p>\n","protected":false},"featured_media":17775,"comment_status":"open","ping_status":"closed","template":"","meta":{"_acf_changed":false},"product_brand":[],"product_cat":[862,1697],"product_tag":[],"class_list":{"0":"post-16853","1":"product","2":"type-product","3":"status-publish","4":"has-post-thumbnail","6":"product_cat-nischen-parfum","7":"product_cat-xerjoff-de","8":"brand-xerjoff-de","9":"scent-note-agarhout-de","10":"scent-note-amber-hartnoten-de","11":"scent-note-australisches-sandelholz","12":"scent-note-basisnoten-de","13":"scent-note-bulgaarse-roos-de","14":"scent-note-hartnoten-de","15":"scent-note-kardemom-de","16":"scent-note-komijn-de","17":"scent-note-lavendel-de","18":"scent-note-muskus-de","19":"scent-note-orris-wortelextract-de","20":"scent-note-topnoten-de","21":"scent-note-vanille-de","22":"composition-amber-de","23":"composition-aromatisch-de","24":"composition-fris-kruidig-de","25":"composition-houtachtig-de","26":"composition-musk-de","27":"composition-oudh-de","28":"composition-poederig-de","29":"composition-roos-de","30":"composition-vanille-de","31":"fragrance-family-oriental-de","32":"formule-eau-de-parfum-de","33":"style-luxe-de","34":"season-herfst-de","35":"season-winter-de","36":"occasion-date-de","37":"occasion-diner-de","38":"gender-man-de","39":"gender-unisex-de","40":"gender-vrouw-de","42":"first","43":"instock","44":"purchasable","45":"product-type-variable","46":"has-default-attributes"},"acf":[],"yoast_head":"<!-- This site is optimized with the Yoast SEO plugin v25.9 - https:\/\/yoast.com\/wordpress\/plugins\/seo\/ -->\n<title>Xerjoff Alexandria II Jubil\u00e4umsparf\u00fcm von 100ml<\/title>\n<meta name=\"description\" content=\"Erleben Sie den Luxus und die reiche Geschichte des Jubil\u00e4ums von Xerjoff Alexandria II. Ein blumiges Unisex-Parf\u00fcm, das beeindrucken wird. Jetzt ansehen und bestellen.\" \/>\n<meta name=\"robots\" content=\"index, follow, max-snippet:-1, max-image-preview:large, max-video-preview:-1\" \/>\n<link rel=\"canonical\" href=\"https:\/\/rikliskarto.com\/de\/nischen-parfum\/xerjoff-de\/xerjoff-jubilaeum-von-alexandria-ii\/\" \/>\n<meta property=\"og:locale\" content=\"de_DE\" \/>\n<meta property=\"og:type\" content=\"article\" \/>\n<meta property=\"og:title\" content=\"Xerjoff Alexandria II Jubil\u00e4umsparf\u00fcm von 100ml\" \/>\n<meta property=\"og:description\" content=\"Erleben Sie den Luxus und die reiche Geschichte des Jubil\u00e4ums von Xerjoff Alexandria II. Ein blumiges Unisex-Parf\u00fcm, das beeindrucken wird. Jetzt ansehen und bestellen.\" \/>\n<meta property=\"og:url\" content=\"https:\/\/rikliskarto.com\/de\/nischen-parfum\/xerjoff-de\/xerjoff-jubilaeum-von-alexandria-ii\/\" \/>\n<meta property=\"og:site_name\" content=\"Riklis Karto\" \/>\n<meta property=\"article:modified_time\" content=\"2025-06-12T09:52:15+00:00\" \/>\n<meta property=\"og:image\" content=\"https:\/\/rikliskarto.com\/wp-content\/uploads\/2024\/11\/alexandriaIIanniversary-100.png\" \/>\n\t<meta property=\"og:image:width\" content=\"1000\" \/>\n\t<meta property=\"og:image:height\" content=\"1000\" \/>\n\t<meta property=\"og:image:type\" content=\"image\/webp\" \/>\n<meta name=\"twitter:card\" content=\"summary_large_image\" \/>\n<meta name=\"twitter:label1\" content=\"Gesch\u00e4tzte Lesezeit\" \/>\n\t<meta name=\"twitter:data1\" content=\"2\u00a0Minuten\" \/>\n<script type=\"application\/ld+json\" class=\"yoast-schema-graph\">{\"@context\":\"https:\/\/schema.org\",\"@graph\":[{\"@type\":\"WebPage\",\"@id\":\"https:\/\/rikliskarto.com\/de\/nischen-parfum\/xerjoff-de\/xerjoff-jubilaeum-von-alexandria-ii\/\",\"url\":\"https:\/\/rikliskarto.com\/de\/nischen-parfum\/xerjoff-de\/xerjoff-jubilaeum-von-alexandria-ii\/\",\"name\":\"Xerjoff Alexandria II Jubil\u00e4umsparf\u00fcm von 100ml\",\"isPartOf\":{\"@id\":\"https:\/\/rikliskarto.com\/de\/#website\"},\"primaryImageOfPage\":{\"@id\":\"https:\/\/rikliskarto.com\/de\/nischen-parfum\/xerjoff-de\/xerjoff-jubilaeum-von-alexandria-ii\/#primaryimage\"},\"image\":{\"@id\":\"https:\/\/rikliskarto.com\/de\/nischen-parfum\/xerjoff-de\/xerjoff-jubilaeum-von-alexandria-ii\/#primaryimage\"},\"thumbnailUrl\":\"https:\/\/rikliskarto.com\/wp-content\/uploads\/2024\/11\/alexandriaIIanniversary-100.png\",\"datePublished\":\"2024-07-23T09:34:41+00:00\",\"dateModified\":\"2025-06-12T09:52:15+00:00\",\"description\":\"Erleben Sie den Luxus und die reiche Geschichte des Jubil\u00e4ums von Xerjoff Alexandria II. Ein blumiges Unisex-Parf\u00fcm, das beeindrucken wird. Jetzt ansehen und bestellen.\",\"breadcrumb\":{\"@id\":\"https:\/\/rikliskarto.com\/de\/nischen-parfum\/xerjoff-de\/xerjoff-jubilaeum-von-alexandria-ii\/#breadcrumb\"},\"inLanguage\":\"de\",\"potentialAction\":[{\"@type\":\"ReadAction\",\"target\":[\"https:\/\/rikliskarto.com\/de\/nischen-parfum\/xerjoff-de\/xerjoff-jubilaeum-von-alexandria-ii\/\"]}]},{\"@type\":\"ImageObject\",\"inLanguage\":\"de\",\"@id\":\"https:\/\/rikliskarto.com\/de\/nischen-parfum\/xerjoff-de\/xerjoff-jubilaeum-von-alexandria-ii\/#primaryimage\",\"url\":\"https:\/\/rikliskarto.com\/wp-content\/uploads\/2024\/11\/alexandriaIIanniversary-100.png\",\"contentUrl\":\"https:\/\/rikliskarto.com\/wp-content\/uploads\/2024\/11\/alexandriaIIanniversary-100.png\",\"width\":1000,\"height\":1000},{\"@type\":\"BreadcrumbList\",\"@id\":\"https:\/\/rikliskarto.com\/de\/nischen-parfum\/xerjoff-de\/xerjoff-jubilaeum-von-alexandria-ii\/#breadcrumb\",\"itemListElement\":[{\"@type\":\"ListItem\",\"position\":1,\"name\":\"Home\",\"item\":\"https:\/\/rikliskarto.com\/de\/heim\/\"},{\"@type\":\"ListItem\",\"position\":2,\"name\":\"Priv\u00e9: Laden\",\"item\":\"https:\/\/rikliskarto.com\/de\/shop\/\"},{\"@type\":\"ListItem\",\"position\":3,\"name\":\"Xerjoff &#8211; Jubil\u00e4um von Alexandria II\"}]},{\"@type\":\"WebSite\",\"@id\":\"https:\/\/rikliskarto.com\/de\/#website\",\"url\":\"https:\/\/rikliskarto.com\/de\/\",\"name\":\"Riklis Karto\",\"description\":\"Ontdek de beste Niche Parfum &amp; Geurkaarsen.\",\"potentialAction\":[{\"@type\":\"SearchAction\",\"target\":{\"@type\":\"EntryPoint\",\"urlTemplate\":\"https:\/\/rikliskarto.com\/de\/?s={search_term_string}\"},\"query-input\":{\"@type\":\"PropertyValueSpecification\",\"valueRequired\":true,\"valueName\":\"search_term_string\"}}],\"inLanguage\":\"de\"}]}<\/script>\n<!-- \/ Yoast SEO plugin. -->","yoast_head_json":{"title":"Xerjoff Alexandria II Jubil\u00e4umsparf\u00fcm von 100ml","description":"Erleben Sie den Luxus und die reiche Geschichte des Jubil\u00e4ums von Xerjoff Alexandria II. Ein blumiges Unisex-Parf\u00fcm, das beeindrucken wird. Jetzt ansehen und bestellen.","robots":{"index":"index","follow":"follow","max-snippet":"max-snippet:-1","max-image-preview":"max-image-preview:large","max-video-preview":"max-video-preview:-1"},"canonical":"https:\/\/rikliskarto.com\/de\/nischen-parfum\/xerjoff-de\/xerjoff-jubilaeum-von-alexandria-ii\/","og_locale":"de_DE","og_type":"article","og_title":"Xerjoff Alexandria II Jubil\u00e4umsparf\u00fcm von 100ml","og_description":"Erleben Sie den Luxus und die reiche Geschichte des Jubil\u00e4ums von Xerjoff Alexandria II. Ein blumiges Unisex-Parf\u00fcm, das beeindrucken wird. Jetzt ansehen und bestellen.","og_url":"https:\/\/rikliskarto.com\/de\/nischen-parfum\/xerjoff-de\/xerjoff-jubilaeum-von-alexandria-ii\/","og_site_name":"Riklis Karto","article_modified_time":"2025-06-12T09:52:15+00:00","og_image":[{"width":1000,"height":1000,"url":"https:\/\/rikliskarto.com\/wp-content\/uploads\/2024\/11\/alexandriaIIanniversary-100.png","type":"image\/webp"}],"twitter_card":"summary_large_image","twitter_misc":{"Gesch\u00e4tzte Lesezeit":"2\u00a0Minuten"},"schema":{"@context":"https:\/\/schema.org","@graph":[{"@type":"WebPage","@id":"https:\/\/rikliskarto.com\/de\/nischen-parfum\/xerjoff-de\/xerjoff-jubilaeum-von-alexandria-ii\/","url":"https:\/\/rikliskarto.com\/de\/nischen-parfum\/xerjoff-de\/xerjoff-jubilaeum-von-alexandria-ii\/","name":"Xerjoff Alexandria II Jubil\u00e4umsparf\u00fcm von 100ml","isPartOf":{"@id":"https:\/\/rikliskarto.com\/de\/#website"},"primaryImageOfPage":{"@id":"https:\/\/rikliskarto.com\/de\/nischen-parfum\/xerjoff-de\/xerjoff-jubilaeum-von-alexandria-ii\/#primaryimage"},"image":{"@id":"https:\/\/rikliskarto.com\/de\/nischen-parfum\/xerjoff-de\/xerjoff-jubilaeum-von-alexandria-ii\/#primaryimage"},"thumbnailUrl":"https:\/\/rikliskarto.com\/wp-content\/uploads\/2024\/11\/alexandriaIIanniversary-100.png","datePublished":"2024-07-23T09:34:41+00:00","dateModified":"2025-06-12T09:52:15+00:00","description":"Erleben Sie den Luxus und die reiche Geschichte des Jubil\u00e4ums von Xerjoff Alexandria II. Ein blumiges Unisex-Parf\u00fcm, das beeindrucken wird. Jetzt ansehen und bestellen.","breadcrumb":{"@id":"https:\/\/rikliskarto.com\/de\/nischen-parfum\/xerjoff-de\/xerjoff-jubilaeum-von-alexandria-ii\/#breadcrumb"},"inLanguage":"de","potentialAction":[{"@type":"ReadAction","target":["https:\/\/rikliskarto.com\/de\/nischen-parfum\/xerjoff-de\/xerjoff-jubilaeum-von-alexandria-ii\/"]}]},{"@type":"ImageObject","inLanguage":"de","@id":"https:\/\/rikliskarto.com\/de\/nischen-parfum\/xerjoff-de\/xerjoff-jubilaeum-von-alexandria-ii\/#primaryimage","url":"https:\/\/rikliskarto.com\/wp-content\/uploads\/2024\/11\/alexandriaIIanniversary-100.png","contentUrl":"https:\/\/rikliskarto.com\/wp-content\/uploads\/2024\/11\/alexandriaIIanniversary-100.png","width":1000,"height":1000},{"@type":"BreadcrumbList","@id":"https:\/\/rikliskarto.com\/de\/nischen-parfum\/xerjoff-de\/xerjoff-jubilaeum-von-alexandria-ii\/#breadcrumb","itemListElement":[{"@type":"ListItem","position":1,"name":"Home","item":"https:\/\/rikliskarto.com\/de\/heim\/"},{"@type":"ListItem","position":2,"name":"Priv\u00e9: Laden","item":"https:\/\/rikliskarto.com\/de\/shop\/"},{"@type":"ListItem","position":3,"name":"Xerjoff &#8211; Jubil\u00e4um von Alexandria II"}]},{"@type":"WebSite","@id":"https:\/\/rikliskarto.com\/de\/#website","url":"https:\/\/rikliskarto.com\/de\/","name":"Riklis Karto","description":"Ontdek de beste Niche Parfum &amp; Geurkaarsen.","potentialAction":[{"@type":"SearchAction","target":{"@type":"EntryPoint","urlTemplate":"https:\/\/rikliskarto.com\/de\/?s={search_term_string}"},"query-input":{"@type":"PropertyValueSpecification","valueRequired":true,"valueName":"search_term_string"}}],"inLanguage":"de"}]}},"_links":{"self":[{"href":"https:\/\/rikliskarto.com\/de\/wp-json\/wp\/v2\/product\/16853","targetHints":{"allow":["GET"]}}],"collection":[{"href":"https:\/\/rikliskarto.com\/de\/wp-json\/wp\/v2\/product"}],"about":[{"href":"https:\/\/rikliskarto.com\/de\/wp-json\/wp\/v2\/types\/product"}],"replies":[{"embeddable":true,"href":"https:\/\/rikliskarto.com\/de\/wp-json\/wp\/v2\/comments?post=16853"}],"wp:featuredmedia":[{"embeddable":true,"href":"https:\/\/rikliskarto.com\/de\/wp-json\/wp\/v2\/media\/17775"}],"wp:attachment":[{"href":"https:\/\/rikliskarto.com\/de\/wp-json\/wp\/v2\/media?parent=16853"}],"wp:term":[{"taxonomy":"product_brand","embeddable":true,"href":"https:\/\/rikliskarto.com\/de\/wp-json\/wp\/v2\/product_brand?post=16853"},{"taxonomy":"product_cat","embeddable":true,"href":"https:\/\/rikliskarto.com\/de\/wp-json\/wp\/v2\/product_cat?post=16853"},{"taxonomy":"product_tag","embeddable":true,"href":"https:\/\/rikliskarto.com\/de\/wp-json\/wp\/v2\/product_tag?post=16853"}],"curies":[{"name":"wp","href":"https:\/\/api.w.org\/{rel}","templated":true}]}}