{"id":16840,"date":"2024-07-23T11:31:18","date_gmt":"2024-07-23T09:31:18","guid":{"rendered":"https:\/\/rikliskarto.com\/shop\/xerjoff-als-tony-iommi\/"},"modified":"2025-06-12T11:52:16","modified_gmt":"2025-06-12T09:52:16","slug":"xerjoff-als-tony-iommi","status":"publish","type":"product","link":"https:\/\/rikliskarto.com\/de\/nischen-parfum\/xerjoff-de\/xerjoff-als-tony-iommi\/","title":{"rendered":"Xerjoff als Tony Iommi"},"content":{"rendered":"<h2>Tony Iommi Parfum von Xerjoff<\/h2>\n<p>Der Tony Iommi von Xerjoff wurde 2021 als Teil der Xerjoff Blends Kollektion auf den Markt gebracht. Dieses Parfum ist das Ergebnis der Zusammenarbeit mit dem legend\u00e4ren Black Sabbath Gitarristen Tony Iommi. Das Ergebnis ist ein Duft, der so kraftvoll und vielschichtig ist wie ein Gitarrenriff von Tony Iommi selbst.  <\/p>\n<p>Das Parf\u00fcm er\u00f6ffnet mit kr\u00e4ftigen Kopfnoten von Rum, Passionsfrucht und kalabrischer Bergamotte. Dieser wird mit den Herznoten von Leder, Patchouli, Rose und Zimt zum Leben erweckt. Allein diese Kombination erzeugt einen einzigartigen und kraftvollen Duft. Die Basis aus Karamell, Ambergi und Sandelholz sorgt f\u00fcr einen warmen, sinnlichen Abgang. Die Kombination all dieser hochwertigen Inhaltsstoffe verleiht dem Tony Iommi Parfum eine kr\u00e4ftige Sillage, an der Sie sich den ganzen Tag erfreuen k\u00f6nnen.    <\/p>\n<p>Dieses Parf\u00fcm von Xerjoff ist sowohl in 50 ml als auch in 100 ml erh\u00e4ltlich. Verpackt in einem k\u00fchlen Flakon ist dieses einzigartige Eau de Parfum bereit, Ihre Erwartungen zu \u00fcbertreffen. <\/p>\n<h2>Kaufen Sie Xerjoff Tony Iommi Parf\u00fcm<\/h2>\n<p>Auf der Suche nach einem Parf\u00fcm, das jeden in Erstaunen versetzt? Mit der einzigartigen Komposition des Tony Iommi Parfums von Xerjoff k\u00f6nnen Sie sicher sein, dass dies funktionieren wird. Der Tony Iommi ist bei uns extrem beliebt und ein echter Favorit.  <\/p>\n<p>M\u00f6chten Sie diesen kraftvollen, einzigartigen Duft selbst erleben? Bestellen Sie den Tony Iommi von Xerjoff noch heute online!<\/p>\n","protected":false},"excerpt":{"rendered":"<p>Dieses kr\u00e4ftige Parf\u00fcm von Xerjoff f\u00e4ngt die Essenz des Rock \u201en\u201c Roll in einem Flakon ein. Kreiert nach einer Zusammenarbeit mit dem legend\u00e4ren Gitarristen Tony Iommi, erleben Sie einen kraftvollen Duft von Passionsfrucht und Rum, kombiniert mit Rose und Zimt. Das m\u00fcsst ihr unbedingt ausprobieren.  <\/p>\n<p><strong>Vor 14 Uhr bestellt, noch am selben Tag versendet. Bezahlen Sie anschlie\u00dfend mit klarna. <\/strong><\/p>\n","protected":false},"featured_media":17773,"comment_status":"open","ping_status":"closed","template":"","meta":{"_acf_changed":false},"product_brand":[],"product_cat":[862,1697],"product_tag":[],"class_list":{"0":"post-16840","1":"product","2":"type-product","3":"status-publish","4":"has-post-thumbnail","6":"product_cat-nischen-parfum","7":"product_cat-xerjoff-de","8":"brand-xerjoff-de","9":"scent-note-ambra","10":"scent-note-basisnoten-de","11":"scent-note-bergamot-de","12":"scent-note-geranium-topnoten-de","13":"scent-note-hartnoten-de","14":"scent-note-kaneel-de","15":"scent-note-karamel-de","16":"scent-note-labdanum-basisnoten-de","17":"scent-note-muskus-de","18":"scent-note-passievrucht-de","19":"scent-note-patchouli-de","20":"scent-note-rum-de","21":"scent-note-sandelhout-de","22":"scent-note-tonkaboon-de","23":"scent-note-topnoten-de","24":"scent-note-vanille-de","25":"composition-amber-de","26":"composition-balsemachtig-de","27":"composition-houtachtig-de","28":"composition-kaneel-de","29":"composition-karamel-de","30":"composition-patchouli-de","31":"composition-vanille-de","32":"composition-warm-kruidig-de","33":"composition-zoet-de","34":"fragrance-family-amber-de","35":"fragrance-family-chypre-de","36":"formule-eau-de-parfum-de","37":"style-luxe-de","38":"style-sexy-de","39":"season-herfst-de","40":"season-winter-de","41":"occasion-date-de","42":"occasion-diner-de","43":"gender-man-de","44":"gender-unisex-de","45":"gender-vrouw-de","47":"first","48":"instock","49":"purchasable","50":"product-type-variable","51":"has-default-attributes"},"acf":[],"yoast_head":"<!-- This site is optimized with the Yoast SEO plugin v25.9 - https:\/\/yoast.com\/wordpress\/plugins\/seo\/ -->\n<title>Einzigartiges Tony Iommi Parf\u00fcm von Xerjoff erh\u00e4ltlich in 50ml &amp; 100ml<\/title>\n<meta name=\"description\" content=\"Sind Sie auf der Suche nach einem kr\u00e4ftigen Parf\u00fcm, das Ihren Charakter unterstreicht? Das Parf\u00fcm Tony Iommi von Xerjoff wird Sie und die Menschen um Sie herum in Erstaunen versetzen. Jetzt bestellen.\" \/>\n<meta name=\"robots\" content=\"index, follow, max-snippet:-1, max-image-preview:large, max-video-preview:-1\" \/>\n<link rel=\"canonical\" href=\"https:\/\/rikliskarto.com\/de\/nischen-parfum\/xerjoff-de\/xerjoff-als-tony-iommi\/\" \/>\n<meta property=\"og:locale\" content=\"de_DE\" \/>\n<meta property=\"og:type\" content=\"article\" \/>\n<meta property=\"og:title\" content=\"Einzigartiges Tony Iommi Parf\u00fcm von Xerjoff erh\u00e4ltlich in 50ml &amp; 100ml\" \/>\n<meta property=\"og:description\" content=\"Sind Sie auf der Suche nach einem kr\u00e4ftigen Parf\u00fcm, das Ihren Charakter unterstreicht? Das Parf\u00fcm Tony Iommi von Xerjoff wird Sie und die Menschen um Sie herum in Erstaunen versetzen. Jetzt bestellen.\" \/>\n<meta property=\"og:url\" content=\"https:\/\/rikliskarto.com\/de\/nischen-parfum\/xerjoff-de\/xerjoff-als-tony-iommi\/\" \/>\n<meta property=\"og:site_name\" content=\"Riklis Karto\" \/>\n<meta property=\"article:modified_time\" content=\"2025-06-12T09:52:16+00:00\" \/>\n<meta property=\"og:image\" content=\"https:\/\/rikliskarto.com\/wp-content\/uploads\/2024\/11\/tonyiommi-100.png\" \/>\n\t<meta property=\"og:image:width\" content=\"1000\" \/>\n\t<meta property=\"og:image:height\" content=\"1000\" \/>\n\t<meta property=\"og:image:type\" content=\"image\/webp\" \/>\n<meta name=\"twitter:card\" content=\"summary_large_image\" \/>\n<meta name=\"twitter:label1\" content=\"Gesch\u00e4tzte Lesezeit\" \/>\n\t<meta name=\"twitter:data1\" content=\"1\u00a0Minute\" \/>\n<script type=\"application\/ld+json\" class=\"yoast-schema-graph\">{\"@context\":\"https:\/\/schema.org\",\"@graph\":[{\"@type\":\"WebPage\",\"@id\":\"https:\/\/rikliskarto.com\/de\/nischen-parfum\/xerjoff-de\/xerjoff-als-tony-iommi\/\",\"url\":\"https:\/\/rikliskarto.com\/de\/nischen-parfum\/xerjoff-de\/xerjoff-als-tony-iommi\/\",\"name\":\"Einzigartiges Tony Iommi Parf\u00fcm von Xerjoff erh\u00e4ltlich in 50ml & 100ml\",\"isPartOf\":{\"@id\":\"https:\/\/rikliskarto.com\/de\/#website\"},\"primaryImageOfPage\":{\"@id\":\"https:\/\/rikliskarto.com\/de\/nischen-parfum\/xerjoff-de\/xerjoff-als-tony-iommi\/#primaryimage\"},\"image\":{\"@id\":\"https:\/\/rikliskarto.com\/de\/nischen-parfum\/xerjoff-de\/xerjoff-als-tony-iommi\/#primaryimage\"},\"thumbnailUrl\":\"https:\/\/rikliskarto.com\/wp-content\/uploads\/2024\/11\/tonyiommi-100.png\",\"datePublished\":\"2024-07-23T09:31:18+00:00\",\"dateModified\":\"2025-06-12T09:52:16+00:00\",\"description\":\"Sind Sie auf der Suche nach einem kr\u00e4ftigen Parf\u00fcm, das Ihren Charakter unterstreicht? Das Parf\u00fcm Tony Iommi von Xerjoff wird Sie und die Menschen um Sie herum in Erstaunen versetzen. Jetzt bestellen.\",\"breadcrumb\":{\"@id\":\"https:\/\/rikliskarto.com\/de\/nischen-parfum\/xerjoff-de\/xerjoff-als-tony-iommi\/#breadcrumb\"},\"inLanguage\":\"de\",\"potentialAction\":[{\"@type\":\"ReadAction\",\"target\":[\"https:\/\/rikliskarto.com\/de\/nischen-parfum\/xerjoff-de\/xerjoff-als-tony-iommi\/\"]}]},{\"@type\":\"ImageObject\",\"inLanguage\":\"de\",\"@id\":\"https:\/\/rikliskarto.com\/de\/nischen-parfum\/xerjoff-de\/xerjoff-als-tony-iommi\/#primaryimage\",\"url\":\"https:\/\/rikliskarto.com\/wp-content\/uploads\/2024\/11\/tonyiommi-100.png\",\"contentUrl\":\"https:\/\/rikliskarto.com\/wp-content\/uploads\/2024\/11\/tonyiommi-100.png\",\"width\":1000,\"height\":1000},{\"@type\":\"BreadcrumbList\",\"@id\":\"https:\/\/rikliskarto.com\/de\/nischen-parfum\/xerjoff-de\/xerjoff-als-tony-iommi\/#breadcrumb\",\"itemListElement\":[{\"@type\":\"ListItem\",\"position\":1,\"name\":\"Home\",\"item\":\"https:\/\/rikliskarto.com\/de\/heim\/\"},{\"@type\":\"ListItem\",\"position\":2,\"name\":\"Priv\u00e9: Laden\",\"item\":\"https:\/\/rikliskarto.com\/de\/shop\/\"},{\"@type\":\"ListItem\",\"position\":3,\"name\":\"Xerjoff als Tony Iommi\"}]},{\"@type\":\"WebSite\",\"@id\":\"https:\/\/rikliskarto.com\/de\/#website\",\"url\":\"https:\/\/rikliskarto.com\/de\/\",\"name\":\"Riklis Karto\",\"description\":\"Ontdek de beste Niche Parfum &amp; Geurkaarsen.\",\"potentialAction\":[{\"@type\":\"SearchAction\",\"target\":{\"@type\":\"EntryPoint\",\"urlTemplate\":\"https:\/\/rikliskarto.com\/de\/?s={search_term_string}\"},\"query-input\":{\"@type\":\"PropertyValueSpecification\",\"valueRequired\":true,\"valueName\":\"search_term_string\"}}],\"inLanguage\":\"de\"}]}<\/script>\n<!-- \/ Yoast SEO plugin. -->","yoast_head_json":{"title":"Einzigartiges Tony Iommi Parf\u00fcm von Xerjoff erh\u00e4ltlich in 50ml & 100ml","description":"Sind Sie auf der Suche nach einem kr\u00e4ftigen Parf\u00fcm, das Ihren Charakter unterstreicht? Das Parf\u00fcm Tony Iommi von Xerjoff wird Sie und die Menschen um Sie herum in Erstaunen versetzen. Jetzt bestellen.","robots":{"index":"index","follow":"follow","max-snippet":"max-snippet:-1","max-image-preview":"max-image-preview:large","max-video-preview":"max-video-preview:-1"},"canonical":"https:\/\/rikliskarto.com\/de\/nischen-parfum\/xerjoff-de\/xerjoff-als-tony-iommi\/","og_locale":"de_DE","og_type":"article","og_title":"Einzigartiges Tony Iommi Parf\u00fcm von Xerjoff erh\u00e4ltlich in 50ml & 100ml","og_description":"Sind Sie auf der Suche nach einem kr\u00e4ftigen Parf\u00fcm, das Ihren Charakter unterstreicht? Das Parf\u00fcm Tony Iommi von Xerjoff wird Sie und die Menschen um Sie herum in Erstaunen versetzen. Jetzt bestellen.","og_url":"https:\/\/rikliskarto.com\/de\/nischen-parfum\/xerjoff-de\/xerjoff-als-tony-iommi\/","og_site_name":"Riklis Karto","article_modified_time":"2025-06-12T09:52:16+00:00","og_image":[{"width":1000,"height":1000,"url":"https:\/\/rikliskarto.com\/wp-content\/uploads\/2024\/11\/tonyiommi-100.png","type":"image\/webp"}],"twitter_card":"summary_large_image","twitter_misc":{"Gesch\u00e4tzte Lesezeit":"1\u00a0Minute"},"schema":{"@context":"https:\/\/schema.org","@graph":[{"@type":"WebPage","@id":"https:\/\/rikliskarto.com\/de\/nischen-parfum\/xerjoff-de\/xerjoff-als-tony-iommi\/","url":"https:\/\/rikliskarto.com\/de\/nischen-parfum\/xerjoff-de\/xerjoff-als-tony-iommi\/","name":"Einzigartiges Tony Iommi Parf\u00fcm von Xerjoff erh\u00e4ltlich in 50ml & 100ml","isPartOf":{"@id":"https:\/\/rikliskarto.com\/de\/#website"},"primaryImageOfPage":{"@id":"https:\/\/rikliskarto.com\/de\/nischen-parfum\/xerjoff-de\/xerjoff-als-tony-iommi\/#primaryimage"},"image":{"@id":"https:\/\/rikliskarto.com\/de\/nischen-parfum\/xerjoff-de\/xerjoff-als-tony-iommi\/#primaryimage"},"thumbnailUrl":"https:\/\/rikliskarto.com\/wp-content\/uploads\/2024\/11\/tonyiommi-100.png","datePublished":"2024-07-23T09:31:18+00:00","dateModified":"2025-06-12T09:52:16+00:00","description":"Sind Sie auf der Suche nach einem kr\u00e4ftigen Parf\u00fcm, das Ihren Charakter unterstreicht? Das Parf\u00fcm Tony Iommi von Xerjoff wird Sie und die Menschen um Sie herum in Erstaunen versetzen. Jetzt bestellen.","breadcrumb":{"@id":"https:\/\/rikliskarto.com\/de\/nischen-parfum\/xerjoff-de\/xerjoff-als-tony-iommi\/#breadcrumb"},"inLanguage":"de","potentialAction":[{"@type":"ReadAction","target":["https:\/\/rikliskarto.com\/de\/nischen-parfum\/xerjoff-de\/xerjoff-als-tony-iommi\/"]}]},{"@type":"ImageObject","inLanguage":"de","@id":"https:\/\/rikliskarto.com\/de\/nischen-parfum\/xerjoff-de\/xerjoff-als-tony-iommi\/#primaryimage","url":"https:\/\/rikliskarto.com\/wp-content\/uploads\/2024\/11\/tonyiommi-100.png","contentUrl":"https:\/\/rikliskarto.com\/wp-content\/uploads\/2024\/11\/tonyiommi-100.png","width":1000,"height":1000},{"@type":"BreadcrumbList","@id":"https:\/\/rikliskarto.com\/de\/nischen-parfum\/xerjoff-de\/xerjoff-als-tony-iommi\/#breadcrumb","itemListElement":[{"@type":"ListItem","position":1,"name":"Home","item":"https:\/\/rikliskarto.com\/de\/heim\/"},{"@type":"ListItem","position":2,"name":"Priv\u00e9: Laden","item":"https:\/\/rikliskarto.com\/de\/shop\/"},{"@type":"ListItem","position":3,"name":"Xerjoff als Tony Iommi"}]},{"@type":"WebSite","@id":"https:\/\/rikliskarto.com\/de\/#website","url":"https:\/\/rikliskarto.com\/de\/","name":"Riklis Karto","description":"Ontdek de beste Niche Parfum &amp; Geurkaarsen.","potentialAction":[{"@type":"SearchAction","target":{"@type":"EntryPoint","urlTemplate":"https:\/\/rikliskarto.com\/de\/?s={search_term_string}"},"query-input":{"@type":"PropertyValueSpecification","valueRequired":true,"valueName":"search_term_string"}}],"inLanguage":"de"}]}},"_links":{"self":[{"href":"https:\/\/rikliskarto.com\/de\/wp-json\/wp\/v2\/product\/16840","targetHints":{"allow":["GET"]}}],"collection":[{"href":"https:\/\/rikliskarto.com\/de\/wp-json\/wp\/v2\/product"}],"about":[{"href":"https:\/\/rikliskarto.com\/de\/wp-json\/wp\/v2\/types\/product"}],"replies":[{"embeddable":true,"href":"https:\/\/rikliskarto.com\/de\/wp-json\/wp\/v2\/comments?post=16840"}],"wp:featuredmedia":[{"embeddable":true,"href":"https:\/\/rikliskarto.com\/de\/wp-json\/wp\/v2\/media\/17773"}],"wp:attachment":[{"href":"https:\/\/rikliskarto.com\/de\/wp-json\/wp\/v2\/media?parent=16840"}],"wp:term":[{"taxonomy":"product_brand","embeddable":true,"href":"https:\/\/rikliskarto.com\/de\/wp-json\/wp\/v2\/product_brand?post=16840"},{"taxonomy":"product_cat","embeddable":true,"href":"https:\/\/rikliskarto.com\/de\/wp-json\/wp\/v2\/product_cat?post=16840"},{"taxonomy":"product_tag","embeddable":true,"href":"https:\/\/rikliskarto.com\/de\/wp-json\/wp\/v2\/product_tag?post=16840"}],"curies":[{"name":"wp","href":"https:\/\/api.w.org\/{rel}","templated":true}]}}