{"id":16833,"date":"2024-07-23T11:14:04","date_gmt":"2024-07-23T09:14:04","guid":{"rendered":"https:\/\/rikliskarto.com\/shop\/xerjoff-mehr-als-worte\/"},"modified":"2025-06-12T11:52:25","modified_gmt":"2025-06-12T09:52:25","slug":"xerjoff-mehr-als-worte","status":"publish","type":"product","link":"https:\/\/rikliskarto.com\/de\/nischen-parfum\/xerjoff-de\/xerjoff-mehr-als-worte\/","title":{"rendered":"Xerjoff &#8211; Mehr als Worte"},"content":{"rendered":"<p>More than Words ist ein raffiniertes Parf\u00fcm mit einer fesselnden Mischung aus blumigen und holzigen Noten. Dieser Duft strahlt Luxus und Eleganz aus, perfekt f\u00fcr besondere Anl\u00e4sse.<\/p>\n","protected":false},"excerpt":{"rendered":"<p>More than Words ist ein raffiniertes Parf\u00fcm mit einer fesselnden Mischung aus blumigen und holzigen Noten. Dieser Duft strahlt Luxus und Eleganz aus, perfekt f\u00fcr besondere Anl\u00e4sse.<\/p>\n","protected":false},"featured_media":17753,"comment_status":"open","ping_status":"closed","template":"","meta":{"_acf_changed":false},"product_brand":[],"product_cat":[862,1697],"product_tag":[],"class_list":{"0":"post-16833","1":"product","2":"type-product","3":"status-publish","4":"has-post-thumbnail","6":"product_cat-nischen-parfum","7":"product_cat-xerjoff-de","8":"brand-xerjoff-de","9":"scent-note-basisnoten-de","10":"composition-amber-de","11":"composition-bleomig-de","12":"composition-fris-kruidig-de","13":"composition-fruitig-de","14":"composition-houtachtig-de","15":"composition-oudh-de","16":"composition-warm-kruidig-de","17":"composition-zoet-de","19":"first","20":"instock","21":"purchasable","22":"product-type-variable","23":"has-default-attributes"},"acf":[],"yoast_head":"<!-- This site is optimized with the Yoast SEO plugin v25.9 - https:\/\/yoast.com\/wordpress\/plugins\/seo\/ -->\n<title>Xerjoff - Mehr als Worte - Riklis Karto<\/title>\n<meta name=\"robots\" content=\"index, follow, max-snippet:-1, max-image-preview:large, max-video-preview:-1\" \/>\n<link rel=\"canonical\" href=\"https:\/\/rikliskarto.com\/de\/nischen-parfum\/xerjoff-de\/xerjoff-mehr-als-worte\/\" \/>\n<meta property=\"og:locale\" content=\"de_DE\" \/>\n<meta property=\"og:type\" content=\"article\" \/>\n<meta property=\"og:title\" content=\"Xerjoff - Mehr als Worte - Riklis Karto\" \/>\n<meta property=\"og:description\" content=\"More than Words ist ein raffiniertes Parf\u00fcm mit einer fesselnden Mischung aus blumigen und holzigen Noten. Dieser Duft strahlt Luxus und Eleganz aus, perfekt f\u00fcr besondere Anl\u00e4sse.\" \/>\n<meta property=\"og:url\" content=\"https:\/\/rikliskarto.com\/de\/nischen-parfum\/xerjoff-de\/xerjoff-mehr-als-worte\/\" \/>\n<meta property=\"og:site_name\" content=\"Riklis Karto\" \/>\n<meta property=\"article:modified_time\" content=\"2025-06-12T09:52:25+00:00\" \/>\n<meta property=\"og:image\" content=\"https:\/\/rikliskarto.com\/wp-content\/uploads\/2024\/11\/morethanwords-1.png\" \/>\n\t<meta property=\"og:image:width\" content=\"1000\" \/>\n\t<meta property=\"og:image:height\" content=\"1000\" \/>\n\t<meta property=\"og:image:type\" content=\"image\/webp\" \/>\n<meta name=\"twitter:card\" content=\"summary_large_image\" \/>\n<script type=\"application\/ld+json\" class=\"yoast-schema-graph\">{\"@context\":\"https:\/\/schema.org\",\"@graph\":[{\"@type\":\"WebPage\",\"@id\":\"https:\/\/rikliskarto.com\/de\/nischen-parfum\/xerjoff-de\/xerjoff-mehr-als-worte\/\",\"url\":\"https:\/\/rikliskarto.com\/de\/nischen-parfum\/xerjoff-de\/xerjoff-mehr-als-worte\/\",\"name\":\"Xerjoff - Mehr als Worte - Riklis Karto\",\"isPartOf\":{\"@id\":\"https:\/\/rikliskarto.com\/de\/#website\"},\"primaryImageOfPage\":{\"@id\":\"https:\/\/rikliskarto.com\/de\/nischen-parfum\/xerjoff-de\/xerjoff-mehr-als-worte\/#primaryimage\"},\"image\":{\"@id\":\"https:\/\/rikliskarto.com\/de\/nischen-parfum\/xerjoff-de\/xerjoff-mehr-als-worte\/#primaryimage\"},\"thumbnailUrl\":\"https:\/\/rikliskarto.com\/wp-content\/uploads\/2024\/11\/morethanwords-1.png\",\"datePublished\":\"2024-07-23T09:14:04+00:00\",\"dateModified\":\"2025-06-12T09:52:25+00:00\",\"breadcrumb\":{\"@id\":\"https:\/\/rikliskarto.com\/de\/nischen-parfum\/xerjoff-de\/xerjoff-mehr-als-worte\/#breadcrumb\"},\"inLanguage\":\"de\",\"potentialAction\":[{\"@type\":\"ReadAction\",\"target\":[\"https:\/\/rikliskarto.com\/de\/nischen-parfum\/xerjoff-de\/xerjoff-mehr-als-worte\/\"]}]},{\"@type\":\"ImageObject\",\"inLanguage\":\"de\",\"@id\":\"https:\/\/rikliskarto.com\/de\/nischen-parfum\/xerjoff-de\/xerjoff-mehr-als-worte\/#primaryimage\",\"url\":\"https:\/\/rikliskarto.com\/wp-content\/uploads\/2024\/11\/morethanwords-1.png\",\"contentUrl\":\"https:\/\/rikliskarto.com\/wp-content\/uploads\/2024\/11\/morethanwords-1.png\",\"width\":1000,\"height\":1000},{\"@type\":\"BreadcrumbList\",\"@id\":\"https:\/\/rikliskarto.com\/de\/nischen-parfum\/xerjoff-de\/xerjoff-mehr-als-worte\/#breadcrumb\",\"itemListElement\":[{\"@type\":\"ListItem\",\"position\":1,\"name\":\"Home\",\"item\":\"https:\/\/rikliskarto.com\/de\/heim\/\"},{\"@type\":\"ListItem\",\"position\":2,\"name\":\"Priv\u00e9: Laden\",\"item\":\"https:\/\/rikliskarto.com\/de\/shop\/\"},{\"@type\":\"ListItem\",\"position\":3,\"name\":\"Xerjoff &#8211; Mehr als Worte\"}]},{\"@type\":\"WebSite\",\"@id\":\"https:\/\/rikliskarto.com\/de\/#website\",\"url\":\"https:\/\/rikliskarto.com\/de\/\",\"name\":\"Riklis Karto\",\"description\":\"Ontdek de beste Niche Parfum &amp; Geurkaarsen.\",\"potentialAction\":[{\"@type\":\"SearchAction\",\"target\":{\"@type\":\"EntryPoint\",\"urlTemplate\":\"https:\/\/rikliskarto.com\/de\/?s={search_term_string}\"},\"query-input\":{\"@type\":\"PropertyValueSpecification\",\"valueRequired\":true,\"valueName\":\"search_term_string\"}}],\"inLanguage\":\"de\"}]}<\/script>\n<!-- \/ Yoast SEO plugin. -->","yoast_head_json":{"title":"Xerjoff - Mehr als Worte - Riklis Karto","robots":{"index":"index","follow":"follow","max-snippet":"max-snippet:-1","max-image-preview":"max-image-preview:large","max-video-preview":"max-video-preview:-1"},"canonical":"https:\/\/rikliskarto.com\/de\/nischen-parfum\/xerjoff-de\/xerjoff-mehr-als-worte\/","og_locale":"de_DE","og_type":"article","og_title":"Xerjoff - Mehr als Worte - Riklis Karto","og_description":"More than Words ist ein raffiniertes Parf\u00fcm mit einer fesselnden Mischung aus blumigen und holzigen Noten. Dieser Duft strahlt Luxus und Eleganz aus, perfekt f\u00fcr besondere Anl\u00e4sse.","og_url":"https:\/\/rikliskarto.com\/de\/nischen-parfum\/xerjoff-de\/xerjoff-mehr-als-worte\/","og_site_name":"Riklis Karto","article_modified_time":"2025-06-12T09:52:25+00:00","og_image":[{"width":1000,"height":1000,"url":"https:\/\/rikliskarto.com\/wp-content\/uploads\/2024\/11\/morethanwords-1.png","type":"image\/webp"}],"twitter_card":"summary_large_image","schema":{"@context":"https:\/\/schema.org","@graph":[{"@type":"WebPage","@id":"https:\/\/rikliskarto.com\/de\/nischen-parfum\/xerjoff-de\/xerjoff-mehr-als-worte\/","url":"https:\/\/rikliskarto.com\/de\/nischen-parfum\/xerjoff-de\/xerjoff-mehr-als-worte\/","name":"Xerjoff - Mehr als Worte - Riklis Karto","isPartOf":{"@id":"https:\/\/rikliskarto.com\/de\/#website"},"primaryImageOfPage":{"@id":"https:\/\/rikliskarto.com\/de\/nischen-parfum\/xerjoff-de\/xerjoff-mehr-als-worte\/#primaryimage"},"image":{"@id":"https:\/\/rikliskarto.com\/de\/nischen-parfum\/xerjoff-de\/xerjoff-mehr-als-worte\/#primaryimage"},"thumbnailUrl":"https:\/\/rikliskarto.com\/wp-content\/uploads\/2024\/11\/morethanwords-1.png","datePublished":"2024-07-23T09:14:04+00:00","dateModified":"2025-06-12T09:52:25+00:00","breadcrumb":{"@id":"https:\/\/rikliskarto.com\/de\/nischen-parfum\/xerjoff-de\/xerjoff-mehr-als-worte\/#breadcrumb"},"inLanguage":"de","potentialAction":[{"@type":"ReadAction","target":["https:\/\/rikliskarto.com\/de\/nischen-parfum\/xerjoff-de\/xerjoff-mehr-als-worte\/"]}]},{"@type":"ImageObject","inLanguage":"de","@id":"https:\/\/rikliskarto.com\/de\/nischen-parfum\/xerjoff-de\/xerjoff-mehr-als-worte\/#primaryimage","url":"https:\/\/rikliskarto.com\/wp-content\/uploads\/2024\/11\/morethanwords-1.png","contentUrl":"https:\/\/rikliskarto.com\/wp-content\/uploads\/2024\/11\/morethanwords-1.png","width":1000,"height":1000},{"@type":"BreadcrumbList","@id":"https:\/\/rikliskarto.com\/de\/nischen-parfum\/xerjoff-de\/xerjoff-mehr-als-worte\/#breadcrumb","itemListElement":[{"@type":"ListItem","position":1,"name":"Home","item":"https:\/\/rikliskarto.com\/de\/heim\/"},{"@type":"ListItem","position":2,"name":"Priv\u00e9: Laden","item":"https:\/\/rikliskarto.com\/de\/shop\/"},{"@type":"ListItem","position":3,"name":"Xerjoff &#8211; Mehr als Worte"}]},{"@type":"WebSite","@id":"https:\/\/rikliskarto.com\/de\/#website","url":"https:\/\/rikliskarto.com\/de\/","name":"Riklis Karto","description":"Ontdek de beste Niche Parfum &amp; Geurkaarsen.","potentialAction":[{"@type":"SearchAction","target":{"@type":"EntryPoint","urlTemplate":"https:\/\/rikliskarto.com\/de\/?s={search_term_string}"},"query-input":{"@type":"PropertyValueSpecification","valueRequired":true,"valueName":"search_term_string"}}],"inLanguage":"de"}]}},"_links":{"self":[{"href":"https:\/\/rikliskarto.com\/de\/wp-json\/wp\/v2\/product\/16833","targetHints":{"allow":["GET"]}}],"collection":[{"href":"https:\/\/rikliskarto.com\/de\/wp-json\/wp\/v2\/product"}],"about":[{"href":"https:\/\/rikliskarto.com\/de\/wp-json\/wp\/v2\/types\/product"}],"replies":[{"embeddable":true,"href":"https:\/\/rikliskarto.com\/de\/wp-json\/wp\/v2\/comments?post=16833"}],"wp:featuredmedia":[{"embeddable":true,"href":"https:\/\/rikliskarto.com\/de\/wp-json\/wp\/v2\/media\/17753"}],"wp:attachment":[{"href":"https:\/\/rikliskarto.com\/de\/wp-json\/wp\/v2\/media?parent=16833"}],"wp:term":[{"taxonomy":"product_brand","embeddable":true,"href":"https:\/\/rikliskarto.com\/de\/wp-json\/wp\/v2\/product_brand?post=16833"},{"taxonomy":"product_cat","embeddable":true,"href":"https:\/\/rikliskarto.com\/de\/wp-json\/wp\/v2\/product_cat?post=16833"},{"taxonomy":"product_tag","embeddable":true,"href":"https:\/\/rikliskarto.com\/de\/wp-json\/wp\/v2\/product_tag?post=16833"}],"curies":[{"name":"wp","href":"https:\/\/api.w.org\/{rel}","templated":true}]}}