{"id":16821,"date":"2024-07-23T11:25:20","date_gmt":"2024-07-23T09:25:20","guid":{"rendered":"https:\/\/rikliskarto.com\/shop\/xerjoff-erba-gold\/"},"modified":"2025-07-15T15:40:06","modified_gmt":"2025-07-15T13:40:06","slug":"xerjoff-erba-gold","status":"publish","type":"product","link":"https:\/\/rikliskarto.com\/de\/nischen-parfum\/xerjoff-de\/xerjoff-erba-gold\/","title":{"rendered":"Xerjoff &#8211; Erba Gold"},"content":{"rendered":"<p>Erba Gold bietet ein luxuri\u00f6ses Dufterlebnis mit einer harmonischen Mischung aus Amber, Vanille und orientalischen Gew\u00fcrzen. Dieser Duft ist perfekt f\u00fcr alle, die einen warmen, einladenden Duft suchen.<\/p>\n","protected":false},"excerpt":{"rendered":"<p>Erba Gold bietet ein luxuri\u00f6ses Dufterlebnis mit einer harmonischen Mischung aus Amber, Vanille und orientalischen Gew\u00fcrzen. Dieser Duft ist perfekt f\u00fcr alle, die einen warmen, einladenden Duft suchen.<\/p>\n","protected":false},"featured_media":17765,"comment_status":"open","ping_status":"closed","template":"","meta":{"_acf_changed":false},"product_brand":[],"product_cat":[862,1726,1697],"product_tag":[],"class_list":{"0":"post-16821","1":"product","2":"type-product","3":"status-publish","4":"has-post-thumbnail","6":"product_cat-nischen-parfum","7":"product_cat-bestsellers-de","8":"product_cat-xerjoff-de","9":"brand-xerjoff-de","10":"scent-note-appel-hartnoten-de","11":"scent-note-basisnoten-de","12":"scent-note-bernstein","13":"scent-note-calabrie-bergamot-de","14":"scent-note-gember-de","15":"scent-note-hartnoten-de","16":"scent-note-houtachtige-noten-basisnoten-de","17":"scent-note-kaneel-de","18":"scent-note-kardemom-hartnoten-de","19":"scent-note-kruidnagel-de","20":"scent-note-peer-hartnoten-de","21":"scent-note-siciliaanse-citroen-de","22":"scent-note-sinaasappel-de","23":"scent-note-topnoten-de","24":"scent-note-vanille-de","25":"scent-note-witte-musk-de","26":"composition-citrusvruchten-de","27":"composition-fris-kruidig-de","28":"composition-fruitig-de","29":"composition-warm-kruidig-de","30":"fragrance-family-fruity-de","31":"formule-eau-de-parfum-de","32":"style-luxe-de","33":"style-sexy-de","34":"style-trendy-de","35":"season-lente-de","36":"season-zomer-de","37":"occasion-date-de","38":"occasion-diner-de","39":"occasion-vrije-tijd-de","40":"gender-man-de","41":"gender-unisex-de","42":"gender-vrouw-de","44":"first","45":"instock","46":"purchasable","47":"product-type-variable"},"acf":[],"yoast_head":"<!-- This site is optimized with the Yoast SEO plugin v25.9 - https:\/\/yoast.com\/wordpress\/plugins\/seo\/ -->\n<title>Xerjoff - Erba Gold - Riklis Karto<\/title>\n<meta name=\"robots\" content=\"index, follow, max-snippet:-1, max-image-preview:large, max-video-preview:-1\" \/>\n<link rel=\"canonical\" href=\"https:\/\/rikliskarto.com\/de\/nischen-parfum\/xerjoff-de\/xerjoff-erba-gold\/\" \/>\n<meta property=\"og:locale\" content=\"de_DE\" \/>\n<meta property=\"og:type\" content=\"article\" \/>\n<meta property=\"og:title\" content=\"Xerjoff - Erba Gold - Riklis Karto\" \/>\n<meta property=\"og:description\" content=\"Erba Gold bietet ein luxuri\u00f6ses Dufterlebnis mit einer harmonischen Mischung aus Amber, Vanille und orientalischen Gew\u00fcrzen. Dieser Duft ist perfekt f\u00fcr alle, die einen warmen, einladenden Duft suchen.\" \/>\n<meta property=\"og:url\" content=\"https:\/\/rikliskarto.com\/de\/nischen-parfum\/xerjoff-de\/xerjoff-erba-gold\/\" \/>\n<meta property=\"og:site_name\" content=\"Riklis Karto\" \/>\n<meta property=\"article:modified_time\" content=\"2025-07-15T13:40:06+00:00\" \/>\n<meta property=\"og:image\" content=\"https:\/\/rikliskarto.com\/wp-content\/uploads\/2024\/11\/erbagold-100.png\" \/>\n\t<meta property=\"og:image:width\" content=\"1000\" \/>\n\t<meta property=\"og:image:height\" content=\"1000\" \/>\n\t<meta property=\"og:image:type\" content=\"image\/webp\" \/>\n<meta name=\"twitter:card\" content=\"summary_large_image\" \/>\n<script type=\"application\/ld+json\" class=\"yoast-schema-graph\">{\"@context\":\"https:\/\/schema.org\",\"@graph\":[{\"@type\":\"WebPage\",\"@id\":\"https:\/\/rikliskarto.com\/de\/nischen-parfum\/xerjoff-de\/xerjoff-erba-gold\/\",\"url\":\"https:\/\/rikliskarto.com\/de\/nischen-parfum\/xerjoff-de\/xerjoff-erba-gold\/\",\"name\":\"Xerjoff - Erba Gold - Riklis Karto\",\"isPartOf\":{\"@id\":\"https:\/\/rikliskarto.com\/de\/#website\"},\"primaryImageOfPage\":{\"@id\":\"https:\/\/rikliskarto.com\/de\/nischen-parfum\/xerjoff-de\/xerjoff-erba-gold\/#primaryimage\"},\"image\":{\"@id\":\"https:\/\/rikliskarto.com\/de\/nischen-parfum\/xerjoff-de\/xerjoff-erba-gold\/#primaryimage\"},\"thumbnailUrl\":\"https:\/\/rikliskarto.com\/wp-content\/uploads\/2024\/11\/erbagold-100.png\",\"datePublished\":\"2024-07-23T09:25:20+00:00\",\"dateModified\":\"2025-07-15T13:40:06+00:00\",\"breadcrumb\":{\"@id\":\"https:\/\/rikliskarto.com\/de\/nischen-parfum\/xerjoff-de\/xerjoff-erba-gold\/#breadcrumb\"},\"inLanguage\":\"de\",\"potentialAction\":[{\"@type\":\"ReadAction\",\"target\":[\"https:\/\/rikliskarto.com\/de\/nischen-parfum\/xerjoff-de\/xerjoff-erba-gold\/\"]}]},{\"@type\":\"ImageObject\",\"inLanguage\":\"de\",\"@id\":\"https:\/\/rikliskarto.com\/de\/nischen-parfum\/xerjoff-de\/xerjoff-erba-gold\/#primaryimage\",\"url\":\"https:\/\/rikliskarto.com\/wp-content\/uploads\/2024\/11\/erbagold-100.png\",\"contentUrl\":\"https:\/\/rikliskarto.com\/wp-content\/uploads\/2024\/11\/erbagold-100.png\",\"width\":1000,\"height\":1000},{\"@type\":\"BreadcrumbList\",\"@id\":\"https:\/\/rikliskarto.com\/de\/nischen-parfum\/xerjoff-de\/xerjoff-erba-gold\/#breadcrumb\",\"itemListElement\":[{\"@type\":\"ListItem\",\"position\":1,\"name\":\"Home\",\"item\":\"https:\/\/rikliskarto.com\/de\/heim\/\"},{\"@type\":\"ListItem\",\"position\":2,\"name\":\"Priv\u00e9: Laden\",\"item\":\"https:\/\/rikliskarto.com\/de\/shop\/\"},{\"@type\":\"ListItem\",\"position\":3,\"name\":\"Xerjoff &#8211; Erba Gold\"}]},{\"@type\":\"WebSite\",\"@id\":\"https:\/\/rikliskarto.com\/de\/#website\",\"url\":\"https:\/\/rikliskarto.com\/de\/\",\"name\":\"Riklis Karto\",\"description\":\"Ontdek de beste Niche Parfum &amp; Geurkaarsen.\",\"potentialAction\":[{\"@type\":\"SearchAction\",\"target\":{\"@type\":\"EntryPoint\",\"urlTemplate\":\"https:\/\/rikliskarto.com\/de\/?s={search_term_string}\"},\"query-input\":{\"@type\":\"PropertyValueSpecification\",\"valueRequired\":true,\"valueName\":\"search_term_string\"}}],\"inLanguage\":\"de\"}]}<\/script>\n<!-- \/ Yoast SEO plugin. -->","yoast_head_json":{"title":"Xerjoff - Erba Gold - Riklis Karto","robots":{"index":"index","follow":"follow","max-snippet":"max-snippet:-1","max-image-preview":"max-image-preview:large","max-video-preview":"max-video-preview:-1"},"canonical":"https:\/\/rikliskarto.com\/de\/nischen-parfum\/xerjoff-de\/xerjoff-erba-gold\/","og_locale":"de_DE","og_type":"article","og_title":"Xerjoff - Erba Gold - Riklis Karto","og_description":"Erba Gold bietet ein luxuri\u00f6ses Dufterlebnis mit einer harmonischen Mischung aus Amber, Vanille und orientalischen Gew\u00fcrzen. Dieser Duft ist perfekt f\u00fcr alle, die einen warmen, einladenden Duft suchen.","og_url":"https:\/\/rikliskarto.com\/de\/nischen-parfum\/xerjoff-de\/xerjoff-erba-gold\/","og_site_name":"Riklis Karto","article_modified_time":"2025-07-15T13:40:06+00:00","og_image":[{"width":1000,"height":1000,"url":"https:\/\/rikliskarto.com\/wp-content\/uploads\/2024\/11\/erbagold-100.png","type":"image\/webp"}],"twitter_card":"summary_large_image","schema":{"@context":"https:\/\/schema.org","@graph":[{"@type":"WebPage","@id":"https:\/\/rikliskarto.com\/de\/nischen-parfum\/xerjoff-de\/xerjoff-erba-gold\/","url":"https:\/\/rikliskarto.com\/de\/nischen-parfum\/xerjoff-de\/xerjoff-erba-gold\/","name":"Xerjoff - Erba Gold - Riklis Karto","isPartOf":{"@id":"https:\/\/rikliskarto.com\/de\/#website"},"primaryImageOfPage":{"@id":"https:\/\/rikliskarto.com\/de\/nischen-parfum\/xerjoff-de\/xerjoff-erba-gold\/#primaryimage"},"image":{"@id":"https:\/\/rikliskarto.com\/de\/nischen-parfum\/xerjoff-de\/xerjoff-erba-gold\/#primaryimage"},"thumbnailUrl":"https:\/\/rikliskarto.com\/wp-content\/uploads\/2024\/11\/erbagold-100.png","datePublished":"2024-07-23T09:25:20+00:00","dateModified":"2025-07-15T13:40:06+00:00","breadcrumb":{"@id":"https:\/\/rikliskarto.com\/de\/nischen-parfum\/xerjoff-de\/xerjoff-erba-gold\/#breadcrumb"},"inLanguage":"de","potentialAction":[{"@type":"ReadAction","target":["https:\/\/rikliskarto.com\/de\/nischen-parfum\/xerjoff-de\/xerjoff-erba-gold\/"]}]},{"@type":"ImageObject","inLanguage":"de","@id":"https:\/\/rikliskarto.com\/de\/nischen-parfum\/xerjoff-de\/xerjoff-erba-gold\/#primaryimage","url":"https:\/\/rikliskarto.com\/wp-content\/uploads\/2024\/11\/erbagold-100.png","contentUrl":"https:\/\/rikliskarto.com\/wp-content\/uploads\/2024\/11\/erbagold-100.png","width":1000,"height":1000},{"@type":"BreadcrumbList","@id":"https:\/\/rikliskarto.com\/de\/nischen-parfum\/xerjoff-de\/xerjoff-erba-gold\/#breadcrumb","itemListElement":[{"@type":"ListItem","position":1,"name":"Home","item":"https:\/\/rikliskarto.com\/de\/heim\/"},{"@type":"ListItem","position":2,"name":"Priv\u00e9: Laden","item":"https:\/\/rikliskarto.com\/de\/shop\/"},{"@type":"ListItem","position":3,"name":"Xerjoff &#8211; Erba Gold"}]},{"@type":"WebSite","@id":"https:\/\/rikliskarto.com\/de\/#website","url":"https:\/\/rikliskarto.com\/de\/","name":"Riklis Karto","description":"Ontdek de beste Niche Parfum &amp; Geurkaarsen.","potentialAction":[{"@type":"SearchAction","target":{"@type":"EntryPoint","urlTemplate":"https:\/\/rikliskarto.com\/de\/?s={search_term_string}"},"query-input":{"@type":"PropertyValueSpecification","valueRequired":true,"valueName":"search_term_string"}}],"inLanguage":"de"}]}},"_links":{"self":[{"href":"https:\/\/rikliskarto.com\/de\/wp-json\/wp\/v2\/product\/16821","targetHints":{"allow":["GET"]}}],"collection":[{"href":"https:\/\/rikliskarto.com\/de\/wp-json\/wp\/v2\/product"}],"about":[{"href":"https:\/\/rikliskarto.com\/de\/wp-json\/wp\/v2\/types\/product"}],"replies":[{"embeddable":true,"href":"https:\/\/rikliskarto.com\/de\/wp-json\/wp\/v2\/comments?post=16821"}],"wp:featuredmedia":[{"embeddable":true,"href":"https:\/\/rikliskarto.com\/de\/wp-json\/wp\/v2\/media\/17765"}],"wp:attachment":[{"href":"https:\/\/rikliskarto.com\/de\/wp-json\/wp\/v2\/media?parent=16821"}],"wp:term":[{"taxonomy":"product_brand","embeddable":true,"href":"https:\/\/rikliskarto.com\/de\/wp-json\/wp\/v2\/product_brand?post=16821"},{"taxonomy":"product_cat","embeddable":true,"href":"https:\/\/rikliskarto.com\/de\/wp-json\/wp\/v2\/product_cat?post=16821"},{"taxonomy":"product_tag","embeddable":true,"href":"https:\/\/rikliskarto.com\/de\/wp-json\/wp\/v2\/product_tag?post=16821"}],"curies":[{"name":"wp","href":"https:\/\/api.w.org\/{rel}","templated":true}]}}