{"id":16810,"date":"2024-06-24T09:20:27","date_gmt":"2024-06-24T07:20:27","guid":{"rendered":"https:\/\/rikliskarto.com\/shop\/mancera-rosa-rosen\/"},"modified":"2025-06-12T11:49:36","modified_gmt":"2025-06-12T09:49:36","slug":"mancera-rosa-rosen","status":"publish","type":"product","link":"https:\/\/rikliskarto.com\/de\/nischen-parfum\/mancera-parfum-de\/mancera-rosa-rosen\/","title":{"rendered":"Mancera &#8211; Rosa Rosen"},"content":{"rendered":"<p>Mancera Pink Roses ist ein zarter und romantischer Duft, der die Essenz der Rosen perfekt einf\u00e4ngt. Die Kopfnoten aus Bergamotte und sizilianischer Zitrone er\u00f6ffnen mit einer frischen und prickelnden Note. Das Herz aus bulgarischer Rose und Patchouli bietet einen reichhaltigen und blumigen Kern, w\u00e4hrend die Basis aus Amber, Moschus und Vanille f\u00fcr einen weichen und umh\u00fcllenden Abgang sorgt. Pink Roses ist perfekt f\u00fcr den Alltag oder romantische Anl\u00e4sse.   <\/p>\n<h3><\/h3>\n","protected":false},"excerpt":{"rendered":"<p>Mancera Pink Roses ist ein zarter und romantischer Duft, der die Essenz der Rosen perfekt einf\u00e4ngt. Die Kopfnoten aus Bergamotte und sizilianischer Zitrone er\u00f6ffnen mit einer frischen und prickelnden Note&#8230;.<\/p>\n","protected":false},"featured_media":17739,"comment_status":"open","ping_status":"closed","template":"","meta":{"_acf_changed":false},"product_brand":[],"product_cat":[862,1685],"product_tag":[],"class_list":{"0":"post-16810","1":"product","2":"type-product","3":"status-publish","4":"has-post-thumbnail","6":"product_cat-nischen-parfum","7":"product_cat-mancera-parfum-de","8":"brand-mancera-parfum-de","9":"scent-note-ambra","10":"scent-note-basisnoten-de","11":"scent-note-bergamot-de","12":"scent-note-bulgaarse-roos-de","13":"scent-note-hartnoten-de","14":"scent-note-mandarijn-de","15":"scent-note-patchouli-de","16":"scent-note-peer-hartnoten-de","17":"scent-note-topnoten-de","18":"scent-note-viooltje-de","19":"scent-note-witte-musk-de","20":"composition-amber-de","21":"composition-bleomig-de","22":"composition-citrusvruchten-de","23":"composition-dierlijk-de","24":"composition-fruitig-de","25":"composition-groen-de","26":"composition-musk-de","27":"composition-poederig-de","28":"composition-roos-de","29":"fragrance-family-floral-de","30":"fragrance-family-green-de","31":"formule-eau-de-parfum-de","32":"style-casual-de","33":"style-luxe-de","34":"style-sexy-de","35":"season-lente-de","36":"occasion-date-de","37":"occasion-diner-de","38":"occasion-vrije-tijd-de","39":"occasion-werk-de","40":"gender-man-de","41":"gender-unisex-de","42":"gender-vrouw-de","44":"first","45":"instock","46":"purchasable","47":"product-type-variable","48":"has-default-attributes"},"acf":[],"yoast_head":"<!-- This site is optimized with the Yoast SEO plugin v25.9 - https:\/\/yoast.com\/wordpress\/plugins\/seo\/ -->\n<title>Mancera - Rosa Rosen - Riklis Karto<\/title>\n<meta name=\"robots\" content=\"index, follow, max-snippet:-1, max-image-preview:large, max-video-preview:-1\" \/>\n<link rel=\"canonical\" href=\"https:\/\/rikliskarto.com\/de\/nischen-parfum\/mancera-parfum-de\/mancera-rosa-rosen\/\" \/>\n<meta property=\"og:locale\" content=\"de_DE\" \/>\n<meta property=\"og:type\" content=\"article\" \/>\n<meta property=\"og:title\" content=\"Mancera - Rosa Rosen - Riklis Karto\" \/>\n<meta property=\"og:description\" content=\"Mancera Pink Roses ist ein zarter und romantischer Duft, der die Essenz der Rosen perfekt einf\u00e4ngt. Die Kopfnoten aus Bergamotte und sizilianischer Zitrone er\u00f6ffnen mit einer frischen und prickelnden Note....\" \/>\n<meta property=\"og:url\" content=\"https:\/\/rikliskarto.com\/de\/nischen-parfum\/mancera-parfum-de\/mancera-rosa-rosen\/\" \/>\n<meta property=\"og:site_name\" content=\"Riklis Karto\" \/>\n<meta property=\"article:modified_time\" content=\"2025-06-12T09:49:36+00:00\" \/>\n<meta property=\"og:image\" content=\"https:\/\/rikliskarto.com\/wp-content\/uploads\/2024\/11\/pinkroses60.png\" \/>\n\t<meta property=\"og:image:width\" content=\"1000\" \/>\n\t<meta property=\"og:image:height\" content=\"1000\" \/>\n\t<meta property=\"og:image:type\" content=\"image\/webp\" \/>\n<meta name=\"twitter:card\" content=\"summary_large_image\" \/>\n<script type=\"application\/ld+json\" class=\"yoast-schema-graph\">{\"@context\":\"https:\/\/schema.org\",\"@graph\":[{\"@type\":\"WebPage\",\"@id\":\"https:\/\/rikliskarto.com\/de\/nischen-parfum\/mancera-parfum-de\/mancera-rosa-rosen\/\",\"url\":\"https:\/\/rikliskarto.com\/de\/nischen-parfum\/mancera-parfum-de\/mancera-rosa-rosen\/\",\"name\":\"Mancera - Rosa Rosen - Riklis Karto\",\"isPartOf\":{\"@id\":\"https:\/\/rikliskarto.com\/de\/#website\"},\"primaryImageOfPage\":{\"@id\":\"https:\/\/rikliskarto.com\/de\/nischen-parfum\/mancera-parfum-de\/mancera-rosa-rosen\/#primaryimage\"},\"image\":{\"@id\":\"https:\/\/rikliskarto.com\/de\/nischen-parfum\/mancera-parfum-de\/mancera-rosa-rosen\/#primaryimage\"},\"thumbnailUrl\":\"https:\/\/rikliskarto.com\/wp-content\/uploads\/2024\/11\/pinkroses60.png\",\"datePublished\":\"2024-06-24T07:20:27+00:00\",\"dateModified\":\"2025-06-12T09:49:36+00:00\",\"breadcrumb\":{\"@id\":\"https:\/\/rikliskarto.com\/de\/nischen-parfum\/mancera-parfum-de\/mancera-rosa-rosen\/#breadcrumb\"},\"inLanguage\":\"de\",\"potentialAction\":[{\"@type\":\"ReadAction\",\"target\":[\"https:\/\/rikliskarto.com\/de\/nischen-parfum\/mancera-parfum-de\/mancera-rosa-rosen\/\"]}]},{\"@type\":\"ImageObject\",\"inLanguage\":\"de\",\"@id\":\"https:\/\/rikliskarto.com\/de\/nischen-parfum\/mancera-parfum-de\/mancera-rosa-rosen\/#primaryimage\",\"url\":\"https:\/\/rikliskarto.com\/wp-content\/uploads\/2024\/11\/pinkroses60.png\",\"contentUrl\":\"https:\/\/rikliskarto.com\/wp-content\/uploads\/2024\/11\/pinkroses60.png\",\"width\":1000,\"height\":1000},{\"@type\":\"BreadcrumbList\",\"@id\":\"https:\/\/rikliskarto.com\/de\/nischen-parfum\/mancera-parfum-de\/mancera-rosa-rosen\/#breadcrumb\",\"itemListElement\":[{\"@type\":\"ListItem\",\"position\":1,\"name\":\"Home\",\"item\":\"https:\/\/rikliskarto.com\/de\/heim\/\"},{\"@type\":\"ListItem\",\"position\":2,\"name\":\"Priv\u00e9: Laden\",\"item\":\"https:\/\/rikliskarto.com\/de\/shop\/\"},{\"@type\":\"ListItem\",\"position\":3,\"name\":\"Mancera &#8211; Rosa Rosen\"}]},{\"@type\":\"WebSite\",\"@id\":\"https:\/\/rikliskarto.com\/de\/#website\",\"url\":\"https:\/\/rikliskarto.com\/de\/\",\"name\":\"Riklis Karto\",\"description\":\"Ontdek de beste Niche Parfum &amp; Geurkaarsen.\",\"potentialAction\":[{\"@type\":\"SearchAction\",\"target\":{\"@type\":\"EntryPoint\",\"urlTemplate\":\"https:\/\/rikliskarto.com\/de\/?s={search_term_string}\"},\"query-input\":{\"@type\":\"PropertyValueSpecification\",\"valueRequired\":true,\"valueName\":\"search_term_string\"}}],\"inLanguage\":\"de\"}]}<\/script>\n<!-- \/ Yoast SEO plugin. -->","yoast_head_json":{"title":"Mancera - Rosa Rosen - Riklis Karto","robots":{"index":"index","follow":"follow","max-snippet":"max-snippet:-1","max-image-preview":"max-image-preview:large","max-video-preview":"max-video-preview:-1"},"canonical":"https:\/\/rikliskarto.com\/de\/nischen-parfum\/mancera-parfum-de\/mancera-rosa-rosen\/","og_locale":"de_DE","og_type":"article","og_title":"Mancera - Rosa Rosen - Riklis Karto","og_description":"Mancera Pink Roses ist ein zarter und romantischer Duft, der die Essenz der Rosen perfekt einf\u00e4ngt. Die Kopfnoten aus Bergamotte und sizilianischer Zitrone er\u00f6ffnen mit einer frischen und prickelnden Note....","og_url":"https:\/\/rikliskarto.com\/de\/nischen-parfum\/mancera-parfum-de\/mancera-rosa-rosen\/","og_site_name":"Riklis Karto","article_modified_time":"2025-06-12T09:49:36+00:00","og_image":[{"width":1000,"height":1000,"url":"https:\/\/rikliskarto.com\/wp-content\/uploads\/2024\/11\/pinkroses60.png","type":"image\/webp"}],"twitter_card":"summary_large_image","schema":{"@context":"https:\/\/schema.org","@graph":[{"@type":"WebPage","@id":"https:\/\/rikliskarto.com\/de\/nischen-parfum\/mancera-parfum-de\/mancera-rosa-rosen\/","url":"https:\/\/rikliskarto.com\/de\/nischen-parfum\/mancera-parfum-de\/mancera-rosa-rosen\/","name":"Mancera - Rosa Rosen - Riklis Karto","isPartOf":{"@id":"https:\/\/rikliskarto.com\/de\/#website"},"primaryImageOfPage":{"@id":"https:\/\/rikliskarto.com\/de\/nischen-parfum\/mancera-parfum-de\/mancera-rosa-rosen\/#primaryimage"},"image":{"@id":"https:\/\/rikliskarto.com\/de\/nischen-parfum\/mancera-parfum-de\/mancera-rosa-rosen\/#primaryimage"},"thumbnailUrl":"https:\/\/rikliskarto.com\/wp-content\/uploads\/2024\/11\/pinkroses60.png","datePublished":"2024-06-24T07:20:27+00:00","dateModified":"2025-06-12T09:49:36+00:00","breadcrumb":{"@id":"https:\/\/rikliskarto.com\/de\/nischen-parfum\/mancera-parfum-de\/mancera-rosa-rosen\/#breadcrumb"},"inLanguage":"de","potentialAction":[{"@type":"ReadAction","target":["https:\/\/rikliskarto.com\/de\/nischen-parfum\/mancera-parfum-de\/mancera-rosa-rosen\/"]}]},{"@type":"ImageObject","inLanguage":"de","@id":"https:\/\/rikliskarto.com\/de\/nischen-parfum\/mancera-parfum-de\/mancera-rosa-rosen\/#primaryimage","url":"https:\/\/rikliskarto.com\/wp-content\/uploads\/2024\/11\/pinkroses60.png","contentUrl":"https:\/\/rikliskarto.com\/wp-content\/uploads\/2024\/11\/pinkroses60.png","width":1000,"height":1000},{"@type":"BreadcrumbList","@id":"https:\/\/rikliskarto.com\/de\/nischen-parfum\/mancera-parfum-de\/mancera-rosa-rosen\/#breadcrumb","itemListElement":[{"@type":"ListItem","position":1,"name":"Home","item":"https:\/\/rikliskarto.com\/de\/heim\/"},{"@type":"ListItem","position":2,"name":"Priv\u00e9: Laden","item":"https:\/\/rikliskarto.com\/de\/shop\/"},{"@type":"ListItem","position":3,"name":"Mancera &#8211; Rosa Rosen"}]},{"@type":"WebSite","@id":"https:\/\/rikliskarto.com\/de\/#website","url":"https:\/\/rikliskarto.com\/de\/","name":"Riklis Karto","description":"Ontdek de beste Niche Parfum &amp; Geurkaarsen.","potentialAction":[{"@type":"SearchAction","target":{"@type":"EntryPoint","urlTemplate":"https:\/\/rikliskarto.com\/de\/?s={search_term_string}"},"query-input":{"@type":"PropertyValueSpecification","valueRequired":true,"valueName":"search_term_string"}}],"inLanguage":"de"}]}},"_links":{"self":[{"href":"https:\/\/rikliskarto.com\/de\/wp-json\/wp\/v2\/product\/16810","targetHints":{"allow":["GET"]}}],"collection":[{"href":"https:\/\/rikliskarto.com\/de\/wp-json\/wp\/v2\/product"}],"about":[{"href":"https:\/\/rikliskarto.com\/de\/wp-json\/wp\/v2\/types\/product"}],"replies":[{"embeddable":true,"href":"https:\/\/rikliskarto.com\/de\/wp-json\/wp\/v2\/comments?post=16810"}],"wp:featuredmedia":[{"embeddable":true,"href":"https:\/\/rikliskarto.com\/de\/wp-json\/wp\/v2\/media\/17739"}],"wp:attachment":[{"href":"https:\/\/rikliskarto.com\/de\/wp-json\/wp\/v2\/media?parent=16810"}],"wp:term":[{"taxonomy":"product_brand","embeddable":true,"href":"https:\/\/rikliskarto.com\/de\/wp-json\/wp\/v2\/product_brand?post=16810"},{"taxonomy":"product_cat","embeddable":true,"href":"https:\/\/rikliskarto.com\/de\/wp-json\/wp\/v2\/product_cat?post=16810"},{"taxonomy":"product_tag","embeddable":true,"href":"https:\/\/rikliskarto.com\/de\/wp-json\/wp\/v2\/product_tag?post=16810"}],"curies":[{"name":"wp","href":"https:\/\/api.w.org\/{rel}","templated":true}]}}