{"id":16798,"date":"2024-06-24T09:17:28","date_gmt":"2024-06-24T07:17:28","guid":{"rendered":"https:\/\/rikliskarto.com\/shop\/mancera-melodie-der-sonne\/"},"modified":"2025-06-12T11:49:40","modified_gmt":"2025-06-12T09:49:40","slug":"mancera-melodie-der-sonne","status":"publish","type":"product","link":"https:\/\/rikliskarto.com\/de\/nischen-parfum\/mancera-parfum-de\/mancera-melodie-der-sonne\/","title":{"rendered":"Mancera &#8211; Melodie der Sonne"},"content":{"rendered":"<p>Mancera Melody of the Sun ist ein lebendiger und sonniger Duft, der Fr\u00f6hlichkeit und Energie ausstrahlt. Die Kopfnoten von Zitrone, Bergamotte und Mandarine sorgen f\u00fcr einen hellen und erfrischenden Auftakt. Das Herz aus Orangenbl\u00fcten, Jasmin und Feige verleiht ihm eine blumige und fruchtige Dimension, w\u00e4hrend die Basis aus Amber, Moschus und Vanille f\u00fcr einen warmen und einladenden Abgang sorgt. Melody of the Sun ist perfekt f\u00fcr einen Sommertag oder einen fr\u00f6hlichen Anlass.   <\/p>\n<h3><\/h3>\n","protected":false},"excerpt":{"rendered":"<p>Mancera Melody of the Sun ist ein lebendiger und sonniger Duft, der Fr\u00f6hlichkeit und Energie ausstrahlt. Die Kopfnoten von Zitrone, Bergamotte und Mandarine sorgen f\u00fcr einen hellen und erfrischenden Auftakt&#8230;.<\/p>\n","protected":false},"featured_media":17727,"comment_status":"open","ping_status":"closed","template":"","meta":{"_acf_changed":false},"product_brand":[],"product_cat":[862,1685],"product_tag":[],"class_list":{"0":"post-16798","1":"product","2":"type-product","3":"status-publish","4":"has-post-thumbnail","6":"product_cat-nischen-parfum","7":"product_cat-mancera-parfum-de","8":"brand-mancera-parfum-de","9":"scent-note-basisnoten-de","10":"scent-note-bernstein","11":"scent-note-citroen-de","12":"scent-note-grapefruit-de","13":"scent-note-hartnoten-de","14":"scent-note-jasmijn-de","15":"scent-note-kardemom-de","16":"scent-note-muskus-de","17":"scent-note-peer-de","18":"scent-note-topnoten-de","19":"scent-note-zwarte-bes-de","20":"composition-aromatisch-de","21":"composition-bleomig-de","22":"composition-citrusvruchten-de","23":"composition-fris-kruidig-de","24":"composition-fruitig-de","25":"composition-groen-de","26":"composition-houtachtig-de","27":"composition-witte-bloemen-de","28":"fragrance-family-aromatic-de","29":"fragrance-family-citrus-de","30":"formule-eau-de-parfum-de","31":"style-casual-de","32":"style-luxe-de","33":"style-sexy-de","34":"style-trendy-de","35":"season-lente-de","36":"season-zomer-de","37":"occasion-date-de","38":"occasion-diner-de","39":"occasion-vrije-tijd-de","40":"gender-man-de","41":"gender-unisex-de","42":"gender-vrouw-de","44":"first","45":"instock","46":"purchasable","47":"product-type-variable","48":"has-default-attributes"},"acf":[],"yoast_head":"<!-- This site is optimized with the Yoast SEO plugin v25.9 - https:\/\/yoast.com\/wordpress\/plugins\/seo\/ -->\n<title>Mancera - Melodie der Sonne - Riklis Karto<\/title>\n<meta name=\"robots\" content=\"index, follow, max-snippet:-1, max-image-preview:large, max-video-preview:-1\" \/>\n<link rel=\"canonical\" href=\"https:\/\/rikliskarto.com\/de\/nischen-parfum\/mancera-parfum-de\/mancera-melodie-der-sonne\/\" \/>\n<meta property=\"og:locale\" content=\"de_DE\" \/>\n<meta property=\"og:type\" content=\"article\" \/>\n<meta property=\"og:title\" content=\"Mancera - Melodie der Sonne - Riklis Karto\" \/>\n<meta property=\"og:description\" content=\"Mancera Melody of the Sun ist ein lebendiger und sonniger Duft, der Fr\u00f6hlichkeit und Energie ausstrahlt. Die Kopfnoten von Zitrone, Bergamotte und Mandarine sorgen f\u00fcr einen hellen und erfrischenden Auftakt....\" \/>\n<meta property=\"og:url\" content=\"https:\/\/rikliskarto.com\/de\/nischen-parfum\/mancera-parfum-de\/mancera-melodie-der-sonne\/\" \/>\n<meta property=\"og:site_name\" content=\"Riklis Karto\" \/>\n<meta property=\"article:modified_time\" content=\"2025-06-12T09:49:40+00:00\" \/>\n<meta property=\"og:image\" content=\"https:\/\/rikliskarto.com\/wp-content\/uploads\/2024\/11\/melodyofthesun_60ml.png\" \/>\n\t<meta property=\"og:image:width\" content=\"1000\" \/>\n\t<meta property=\"og:image:height\" content=\"1000\" \/>\n\t<meta property=\"og:image:type\" content=\"image\/webp\" \/>\n<meta name=\"twitter:card\" content=\"summary_large_image\" \/>\n<script type=\"application\/ld+json\" class=\"yoast-schema-graph\">{\"@context\":\"https:\/\/schema.org\",\"@graph\":[{\"@type\":\"WebPage\",\"@id\":\"https:\/\/rikliskarto.com\/de\/nischen-parfum\/mancera-parfum-de\/mancera-melodie-der-sonne\/\",\"url\":\"https:\/\/rikliskarto.com\/de\/nischen-parfum\/mancera-parfum-de\/mancera-melodie-der-sonne\/\",\"name\":\"Mancera - Melodie der Sonne - Riklis Karto\",\"isPartOf\":{\"@id\":\"https:\/\/rikliskarto.com\/de\/#website\"},\"primaryImageOfPage\":{\"@id\":\"https:\/\/rikliskarto.com\/de\/nischen-parfum\/mancera-parfum-de\/mancera-melodie-der-sonne\/#primaryimage\"},\"image\":{\"@id\":\"https:\/\/rikliskarto.com\/de\/nischen-parfum\/mancera-parfum-de\/mancera-melodie-der-sonne\/#primaryimage\"},\"thumbnailUrl\":\"https:\/\/rikliskarto.com\/wp-content\/uploads\/2024\/11\/melodyofthesun_60ml.png\",\"datePublished\":\"2024-06-24T07:17:28+00:00\",\"dateModified\":\"2025-06-12T09:49:40+00:00\",\"breadcrumb\":{\"@id\":\"https:\/\/rikliskarto.com\/de\/nischen-parfum\/mancera-parfum-de\/mancera-melodie-der-sonne\/#breadcrumb\"},\"inLanguage\":\"de\",\"potentialAction\":[{\"@type\":\"ReadAction\",\"target\":[\"https:\/\/rikliskarto.com\/de\/nischen-parfum\/mancera-parfum-de\/mancera-melodie-der-sonne\/\"]}]},{\"@type\":\"ImageObject\",\"inLanguage\":\"de\",\"@id\":\"https:\/\/rikliskarto.com\/de\/nischen-parfum\/mancera-parfum-de\/mancera-melodie-der-sonne\/#primaryimage\",\"url\":\"https:\/\/rikliskarto.com\/wp-content\/uploads\/2024\/11\/melodyofthesun_60ml.png\",\"contentUrl\":\"https:\/\/rikliskarto.com\/wp-content\/uploads\/2024\/11\/melodyofthesun_60ml.png\",\"width\":1000,\"height\":1000},{\"@type\":\"BreadcrumbList\",\"@id\":\"https:\/\/rikliskarto.com\/de\/nischen-parfum\/mancera-parfum-de\/mancera-melodie-der-sonne\/#breadcrumb\",\"itemListElement\":[{\"@type\":\"ListItem\",\"position\":1,\"name\":\"Home\",\"item\":\"https:\/\/rikliskarto.com\/de\/heim\/\"},{\"@type\":\"ListItem\",\"position\":2,\"name\":\"Priv\u00e9: Laden\",\"item\":\"https:\/\/rikliskarto.com\/de\/shop\/\"},{\"@type\":\"ListItem\",\"position\":3,\"name\":\"Mancera &#8211; Melodie der Sonne\"}]},{\"@type\":\"WebSite\",\"@id\":\"https:\/\/rikliskarto.com\/de\/#website\",\"url\":\"https:\/\/rikliskarto.com\/de\/\",\"name\":\"Riklis Karto\",\"description\":\"Ontdek de beste Niche Parfum &amp; Geurkaarsen.\",\"potentialAction\":[{\"@type\":\"SearchAction\",\"target\":{\"@type\":\"EntryPoint\",\"urlTemplate\":\"https:\/\/rikliskarto.com\/de\/?s={search_term_string}\"},\"query-input\":{\"@type\":\"PropertyValueSpecification\",\"valueRequired\":true,\"valueName\":\"search_term_string\"}}],\"inLanguage\":\"de\"}]}<\/script>\n<!-- \/ Yoast SEO plugin. -->","yoast_head_json":{"title":"Mancera - Melodie der Sonne - Riklis Karto","robots":{"index":"index","follow":"follow","max-snippet":"max-snippet:-1","max-image-preview":"max-image-preview:large","max-video-preview":"max-video-preview:-1"},"canonical":"https:\/\/rikliskarto.com\/de\/nischen-parfum\/mancera-parfum-de\/mancera-melodie-der-sonne\/","og_locale":"de_DE","og_type":"article","og_title":"Mancera - Melodie der Sonne - Riklis Karto","og_description":"Mancera Melody of the Sun ist ein lebendiger und sonniger Duft, der Fr\u00f6hlichkeit und Energie ausstrahlt. Die Kopfnoten von Zitrone, Bergamotte und Mandarine sorgen f\u00fcr einen hellen und erfrischenden Auftakt....","og_url":"https:\/\/rikliskarto.com\/de\/nischen-parfum\/mancera-parfum-de\/mancera-melodie-der-sonne\/","og_site_name":"Riklis Karto","article_modified_time":"2025-06-12T09:49:40+00:00","og_image":[{"width":1000,"height":1000,"url":"https:\/\/rikliskarto.com\/wp-content\/uploads\/2024\/11\/melodyofthesun_60ml.png","type":"image\/webp"}],"twitter_card":"summary_large_image","schema":{"@context":"https:\/\/schema.org","@graph":[{"@type":"WebPage","@id":"https:\/\/rikliskarto.com\/de\/nischen-parfum\/mancera-parfum-de\/mancera-melodie-der-sonne\/","url":"https:\/\/rikliskarto.com\/de\/nischen-parfum\/mancera-parfum-de\/mancera-melodie-der-sonne\/","name":"Mancera - Melodie der Sonne - Riklis Karto","isPartOf":{"@id":"https:\/\/rikliskarto.com\/de\/#website"},"primaryImageOfPage":{"@id":"https:\/\/rikliskarto.com\/de\/nischen-parfum\/mancera-parfum-de\/mancera-melodie-der-sonne\/#primaryimage"},"image":{"@id":"https:\/\/rikliskarto.com\/de\/nischen-parfum\/mancera-parfum-de\/mancera-melodie-der-sonne\/#primaryimage"},"thumbnailUrl":"https:\/\/rikliskarto.com\/wp-content\/uploads\/2024\/11\/melodyofthesun_60ml.png","datePublished":"2024-06-24T07:17:28+00:00","dateModified":"2025-06-12T09:49:40+00:00","breadcrumb":{"@id":"https:\/\/rikliskarto.com\/de\/nischen-parfum\/mancera-parfum-de\/mancera-melodie-der-sonne\/#breadcrumb"},"inLanguage":"de","potentialAction":[{"@type":"ReadAction","target":["https:\/\/rikliskarto.com\/de\/nischen-parfum\/mancera-parfum-de\/mancera-melodie-der-sonne\/"]}]},{"@type":"ImageObject","inLanguage":"de","@id":"https:\/\/rikliskarto.com\/de\/nischen-parfum\/mancera-parfum-de\/mancera-melodie-der-sonne\/#primaryimage","url":"https:\/\/rikliskarto.com\/wp-content\/uploads\/2024\/11\/melodyofthesun_60ml.png","contentUrl":"https:\/\/rikliskarto.com\/wp-content\/uploads\/2024\/11\/melodyofthesun_60ml.png","width":1000,"height":1000},{"@type":"BreadcrumbList","@id":"https:\/\/rikliskarto.com\/de\/nischen-parfum\/mancera-parfum-de\/mancera-melodie-der-sonne\/#breadcrumb","itemListElement":[{"@type":"ListItem","position":1,"name":"Home","item":"https:\/\/rikliskarto.com\/de\/heim\/"},{"@type":"ListItem","position":2,"name":"Priv\u00e9: Laden","item":"https:\/\/rikliskarto.com\/de\/shop\/"},{"@type":"ListItem","position":3,"name":"Mancera &#8211; Melodie der Sonne"}]},{"@type":"WebSite","@id":"https:\/\/rikliskarto.com\/de\/#website","url":"https:\/\/rikliskarto.com\/de\/","name":"Riklis Karto","description":"Ontdek de beste Niche Parfum &amp; Geurkaarsen.","potentialAction":[{"@type":"SearchAction","target":{"@type":"EntryPoint","urlTemplate":"https:\/\/rikliskarto.com\/de\/?s={search_term_string}"},"query-input":{"@type":"PropertyValueSpecification","valueRequired":true,"valueName":"search_term_string"}}],"inLanguage":"de"}]}},"_links":{"self":[{"href":"https:\/\/rikliskarto.com\/de\/wp-json\/wp\/v2\/product\/16798","targetHints":{"allow":["GET"]}}],"collection":[{"href":"https:\/\/rikliskarto.com\/de\/wp-json\/wp\/v2\/product"}],"about":[{"href":"https:\/\/rikliskarto.com\/de\/wp-json\/wp\/v2\/types\/product"}],"replies":[{"embeddable":true,"href":"https:\/\/rikliskarto.com\/de\/wp-json\/wp\/v2\/comments?post=16798"}],"wp:featuredmedia":[{"embeddable":true,"href":"https:\/\/rikliskarto.com\/de\/wp-json\/wp\/v2\/media\/17727"}],"wp:attachment":[{"href":"https:\/\/rikliskarto.com\/de\/wp-json\/wp\/v2\/media?parent=16798"}],"wp:term":[{"taxonomy":"product_brand","embeddable":true,"href":"https:\/\/rikliskarto.com\/de\/wp-json\/wp\/v2\/product_brand?post=16798"},{"taxonomy":"product_cat","embeddable":true,"href":"https:\/\/rikliskarto.com\/de\/wp-json\/wp\/v2\/product_cat?post=16798"},{"taxonomy":"product_tag","embeddable":true,"href":"https:\/\/rikliskarto.com\/de\/wp-json\/wp\/v2\/product_tag?post=16798"}],"curies":[{"name":"wp","href":"https:\/\/api.w.org\/{rel}","templated":true}]}}