{"id":16792,"date":"2024-06-24T09:16:02","date_gmt":"2024-06-24T07:16:02","guid":{"rendered":"https:\/\/rikliskarto.com\/shop\/mancera-tonka-cola\/"},"modified":"2025-06-12T11:49:42","modified_gmt":"2025-06-12T09:49:42","slug":"mancera-tonka-cola","status":"publish","type":"product","link":"https:\/\/rikliskarto.com\/de\/nischen-parfum\/mancera-parfum-de\/mancera-tonka-cola\/","title":{"rendered":"Mancera &#8211; Tonka Cola"},"content":{"rendered":"<h2>Tonka Cola aus Mancera<\/h2>\n<p>Der Tonka Cola von Mancera ist ein Unisex-Duft, der in den k\u00fchleren Monaten besonders gut zur Geltung kommt. Die warmen und w\u00fcrzigen Namen machen ihn zum idealen Duft f\u00fcr den Herbst oder Winter. Aber auch f\u00fcr abendliche Anl\u00e4sse ist dies ein sehr passendes Parfum, das Luxus und Selbstbewusstsein ausstrahlt. F\u00fcr die w\u00e4rmeren Sommermonate w\u00fcrden wir ein etwas frischeres Parfum empfehlen.   <\/p>\n<p>Dieser Tonka-Duft er\u00f6ffnet mit Noten von S\u00fc\u00dfkirschen, gefolgt vom Geruch einer frisch ge\u00f6ffneten Flasche Cola. Man k\u00f6nnte es fast mit einer Cherry Cola vergleichen. Die besondere Mischung aus Kopfnoten wird subtil mit der Basis- und Herznote vermischt, die aus warmen Patchouli-D\u00fcften und k\u00f6stlichen Vanille- und Tonkabohne-Aromen besteht. Kurz gesagt, alle Zutaten f\u00fcr ein einzigartiges und k\u00f6stliches Parf\u00fcm.   <\/p>\n<p>Wie wir es von Mancera gewohnt sind, ist auch dieses Tonka Cola Parfum in einem schicken Flakon verpackt, der das luxuri\u00f6se Erlebnis abrundet. Das Mancera Tonka Cola Parf\u00fcm ist in 120 ml und 60 ml erh\u00e4ltlich. <\/p>\n<h2>Mancera Tonka Cola kaufen<\/h2>\n<p>Auf der Suche nach einem s\u00fc\u00dfen und w\u00fcrzigen Parf\u00fcm f\u00fcr die k\u00e4lteren Tage? Dann ist die Tonka Cola genau das Richtige f\u00fcr Sie. Die einzigartige Komposition der Inhaltsstoffe schafft ein fesselndes Parf\u00fcm, das Sie in Erstaunen versetzen wird. Zumindest tun wir das. Bestellen Sie die Tonka Cola von Mancera noch heute online!<\/p>\n","protected":false},"excerpt":{"rendered":"<p>Die Mancera Tonka Cola bietet durch die k\u00f6stliche Kombination aus Kolanuss und Tonkabohne ein ganz besonderes Dufterlebnis. Zusammen ergeben sie eine Mischung aus Gew\u00fcrzen und S\u00fc\u00dfe, die durch die warmen und cremigen Aromen von Vanille und Patchouli perfekt erg\u00e4nzt wird. Erleben Sie diesen einzigartigen und kraftvollen Duft selbst.  <\/p>\n<p><strong>Vor 14 Uhr bestellt, noch am selben Tag versendet. Bezahlen Sie anschlie\u00dfend mit klarna. <\/strong><\/p>\n","protected":false},"featured_media":17721,"comment_status":"open","ping_status":"closed","template":"","meta":{"_acf_changed":false},"product_brand":[],"product_cat":[862,1685],"product_tag":[],"class_list":{"0":"post-16792","1":"product","2":"type-product","3":"status-publish","4":"has-post-thumbnail","6":"product_cat-nischen-parfum","7":"product_cat-mancera-parfum-de","8":"brand-mancera-parfum-de","9":"scent-note-basisnoten-de","10":"scent-note-benzoine-de","11":"scent-note-citroen-de","12":"scent-note-hartnoten-de","13":"scent-note-labdanum-basisnoten-de","14":"scent-note-nootmuskaat-de","15":"scent-note-oranjebloesem-hartnoten-de","16":"scent-note-patchouli-de","17":"scent-note-tonkaboon-de","18":"scent-note-topnoten-de","19":"scent-note-vanille-de","20":"composition-amber-de","21":"composition-aromatisch-de","22":"composition-citrusvruchten-de","23":"composition-fris-kruidig-de","24":"composition-kaneel-de","25":"composition-vanille-de","26":"composition-warm-kruidig-de","27":"composition-zoet-de","28":"fragrance-family-gourmand-de","29":"formule-eau-de-parfum-de","30":"style-luxe-de","31":"style-sexy-de","32":"style-trendy-de","33":"season-winter-de","34":"season-zomer-de","35":"occasion-date-de","36":"occasion-diner-de","37":"occasion-vrije-tijd-de","38":"gender-man-de","39":"gender-unisex-de","40":"gender-vrouw-de","42":"first","43":"instock","44":"purchasable","45":"product-type-variable","46":"has-default-attributes"},"acf":[],"yoast_head":"<!-- This site is optimized with the Yoast SEO plugin v25.9 - https:\/\/yoast.com\/wordpress\/plugins\/seo\/ -->\n<title>Kaufen Sie Mancera Tonka Cola Parf\u00fcm von 120 ml oder 60 ml<\/title>\n<meta name=\"description\" content=\"Die Tonka Cola von Mancera ist ein herrlich w\u00fcrziges und s\u00fc\u00dfes Parfum f\u00fcr die k\u00e4lteren Tage. Bestellen Sie diese einzigartige Komposition online oder kommen Sie vorbei!\" \/>\n<meta name=\"robots\" content=\"index, follow, max-snippet:-1, max-image-preview:large, max-video-preview:-1\" \/>\n<link rel=\"canonical\" href=\"https:\/\/rikliskarto.com\/de\/nischen-parfum\/mancera-parfum-de\/mancera-tonka-cola\/\" \/>\n<meta property=\"og:locale\" content=\"de_DE\" \/>\n<meta property=\"og:type\" content=\"article\" \/>\n<meta property=\"og:title\" content=\"Kaufen Sie Mancera Tonka Cola Parf\u00fcm von 120 ml oder 60 ml\" \/>\n<meta property=\"og:description\" content=\"Die Tonka Cola von Mancera ist ein herrlich w\u00fcrziges und s\u00fc\u00dfes Parfum f\u00fcr die k\u00e4lteren Tage. Bestellen Sie diese einzigartige Komposition online oder kommen Sie vorbei!\" \/>\n<meta property=\"og:url\" content=\"https:\/\/rikliskarto.com\/de\/nischen-parfum\/mancera-parfum-de\/mancera-tonka-cola\/\" \/>\n<meta property=\"og:site_name\" content=\"Riklis Karto\" \/>\n<meta property=\"article:modified_time\" content=\"2025-06-12T09:49:42+00:00\" \/>\n<meta property=\"og:image\" content=\"https:\/\/rikliskarto.com\/wp-content\/uploads\/2024\/11\/tonkacola_60ml.png\" \/>\n\t<meta property=\"og:image:width\" content=\"1000\" \/>\n\t<meta property=\"og:image:height\" content=\"1000\" \/>\n\t<meta property=\"og:image:type\" content=\"image\/webp\" \/>\n<meta name=\"twitter:card\" content=\"summary_large_image\" \/>\n<meta name=\"twitter:label1\" content=\"Gesch\u00e4tzte Lesezeit\" \/>\n\t<meta name=\"twitter:data1\" content=\"1\u00a0Minute\" \/>\n<script type=\"application\/ld+json\" class=\"yoast-schema-graph\">{\"@context\":\"https:\/\/schema.org\",\"@graph\":[{\"@type\":\"WebPage\",\"@id\":\"https:\/\/rikliskarto.com\/de\/nischen-parfum\/mancera-parfum-de\/mancera-tonka-cola\/\",\"url\":\"https:\/\/rikliskarto.com\/de\/nischen-parfum\/mancera-parfum-de\/mancera-tonka-cola\/\",\"name\":\"Kaufen Sie Mancera Tonka Cola Parf\u00fcm von 120 ml oder 60 ml\",\"isPartOf\":{\"@id\":\"https:\/\/rikliskarto.com\/de\/#website\"},\"primaryImageOfPage\":{\"@id\":\"https:\/\/rikliskarto.com\/de\/nischen-parfum\/mancera-parfum-de\/mancera-tonka-cola\/#primaryimage\"},\"image\":{\"@id\":\"https:\/\/rikliskarto.com\/de\/nischen-parfum\/mancera-parfum-de\/mancera-tonka-cola\/#primaryimage\"},\"thumbnailUrl\":\"https:\/\/rikliskarto.com\/wp-content\/uploads\/2024\/11\/tonkacola_60ml.png\",\"datePublished\":\"2024-06-24T07:16:02+00:00\",\"dateModified\":\"2025-06-12T09:49:42+00:00\",\"description\":\"Die Tonka Cola von Mancera ist ein herrlich w\u00fcrziges und s\u00fc\u00dfes Parfum f\u00fcr die k\u00e4lteren Tage. Bestellen Sie diese einzigartige Komposition online oder kommen Sie vorbei!\",\"breadcrumb\":{\"@id\":\"https:\/\/rikliskarto.com\/de\/nischen-parfum\/mancera-parfum-de\/mancera-tonka-cola\/#breadcrumb\"},\"inLanguage\":\"de\",\"potentialAction\":[{\"@type\":\"ReadAction\",\"target\":[\"https:\/\/rikliskarto.com\/de\/nischen-parfum\/mancera-parfum-de\/mancera-tonka-cola\/\"]}]},{\"@type\":\"ImageObject\",\"inLanguage\":\"de\",\"@id\":\"https:\/\/rikliskarto.com\/de\/nischen-parfum\/mancera-parfum-de\/mancera-tonka-cola\/#primaryimage\",\"url\":\"https:\/\/rikliskarto.com\/wp-content\/uploads\/2024\/11\/tonkacola_60ml.png\",\"contentUrl\":\"https:\/\/rikliskarto.com\/wp-content\/uploads\/2024\/11\/tonkacola_60ml.png\",\"width\":1000,\"height\":1000},{\"@type\":\"BreadcrumbList\",\"@id\":\"https:\/\/rikliskarto.com\/de\/nischen-parfum\/mancera-parfum-de\/mancera-tonka-cola\/#breadcrumb\",\"itemListElement\":[{\"@type\":\"ListItem\",\"position\":1,\"name\":\"Home\",\"item\":\"https:\/\/rikliskarto.com\/de\/heim\/\"},{\"@type\":\"ListItem\",\"position\":2,\"name\":\"Priv\u00e9: Laden\",\"item\":\"https:\/\/rikliskarto.com\/de\/shop\/\"},{\"@type\":\"ListItem\",\"position\":3,\"name\":\"Mancera &#8211; Tonka Cola\"}]},{\"@type\":\"WebSite\",\"@id\":\"https:\/\/rikliskarto.com\/de\/#website\",\"url\":\"https:\/\/rikliskarto.com\/de\/\",\"name\":\"Riklis Karto\",\"description\":\"Ontdek de beste Niche Parfum &amp; Geurkaarsen.\",\"potentialAction\":[{\"@type\":\"SearchAction\",\"target\":{\"@type\":\"EntryPoint\",\"urlTemplate\":\"https:\/\/rikliskarto.com\/de\/?s={search_term_string}\"},\"query-input\":{\"@type\":\"PropertyValueSpecification\",\"valueRequired\":true,\"valueName\":\"search_term_string\"}}],\"inLanguage\":\"de\"}]}<\/script>\n<!-- \/ Yoast SEO plugin. -->","yoast_head_json":{"title":"Kaufen Sie Mancera Tonka Cola Parf\u00fcm von 120 ml oder 60 ml","description":"Die Tonka Cola von Mancera ist ein herrlich w\u00fcrziges und s\u00fc\u00dfes Parfum f\u00fcr die k\u00e4lteren Tage. Bestellen Sie diese einzigartige Komposition online oder kommen Sie vorbei!","robots":{"index":"index","follow":"follow","max-snippet":"max-snippet:-1","max-image-preview":"max-image-preview:large","max-video-preview":"max-video-preview:-1"},"canonical":"https:\/\/rikliskarto.com\/de\/nischen-parfum\/mancera-parfum-de\/mancera-tonka-cola\/","og_locale":"de_DE","og_type":"article","og_title":"Kaufen Sie Mancera Tonka Cola Parf\u00fcm von 120 ml oder 60 ml","og_description":"Die Tonka Cola von Mancera ist ein herrlich w\u00fcrziges und s\u00fc\u00dfes Parfum f\u00fcr die k\u00e4lteren Tage. Bestellen Sie diese einzigartige Komposition online oder kommen Sie vorbei!","og_url":"https:\/\/rikliskarto.com\/de\/nischen-parfum\/mancera-parfum-de\/mancera-tonka-cola\/","og_site_name":"Riklis Karto","article_modified_time":"2025-06-12T09:49:42+00:00","og_image":[{"width":1000,"height":1000,"url":"https:\/\/rikliskarto.com\/wp-content\/uploads\/2024\/11\/tonkacola_60ml.png","type":"image\/webp"}],"twitter_card":"summary_large_image","twitter_misc":{"Gesch\u00e4tzte Lesezeit":"1\u00a0Minute"},"schema":{"@context":"https:\/\/schema.org","@graph":[{"@type":"WebPage","@id":"https:\/\/rikliskarto.com\/de\/nischen-parfum\/mancera-parfum-de\/mancera-tonka-cola\/","url":"https:\/\/rikliskarto.com\/de\/nischen-parfum\/mancera-parfum-de\/mancera-tonka-cola\/","name":"Kaufen Sie Mancera Tonka Cola Parf\u00fcm von 120 ml oder 60 ml","isPartOf":{"@id":"https:\/\/rikliskarto.com\/de\/#website"},"primaryImageOfPage":{"@id":"https:\/\/rikliskarto.com\/de\/nischen-parfum\/mancera-parfum-de\/mancera-tonka-cola\/#primaryimage"},"image":{"@id":"https:\/\/rikliskarto.com\/de\/nischen-parfum\/mancera-parfum-de\/mancera-tonka-cola\/#primaryimage"},"thumbnailUrl":"https:\/\/rikliskarto.com\/wp-content\/uploads\/2024\/11\/tonkacola_60ml.png","datePublished":"2024-06-24T07:16:02+00:00","dateModified":"2025-06-12T09:49:42+00:00","description":"Die Tonka Cola von Mancera ist ein herrlich w\u00fcrziges und s\u00fc\u00dfes Parfum f\u00fcr die k\u00e4lteren Tage. Bestellen Sie diese einzigartige Komposition online oder kommen Sie vorbei!","breadcrumb":{"@id":"https:\/\/rikliskarto.com\/de\/nischen-parfum\/mancera-parfum-de\/mancera-tonka-cola\/#breadcrumb"},"inLanguage":"de","potentialAction":[{"@type":"ReadAction","target":["https:\/\/rikliskarto.com\/de\/nischen-parfum\/mancera-parfum-de\/mancera-tonka-cola\/"]}]},{"@type":"ImageObject","inLanguage":"de","@id":"https:\/\/rikliskarto.com\/de\/nischen-parfum\/mancera-parfum-de\/mancera-tonka-cola\/#primaryimage","url":"https:\/\/rikliskarto.com\/wp-content\/uploads\/2024\/11\/tonkacola_60ml.png","contentUrl":"https:\/\/rikliskarto.com\/wp-content\/uploads\/2024\/11\/tonkacola_60ml.png","width":1000,"height":1000},{"@type":"BreadcrumbList","@id":"https:\/\/rikliskarto.com\/de\/nischen-parfum\/mancera-parfum-de\/mancera-tonka-cola\/#breadcrumb","itemListElement":[{"@type":"ListItem","position":1,"name":"Home","item":"https:\/\/rikliskarto.com\/de\/heim\/"},{"@type":"ListItem","position":2,"name":"Priv\u00e9: Laden","item":"https:\/\/rikliskarto.com\/de\/shop\/"},{"@type":"ListItem","position":3,"name":"Mancera &#8211; Tonka Cola"}]},{"@type":"WebSite","@id":"https:\/\/rikliskarto.com\/de\/#website","url":"https:\/\/rikliskarto.com\/de\/","name":"Riklis Karto","description":"Ontdek de beste Niche Parfum &amp; Geurkaarsen.","potentialAction":[{"@type":"SearchAction","target":{"@type":"EntryPoint","urlTemplate":"https:\/\/rikliskarto.com\/de\/?s={search_term_string}"},"query-input":{"@type":"PropertyValueSpecification","valueRequired":true,"valueName":"search_term_string"}}],"inLanguage":"de"}]}},"_links":{"self":[{"href":"https:\/\/rikliskarto.com\/de\/wp-json\/wp\/v2\/product\/16792","targetHints":{"allow":["GET"]}}],"collection":[{"href":"https:\/\/rikliskarto.com\/de\/wp-json\/wp\/v2\/product"}],"about":[{"href":"https:\/\/rikliskarto.com\/de\/wp-json\/wp\/v2\/types\/product"}],"replies":[{"embeddable":true,"href":"https:\/\/rikliskarto.com\/de\/wp-json\/wp\/v2\/comments?post=16792"}],"wp:featuredmedia":[{"embeddable":true,"href":"https:\/\/rikliskarto.com\/de\/wp-json\/wp\/v2\/media\/17721"}],"wp:attachment":[{"href":"https:\/\/rikliskarto.com\/de\/wp-json\/wp\/v2\/media?parent=16792"}],"wp:term":[{"taxonomy":"product_brand","embeddable":true,"href":"https:\/\/rikliskarto.com\/de\/wp-json\/wp\/v2\/product_brand?post=16792"},{"taxonomy":"product_cat","embeddable":true,"href":"https:\/\/rikliskarto.com\/de\/wp-json\/wp\/v2\/product_cat?post=16792"},{"taxonomy":"product_tag","embeddable":true,"href":"https:\/\/rikliskarto.com\/de\/wp-json\/wp\/v2\/product_tag?post=16792"}],"curies":[{"name":"wp","href":"https:\/\/api.w.org\/{rel}","templated":true}]}}