{"id":16786,"date":"2024-06-24T09:10:35","date_gmt":"2024-06-24T07:10:35","guid":{"rendered":"https:\/\/rikliskarto.com\/shop\/mancera-roter-tabak\/"},"modified":"2025-06-12T11:49:43","modified_gmt":"2025-06-12T09:49:43","slug":"mancera-roter-tabak","status":"publish","type":"product","link":"https:\/\/rikliskarto.com\/de\/nischen-parfum\/mancera-parfum-de\/mancera-roter-tabak\/","title":{"rendered":"Mancera &#8211; Roter Tabak"},"content":{"rendered":"<h2>Roter Tabak von Mancera<\/h2>\n<p>Wir w\u00fcrden Mancera&#8217;s Red Tobacco als einen kraftvollen und komplexen Duft beschreiben, der scharf, frisch und ledrig riecht. Er besteht aus vielen interessanten und hochwertigen Duftnoten, die f\u00fcr einen Duft sorgen, der lange anh\u00e4lt. Die Kopfnote besteht aus Safran, Weihrauch und Zimt, gefolgt von den Herznoten von Vanille und Jasmin.  <\/p>\n<p>Dieser wird dann mit Basisnoten wie Vanille, Amber, wei\u00dfem Moschus und Tabak sch\u00f6n ausbalanciert. Mancera ist es gelungen, all diese Duftnoten zu einer perfekten Mischung zu kombinieren. <\/p>\n<p>Der intensive Duft macht das Red Tobacco Parf\u00fcm ideal f\u00fcr die k\u00e4lteren Monate oder f\u00fcr abendliche Anl\u00e4sse. Es strahlt Selbstvertrauen und Luxus aus, perfekt f\u00fcr einen bleibenden Eindruck. Wir bieten den Red Tobacco in 60ml und 120ml an.  <\/p>\n<h2>Kaufen Sie Mancera Red Tobacco bei Riklis Karto<\/h2>\n<p>Sind Sie auf der Suche nach einem intensiven Duft mit starkem Charakter? Mit dem Red Tobacco Parfum von Mancera beeindrucken Sie garantiert. Die rauchigen und w\u00fcrzigen Duftnoten sind etwas Besonderes und Sie werden sie in keinem anderen Parf\u00fcm finden.  <\/p>\n<p>M\u00f6chten Sie diesen einzigartigen Duft selbst erleben? Bestellen Sie den Mancerra Red Tobacco noch heute online!<\/p>\n","protected":false},"excerpt":{"rendered":"<p>Mancerra Red Tobacco ist ein kraftvoller, intensiver Duft, der ein mutiges Statement abgibt. Mit Kopfnoten von Safran, Zimt und Weihrauch verleiht dieses Parf\u00fcm einen w\u00fcrzigen und rauchigen Auftakt. Erg\u00e4nzt durch holzige D\u00fcfte von Patchouli und Tabak, kombiniert mit frischen D\u00fcften von Jasmin, Amber und Moschus. Ein verf\u00fchrerischer Duft, den man unbedingt probieren muss.   <\/p>\n<p><strong>Vor 14 Uhr bestellt, noch am selben Tag versendet. Bezahlen Sie anschlie\u00dfend mit klarna. <\/strong><\/p>\n","protected":false},"featured_media":17715,"comment_status":"open","ping_status":"closed","template":"","meta":{"_acf_changed":false},"product_brand":[],"product_cat":[862,1685],"product_tag":[],"class_list":{"0":"post-16786","1":"product","2":"type-product","3":"status-publish","4":"has-post-thumbnail","6":"product_cat-nischen-parfum","7":"product_cat-mancera-parfum-de","8":"brand-mancera-parfum-de","9":"scent-note-agarhout-de","10":"scent-note-agarhout-oud-de","11":"scent-note-amber-hartnoten-de","12":"scent-note-basisnoten-de","13":"scent-note-bernstein","14":"scent-note-groene-appel-de","15":"scent-note-guaiac-hout-de","16":"scent-note-hartnoten-de","17":"scent-note-madagaskar-vanille-de","18":"scent-note-nootmuskaat-de","19":"scent-note-orris-wortelextract-de","20":"scent-note-peper-topnoten-de","21":"scent-note-saffraan-de","22":"scent-note-sandelhout-de","23":"scent-note-tabak-de","24":"scent-note-topnoten-de","25":"scent-note-vetiver-hartnoten-de","26":"scent-note-wierook-topnoten-de","27":"scent-note-witte-musk-de","28":"composition-amber-de","29":"composition-fris-kruidig-de","30":"composition-houtachtig-de","31":"composition-kaneel-de","32":"composition-oudh-de","33":"composition-poederig-de","34":"composition-vanille-de","35":"composition-warm-kruidig-de","36":"composition-zoet-de","37":"fragrance-family-woods-de","38":"formule-eau-de-parfum-de","39":"style-businesslike-de","40":"style-luxe-de","41":"style-sexy-de","42":"season-herfst-de","43":"season-winter-de","44":"occasion-date-de","45":"occasion-diner-de","46":"gender-man-de","47":"gender-vrouw-de","49":"first","50":"instock","51":"purchasable","52":"product-type-variable","53":"has-default-attributes"},"acf":[],"yoast_head":"<!-- This site is optimized with the Yoast SEO plugin v25.9 - https:\/\/yoast.com\/wordpress\/plugins\/seo\/ -->\n<title>Mancera Red Tobacco intensives Parf\u00fcm kaufen | 120 ml und 60 ml<\/title>\n<meta name=\"description\" content=\"Sind Sie auf der Suche nach einem intensiven, einzigartigen Duft mit holzig-w\u00fcrzigen D\u00fcften? Dann ist der Red Tobacco von Mancera genau das Richtige f\u00fcr Sie. Bestellen Sie das Parf\u00fcm noch heute!\" \/>\n<meta name=\"robots\" content=\"index, follow, max-snippet:-1, max-image-preview:large, max-video-preview:-1\" \/>\n<link rel=\"canonical\" href=\"https:\/\/rikliskarto.com\/de\/nischen-parfum\/mancera-parfum-de\/mancera-roter-tabak\/\" \/>\n<meta property=\"og:locale\" content=\"de_DE\" \/>\n<meta property=\"og:type\" content=\"article\" \/>\n<meta property=\"og:title\" content=\"Mancera Red Tobacco intensives Parf\u00fcm kaufen | 120 ml und 60 ml\" \/>\n<meta property=\"og:description\" content=\"Sind Sie auf der Suche nach einem intensiven, einzigartigen Duft mit holzig-w\u00fcrzigen D\u00fcften? Dann ist der Red Tobacco von Mancera genau das Richtige f\u00fcr Sie. Bestellen Sie das Parf\u00fcm noch heute!\" \/>\n<meta property=\"og:url\" content=\"https:\/\/rikliskarto.com\/de\/nischen-parfum\/mancera-parfum-de\/mancera-roter-tabak\/\" \/>\n<meta property=\"og:site_name\" content=\"Riklis Karto\" \/>\n<meta property=\"article:modified_time\" content=\"2025-06-12T09:49:43+00:00\" \/>\n<meta property=\"og:image\" content=\"https:\/\/rikliskarto.com\/wp-content\/uploads\/2024\/11\/redtobacco_60ml.png\" \/>\n\t<meta property=\"og:image:width\" content=\"1000\" \/>\n\t<meta property=\"og:image:height\" content=\"1000\" \/>\n\t<meta property=\"og:image:type\" content=\"image\/webp\" \/>\n<meta name=\"twitter:card\" content=\"summary_large_image\" \/>\n<meta name=\"twitter:label1\" content=\"Gesch\u00e4tzte Lesezeit\" \/>\n\t<meta name=\"twitter:data1\" content=\"1\u00a0Minute\" \/>\n<script type=\"application\/ld+json\" class=\"yoast-schema-graph\">{\"@context\":\"https:\/\/schema.org\",\"@graph\":[{\"@type\":\"WebPage\",\"@id\":\"https:\/\/rikliskarto.com\/de\/nischen-parfum\/mancera-parfum-de\/mancera-roter-tabak\/\",\"url\":\"https:\/\/rikliskarto.com\/de\/nischen-parfum\/mancera-parfum-de\/mancera-roter-tabak\/\",\"name\":\"Mancera Red Tobacco intensives Parf\u00fcm kaufen | 120 ml und 60 ml\",\"isPartOf\":{\"@id\":\"https:\/\/rikliskarto.com\/de\/#website\"},\"primaryImageOfPage\":{\"@id\":\"https:\/\/rikliskarto.com\/de\/nischen-parfum\/mancera-parfum-de\/mancera-roter-tabak\/#primaryimage\"},\"image\":{\"@id\":\"https:\/\/rikliskarto.com\/de\/nischen-parfum\/mancera-parfum-de\/mancera-roter-tabak\/#primaryimage\"},\"thumbnailUrl\":\"https:\/\/rikliskarto.com\/wp-content\/uploads\/2024\/11\/redtobacco_60ml.png\",\"datePublished\":\"2024-06-24T07:10:35+00:00\",\"dateModified\":\"2025-06-12T09:49:43+00:00\",\"description\":\"Sind Sie auf der Suche nach einem intensiven, einzigartigen Duft mit holzig-w\u00fcrzigen D\u00fcften? Dann ist der Red Tobacco von Mancera genau das Richtige f\u00fcr Sie. Bestellen Sie das Parf\u00fcm noch heute!\",\"breadcrumb\":{\"@id\":\"https:\/\/rikliskarto.com\/de\/nischen-parfum\/mancera-parfum-de\/mancera-roter-tabak\/#breadcrumb\"},\"inLanguage\":\"de\",\"potentialAction\":[{\"@type\":\"ReadAction\",\"target\":[\"https:\/\/rikliskarto.com\/de\/nischen-parfum\/mancera-parfum-de\/mancera-roter-tabak\/\"]}]},{\"@type\":\"ImageObject\",\"inLanguage\":\"de\",\"@id\":\"https:\/\/rikliskarto.com\/de\/nischen-parfum\/mancera-parfum-de\/mancera-roter-tabak\/#primaryimage\",\"url\":\"https:\/\/rikliskarto.com\/wp-content\/uploads\/2024\/11\/redtobacco_60ml.png\",\"contentUrl\":\"https:\/\/rikliskarto.com\/wp-content\/uploads\/2024\/11\/redtobacco_60ml.png\",\"width\":1000,\"height\":1000},{\"@type\":\"BreadcrumbList\",\"@id\":\"https:\/\/rikliskarto.com\/de\/nischen-parfum\/mancera-parfum-de\/mancera-roter-tabak\/#breadcrumb\",\"itemListElement\":[{\"@type\":\"ListItem\",\"position\":1,\"name\":\"Home\",\"item\":\"https:\/\/rikliskarto.com\/de\/heim\/\"},{\"@type\":\"ListItem\",\"position\":2,\"name\":\"Priv\u00e9: Laden\",\"item\":\"https:\/\/rikliskarto.com\/de\/shop\/\"},{\"@type\":\"ListItem\",\"position\":3,\"name\":\"Mancera &#8211; Roter Tabak\"}]},{\"@type\":\"WebSite\",\"@id\":\"https:\/\/rikliskarto.com\/de\/#website\",\"url\":\"https:\/\/rikliskarto.com\/de\/\",\"name\":\"Riklis Karto\",\"description\":\"Ontdek de beste Niche Parfum &amp; Geurkaarsen.\",\"potentialAction\":[{\"@type\":\"SearchAction\",\"target\":{\"@type\":\"EntryPoint\",\"urlTemplate\":\"https:\/\/rikliskarto.com\/de\/?s={search_term_string}\"},\"query-input\":{\"@type\":\"PropertyValueSpecification\",\"valueRequired\":true,\"valueName\":\"search_term_string\"}}],\"inLanguage\":\"de\"}]}<\/script>\n<!-- \/ Yoast SEO plugin. -->","yoast_head_json":{"title":"Mancera Red Tobacco intensives Parf\u00fcm kaufen | 120 ml und 60 ml","description":"Sind Sie auf der Suche nach einem intensiven, einzigartigen Duft mit holzig-w\u00fcrzigen D\u00fcften? Dann ist der Red Tobacco von Mancera genau das Richtige f\u00fcr Sie. Bestellen Sie das Parf\u00fcm noch heute!","robots":{"index":"index","follow":"follow","max-snippet":"max-snippet:-1","max-image-preview":"max-image-preview:large","max-video-preview":"max-video-preview:-1"},"canonical":"https:\/\/rikliskarto.com\/de\/nischen-parfum\/mancera-parfum-de\/mancera-roter-tabak\/","og_locale":"de_DE","og_type":"article","og_title":"Mancera Red Tobacco intensives Parf\u00fcm kaufen | 120 ml und 60 ml","og_description":"Sind Sie auf der Suche nach einem intensiven, einzigartigen Duft mit holzig-w\u00fcrzigen D\u00fcften? Dann ist der Red Tobacco von Mancera genau das Richtige f\u00fcr Sie. Bestellen Sie das Parf\u00fcm noch heute!","og_url":"https:\/\/rikliskarto.com\/de\/nischen-parfum\/mancera-parfum-de\/mancera-roter-tabak\/","og_site_name":"Riklis Karto","article_modified_time":"2025-06-12T09:49:43+00:00","og_image":[{"width":1000,"height":1000,"url":"https:\/\/rikliskarto.com\/wp-content\/uploads\/2024\/11\/redtobacco_60ml.png","type":"image\/webp"}],"twitter_card":"summary_large_image","twitter_misc":{"Gesch\u00e4tzte Lesezeit":"1\u00a0Minute"},"schema":{"@context":"https:\/\/schema.org","@graph":[{"@type":"WebPage","@id":"https:\/\/rikliskarto.com\/de\/nischen-parfum\/mancera-parfum-de\/mancera-roter-tabak\/","url":"https:\/\/rikliskarto.com\/de\/nischen-parfum\/mancera-parfum-de\/mancera-roter-tabak\/","name":"Mancera Red Tobacco intensives Parf\u00fcm kaufen | 120 ml und 60 ml","isPartOf":{"@id":"https:\/\/rikliskarto.com\/de\/#website"},"primaryImageOfPage":{"@id":"https:\/\/rikliskarto.com\/de\/nischen-parfum\/mancera-parfum-de\/mancera-roter-tabak\/#primaryimage"},"image":{"@id":"https:\/\/rikliskarto.com\/de\/nischen-parfum\/mancera-parfum-de\/mancera-roter-tabak\/#primaryimage"},"thumbnailUrl":"https:\/\/rikliskarto.com\/wp-content\/uploads\/2024\/11\/redtobacco_60ml.png","datePublished":"2024-06-24T07:10:35+00:00","dateModified":"2025-06-12T09:49:43+00:00","description":"Sind Sie auf der Suche nach einem intensiven, einzigartigen Duft mit holzig-w\u00fcrzigen D\u00fcften? Dann ist der Red Tobacco von Mancera genau das Richtige f\u00fcr Sie. Bestellen Sie das Parf\u00fcm noch heute!","breadcrumb":{"@id":"https:\/\/rikliskarto.com\/de\/nischen-parfum\/mancera-parfum-de\/mancera-roter-tabak\/#breadcrumb"},"inLanguage":"de","potentialAction":[{"@type":"ReadAction","target":["https:\/\/rikliskarto.com\/de\/nischen-parfum\/mancera-parfum-de\/mancera-roter-tabak\/"]}]},{"@type":"ImageObject","inLanguage":"de","@id":"https:\/\/rikliskarto.com\/de\/nischen-parfum\/mancera-parfum-de\/mancera-roter-tabak\/#primaryimage","url":"https:\/\/rikliskarto.com\/wp-content\/uploads\/2024\/11\/redtobacco_60ml.png","contentUrl":"https:\/\/rikliskarto.com\/wp-content\/uploads\/2024\/11\/redtobacco_60ml.png","width":1000,"height":1000},{"@type":"BreadcrumbList","@id":"https:\/\/rikliskarto.com\/de\/nischen-parfum\/mancera-parfum-de\/mancera-roter-tabak\/#breadcrumb","itemListElement":[{"@type":"ListItem","position":1,"name":"Home","item":"https:\/\/rikliskarto.com\/de\/heim\/"},{"@type":"ListItem","position":2,"name":"Priv\u00e9: Laden","item":"https:\/\/rikliskarto.com\/de\/shop\/"},{"@type":"ListItem","position":3,"name":"Mancera &#8211; Roter Tabak"}]},{"@type":"WebSite","@id":"https:\/\/rikliskarto.com\/de\/#website","url":"https:\/\/rikliskarto.com\/de\/","name":"Riklis Karto","description":"Ontdek de beste Niche Parfum &amp; Geurkaarsen.","potentialAction":[{"@type":"SearchAction","target":{"@type":"EntryPoint","urlTemplate":"https:\/\/rikliskarto.com\/de\/?s={search_term_string}"},"query-input":{"@type":"PropertyValueSpecification","valueRequired":true,"valueName":"search_term_string"}}],"inLanguage":"de"}]}},"_links":{"self":[{"href":"https:\/\/rikliskarto.com\/de\/wp-json\/wp\/v2\/product\/16786","targetHints":{"allow":["GET"]}}],"collection":[{"href":"https:\/\/rikliskarto.com\/de\/wp-json\/wp\/v2\/product"}],"about":[{"href":"https:\/\/rikliskarto.com\/de\/wp-json\/wp\/v2\/types\/product"}],"replies":[{"embeddable":true,"href":"https:\/\/rikliskarto.com\/de\/wp-json\/wp\/v2\/comments?post=16786"}],"wp:featuredmedia":[{"embeddable":true,"href":"https:\/\/rikliskarto.com\/de\/wp-json\/wp\/v2\/media\/17715"}],"wp:attachment":[{"href":"https:\/\/rikliskarto.com\/de\/wp-json\/wp\/v2\/media?parent=16786"}],"wp:term":[{"taxonomy":"product_brand","embeddable":true,"href":"https:\/\/rikliskarto.com\/de\/wp-json\/wp\/v2\/product_brand?post=16786"},{"taxonomy":"product_cat","embeddable":true,"href":"https:\/\/rikliskarto.com\/de\/wp-json\/wp\/v2\/product_cat?post=16786"},{"taxonomy":"product_tag","embeddable":true,"href":"https:\/\/rikliskarto.com\/de\/wp-json\/wp\/v2\/product_tag?post=16786"}],"curies":[{"name":"wp","href":"https:\/\/api.w.org\/{rel}","templated":true}]}}