{"id":16775,"date":"2024-06-24T09:08:37","date_gmt":"2024-06-24T07:08:37","guid":{"rendered":"https:\/\/rikliskarto.com\/shop\/mancera-aoud-orchidee\/"},"modified":"2025-06-12T11:49:45","modified_gmt":"2025-06-12T09:49:45","slug":"mancera-aoud-orchidee","status":"publish","type":"product","link":"https:\/\/rikliskarto.com\/de\/nischen-parfum\/mancera-parfum-de\/mancera-aoud-orchidee\/","title":{"rendered":"Mancera &#8211; Aoud Orchidee"},"content":{"rendered":"<p>Mancera Aoud Orchid ist ein exotischer und sinnlicher Duft, der ein \u00fcppiges Erlebnis bietet. Die Kopfnoten aus Mandarine, Pfirsich und Kokosnuss sorgen f\u00fcr eine fruchtige S\u00fc\u00dfe, w\u00e4hrend das Herz aus Orchidee, Patchouli und Jasmin f\u00fcr eine blumige Pracht sorgt. Die Basis aus Aoud, Moschus und Amber sorgt f\u00fcr einen tiefen, geheimnisvollen Abgang. Aoud Orchid ist ideal f\u00fcr einen schw\u00fclen Abend oder einen besonderen Anlass.<\/p>\n","protected":false},"excerpt":{"rendered":"<p>Mancera Aoud Orchid ist ein exotischer und sinnlicher Duft, der ein \u00fcppiges Erlebnis bietet. Die Kopfnoten aus Mandarine, Pfirsich und Kokosnuss sorgen f\u00fcr eine fruchtige S\u00fc\u00dfe, w\u00e4hrend das Herz aus&#8230;<\/p>\n","protected":false},"featured_media":17709,"comment_status":"open","ping_status":"closed","template":"","meta":{"_acf_changed":false},"product_brand":[],"product_cat":[862,1685],"product_tag":[],"class_list":{"0":"post-16775","1":"product","2":"type-product","3":"status-publish","4":"has-post-thumbnail","6":"product_cat-nischen-parfum","7":"product_cat-mancera-parfum-de","8":"brand-mancera-parfum-de","9":"scent-note-basisnoten-de","10":"scent-note-bernstein","11":"scent-note-hartnoten-de","12":"scent-note-houtachtige-noten-basisnoten-de","13":"scent-note-kokosnoot-topnoten-de","14":"scent-note-mandarijn-de","15":"scent-note-orchidee-de","16":"scent-note-patchouli-de","17":"scent-note-perzik-topnoten-de","18":"scent-note-topnoten-de","19":"scent-note-vanille-de","20":"scent-note-witte-musk-de","21":"composition-amber-de","22":"composition-bleomig-de","23":"composition-fruitig-de","24":"composition-houtachtig-de","25":"composition-kokosnoot-de","26":"composition-musk-de","27":"composition-poederig-de","28":"composition-vanille-de","29":"composition-zoet-de","30":"fragrance-family-floral-de","31":"fragrance-family-oriental-de","32":"formule-eau-de-parfum-de","33":"style-casual-de","34":"style-luxe-de","35":"style-sexy-de","36":"style-trendy-de","37":"season-herfst-de","38":"season-lente-de","39":"season-winter-de","40":"occasion-date-de","41":"occasion-diner-de","42":"occasion-vrije-tijd-de","43":"gender-man-de","44":"gender-unisex-de","45":"gender-vrouw-de","47":"first","48":"instock","49":"purchasable","50":"product-type-variable","51":"has-default-attributes"},"acf":[],"yoast_head":"<!-- This site is optimized with the Yoast SEO plugin v25.9 - https:\/\/yoast.com\/wordpress\/plugins\/seo\/ -->\n<title>Mancera - Aoud Orchidee - Riklis Karto<\/title>\n<meta name=\"robots\" content=\"index, follow, max-snippet:-1, max-image-preview:large, max-video-preview:-1\" \/>\n<link rel=\"canonical\" href=\"https:\/\/rikliskarto.com\/de\/nischen-parfum\/mancera-parfum-de\/mancera-aoud-orchidee\/\" \/>\n<meta property=\"og:locale\" content=\"de_DE\" \/>\n<meta property=\"og:type\" content=\"article\" \/>\n<meta property=\"og:title\" content=\"Mancera - Aoud Orchidee - Riklis Karto\" \/>\n<meta property=\"og:description\" content=\"Mancera Aoud Orchid ist ein exotischer und sinnlicher Duft, der ein \u00fcppiges Erlebnis bietet. Die Kopfnoten aus Mandarine, Pfirsich und Kokosnuss sorgen f\u00fcr eine fruchtige S\u00fc\u00dfe, w\u00e4hrend das Herz aus...\" \/>\n<meta property=\"og:url\" content=\"https:\/\/rikliskarto.com\/de\/nischen-parfum\/mancera-parfum-de\/mancera-aoud-orchidee\/\" \/>\n<meta property=\"og:site_name\" content=\"Riklis Karto\" \/>\n<meta property=\"article:modified_time\" content=\"2025-06-12T09:49:45+00:00\" \/>\n<meta property=\"og:image\" content=\"https:\/\/rikliskarto.com\/wp-content\/uploads\/2024\/11\/aoudorchid60.png\" \/>\n\t<meta property=\"og:image:width\" content=\"1000\" \/>\n\t<meta property=\"og:image:height\" content=\"1000\" \/>\n\t<meta property=\"og:image:type\" content=\"image\/webp\" \/>\n<meta name=\"twitter:card\" content=\"summary_large_image\" \/>\n<script type=\"application\/ld+json\" class=\"yoast-schema-graph\">{\"@context\":\"https:\/\/schema.org\",\"@graph\":[{\"@type\":\"WebPage\",\"@id\":\"https:\/\/rikliskarto.com\/de\/nischen-parfum\/mancera-parfum-de\/mancera-aoud-orchidee\/\",\"url\":\"https:\/\/rikliskarto.com\/de\/nischen-parfum\/mancera-parfum-de\/mancera-aoud-orchidee\/\",\"name\":\"Mancera - Aoud Orchidee - Riklis Karto\",\"isPartOf\":{\"@id\":\"https:\/\/rikliskarto.com\/de\/#website\"},\"primaryImageOfPage\":{\"@id\":\"https:\/\/rikliskarto.com\/de\/nischen-parfum\/mancera-parfum-de\/mancera-aoud-orchidee\/#primaryimage\"},\"image\":{\"@id\":\"https:\/\/rikliskarto.com\/de\/nischen-parfum\/mancera-parfum-de\/mancera-aoud-orchidee\/#primaryimage\"},\"thumbnailUrl\":\"https:\/\/rikliskarto.com\/wp-content\/uploads\/2024\/11\/aoudorchid60.png\",\"datePublished\":\"2024-06-24T07:08:37+00:00\",\"dateModified\":\"2025-06-12T09:49:45+00:00\",\"breadcrumb\":{\"@id\":\"https:\/\/rikliskarto.com\/de\/nischen-parfum\/mancera-parfum-de\/mancera-aoud-orchidee\/#breadcrumb\"},\"inLanguage\":\"de\",\"potentialAction\":[{\"@type\":\"ReadAction\",\"target\":[\"https:\/\/rikliskarto.com\/de\/nischen-parfum\/mancera-parfum-de\/mancera-aoud-orchidee\/\"]}]},{\"@type\":\"ImageObject\",\"inLanguage\":\"de\",\"@id\":\"https:\/\/rikliskarto.com\/de\/nischen-parfum\/mancera-parfum-de\/mancera-aoud-orchidee\/#primaryimage\",\"url\":\"https:\/\/rikliskarto.com\/wp-content\/uploads\/2024\/11\/aoudorchid60.png\",\"contentUrl\":\"https:\/\/rikliskarto.com\/wp-content\/uploads\/2024\/11\/aoudorchid60.png\",\"width\":1000,\"height\":1000},{\"@type\":\"BreadcrumbList\",\"@id\":\"https:\/\/rikliskarto.com\/de\/nischen-parfum\/mancera-parfum-de\/mancera-aoud-orchidee\/#breadcrumb\",\"itemListElement\":[{\"@type\":\"ListItem\",\"position\":1,\"name\":\"Home\",\"item\":\"https:\/\/rikliskarto.com\/de\/heim\/\"},{\"@type\":\"ListItem\",\"position\":2,\"name\":\"Priv\u00e9: Laden\",\"item\":\"https:\/\/rikliskarto.com\/de\/shop\/\"},{\"@type\":\"ListItem\",\"position\":3,\"name\":\"Mancera &#8211; Aoud Orchidee\"}]},{\"@type\":\"WebSite\",\"@id\":\"https:\/\/rikliskarto.com\/de\/#website\",\"url\":\"https:\/\/rikliskarto.com\/de\/\",\"name\":\"Riklis Karto\",\"description\":\"Ontdek de beste Niche Parfum &amp; Geurkaarsen.\",\"potentialAction\":[{\"@type\":\"SearchAction\",\"target\":{\"@type\":\"EntryPoint\",\"urlTemplate\":\"https:\/\/rikliskarto.com\/de\/?s={search_term_string}\"},\"query-input\":{\"@type\":\"PropertyValueSpecification\",\"valueRequired\":true,\"valueName\":\"search_term_string\"}}],\"inLanguage\":\"de\"}]}<\/script>\n<!-- \/ Yoast SEO plugin. -->","yoast_head_json":{"title":"Mancera - Aoud Orchidee - Riklis Karto","robots":{"index":"index","follow":"follow","max-snippet":"max-snippet:-1","max-image-preview":"max-image-preview:large","max-video-preview":"max-video-preview:-1"},"canonical":"https:\/\/rikliskarto.com\/de\/nischen-parfum\/mancera-parfum-de\/mancera-aoud-orchidee\/","og_locale":"de_DE","og_type":"article","og_title":"Mancera - Aoud Orchidee - Riklis Karto","og_description":"Mancera Aoud Orchid ist ein exotischer und sinnlicher Duft, der ein \u00fcppiges Erlebnis bietet. Die Kopfnoten aus Mandarine, Pfirsich und Kokosnuss sorgen f\u00fcr eine fruchtige S\u00fc\u00dfe, w\u00e4hrend das Herz aus...","og_url":"https:\/\/rikliskarto.com\/de\/nischen-parfum\/mancera-parfum-de\/mancera-aoud-orchidee\/","og_site_name":"Riklis Karto","article_modified_time":"2025-06-12T09:49:45+00:00","og_image":[{"width":1000,"height":1000,"url":"https:\/\/rikliskarto.com\/wp-content\/uploads\/2024\/11\/aoudorchid60.png","type":"image\/webp"}],"twitter_card":"summary_large_image","schema":{"@context":"https:\/\/schema.org","@graph":[{"@type":"WebPage","@id":"https:\/\/rikliskarto.com\/de\/nischen-parfum\/mancera-parfum-de\/mancera-aoud-orchidee\/","url":"https:\/\/rikliskarto.com\/de\/nischen-parfum\/mancera-parfum-de\/mancera-aoud-orchidee\/","name":"Mancera - Aoud Orchidee - Riklis Karto","isPartOf":{"@id":"https:\/\/rikliskarto.com\/de\/#website"},"primaryImageOfPage":{"@id":"https:\/\/rikliskarto.com\/de\/nischen-parfum\/mancera-parfum-de\/mancera-aoud-orchidee\/#primaryimage"},"image":{"@id":"https:\/\/rikliskarto.com\/de\/nischen-parfum\/mancera-parfum-de\/mancera-aoud-orchidee\/#primaryimage"},"thumbnailUrl":"https:\/\/rikliskarto.com\/wp-content\/uploads\/2024\/11\/aoudorchid60.png","datePublished":"2024-06-24T07:08:37+00:00","dateModified":"2025-06-12T09:49:45+00:00","breadcrumb":{"@id":"https:\/\/rikliskarto.com\/de\/nischen-parfum\/mancera-parfum-de\/mancera-aoud-orchidee\/#breadcrumb"},"inLanguage":"de","potentialAction":[{"@type":"ReadAction","target":["https:\/\/rikliskarto.com\/de\/nischen-parfum\/mancera-parfum-de\/mancera-aoud-orchidee\/"]}]},{"@type":"ImageObject","inLanguage":"de","@id":"https:\/\/rikliskarto.com\/de\/nischen-parfum\/mancera-parfum-de\/mancera-aoud-orchidee\/#primaryimage","url":"https:\/\/rikliskarto.com\/wp-content\/uploads\/2024\/11\/aoudorchid60.png","contentUrl":"https:\/\/rikliskarto.com\/wp-content\/uploads\/2024\/11\/aoudorchid60.png","width":1000,"height":1000},{"@type":"BreadcrumbList","@id":"https:\/\/rikliskarto.com\/de\/nischen-parfum\/mancera-parfum-de\/mancera-aoud-orchidee\/#breadcrumb","itemListElement":[{"@type":"ListItem","position":1,"name":"Home","item":"https:\/\/rikliskarto.com\/de\/heim\/"},{"@type":"ListItem","position":2,"name":"Priv\u00e9: Laden","item":"https:\/\/rikliskarto.com\/de\/shop\/"},{"@type":"ListItem","position":3,"name":"Mancera &#8211; Aoud Orchidee"}]},{"@type":"WebSite","@id":"https:\/\/rikliskarto.com\/de\/#website","url":"https:\/\/rikliskarto.com\/de\/","name":"Riklis Karto","description":"Ontdek de beste Niche Parfum &amp; Geurkaarsen.","potentialAction":[{"@type":"SearchAction","target":{"@type":"EntryPoint","urlTemplate":"https:\/\/rikliskarto.com\/de\/?s={search_term_string}"},"query-input":{"@type":"PropertyValueSpecification","valueRequired":true,"valueName":"search_term_string"}}],"inLanguage":"de"}]}},"_links":{"self":[{"href":"https:\/\/rikliskarto.com\/de\/wp-json\/wp\/v2\/product\/16775","targetHints":{"allow":["GET"]}}],"collection":[{"href":"https:\/\/rikliskarto.com\/de\/wp-json\/wp\/v2\/product"}],"about":[{"href":"https:\/\/rikliskarto.com\/de\/wp-json\/wp\/v2\/types\/product"}],"replies":[{"embeddable":true,"href":"https:\/\/rikliskarto.com\/de\/wp-json\/wp\/v2\/comments?post=16775"}],"wp:featuredmedia":[{"embeddable":true,"href":"https:\/\/rikliskarto.com\/de\/wp-json\/wp\/v2\/media\/17709"}],"wp:attachment":[{"href":"https:\/\/rikliskarto.com\/de\/wp-json\/wp\/v2\/media?parent=16775"}],"wp:term":[{"taxonomy":"product_brand","embeddable":true,"href":"https:\/\/rikliskarto.com\/de\/wp-json\/wp\/v2\/product_brand?post=16775"},{"taxonomy":"product_cat","embeddable":true,"href":"https:\/\/rikliskarto.com\/de\/wp-json\/wp\/v2\/product_cat?post=16775"},{"taxonomy":"product_tag","embeddable":true,"href":"https:\/\/rikliskarto.com\/de\/wp-json\/wp\/v2\/product_tag?post=16775"}],"curies":[{"name":"wp","href":"https:\/\/api.w.org\/{rel}","templated":true}]}}