{"id":16765,"date":"2024-06-24T09:06:51","date_gmt":"2024-06-24T07:06:51","guid":{"rendered":"https:\/\/rikliskarto.com\/shop\/mancera-kosmischer-pfeffer\/"},"modified":"2025-06-12T11:49:47","modified_gmt":"2025-06-12T09:49:47","slug":"mancera-kosmischer-pfeffer","status":"publish","type":"product","link":"https:\/\/rikliskarto.com\/de\/nischen-parfum\/mancera-parfum-de\/mancera-kosmischer-pfeffer\/","title":{"rendered":"Mancera &#8211; Kosmischer Pfeffer"},"content":{"rendered":"<p>Mancera Cosmic Pepper ist ein kr\u00e4ftiger und w\u00fcrziger Duft, der den Abenteuergeist anspricht. Die Kopfnoten aus schwarzem Pfeffer und Bergamotte geben mit einem scharfen, frischen Auftakt den Ton an. Das Herz aus Rose, Jasmin und Patchouli sorgt f\u00fcr eine blumige Komplexit\u00e4t, w\u00e4hrend die Basisnoten aus Amber, Moschus und Eichenmoos f\u00fcr einen tiefen, erdigen Abgang sorgen. Cosmic Pepper ist perfekt f\u00fcr alle, die einen Duft mit Kick und langer Haltbarkeit lieben.<\/p>\n","protected":false},"excerpt":{"rendered":"<p>Mancera Cosmic Pepper ist ein kr\u00e4ftiger und w\u00fcrziger Duft, der den Abenteuergeist anspricht. Die Kopfnoten aus schwarzem Pfeffer und Bergamotte geben mit einem scharfen, frischen Auftakt den Ton an. Das&#8230;<\/p>\n","protected":false},"featured_media":17703,"comment_status":"open","ping_status":"closed","template":"","meta":{"_acf_changed":false},"product_brand":[],"product_cat":[862,1685],"product_tag":[],"class_list":{"0":"post-16765","1":"product","2":"type-product","3":"status-publish","4":"has-post-thumbnail","6":"product_cat-nischen-parfum","7":"product_cat-mancera-parfum-de","8":"brand-mancera-parfum-de","9":"scent-note-agarhout-de","10":"scent-note-ambra","11":"scent-note-basisnoten-de","12":"scent-note-citroen-de","13":"scent-note-eikenmos-de","14":"scent-note-hartnoten-de","15":"scent-note-labdanum-basisnoten-de","16":"scent-note-mandarijn-de","17":"scent-note-roze-peper-de","18":"scent-note-tonkaboon-de","19":"scent-note-topnoten-de","20":"scent-note-witte-musk-de","21":"composition-amber-de","22":"composition-aromatisch-de","23":"composition-citrusvruchten-de","24":"composition-fris-kruidig-de","25":"composition-musk-de","26":"composition-poederig-de","27":"composition-warm-kruidig-de","28":"composition-zoet-de","29":"fragrance-family-woody-oriental-de","30":"formule-eau-de-parfum-de","31":"style-businesslike-de","32":"style-casual-de","33":"style-luxe-de","34":"style-sexy-de","35":"style-trendy-de","36":"season-herfst-de","37":"season-lente-de","38":"season-winter-de","39":"season-zomer-de","40":"occasion-date-de","41":"occasion-diner-de","42":"occasion-vrije-tijd-de","43":"occasion-werk-de","44":"gender-man-de","45":"gender-unisex-de","47":"first","48":"instock","49":"purchasable","50":"product-type-variable"},"acf":[],"yoast_head":"<!-- This site is optimized with the Yoast SEO plugin v25.9 - https:\/\/yoast.com\/wordpress\/plugins\/seo\/ -->\n<title>Mancera - Kosmischer Pfeffer - Riklis Karto<\/title>\n<meta name=\"robots\" content=\"index, follow, max-snippet:-1, max-image-preview:large, max-video-preview:-1\" \/>\n<link rel=\"canonical\" href=\"https:\/\/rikliskarto.com\/de\/nischen-parfum\/mancera-parfum-de\/mancera-kosmischer-pfeffer\/\" \/>\n<meta property=\"og:locale\" content=\"de_DE\" \/>\n<meta property=\"og:type\" content=\"article\" \/>\n<meta property=\"og:title\" content=\"Mancera - Kosmischer Pfeffer - Riklis Karto\" \/>\n<meta property=\"og:description\" content=\"Mancera Cosmic Pepper ist ein kr\u00e4ftiger und w\u00fcrziger Duft, der den Abenteuergeist anspricht. Die Kopfnoten aus schwarzem Pfeffer und Bergamotte geben mit einem scharfen, frischen Auftakt den Ton an. Das...\" \/>\n<meta property=\"og:url\" content=\"https:\/\/rikliskarto.com\/de\/nischen-parfum\/mancera-parfum-de\/mancera-kosmischer-pfeffer\/\" \/>\n<meta property=\"og:site_name\" content=\"Riklis Karto\" \/>\n<meta property=\"article:modified_time\" content=\"2025-06-12T09:49:47+00:00\" \/>\n<meta property=\"og:image\" content=\"https:\/\/rikliskarto.com\/wp-content\/uploads\/2024\/11\/cosmicpepper_60ml.png\" \/>\n\t<meta property=\"og:image:width\" content=\"1000\" \/>\n\t<meta property=\"og:image:height\" content=\"1000\" \/>\n\t<meta property=\"og:image:type\" content=\"image\/webp\" \/>\n<meta name=\"twitter:card\" content=\"summary_large_image\" \/>\n<script type=\"application\/ld+json\" class=\"yoast-schema-graph\">{\"@context\":\"https:\/\/schema.org\",\"@graph\":[{\"@type\":\"WebPage\",\"@id\":\"https:\/\/rikliskarto.com\/de\/nischen-parfum\/mancera-parfum-de\/mancera-kosmischer-pfeffer\/\",\"url\":\"https:\/\/rikliskarto.com\/de\/nischen-parfum\/mancera-parfum-de\/mancera-kosmischer-pfeffer\/\",\"name\":\"Mancera - Kosmischer Pfeffer - Riklis Karto\",\"isPartOf\":{\"@id\":\"https:\/\/rikliskarto.com\/de\/#website\"},\"primaryImageOfPage\":{\"@id\":\"https:\/\/rikliskarto.com\/de\/nischen-parfum\/mancera-parfum-de\/mancera-kosmischer-pfeffer\/#primaryimage\"},\"image\":{\"@id\":\"https:\/\/rikliskarto.com\/de\/nischen-parfum\/mancera-parfum-de\/mancera-kosmischer-pfeffer\/#primaryimage\"},\"thumbnailUrl\":\"https:\/\/rikliskarto.com\/wp-content\/uploads\/2024\/11\/cosmicpepper_60ml.png\",\"datePublished\":\"2024-06-24T07:06:51+00:00\",\"dateModified\":\"2025-06-12T09:49:47+00:00\",\"breadcrumb\":{\"@id\":\"https:\/\/rikliskarto.com\/de\/nischen-parfum\/mancera-parfum-de\/mancera-kosmischer-pfeffer\/#breadcrumb\"},\"inLanguage\":\"de\",\"potentialAction\":[{\"@type\":\"ReadAction\",\"target\":[\"https:\/\/rikliskarto.com\/de\/nischen-parfum\/mancera-parfum-de\/mancera-kosmischer-pfeffer\/\"]}]},{\"@type\":\"ImageObject\",\"inLanguage\":\"de\",\"@id\":\"https:\/\/rikliskarto.com\/de\/nischen-parfum\/mancera-parfum-de\/mancera-kosmischer-pfeffer\/#primaryimage\",\"url\":\"https:\/\/rikliskarto.com\/wp-content\/uploads\/2024\/11\/cosmicpepper_60ml.png\",\"contentUrl\":\"https:\/\/rikliskarto.com\/wp-content\/uploads\/2024\/11\/cosmicpepper_60ml.png\",\"width\":1000,\"height\":1000},{\"@type\":\"BreadcrumbList\",\"@id\":\"https:\/\/rikliskarto.com\/de\/nischen-parfum\/mancera-parfum-de\/mancera-kosmischer-pfeffer\/#breadcrumb\",\"itemListElement\":[{\"@type\":\"ListItem\",\"position\":1,\"name\":\"Home\",\"item\":\"https:\/\/rikliskarto.com\/de\/heim\/\"},{\"@type\":\"ListItem\",\"position\":2,\"name\":\"Priv\u00e9: Laden\",\"item\":\"https:\/\/rikliskarto.com\/de\/shop\/\"},{\"@type\":\"ListItem\",\"position\":3,\"name\":\"Mancera &#8211; Kosmischer Pfeffer\"}]},{\"@type\":\"WebSite\",\"@id\":\"https:\/\/rikliskarto.com\/de\/#website\",\"url\":\"https:\/\/rikliskarto.com\/de\/\",\"name\":\"Riklis Karto\",\"description\":\"Ontdek de beste Niche Parfum &amp; Geurkaarsen.\",\"potentialAction\":[{\"@type\":\"SearchAction\",\"target\":{\"@type\":\"EntryPoint\",\"urlTemplate\":\"https:\/\/rikliskarto.com\/de\/?s={search_term_string}\"},\"query-input\":{\"@type\":\"PropertyValueSpecification\",\"valueRequired\":true,\"valueName\":\"search_term_string\"}}],\"inLanguage\":\"de\"}]}<\/script>\n<!-- \/ Yoast SEO plugin. -->","yoast_head_json":{"title":"Mancera - Kosmischer Pfeffer - Riklis Karto","robots":{"index":"index","follow":"follow","max-snippet":"max-snippet:-1","max-image-preview":"max-image-preview:large","max-video-preview":"max-video-preview:-1"},"canonical":"https:\/\/rikliskarto.com\/de\/nischen-parfum\/mancera-parfum-de\/mancera-kosmischer-pfeffer\/","og_locale":"de_DE","og_type":"article","og_title":"Mancera - Kosmischer Pfeffer - Riklis Karto","og_description":"Mancera Cosmic Pepper ist ein kr\u00e4ftiger und w\u00fcrziger Duft, der den Abenteuergeist anspricht. Die Kopfnoten aus schwarzem Pfeffer und Bergamotte geben mit einem scharfen, frischen Auftakt den Ton an. Das...","og_url":"https:\/\/rikliskarto.com\/de\/nischen-parfum\/mancera-parfum-de\/mancera-kosmischer-pfeffer\/","og_site_name":"Riklis Karto","article_modified_time":"2025-06-12T09:49:47+00:00","og_image":[{"width":1000,"height":1000,"url":"https:\/\/rikliskarto.com\/wp-content\/uploads\/2024\/11\/cosmicpepper_60ml.png","type":"image\/webp"}],"twitter_card":"summary_large_image","schema":{"@context":"https:\/\/schema.org","@graph":[{"@type":"WebPage","@id":"https:\/\/rikliskarto.com\/de\/nischen-parfum\/mancera-parfum-de\/mancera-kosmischer-pfeffer\/","url":"https:\/\/rikliskarto.com\/de\/nischen-parfum\/mancera-parfum-de\/mancera-kosmischer-pfeffer\/","name":"Mancera - Kosmischer Pfeffer - Riklis Karto","isPartOf":{"@id":"https:\/\/rikliskarto.com\/de\/#website"},"primaryImageOfPage":{"@id":"https:\/\/rikliskarto.com\/de\/nischen-parfum\/mancera-parfum-de\/mancera-kosmischer-pfeffer\/#primaryimage"},"image":{"@id":"https:\/\/rikliskarto.com\/de\/nischen-parfum\/mancera-parfum-de\/mancera-kosmischer-pfeffer\/#primaryimage"},"thumbnailUrl":"https:\/\/rikliskarto.com\/wp-content\/uploads\/2024\/11\/cosmicpepper_60ml.png","datePublished":"2024-06-24T07:06:51+00:00","dateModified":"2025-06-12T09:49:47+00:00","breadcrumb":{"@id":"https:\/\/rikliskarto.com\/de\/nischen-parfum\/mancera-parfum-de\/mancera-kosmischer-pfeffer\/#breadcrumb"},"inLanguage":"de","potentialAction":[{"@type":"ReadAction","target":["https:\/\/rikliskarto.com\/de\/nischen-parfum\/mancera-parfum-de\/mancera-kosmischer-pfeffer\/"]}]},{"@type":"ImageObject","inLanguage":"de","@id":"https:\/\/rikliskarto.com\/de\/nischen-parfum\/mancera-parfum-de\/mancera-kosmischer-pfeffer\/#primaryimage","url":"https:\/\/rikliskarto.com\/wp-content\/uploads\/2024\/11\/cosmicpepper_60ml.png","contentUrl":"https:\/\/rikliskarto.com\/wp-content\/uploads\/2024\/11\/cosmicpepper_60ml.png","width":1000,"height":1000},{"@type":"BreadcrumbList","@id":"https:\/\/rikliskarto.com\/de\/nischen-parfum\/mancera-parfum-de\/mancera-kosmischer-pfeffer\/#breadcrumb","itemListElement":[{"@type":"ListItem","position":1,"name":"Home","item":"https:\/\/rikliskarto.com\/de\/heim\/"},{"@type":"ListItem","position":2,"name":"Priv\u00e9: Laden","item":"https:\/\/rikliskarto.com\/de\/shop\/"},{"@type":"ListItem","position":3,"name":"Mancera &#8211; Kosmischer Pfeffer"}]},{"@type":"WebSite","@id":"https:\/\/rikliskarto.com\/de\/#website","url":"https:\/\/rikliskarto.com\/de\/","name":"Riklis Karto","description":"Ontdek de beste Niche Parfum &amp; Geurkaarsen.","potentialAction":[{"@type":"SearchAction","target":{"@type":"EntryPoint","urlTemplate":"https:\/\/rikliskarto.com\/de\/?s={search_term_string}"},"query-input":{"@type":"PropertyValueSpecification","valueRequired":true,"valueName":"search_term_string"}}],"inLanguage":"de"}]}},"_links":{"self":[{"href":"https:\/\/rikliskarto.com\/de\/wp-json\/wp\/v2\/product\/16765","targetHints":{"allow":["GET"]}}],"collection":[{"href":"https:\/\/rikliskarto.com\/de\/wp-json\/wp\/v2\/product"}],"about":[{"href":"https:\/\/rikliskarto.com\/de\/wp-json\/wp\/v2\/types\/product"}],"replies":[{"embeddable":true,"href":"https:\/\/rikliskarto.com\/de\/wp-json\/wp\/v2\/comments?post=16765"}],"wp:featuredmedia":[{"embeddable":true,"href":"https:\/\/rikliskarto.com\/de\/wp-json\/wp\/v2\/media\/17703"}],"wp:attachment":[{"href":"https:\/\/rikliskarto.com\/de\/wp-json\/wp\/v2\/media?parent=16765"}],"wp:term":[{"taxonomy":"product_brand","embeddable":true,"href":"https:\/\/rikliskarto.com\/de\/wp-json\/wp\/v2\/product_brand?post=16765"},{"taxonomy":"product_cat","embeddable":true,"href":"https:\/\/rikliskarto.com\/de\/wp-json\/wp\/v2\/product_cat?post=16765"},{"taxonomy":"product_tag","embeddable":true,"href":"https:\/\/rikliskarto.com\/de\/wp-json\/wp\/v2\/product_tag?post=16765"}],"curies":[{"name":"wp","href":"https:\/\/api.w.org\/{rel}","templated":true}]}}