{"id":16760,"date":"2024-06-24T08:56:09","date_gmt":"2024-06-24T06:56:09","guid":{"rendered":"https:\/\/rikliskarto.com\/shop\/mancera-bernsteinfarben\/"},"modified":"2025-06-12T11:49:51","modified_gmt":"2025-06-12T09:49:51","slug":"mancera-bernsteinfarben","status":"publish","type":"product","link":"https:\/\/rikliskarto.com\/de\/nischen-parfum\/mancera-parfum-de\/mancera-bernsteinfarben\/","title":{"rendered":"Mancera &#8211; Bernsteinfarben"},"content":{"rendered":"<p>Mancera Amberful ist ein fesselnder Duft, der die Sinne mit reichen, warmen Noten von Amber und Holz weckt. Dieses Unisex-Parfum er\u00f6ffnet mit frischen Akzenten von Bergamotte und Geranie, die sich zu einem Herz aus Jasmin und Patchouli entwickeln. Die Basis aus Amber, Holz und Vanille sorgt f\u00fcr ein tiefes und langanhaltendes Dufterlebnis. Amberful ist ein vielseitiger Duft, der sowohl f\u00fcr den Tag als auch f\u00fcr die Nacht geeignet ist und Luxus und Raffinesse ausstrahlt.<\/p>\n","protected":false},"excerpt":{"rendered":"<p>Mancera Amberful ist ein fesselnder Duft, der die Sinne mit reichen, warmen Noten von Amber und Holz weckt. Dieses Unisex-Parfum er\u00f6ffnet mit frischen Akzenten von Bergamotte und Geranie, die sich&#8230;<\/p>\n","protected":false},"featured_media":15008,"comment_status":"open","ping_status":"closed","template":"","meta":{"_acf_changed":false},"product_brand":[],"product_cat":[862,1685],"product_tag":[],"class_list":{"0":"post-16760","1":"product","2":"type-product","3":"status-publish","4":"has-post-thumbnail","6":"product_cat-nischen-parfum","7":"product_cat-mancera-parfum-de","8":"brand-mancera-parfum-de","9":"scent-note-basisnoten-de","10":"scent-note-bernstein","11":"scent-note-calabrie-bergamot-de","12":"scent-note-hartnoten-de","13":"scent-note-mos-de","14":"scent-note-nootmuskaat-de","15":"scent-note-patchouli-de","16":"scent-note-roze-peper-de","17":"scent-note-topnoten-de","18":"scent-note-viooltje-de","19":"scent-note-yuzu-de","20":"scent-note-zedern","21":"composition-aarde-de","22":"composition-amber-de","23":"composition-bleomig-de","24":"composition-citrusvruchten-de","25":"composition-fris-kruidig-de","26":"composition-groen-de","27":"composition-houtachtig-de","28":"composition-poederig-de","29":"fragrance-family-amber-de","30":"fragrance-family-woody-oriental-de","31":"formule-eau-de-parfum-de","32":"style-businesslike-de","33":"style-luxe-de","34":"style-sexy-de","35":"style-trendy-de","36":"season-herfst-de","37":"season-lente-de","38":"season-zomer-de","39":"occasion-date-de","40":"occasion-diner-de","41":"occasion-vrije-tijd-de","42":"gender-man-de","43":"gender-unisex-de","44":"gender-vrouw-de","46":"first","47":"instock","48":"purchasable","49":"product-type-variable","50":"has-default-attributes"},"acf":[],"yoast_head":"<!-- This site is optimized with the Yoast SEO plugin v25.9 - https:\/\/yoast.com\/wordpress\/plugins\/seo\/ -->\n<title>Mancera - Bernsteinfarben - Riklis Karto<\/title>\n<meta name=\"robots\" content=\"index, follow, max-snippet:-1, max-image-preview:large, max-video-preview:-1\" \/>\n<link rel=\"canonical\" href=\"https:\/\/rikliskarto.com\/de\/nischen-parfum\/mancera-parfum-de\/mancera-bernsteinfarben\/\" \/>\n<meta property=\"og:locale\" content=\"de_DE\" \/>\n<meta property=\"og:type\" content=\"article\" \/>\n<meta property=\"og:title\" content=\"Mancera - Bernsteinfarben - Riklis Karto\" \/>\n<meta property=\"og:description\" content=\"Mancera Amberful ist ein fesselnder Duft, der die Sinne mit reichen, warmen Noten von Amber und Holz weckt. Dieses Unisex-Parfum er\u00f6ffnet mit frischen Akzenten von Bergamotte und Geranie, die sich...\" \/>\n<meta property=\"og:url\" content=\"https:\/\/rikliskarto.com\/de\/nischen-parfum\/mancera-parfum-de\/mancera-bernsteinfarben\/\" \/>\n<meta property=\"og:site_name\" content=\"Riklis Karto\" \/>\n<meta property=\"article:modified_time\" content=\"2025-06-12T09:49:51+00:00\" \/>\n<meta property=\"og:image\" content=\"https:\/\/rikliskarto.com\/wp-content\/uploads\/2024\/06\/amberfulmarch60.png\" \/>\n\t<meta property=\"og:image:width\" content=\"1000\" \/>\n\t<meta property=\"og:image:height\" content=\"1000\" \/>\n\t<meta property=\"og:image:type\" content=\"image\/png\" \/>\n<meta name=\"twitter:card\" content=\"summary_large_image\" \/>\n<script type=\"application\/ld+json\" class=\"yoast-schema-graph\">{\"@context\":\"https:\/\/schema.org\",\"@graph\":[{\"@type\":\"WebPage\",\"@id\":\"https:\/\/rikliskarto.com\/de\/nischen-parfum\/mancera-parfum-de\/mancera-bernsteinfarben\/\",\"url\":\"https:\/\/rikliskarto.com\/de\/nischen-parfum\/mancera-parfum-de\/mancera-bernsteinfarben\/\",\"name\":\"Mancera - Bernsteinfarben - Riklis Karto\",\"isPartOf\":{\"@id\":\"https:\/\/rikliskarto.com\/de\/#website\"},\"primaryImageOfPage\":{\"@id\":\"https:\/\/rikliskarto.com\/de\/nischen-parfum\/mancera-parfum-de\/mancera-bernsteinfarben\/#primaryimage\"},\"image\":{\"@id\":\"https:\/\/rikliskarto.com\/de\/nischen-parfum\/mancera-parfum-de\/mancera-bernsteinfarben\/#primaryimage\"},\"thumbnailUrl\":\"https:\/\/rikliskarto.com\/wp-content\/uploads\/2024\/06\/amberfulmarch60.png\",\"datePublished\":\"2024-06-24T06:56:09+00:00\",\"dateModified\":\"2025-06-12T09:49:51+00:00\",\"breadcrumb\":{\"@id\":\"https:\/\/rikliskarto.com\/de\/nischen-parfum\/mancera-parfum-de\/mancera-bernsteinfarben\/#breadcrumb\"},\"inLanguage\":\"de\",\"potentialAction\":[{\"@type\":\"ReadAction\",\"target\":[\"https:\/\/rikliskarto.com\/de\/nischen-parfum\/mancera-parfum-de\/mancera-bernsteinfarben\/\"]}]},{\"@type\":\"ImageObject\",\"inLanguage\":\"de\",\"@id\":\"https:\/\/rikliskarto.com\/de\/nischen-parfum\/mancera-parfum-de\/mancera-bernsteinfarben\/#primaryimage\",\"url\":\"https:\/\/rikliskarto.com\/wp-content\/uploads\/2024\/06\/amberfulmarch60.png\",\"contentUrl\":\"https:\/\/rikliskarto.com\/wp-content\/uploads\/2024\/06\/amberfulmarch60.png\",\"width\":1000,\"height\":1000},{\"@type\":\"BreadcrumbList\",\"@id\":\"https:\/\/rikliskarto.com\/de\/nischen-parfum\/mancera-parfum-de\/mancera-bernsteinfarben\/#breadcrumb\",\"itemListElement\":[{\"@type\":\"ListItem\",\"position\":1,\"name\":\"Home\",\"item\":\"https:\/\/rikliskarto.com\/de\/heim\/\"},{\"@type\":\"ListItem\",\"position\":2,\"name\":\"Priv\u00e9: Laden\",\"item\":\"https:\/\/rikliskarto.com\/de\/shop\/\"},{\"@type\":\"ListItem\",\"position\":3,\"name\":\"Mancera &#8211; Bernsteinfarben\"}]},{\"@type\":\"WebSite\",\"@id\":\"https:\/\/rikliskarto.com\/de\/#website\",\"url\":\"https:\/\/rikliskarto.com\/de\/\",\"name\":\"Riklis Karto\",\"description\":\"Ontdek de beste Niche Parfum &amp; Geurkaarsen.\",\"potentialAction\":[{\"@type\":\"SearchAction\",\"target\":{\"@type\":\"EntryPoint\",\"urlTemplate\":\"https:\/\/rikliskarto.com\/de\/?s={search_term_string}\"},\"query-input\":{\"@type\":\"PropertyValueSpecification\",\"valueRequired\":true,\"valueName\":\"search_term_string\"}}],\"inLanguage\":\"de\"}]}<\/script>\n<!-- \/ Yoast SEO plugin. -->","yoast_head_json":{"title":"Mancera - Bernsteinfarben - Riklis Karto","robots":{"index":"index","follow":"follow","max-snippet":"max-snippet:-1","max-image-preview":"max-image-preview:large","max-video-preview":"max-video-preview:-1"},"canonical":"https:\/\/rikliskarto.com\/de\/nischen-parfum\/mancera-parfum-de\/mancera-bernsteinfarben\/","og_locale":"de_DE","og_type":"article","og_title":"Mancera - Bernsteinfarben - Riklis Karto","og_description":"Mancera Amberful ist ein fesselnder Duft, der die Sinne mit reichen, warmen Noten von Amber und Holz weckt. Dieses Unisex-Parfum er\u00f6ffnet mit frischen Akzenten von Bergamotte und Geranie, die sich...","og_url":"https:\/\/rikliskarto.com\/de\/nischen-parfum\/mancera-parfum-de\/mancera-bernsteinfarben\/","og_site_name":"Riklis Karto","article_modified_time":"2025-06-12T09:49:51+00:00","og_image":[{"width":1000,"height":1000,"url":"https:\/\/rikliskarto.com\/wp-content\/uploads\/2024\/06\/amberfulmarch60.png","type":"image\/png"}],"twitter_card":"summary_large_image","schema":{"@context":"https:\/\/schema.org","@graph":[{"@type":"WebPage","@id":"https:\/\/rikliskarto.com\/de\/nischen-parfum\/mancera-parfum-de\/mancera-bernsteinfarben\/","url":"https:\/\/rikliskarto.com\/de\/nischen-parfum\/mancera-parfum-de\/mancera-bernsteinfarben\/","name":"Mancera - Bernsteinfarben - Riklis Karto","isPartOf":{"@id":"https:\/\/rikliskarto.com\/de\/#website"},"primaryImageOfPage":{"@id":"https:\/\/rikliskarto.com\/de\/nischen-parfum\/mancera-parfum-de\/mancera-bernsteinfarben\/#primaryimage"},"image":{"@id":"https:\/\/rikliskarto.com\/de\/nischen-parfum\/mancera-parfum-de\/mancera-bernsteinfarben\/#primaryimage"},"thumbnailUrl":"https:\/\/rikliskarto.com\/wp-content\/uploads\/2024\/06\/amberfulmarch60.png","datePublished":"2024-06-24T06:56:09+00:00","dateModified":"2025-06-12T09:49:51+00:00","breadcrumb":{"@id":"https:\/\/rikliskarto.com\/de\/nischen-parfum\/mancera-parfum-de\/mancera-bernsteinfarben\/#breadcrumb"},"inLanguage":"de","potentialAction":[{"@type":"ReadAction","target":["https:\/\/rikliskarto.com\/de\/nischen-parfum\/mancera-parfum-de\/mancera-bernsteinfarben\/"]}]},{"@type":"ImageObject","inLanguage":"de","@id":"https:\/\/rikliskarto.com\/de\/nischen-parfum\/mancera-parfum-de\/mancera-bernsteinfarben\/#primaryimage","url":"https:\/\/rikliskarto.com\/wp-content\/uploads\/2024\/06\/amberfulmarch60.png","contentUrl":"https:\/\/rikliskarto.com\/wp-content\/uploads\/2024\/06\/amberfulmarch60.png","width":1000,"height":1000},{"@type":"BreadcrumbList","@id":"https:\/\/rikliskarto.com\/de\/nischen-parfum\/mancera-parfum-de\/mancera-bernsteinfarben\/#breadcrumb","itemListElement":[{"@type":"ListItem","position":1,"name":"Home","item":"https:\/\/rikliskarto.com\/de\/heim\/"},{"@type":"ListItem","position":2,"name":"Priv\u00e9: Laden","item":"https:\/\/rikliskarto.com\/de\/shop\/"},{"@type":"ListItem","position":3,"name":"Mancera &#8211; Bernsteinfarben"}]},{"@type":"WebSite","@id":"https:\/\/rikliskarto.com\/de\/#website","url":"https:\/\/rikliskarto.com\/de\/","name":"Riklis Karto","description":"Ontdek de beste Niche Parfum &amp; Geurkaarsen.","potentialAction":[{"@type":"SearchAction","target":{"@type":"EntryPoint","urlTemplate":"https:\/\/rikliskarto.com\/de\/?s={search_term_string}"},"query-input":{"@type":"PropertyValueSpecification","valueRequired":true,"valueName":"search_term_string"}}],"inLanguage":"de"}]}},"_links":{"self":[{"href":"https:\/\/rikliskarto.com\/de\/wp-json\/wp\/v2\/product\/16760","targetHints":{"allow":["GET"]}}],"collection":[{"href":"https:\/\/rikliskarto.com\/de\/wp-json\/wp\/v2\/product"}],"about":[{"href":"https:\/\/rikliskarto.com\/de\/wp-json\/wp\/v2\/types\/product"}],"replies":[{"embeddable":true,"href":"https:\/\/rikliskarto.com\/de\/wp-json\/wp\/v2\/comments?post=16760"}],"wp:featuredmedia":[{"embeddable":true,"href":"https:\/\/rikliskarto.com\/de\/wp-json\/wp\/v2\/media\/15008"}],"wp:attachment":[{"href":"https:\/\/rikliskarto.com\/de\/wp-json\/wp\/v2\/media?parent=16760"}],"wp:term":[{"taxonomy":"product_brand","embeddable":true,"href":"https:\/\/rikliskarto.com\/de\/wp-json\/wp\/v2\/product_brand?post=16760"},{"taxonomy":"product_cat","embeddable":true,"href":"https:\/\/rikliskarto.com\/de\/wp-json\/wp\/v2\/product_cat?post=16760"},{"taxonomy":"product_tag","embeddable":true,"href":"https:\/\/rikliskarto.com\/de\/wp-json\/wp\/v2\/product_tag?post=16760"}],"curies":[{"name":"wp","href":"https:\/\/api.w.org\/{rel}","templated":true}]}}