{"id":16754,"date":"2024-06-24T09:05:04","date_gmt":"2024-06-24T07:05:04","guid":{"rendered":"https:\/\/rikliskarto.com\/shop\/mancera-bernsteinfieber\/"},"modified":"2025-06-12T11:49:48","modified_gmt":"2025-06-12T09:49:48","slug":"mancera-bernsteinfieber","status":"publish","type":"product","link":"https:\/\/rikliskarto.com\/de\/nischen-parfum\/mancera-parfum-de\/mancera-bernsteinfieber\/","title":{"rendered":"Mancera &#8211; Bernsteinfieber"},"content":{"rendered":"<p>Mancera Amber Fever ist eine k\u00f6stliche Mischung aus Amber- und Gourmand-Noten, perfekt f\u00fcr Liebhaber von warmen und s\u00fc\u00dfen D\u00fcften. Die Kopfnoten von Whiskey, Karamell und Tonkabohne er\u00f6ffnen den Duft mit einer dekadenten S\u00fc\u00dfe, w\u00e4hrend die Herznoten von Rose, Jasmin und Eichenmoos eine blumige Note verleihen. Die Basis aus Amber, Teak und Moschus sorgt f\u00fcr ein s\u00fcchtig machendes und langanhaltendes Dufterlebnis. Ideal f\u00fcr einen Abend oder besondere Anl\u00e4sse.<\/p>\n","protected":false},"excerpt":{"rendered":"<p>Mancera Amber Fever ist eine k\u00f6stliche Mischung aus Amber- und Gourmand-Noten, perfekt f\u00fcr Liebhaber von warmen und s\u00fc\u00dfen D\u00fcften. Die Kopfnoten von Whiskey, Karamell und Tonkabohne er\u00f6ffnen den Duft mit&#8230;<\/p>\n","protected":false},"featured_media":17697,"comment_status":"open","ping_status":"closed","template":"","meta":{"_acf_changed":false},"product_brand":[],"product_cat":[862,1685],"product_tag":[],"class_list":{"0":"post-16754","1":"product","2":"type-product","3":"status-publish","4":"has-post-thumbnail","6":"product_cat-nischen-parfum","7":"product_cat-mancera-parfum-de","8":"brand-mancera-parfum-de","9":"scent-note-basisnoten-de","10":"scent-note-bernstein","11":"scent-note-eikenmos-de","12":"scent-note-hartnoten-de","13":"scent-note-hazelnoot-topnoten-de","14":"scent-note-jasmijn-de","15":"scent-note-rozen-de","16":"scent-note-teakhout-de","17":"scent-note-topnoten-de","18":"scent-note-viooltje-de","19":"scent-note-whiskey-de","20":"scent-note-witte-musk-de","21":"composition-amber-de","22":"composition-houtachtig-de","23":"composition-karamel-de","24":"composition-musk-de","25":"composition-poederig-de","26":"composition-roos-de","27":"composition-vanille-de","28":"composition-zoet-de","29":"fragrance-family-floral-de","30":"fragrance-family-gourmand-de","31":"fragrance-family-woods-de","32":"formule-eau-de-parfum-de","33":"style-casual-de","34":"style-luxe-de","35":"style-sexy-de","36":"style-trendy-de","37":"season-herfst-de","38":"season-lente-de","39":"season-winter-de","40":"season-zomer-de","41":"occasion-date-de","42":"occasion-diner-de","43":"occasion-vrije-tijd-de","44":"occasion-werk-de","45":"gender-man-de","46":"gender-unisex-de","47":"gender-vrouw-de","49":"first","50":"instock","51":"purchasable","52":"product-type-variable"},"acf":[],"yoast_head":"<!-- This site is optimized with the Yoast SEO plugin v25.9 - https:\/\/yoast.com\/wordpress\/plugins\/seo\/ -->\n<title>Mancera - Bernsteinfieber - Riklis Karto<\/title>\n<meta name=\"robots\" content=\"index, follow, max-snippet:-1, max-image-preview:large, max-video-preview:-1\" \/>\n<link rel=\"canonical\" href=\"https:\/\/rikliskarto.com\/de\/nischen-parfum\/mancera-parfum-de\/mancera-bernsteinfieber\/\" \/>\n<meta property=\"og:locale\" content=\"de_DE\" \/>\n<meta property=\"og:type\" content=\"article\" \/>\n<meta property=\"og:title\" content=\"Mancera - Bernsteinfieber - Riklis Karto\" \/>\n<meta property=\"og:description\" content=\"Mancera Amber Fever ist eine k\u00f6stliche Mischung aus Amber- und Gourmand-Noten, perfekt f\u00fcr Liebhaber von warmen und s\u00fc\u00dfen D\u00fcften. Die Kopfnoten von Whiskey, Karamell und Tonkabohne er\u00f6ffnen den Duft mit...\" \/>\n<meta property=\"og:url\" content=\"https:\/\/rikliskarto.com\/de\/nischen-parfum\/mancera-parfum-de\/mancera-bernsteinfieber\/\" \/>\n<meta property=\"og:site_name\" content=\"Riklis Karto\" \/>\n<meta property=\"article:modified_time\" content=\"2025-06-12T09:49:48+00:00\" \/>\n<meta property=\"og:image\" content=\"https:\/\/rikliskarto.com\/wp-content\/uploads\/2024\/11\/amberfever60.png\" \/>\n\t<meta property=\"og:image:width\" content=\"1000\" \/>\n\t<meta property=\"og:image:height\" content=\"1000\" \/>\n\t<meta property=\"og:image:type\" content=\"image\/webp\" \/>\n<meta name=\"twitter:card\" content=\"summary_large_image\" \/>\n<script type=\"application\/ld+json\" class=\"yoast-schema-graph\">{\"@context\":\"https:\/\/schema.org\",\"@graph\":[{\"@type\":\"WebPage\",\"@id\":\"https:\/\/rikliskarto.com\/de\/nischen-parfum\/mancera-parfum-de\/mancera-bernsteinfieber\/\",\"url\":\"https:\/\/rikliskarto.com\/de\/nischen-parfum\/mancera-parfum-de\/mancera-bernsteinfieber\/\",\"name\":\"Mancera - Bernsteinfieber - Riklis Karto\",\"isPartOf\":{\"@id\":\"https:\/\/rikliskarto.com\/de\/#website\"},\"primaryImageOfPage\":{\"@id\":\"https:\/\/rikliskarto.com\/de\/nischen-parfum\/mancera-parfum-de\/mancera-bernsteinfieber\/#primaryimage\"},\"image\":{\"@id\":\"https:\/\/rikliskarto.com\/de\/nischen-parfum\/mancera-parfum-de\/mancera-bernsteinfieber\/#primaryimage\"},\"thumbnailUrl\":\"https:\/\/rikliskarto.com\/wp-content\/uploads\/2024\/11\/amberfever60.png\",\"datePublished\":\"2024-06-24T07:05:04+00:00\",\"dateModified\":\"2025-06-12T09:49:48+00:00\",\"breadcrumb\":{\"@id\":\"https:\/\/rikliskarto.com\/de\/nischen-parfum\/mancera-parfum-de\/mancera-bernsteinfieber\/#breadcrumb\"},\"inLanguage\":\"de\",\"potentialAction\":[{\"@type\":\"ReadAction\",\"target\":[\"https:\/\/rikliskarto.com\/de\/nischen-parfum\/mancera-parfum-de\/mancera-bernsteinfieber\/\"]}]},{\"@type\":\"ImageObject\",\"inLanguage\":\"de\",\"@id\":\"https:\/\/rikliskarto.com\/de\/nischen-parfum\/mancera-parfum-de\/mancera-bernsteinfieber\/#primaryimage\",\"url\":\"https:\/\/rikliskarto.com\/wp-content\/uploads\/2024\/11\/amberfever60.png\",\"contentUrl\":\"https:\/\/rikliskarto.com\/wp-content\/uploads\/2024\/11\/amberfever60.png\",\"width\":1000,\"height\":1000},{\"@type\":\"BreadcrumbList\",\"@id\":\"https:\/\/rikliskarto.com\/de\/nischen-parfum\/mancera-parfum-de\/mancera-bernsteinfieber\/#breadcrumb\",\"itemListElement\":[{\"@type\":\"ListItem\",\"position\":1,\"name\":\"Home\",\"item\":\"https:\/\/rikliskarto.com\/de\/heim\/\"},{\"@type\":\"ListItem\",\"position\":2,\"name\":\"Priv\u00e9: Laden\",\"item\":\"https:\/\/rikliskarto.com\/de\/shop\/\"},{\"@type\":\"ListItem\",\"position\":3,\"name\":\"Mancera &#8211; Bernsteinfieber\"}]},{\"@type\":\"WebSite\",\"@id\":\"https:\/\/rikliskarto.com\/de\/#website\",\"url\":\"https:\/\/rikliskarto.com\/de\/\",\"name\":\"Riklis Karto\",\"description\":\"Ontdek de beste Niche Parfum &amp; Geurkaarsen.\",\"potentialAction\":[{\"@type\":\"SearchAction\",\"target\":{\"@type\":\"EntryPoint\",\"urlTemplate\":\"https:\/\/rikliskarto.com\/de\/?s={search_term_string}\"},\"query-input\":{\"@type\":\"PropertyValueSpecification\",\"valueRequired\":true,\"valueName\":\"search_term_string\"}}],\"inLanguage\":\"de\"}]}<\/script>\n<!-- \/ Yoast SEO plugin. -->","yoast_head_json":{"title":"Mancera - Bernsteinfieber - Riklis Karto","robots":{"index":"index","follow":"follow","max-snippet":"max-snippet:-1","max-image-preview":"max-image-preview:large","max-video-preview":"max-video-preview:-1"},"canonical":"https:\/\/rikliskarto.com\/de\/nischen-parfum\/mancera-parfum-de\/mancera-bernsteinfieber\/","og_locale":"de_DE","og_type":"article","og_title":"Mancera - Bernsteinfieber - Riklis Karto","og_description":"Mancera Amber Fever ist eine k\u00f6stliche Mischung aus Amber- und Gourmand-Noten, perfekt f\u00fcr Liebhaber von warmen und s\u00fc\u00dfen D\u00fcften. Die Kopfnoten von Whiskey, Karamell und Tonkabohne er\u00f6ffnen den Duft mit...","og_url":"https:\/\/rikliskarto.com\/de\/nischen-parfum\/mancera-parfum-de\/mancera-bernsteinfieber\/","og_site_name":"Riklis Karto","article_modified_time":"2025-06-12T09:49:48+00:00","og_image":[{"width":1000,"height":1000,"url":"https:\/\/rikliskarto.com\/wp-content\/uploads\/2024\/11\/amberfever60.png","type":"image\/webp"}],"twitter_card":"summary_large_image","schema":{"@context":"https:\/\/schema.org","@graph":[{"@type":"WebPage","@id":"https:\/\/rikliskarto.com\/de\/nischen-parfum\/mancera-parfum-de\/mancera-bernsteinfieber\/","url":"https:\/\/rikliskarto.com\/de\/nischen-parfum\/mancera-parfum-de\/mancera-bernsteinfieber\/","name":"Mancera - Bernsteinfieber - Riklis Karto","isPartOf":{"@id":"https:\/\/rikliskarto.com\/de\/#website"},"primaryImageOfPage":{"@id":"https:\/\/rikliskarto.com\/de\/nischen-parfum\/mancera-parfum-de\/mancera-bernsteinfieber\/#primaryimage"},"image":{"@id":"https:\/\/rikliskarto.com\/de\/nischen-parfum\/mancera-parfum-de\/mancera-bernsteinfieber\/#primaryimage"},"thumbnailUrl":"https:\/\/rikliskarto.com\/wp-content\/uploads\/2024\/11\/amberfever60.png","datePublished":"2024-06-24T07:05:04+00:00","dateModified":"2025-06-12T09:49:48+00:00","breadcrumb":{"@id":"https:\/\/rikliskarto.com\/de\/nischen-parfum\/mancera-parfum-de\/mancera-bernsteinfieber\/#breadcrumb"},"inLanguage":"de","potentialAction":[{"@type":"ReadAction","target":["https:\/\/rikliskarto.com\/de\/nischen-parfum\/mancera-parfum-de\/mancera-bernsteinfieber\/"]}]},{"@type":"ImageObject","inLanguage":"de","@id":"https:\/\/rikliskarto.com\/de\/nischen-parfum\/mancera-parfum-de\/mancera-bernsteinfieber\/#primaryimage","url":"https:\/\/rikliskarto.com\/wp-content\/uploads\/2024\/11\/amberfever60.png","contentUrl":"https:\/\/rikliskarto.com\/wp-content\/uploads\/2024\/11\/amberfever60.png","width":1000,"height":1000},{"@type":"BreadcrumbList","@id":"https:\/\/rikliskarto.com\/de\/nischen-parfum\/mancera-parfum-de\/mancera-bernsteinfieber\/#breadcrumb","itemListElement":[{"@type":"ListItem","position":1,"name":"Home","item":"https:\/\/rikliskarto.com\/de\/heim\/"},{"@type":"ListItem","position":2,"name":"Priv\u00e9: Laden","item":"https:\/\/rikliskarto.com\/de\/shop\/"},{"@type":"ListItem","position":3,"name":"Mancera &#8211; Bernsteinfieber"}]},{"@type":"WebSite","@id":"https:\/\/rikliskarto.com\/de\/#website","url":"https:\/\/rikliskarto.com\/de\/","name":"Riklis Karto","description":"Ontdek de beste Niche Parfum &amp; Geurkaarsen.","potentialAction":[{"@type":"SearchAction","target":{"@type":"EntryPoint","urlTemplate":"https:\/\/rikliskarto.com\/de\/?s={search_term_string}"},"query-input":{"@type":"PropertyValueSpecification","valueRequired":true,"valueName":"search_term_string"}}],"inLanguage":"de"}]}},"_links":{"self":[{"href":"https:\/\/rikliskarto.com\/de\/wp-json\/wp\/v2\/product\/16754","targetHints":{"allow":["GET"]}}],"collection":[{"href":"https:\/\/rikliskarto.com\/de\/wp-json\/wp\/v2\/product"}],"about":[{"href":"https:\/\/rikliskarto.com\/de\/wp-json\/wp\/v2\/types\/product"}],"replies":[{"embeddable":true,"href":"https:\/\/rikliskarto.com\/de\/wp-json\/wp\/v2\/comments?post=16754"}],"wp:featuredmedia":[{"embeddable":true,"href":"https:\/\/rikliskarto.com\/de\/wp-json\/wp\/v2\/media\/17697"}],"wp:attachment":[{"href":"https:\/\/rikliskarto.com\/de\/wp-json\/wp\/v2\/media?parent=16754"}],"wp:term":[{"taxonomy":"product_brand","embeddable":true,"href":"https:\/\/rikliskarto.com\/de\/wp-json\/wp\/v2\/product_brand?post=16754"},{"taxonomy":"product_cat","embeddable":true,"href":"https:\/\/rikliskarto.com\/de\/wp-json\/wp\/v2\/product_cat?post=16754"},{"taxonomy":"product_tag","embeddable":true,"href":"https:\/\/rikliskarto.com\/de\/wp-json\/wp\/v2\/product_tag?post=16754"}],"curies":[{"name":"wp","href":"https:\/\/api.w.org\/{rel}","templated":true}]}}