{"id":16747,"date":"2024-06-20T11:50:32","date_gmt":"2024-06-20T09:50:32","guid":{"rendered":"https:\/\/rikliskarto.com\/shop\/montale-unendlichkeit\/"},"modified":"2025-06-12T11:50:04","modified_gmt":"2025-06-12T09:50:04","slug":"montale-unendlichkeit","status":"publish","type":"product","link":"https:\/\/rikliskarto.com\/de\/nischen-parfum\/montale-parfum-de\/montale-unendlichkeit\/","title":{"rendered":"Montale &#8211; Unendlichkeit"},"content":{"rendered":"<h2>Die Unendlichkeit von Montale<\/h2>\n<p>Der Infinity von Montale ist ein reichhaltiger Unisex-Duft, der 2023 zu Ehren des 20-j\u00e4hrigen Jubil\u00e4ums der Marke auf den Markt gebracht wurde. Der Duft zeichnet sich durch die perfekte Kombination aus reichhaltiger, s\u00fc\u00dfer Komposition aus, die sowohl fruchtige als auch w\u00fcrzige Duftnoten mit sich bringt. <\/p>\n<p>Wenn Sie den Duft auftragen, werden Sie feststellen, dass sich das Parf\u00fcm mit einer s\u00fc\u00dfen und fruchtigen Mischung er\u00f6ffnet, gefolgt von einer Kombination aus blumigen und holzigen D\u00fcften. Abgerundet wird dies mit einem sinnlichen Finish aus Amber, Tonkabohne und Vanille. <\/p>\n<p>Dieses Infinity-Parf\u00fcm von Montale ist ein wunderbarer Duft, der sowohl f\u00fcr Frauen als auch f\u00fcr M\u00e4nner getragen werden kann. Die Flasche hat ein Fassungsverm\u00f6gen von 100 ml Parf\u00fcmspray. Wie wir es von den anderen Montale Parfums gewohnt sind, wird auch das Infinity aus den besten Zutaten hergestellt. Die Duft\u00f6le sorgen f\u00fcr einen langanhaltenden Duft, den Sie lange verwenden k\u00f6nnen.   <\/p>\n<h2>Kaufen Sie Ihre Mancera Infinity<\/h2>\n<p>Feiern Sie das Leben mit diesem einzigartigen Infinity-Parf\u00fcm von Montale. Wir haben festgestellt, dass sich der s\u00fc\u00dfe und blumige Charakter des Parf\u00fcms am besten f\u00fcr die sonnigen Monate eignet. Machen Sie das Beste aus dem Sommer mit diesem besonderen Eau de Parfum von Montale. Bestellen Sie dieses leckere   <span style=\"font-size: 1rem;\"> <\/span><span style=\"font-size: 1rem;\">Infinity<\/span><span style=\"font-size: 1rem;\"> Parfum immer noch beim Parf\u00fcmexperten Riklis Karto. <\/span><\/p>\n","protected":false},"excerpt":{"rendered":"<p>Das Infinity Parfum von Montale wurde zum 20-j\u00e4hrigen Jubil\u00e4um von Montale herausgebracht. Dieses Parf\u00fcm ist daher wirklich eine Freude zu tragen. Die k\u00f6stliche Kombination aus Schwarzkirsche, der S\u00fc\u00dfe von Vanille und den holzigen Noten von Amber. Probieren Sie es aus, Sie werden sich schnell in diese besondere Duftkombination verlieben.   <\/p>\n<p><strong>Vor 14 Uhr bestellt, noch am selben Tag versendet. Bezahlen Sie anschlie\u00dfend mit klarna. <\/strong><\/p>\n","protected":false},"featured_media":17663,"comment_status":"open","ping_status":"closed","template":"","meta":{"_acf_changed":false},"product_brand":[],"product_cat":[862,1687],"product_tag":[],"class_list":{"0":"post-16747","1":"product","2":"type-product","3":"status-publish","4":"has-post-thumbnail","6":"product_cat-nischen-parfum","7":"product_cat-montale-parfum-de","8":"brand-montale-parfum-de","9":"scent-note-agarhout-de","10":"scent-note-basisnoten-de","11":"scent-note-bernstein","12":"scent-note-hartnoten-de","13":"scent-note-kardemom-de","14":"scent-note-muskus-de","15":"scent-note-pruim-de","16":"scent-note-roos-de","17":"scent-note-saffraan-de","18":"scent-note-sandelhout-hartnoten-de","19":"scent-note-tonkaboon-de","20":"scent-note-topnoten-de","21":"scent-note-tuberoos-de","22":"scent-note-vetiver-hartnoten-de","23":"composition-amber-de","24":"composition-fruitig-de","25":"composition-leer-de","26":"composition-oudh-de","27":"composition-poederig-de","28":"composition-vanille-de","29":"composition-warm-kruidig-de","30":"composition-zoet-de","31":"fragrance-family-amber-de","32":"fragrance-family-fruity-de","33":"formule-eau-de-parfum-de","34":"style-businesslike-de","35":"style-luxe-de","36":"style-sexy-de","37":"season-herfst-de","38":"season-winter-de","39":"occasion-date-de","40":"occasion-diner-de","41":"occasion-vrije-tijd-de","42":"gender-man-de","43":"gender-unisex-de","44":"gender-vrouw-de","46":"first","47":"instock","48":"purchasable","49":"product-type-variable","50":"has-default-attributes"},"acf":[],"yoast_head":"<!-- This site is optimized with the Yoast SEO plugin v25.9 - https:\/\/yoast.com\/wordpress\/plugins\/seo\/ -->\n<title>Montale Infinity Parf\u00fcm kaufen | K\u00f6stliches Eau de Parfum<\/title>\n<meta name=\"description\" content=\"Sind Sie auf der Suche nach dem k\u00f6stlichen Infinity-Parfum von Montale? Bei Riklis Karto haben wir den einzigartigen Duft auf Lager. Schauen Sie es sich online an oder besuchen Sie die Parf\u00fcmerie!\" \/>\n<meta name=\"robots\" content=\"index, follow, max-snippet:-1, max-image-preview:large, max-video-preview:-1\" \/>\n<link rel=\"canonical\" href=\"https:\/\/rikliskarto.com\/de\/nischen-parfum\/montale-parfum-de\/montale-unendlichkeit\/\" \/>\n<meta property=\"og:locale\" content=\"de_DE\" \/>\n<meta property=\"og:type\" content=\"article\" \/>\n<meta property=\"og:title\" content=\"Montale Infinity Parf\u00fcm kaufen | K\u00f6stliches Eau de Parfum\" \/>\n<meta property=\"og:description\" content=\"Sind Sie auf der Suche nach dem k\u00f6stlichen Infinity-Parfum von Montale? Bei Riklis Karto haben wir den einzigartigen Duft auf Lager. Schauen Sie es sich online an oder besuchen Sie die Parf\u00fcmerie!\" \/>\n<meta property=\"og:url\" content=\"https:\/\/rikliskarto.com\/de\/nischen-parfum\/montale-parfum-de\/montale-unendlichkeit\/\" \/>\n<meta property=\"og:site_name\" content=\"Riklis Karto\" \/>\n<meta property=\"article:modified_time\" content=\"2025-06-12T09:50:04+00:00\" \/>\n<meta property=\"og:image\" content=\"https:\/\/rikliskarto.com\/wp-content\/uploads\/2024\/11\/infinity.png\" \/>\n\t<meta property=\"og:image:width\" content=\"1000\" \/>\n\t<meta property=\"og:image:height\" content=\"1000\" \/>\n\t<meta property=\"og:image:type\" content=\"image\/webp\" \/>\n<meta name=\"twitter:card\" content=\"summary_large_image\" \/>\n<meta name=\"twitter:label1\" content=\"Gesch\u00e4tzte Lesezeit\" \/>\n\t<meta name=\"twitter:data1\" content=\"1\u00a0Minute\" \/>\n<script type=\"application\/ld+json\" class=\"yoast-schema-graph\">{\"@context\":\"https:\/\/schema.org\",\"@graph\":[{\"@type\":\"WebPage\",\"@id\":\"https:\/\/rikliskarto.com\/de\/nischen-parfum\/montale-parfum-de\/montale-unendlichkeit\/\",\"url\":\"https:\/\/rikliskarto.com\/de\/nischen-parfum\/montale-parfum-de\/montale-unendlichkeit\/\",\"name\":\"Montale Infinity Parf\u00fcm kaufen | K\u00f6stliches Eau de Parfum\",\"isPartOf\":{\"@id\":\"https:\/\/rikliskarto.com\/de\/#website\"},\"primaryImageOfPage\":{\"@id\":\"https:\/\/rikliskarto.com\/de\/nischen-parfum\/montale-parfum-de\/montale-unendlichkeit\/#primaryimage\"},\"image\":{\"@id\":\"https:\/\/rikliskarto.com\/de\/nischen-parfum\/montale-parfum-de\/montale-unendlichkeit\/#primaryimage\"},\"thumbnailUrl\":\"https:\/\/rikliskarto.com\/wp-content\/uploads\/2024\/11\/infinity.png\",\"datePublished\":\"2024-06-20T09:50:32+00:00\",\"dateModified\":\"2025-06-12T09:50:04+00:00\",\"description\":\"Sind Sie auf der Suche nach dem k\u00f6stlichen Infinity-Parfum von Montale? Bei Riklis Karto haben wir den einzigartigen Duft auf Lager. Schauen Sie es sich online an oder besuchen Sie die Parf\u00fcmerie!\",\"breadcrumb\":{\"@id\":\"https:\/\/rikliskarto.com\/de\/nischen-parfum\/montale-parfum-de\/montale-unendlichkeit\/#breadcrumb\"},\"inLanguage\":\"de\",\"potentialAction\":[{\"@type\":\"ReadAction\",\"target\":[\"https:\/\/rikliskarto.com\/de\/nischen-parfum\/montale-parfum-de\/montale-unendlichkeit\/\"]}]},{\"@type\":\"ImageObject\",\"inLanguage\":\"de\",\"@id\":\"https:\/\/rikliskarto.com\/de\/nischen-parfum\/montale-parfum-de\/montale-unendlichkeit\/#primaryimage\",\"url\":\"https:\/\/rikliskarto.com\/wp-content\/uploads\/2024\/11\/infinity.png\",\"contentUrl\":\"https:\/\/rikliskarto.com\/wp-content\/uploads\/2024\/11\/infinity.png\",\"width\":1000,\"height\":1000},{\"@type\":\"BreadcrumbList\",\"@id\":\"https:\/\/rikliskarto.com\/de\/nischen-parfum\/montale-parfum-de\/montale-unendlichkeit\/#breadcrumb\",\"itemListElement\":[{\"@type\":\"ListItem\",\"position\":1,\"name\":\"Home\",\"item\":\"https:\/\/rikliskarto.com\/de\/heim\/\"},{\"@type\":\"ListItem\",\"position\":2,\"name\":\"Priv\u00e9: Laden\",\"item\":\"https:\/\/rikliskarto.com\/de\/shop\/\"},{\"@type\":\"ListItem\",\"position\":3,\"name\":\"Montale &#8211; Unendlichkeit\"}]},{\"@type\":\"WebSite\",\"@id\":\"https:\/\/rikliskarto.com\/de\/#website\",\"url\":\"https:\/\/rikliskarto.com\/de\/\",\"name\":\"Riklis Karto\",\"description\":\"Ontdek de beste Niche Parfum &amp; Geurkaarsen.\",\"potentialAction\":[{\"@type\":\"SearchAction\",\"target\":{\"@type\":\"EntryPoint\",\"urlTemplate\":\"https:\/\/rikliskarto.com\/de\/?s={search_term_string}\"},\"query-input\":{\"@type\":\"PropertyValueSpecification\",\"valueRequired\":true,\"valueName\":\"search_term_string\"}}],\"inLanguage\":\"de\"}]}<\/script>\n<!-- \/ Yoast SEO plugin. -->","yoast_head_json":{"title":"Montale Infinity Parf\u00fcm kaufen | K\u00f6stliches Eau de Parfum","description":"Sind Sie auf der Suche nach dem k\u00f6stlichen Infinity-Parfum von Montale? Bei Riklis Karto haben wir den einzigartigen Duft auf Lager. Schauen Sie es sich online an oder besuchen Sie die Parf\u00fcmerie!","robots":{"index":"index","follow":"follow","max-snippet":"max-snippet:-1","max-image-preview":"max-image-preview:large","max-video-preview":"max-video-preview:-1"},"canonical":"https:\/\/rikliskarto.com\/de\/nischen-parfum\/montale-parfum-de\/montale-unendlichkeit\/","og_locale":"de_DE","og_type":"article","og_title":"Montale Infinity Parf\u00fcm kaufen | K\u00f6stliches Eau de Parfum","og_description":"Sind Sie auf der Suche nach dem k\u00f6stlichen Infinity-Parfum von Montale? Bei Riklis Karto haben wir den einzigartigen Duft auf Lager. Schauen Sie es sich online an oder besuchen Sie die Parf\u00fcmerie!","og_url":"https:\/\/rikliskarto.com\/de\/nischen-parfum\/montale-parfum-de\/montale-unendlichkeit\/","og_site_name":"Riklis Karto","article_modified_time":"2025-06-12T09:50:04+00:00","og_image":[{"width":1000,"height":1000,"url":"https:\/\/rikliskarto.com\/wp-content\/uploads\/2024\/11\/infinity.png","type":"image\/webp"}],"twitter_card":"summary_large_image","twitter_misc":{"Gesch\u00e4tzte Lesezeit":"1\u00a0Minute"},"schema":{"@context":"https:\/\/schema.org","@graph":[{"@type":"WebPage","@id":"https:\/\/rikliskarto.com\/de\/nischen-parfum\/montale-parfum-de\/montale-unendlichkeit\/","url":"https:\/\/rikliskarto.com\/de\/nischen-parfum\/montale-parfum-de\/montale-unendlichkeit\/","name":"Montale Infinity Parf\u00fcm kaufen | K\u00f6stliches Eau de Parfum","isPartOf":{"@id":"https:\/\/rikliskarto.com\/de\/#website"},"primaryImageOfPage":{"@id":"https:\/\/rikliskarto.com\/de\/nischen-parfum\/montale-parfum-de\/montale-unendlichkeit\/#primaryimage"},"image":{"@id":"https:\/\/rikliskarto.com\/de\/nischen-parfum\/montale-parfum-de\/montale-unendlichkeit\/#primaryimage"},"thumbnailUrl":"https:\/\/rikliskarto.com\/wp-content\/uploads\/2024\/11\/infinity.png","datePublished":"2024-06-20T09:50:32+00:00","dateModified":"2025-06-12T09:50:04+00:00","description":"Sind Sie auf der Suche nach dem k\u00f6stlichen Infinity-Parfum von Montale? Bei Riklis Karto haben wir den einzigartigen Duft auf Lager. Schauen Sie es sich online an oder besuchen Sie die Parf\u00fcmerie!","breadcrumb":{"@id":"https:\/\/rikliskarto.com\/de\/nischen-parfum\/montale-parfum-de\/montale-unendlichkeit\/#breadcrumb"},"inLanguage":"de","potentialAction":[{"@type":"ReadAction","target":["https:\/\/rikliskarto.com\/de\/nischen-parfum\/montale-parfum-de\/montale-unendlichkeit\/"]}]},{"@type":"ImageObject","inLanguage":"de","@id":"https:\/\/rikliskarto.com\/de\/nischen-parfum\/montale-parfum-de\/montale-unendlichkeit\/#primaryimage","url":"https:\/\/rikliskarto.com\/wp-content\/uploads\/2024\/11\/infinity.png","contentUrl":"https:\/\/rikliskarto.com\/wp-content\/uploads\/2024\/11\/infinity.png","width":1000,"height":1000},{"@type":"BreadcrumbList","@id":"https:\/\/rikliskarto.com\/de\/nischen-parfum\/montale-parfum-de\/montale-unendlichkeit\/#breadcrumb","itemListElement":[{"@type":"ListItem","position":1,"name":"Home","item":"https:\/\/rikliskarto.com\/de\/heim\/"},{"@type":"ListItem","position":2,"name":"Priv\u00e9: Laden","item":"https:\/\/rikliskarto.com\/de\/shop\/"},{"@type":"ListItem","position":3,"name":"Montale &#8211; Unendlichkeit"}]},{"@type":"WebSite","@id":"https:\/\/rikliskarto.com\/de\/#website","url":"https:\/\/rikliskarto.com\/de\/","name":"Riklis Karto","description":"Ontdek de beste Niche Parfum &amp; Geurkaarsen.","potentialAction":[{"@type":"SearchAction","target":{"@type":"EntryPoint","urlTemplate":"https:\/\/rikliskarto.com\/de\/?s={search_term_string}"},"query-input":{"@type":"PropertyValueSpecification","valueRequired":true,"valueName":"search_term_string"}}],"inLanguage":"de"}]}},"_links":{"self":[{"href":"https:\/\/rikliskarto.com\/de\/wp-json\/wp\/v2\/product\/16747","targetHints":{"allow":["GET"]}}],"collection":[{"href":"https:\/\/rikliskarto.com\/de\/wp-json\/wp\/v2\/product"}],"about":[{"href":"https:\/\/rikliskarto.com\/de\/wp-json\/wp\/v2\/types\/product"}],"replies":[{"embeddable":true,"href":"https:\/\/rikliskarto.com\/de\/wp-json\/wp\/v2\/comments?post=16747"}],"wp:featuredmedia":[{"embeddable":true,"href":"https:\/\/rikliskarto.com\/de\/wp-json\/wp\/v2\/media\/17663"}],"wp:attachment":[{"href":"https:\/\/rikliskarto.com\/de\/wp-json\/wp\/v2\/media?parent=16747"}],"wp:term":[{"taxonomy":"product_brand","embeddable":true,"href":"https:\/\/rikliskarto.com\/de\/wp-json\/wp\/v2\/product_brand?post=16747"},{"taxonomy":"product_cat","embeddable":true,"href":"https:\/\/rikliskarto.com\/de\/wp-json\/wp\/v2\/product_cat?post=16747"},{"taxonomy":"product_tag","embeddable":true,"href":"https:\/\/rikliskarto.com\/de\/wp-json\/wp\/v2\/product_tag?post=16747"}],"curies":[{"name":"wp","href":"https:\/\/api.w.org\/{rel}","templated":true}]}}