{"id":16741,"date":"2024-06-19T09:39:14","date_gmt":"2024-06-19T07:39:14","guid":{"rendered":"https:\/\/rikliskarto.com\/shop\/montale-mukhallat\/"},"modified":"2025-06-12T11:50:05","modified_gmt":"2025-06-12T09:50:05","slug":"montale-mukhallat","status":"publish","type":"product","link":"https:\/\/rikliskarto.com\/de\/nischen-parfum\/montale-parfum-de\/montale-mukhallat\/","title":{"rendered":"Montale &#8211; Mukhallat"},"content":{"rendered":"<h2>Mukhallat von Montale<\/h2>\n<p>Mukhallat von Montale ist ein Parfum, das den k\u00f6stlichen Duft frischer s\u00fc\u00dfer Erdbeeren mit s\u00fc\u00dfen Mandeln und Vanille kombiniert. Diese drei Zutaten klingen nur nach einer guten Basis f\u00fcr ein leckeres Parf\u00fcm. Und dem wird Montale in der Tat gerecht.  <\/p>\n<p>Um das Parfum gut auszubalancieren, wird es dezent mit wei\u00dfem Moschus als Basisnote abgerundet. So wird verhindert, dass der s\u00fc\u00dfe Geruch zu sehr dominiert. <\/p>\n<p>Obwohl es sich um einen Unisex-Duft handelt, wird er oft von Damen getragen. Wie alle anderen Parfums von Montale wird auch dieses Mukhallat Parfum aus den besten Zutaten hergestellt. Das Ergebnis ist ein starker Duft, der den ganzen Tag anh\u00e4lt und garantiert beeindruckt.  <\/p>\n<p>Das Parf\u00fcm kommt in einer 120ml Flasche und enth\u00e4lt genau 100ml Parf\u00fcmspray. Durch die hohe Qualit\u00e4t k\u00f6nnen Sie sich lange an der Harmonie von Walderdbeeren und s\u00fc\u00dfen Mandeln erfreuen. <\/p>\n<h2>Mukhallat bei Montale kaufen<\/h2>\n<p>Sind Sie auf der Suche nach einem s\u00fc\u00dfen Parf\u00fcm mit D\u00fcften von Erdbeeren, Vanille und Mandeln? Dann ist dieses Montale Mukhallat Parf\u00fcm genau das, wonach Sie suchen. Wenn Sie es vorziehen, den Duft zuerst zu probieren, laden wir Sie ein, unsere Parf\u00fcmerie in Groningen oder Zwolle zu besuchen.  <\/p>\n<p>Hier helfen wir Ihnen gerne, den richtigen Duft f\u00fcr Sie zu finden. M\u00f6chten Sie dieses k\u00f6stliche Eau de Parfum trotzdem probieren? Dann bestellen Sie noch heute dieses Mukhallat Parfum von Montale!<\/p>\n","protected":false},"excerpt":{"rendered":"<p>Das Montale Mukkhallat ist das perfekte Parfum f\u00fcr alle, die einen s\u00fc\u00dfen Erdbeerduft in Kombination mit Vanille und Mandel suchen. Zusammen entsteht eine cremige Mischung aus den drei D\u00fcften, die ausgewogen herauskommen. Ein k\u00f6stlich s\u00fc\u00dfer Duft, der genau richtig liegt und mit sinnlichen Noten von wei\u00dfem Moschus abgerundet wird.  <\/p>\n<p><strong>Vor 14 Uhr bestellt, noch am selben Tag versendet. Bezahlen Sie anschlie\u00dfend mit klarna. <\/strong><\/p>\n<p>&nbsp;<\/p>\n","protected":false},"featured_media":17683,"comment_status":"open","ping_status":"closed","template":"","meta":{"_acf_changed":false},"product_brand":[],"product_cat":[862,1687],"product_tag":[],"class_list":{"0":"post-16741","1":"product","2":"type-product","3":"status-publish","4":"has-post-thumbnail","6":"product_cat-nischen-parfum","7":"product_cat-montale-parfum-de","8":"brand-montale-parfum-de","9":"scent-note-amandel-de","10":"scent-note-balsam-de","11":"scent-note-basisnoten-de","12":"scent-note-vanille-de","13":"scent-note-witte-muskus-de","14":"composition-amandel-de","15":"composition-amber-de","16":"composition-balsemachtig-de","17":"composition-fruitig-de","18":"composition-houtachtig-de","19":"composition-musk-de","20":"composition-poederig-de","21":"composition-vanille-de","22":"composition-zoet-de","23":"fragrance-family-oriental-de","24":"formule-eau-de-parfum-de","25":"style-luxe-de","26":"style-sexy-de","27":"style-trendy-de","28":"season-lente-de","29":"season-zomer-de","30":"occasion-date-de","31":"occasion-diner-de","32":"occasion-vrije-tijd-de","33":"gender-man-de","34":"gender-unisex-de","35":"gender-vrouw-de","37":"first","38":"instock","39":"purchasable","40":"product-type-variable","41":"has-default-attributes"},"acf":[],"yoast_head":"<!-- This site is optimized with the Yoast SEO plugin v25.9 - https:\/\/yoast.com\/wordpress\/plugins\/seo\/ -->\n<title>Mukhallat Parf\u00fcm von Montale kaufen | 100 ml Eau de Parfum<\/title>\n<meta name=\"description\" content=\"Dieser Montale Mukhallat ist ein k\u00f6stlicher s\u00fc\u00dfer und warmer Duft, der Erdbeeren und Vanille perfekt mit Mandeln kombiniert. Bestellen Sie es noch heute!\" \/>\n<meta name=\"robots\" content=\"index, follow, max-snippet:-1, max-image-preview:large, max-video-preview:-1\" \/>\n<link rel=\"canonical\" href=\"https:\/\/rikliskarto.com\/de\/nischen-parfum\/montale-parfum-de\/montale-mukhallat\/\" \/>\n<meta property=\"og:locale\" content=\"de_DE\" \/>\n<meta property=\"og:type\" content=\"article\" \/>\n<meta property=\"og:title\" content=\"Mukhallat Parf\u00fcm von Montale kaufen | 100 ml Eau de Parfum\" \/>\n<meta property=\"og:description\" content=\"Dieser Montale Mukhallat ist ein k\u00f6stlicher s\u00fc\u00dfer und warmer Duft, der Erdbeeren und Vanille perfekt mit Mandeln kombiniert. Bestellen Sie es noch heute!\" \/>\n<meta property=\"og:url\" content=\"https:\/\/rikliskarto.com\/de\/nischen-parfum\/montale-parfum-de\/montale-mukhallat\/\" \/>\n<meta property=\"og:site_name\" content=\"Riklis Karto\" \/>\n<meta property=\"article:modified_time\" content=\"2025-06-12T09:50:05+00:00\" \/>\n<meta property=\"og:image\" content=\"https:\/\/rikliskarto.com\/wp-content\/uploads\/2024\/11\/mukhallat.png\" \/>\n\t<meta property=\"og:image:width\" content=\"1000\" \/>\n\t<meta property=\"og:image:height\" content=\"1000\" \/>\n\t<meta property=\"og:image:type\" content=\"image\/webp\" \/>\n<meta name=\"twitter:card\" content=\"summary_large_image\" \/>\n<meta name=\"twitter:label1\" content=\"Gesch\u00e4tzte Lesezeit\" \/>\n\t<meta name=\"twitter:data1\" content=\"1\u00a0Minute\" \/>\n<script type=\"application\/ld+json\" class=\"yoast-schema-graph\">{\"@context\":\"https:\/\/schema.org\",\"@graph\":[{\"@type\":\"WebPage\",\"@id\":\"https:\/\/rikliskarto.com\/de\/nischen-parfum\/montale-parfum-de\/montale-mukhallat\/\",\"url\":\"https:\/\/rikliskarto.com\/de\/nischen-parfum\/montale-parfum-de\/montale-mukhallat\/\",\"name\":\"Mukhallat Parf\u00fcm von Montale kaufen | 100 ml Eau de Parfum\",\"isPartOf\":{\"@id\":\"https:\/\/rikliskarto.com\/de\/#website\"},\"primaryImageOfPage\":{\"@id\":\"https:\/\/rikliskarto.com\/de\/nischen-parfum\/montale-parfum-de\/montale-mukhallat\/#primaryimage\"},\"image\":{\"@id\":\"https:\/\/rikliskarto.com\/de\/nischen-parfum\/montale-parfum-de\/montale-mukhallat\/#primaryimage\"},\"thumbnailUrl\":\"https:\/\/rikliskarto.com\/wp-content\/uploads\/2024\/11\/mukhallat.png\",\"datePublished\":\"2024-06-19T07:39:14+00:00\",\"dateModified\":\"2025-06-12T09:50:05+00:00\",\"description\":\"Dieser Montale Mukhallat ist ein k\u00f6stlicher s\u00fc\u00dfer und warmer Duft, der Erdbeeren und Vanille perfekt mit Mandeln kombiniert. Bestellen Sie es noch heute!\",\"breadcrumb\":{\"@id\":\"https:\/\/rikliskarto.com\/de\/nischen-parfum\/montale-parfum-de\/montale-mukhallat\/#breadcrumb\"},\"inLanguage\":\"de\",\"potentialAction\":[{\"@type\":\"ReadAction\",\"target\":[\"https:\/\/rikliskarto.com\/de\/nischen-parfum\/montale-parfum-de\/montale-mukhallat\/\"]}]},{\"@type\":\"ImageObject\",\"inLanguage\":\"de\",\"@id\":\"https:\/\/rikliskarto.com\/de\/nischen-parfum\/montale-parfum-de\/montale-mukhallat\/#primaryimage\",\"url\":\"https:\/\/rikliskarto.com\/wp-content\/uploads\/2024\/11\/mukhallat.png\",\"contentUrl\":\"https:\/\/rikliskarto.com\/wp-content\/uploads\/2024\/11\/mukhallat.png\",\"width\":1000,\"height\":1000},{\"@type\":\"BreadcrumbList\",\"@id\":\"https:\/\/rikliskarto.com\/de\/nischen-parfum\/montale-parfum-de\/montale-mukhallat\/#breadcrumb\",\"itemListElement\":[{\"@type\":\"ListItem\",\"position\":1,\"name\":\"Home\",\"item\":\"https:\/\/rikliskarto.com\/de\/heim\/\"},{\"@type\":\"ListItem\",\"position\":2,\"name\":\"Priv\u00e9: Laden\",\"item\":\"https:\/\/rikliskarto.com\/de\/shop\/\"},{\"@type\":\"ListItem\",\"position\":3,\"name\":\"Montale &#8211; Mukhallat\"}]},{\"@type\":\"WebSite\",\"@id\":\"https:\/\/rikliskarto.com\/de\/#website\",\"url\":\"https:\/\/rikliskarto.com\/de\/\",\"name\":\"Riklis Karto\",\"description\":\"Ontdek de beste Niche Parfum &amp; Geurkaarsen.\",\"potentialAction\":[{\"@type\":\"SearchAction\",\"target\":{\"@type\":\"EntryPoint\",\"urlTemplate\":\"https:\/\/rikliskarto.com\/de\/?s={search_term_string}\"},\"query-input\":{\"@type\":\"PropertyValueSpecification\",\"valueRequired\":true,\"valueName\":\"search_term_string\"}}],\"inLanguage\":\"de\"}]}<\/script>\n<!-- \/ Yoast SEO plugin. -->","yoast_head_json":{"title":"Mukhallat Parf\u00fcm von Montale kaufen | 100 ml Eau de Parfum","description":"Dieser Montale Mukhallat ist ein k\u00f6stlicher s\u00fc\u00dfer und warmer Duft, der Erdbeeren und Vanille perfekt mit Mandeln kombiniert. Bestellen Sie es noch heute!","robots":{"index":"index","follow":"follow","max-snippet":"max-snippet:-1","max-image-preview":"max-image-preview:large","max-video-preview":"max-video-preview:-1"},"canonical":"https:\/\/rikliskarto.com\/de\/nischen-parfum\/montale-parfum-de\/montale-mukhallat\/","og_locale":"de_DE","og_type":"article","og_title":"Mukhallat Parf\u00fcm von Montale kaufen | 100 ml Eau de Parfum","og_description":"Dieser Montale Mukhallat ist ein k\u00f6stlicher s\u00fc\u00dfer und warmer Duft, der Erdbeeren und Vanille perfekt mit Mandeln kombiniert. Bestellen Sie es noch heute!","og_url":"https:\/\/rikliskarto.com\/de\/nischen-parfum\/montale-parfum-de\/montale-mukhallat\/","og_site_name":"Riklis Karto","article_modified_time":"2025-06-12T09:50:05+00:00","og_image":[{"width":1000,"height":1000,"url":"https:\/\/rikliskarto.com\/wp-content\/uploads\/2024\/11\/mukhallat.png","type":"image\/webp"}],"twitter_card":"summary_large_image","twitter_misc":{"Gesch\u00e4tzte Lesezeit":"1\u00a0Minute"},"schema":{"@context":"https:\/\/schema.org","@graph":[{"@type":"WebPage","@id":"https:\/\/rikliskarto.com\/de\/nischen-parfum\/montale-parfum-de\/montale-mukhallat\/","url":"https:\/\/rikliskarto.com\/de\/nischen-parfum\/montale-parfum-de\/montale-mukhallat\/","name":"Mukhallat Parf\u00fcm von Montale kaufen | 100 ml Eau de Parfum","isPartOf":{"@id":"https:\/\/rikliskarto.com\/de\/#website"},"primaryImageOfPage":{"@id":"https:\/\/rikliskarto.com\/de\/nischen-parfum\/montale-parfum-de\/montale-mukhallat\/#primaryimage"},"image":{"@id":"https:\/\/rikliskarto.com\/de\/nischen-parfum\/montale-parfum-de\/montale-mukhallat\/#primaryimage"},"thumbnailUrl":"https:\/\/rikliskarto.com\/wp-content\/uploads\/2024\/11\/mukhallat.png","datePublished":"2024-06-19T07:39:14+00:00","dateModified":"2025-06-12T09:50:05+00:00","description":"Dieser Montale Mukhallat ist ein k\u00f6stlicher s\u00fc\u00dfer und warmer Duft, der Erdbeeren und Vanille perfekt mit Mandeln kombiniert. Bestellen Sie es noch heute!","breadcrumb":{"@id":"https:\/\/rikliskarto.com\/de\/nischen-parfum\/montale-parfum-de\/montale-mukhallat\/#breadcrumb"},"inLanguage":"de","potentialAction":[{"@type":"ReadAction","target":["https:\/\/rikliskarto.com\/de\/nischen-parfum\/montale-parfum-de\/montale-mukhallat\/"]}]},{"@type":"ImageObject","inLanguage":"de","@id":"https:\/\/rikliskarto.com\/de\/nischen-parfum\/montale-parfum-de\/montale-mukhallat\/#primaryimage","url":"https:\/\/rikliskarto.com\/wp-content\/uploads\/2024\/11\/mukhallat.png","contentUrl":"https:\/\/rikliskarto.com\/wp-content\/uploads\/2024\/11\/mukhallat.png","width":1000,"height":1000},{"@type":"BreadcrumbList","@id":"https:\/\/rikliskarto.com\/de\/nischen-parfum\/montale-parfum-de\/montale-mukhallat\/#breadcrumb","itemListElement":[{"@type":"ListItem","position":1,"name":"Home","item":"https:\/\/rikliskarto.com\/de\/heim\/"},{"@type":"ListItem","position":2,"name":"Priv\u00e9: Laden","item":"https:\/\/rikliskarto.com\/de\/shop\/"},{"@type":"ListItem","position":3,"name":"Montale &#8211; Mukhallat"}]},{"@type":"WebSite","@id":"https:\/\/rikliskarto.com\/de\/#website","url":"https:\/\/rikliskarto.com\/de\/","name":"Riklis Karto","description":"Ontdek de beste Niche Parfum &amp; Geurkaarsen.","potentialAction":[{"@type":"SearchAction","target":{"@type":"EntryPoint","urlTemplate":"https:\/\/rikliskarto.com\/de\/?s={search_term_string}"},"query-input":{"@type":"PropertyValueSpecification","valueRequired":true,"valueName":"search_term_string"}}],"inLanguage":"de"}]}},"_links":{"self":[{"href":"https:\/\/rikliskarto.com\/de\/wp-json\/wp\/v2\/product\/16741","targetHints":{"allow":["GET"]}}],"collection":[{"href":"https:\/\/rikliskarto.com\/de\/wp-json\/wp\/v2\/product"}],"about":[{"href":"https:\/\/rikliskarto.com\/de\/wp-json\/wp\/v2\/types\/product"}],"replies":[{"embeddable":true,"href":"https:\/\/rikliskarto.com\/de\/wp-json\/wp\/v2\/comments?post=16741"}],"wp:featuredmedia":[{"embeddable":true,"href":"https:\/\/rikliskarto.com\/de\/wp-json\/wp\/v2\/media\/17683"}],"wp:attachment":[{"href":"https:\/\/rikliskarto.com\/de\/wp-json\/wp\/v2\/media?parent=16741"}],"wp:term":[{"taxonomy":"product_brand","embeddable":true,"href":"https:\/\/rikliskarto.com\/de\/wp-json\/wp\/v2\/product_brand?post=16741"},{"taxonomy":"product_cat","embeddable":true,"href":"https:\/\/rikliskarto.com\/de\/wp-json\/wp\/v2\/product_cat?post=16741"},{"taxonomy":"product_tag","embeddable":true,"href":"https:\/\/rikliskarto.com\/de\/wp-json\/wp\/v2\/product_tag?post=16741"}],"curies":[{"name":"wp","href":"https:\/\/api.w.org\/{rel}","templated":true}]}}