{"id":16715,"date":"2023-11-17T13:33:20","date_gmt":"2023-11-17T12:33:20","guid":{"rendered":"https:\/\/rikliskarto.com\/shop\/montale-suesse-vanille\/"},"modified":"2025-08-05T17:06:21","modified_gmt":"2025-08-05T15:06:21","slug":"montale-suesse-vanille","status":"publish","type":"product","link":"https:\/\/rikliskarto.com\/de\/nischen-parfum\/montale-parfum-de\/montale-suesse-vanille\/","title":{"rendered":"Montale &#8211; S\u00fc\u00dfe Vanille"},"content":{"rendered":"<h3>Montale S\u00fc\u00dfe Vanille<\/h3>\n<p>Die Opulenz der Vanille vermischt sich mit der Weichheit von Aprikose und dezentem wei\u00dfem Moschus: ein berauschender und pudriger Duft.<\/p>\n<p>Hinweis: Eine Montale Flasche hat ein Fassungsverm\u00f6gen von ca. 120 ml, enth\u00e4lt aber 100 ml Fl\u00fcssigkeit. Dadurch kann es so aussehen, als w\u00e4re die Flasche nicht vollst\u00e4ndig gef\u00fcllt. Dennoch enth\u00e4lt jede Durchstechflasche die volle angegebene Fl\u00fcssigkeitsmenge.<\/p>\n","protected":false},"excerpt":{"rendered":"<p>&nbsp;<\/p>\n<p>&nbsp;<\/p>\n","protected":false},"featured_media":17671,"comment_status":"open","ping_status":"closed","template":"","meta":{"_acf_changed":false},"product_brand":[],"product_cat":[862,1687],"product_tag":[],"class_list":{"0":"post-16715","1":"product","2":"type-product","3":"status-publish","4":"has-post-thumbnail","6":"product_cat-nischen-parfum","7":"product_cat-montale-parfum-de","8":"brand-montale-parfum-de","9":"scent-note-abrikoos-de","10":"scent-note-vanille-de","11":"scent-note-witte-musk-hartnoten-de","12":"composition-fruitig-de","13":"composition-poederig-de","14":"composition-vanille-de","15":"composition-zoet-de","16":"fragrance-family-oriental-de","17":"formule-eau-de-parfum-de","18":"style-luxe-de","19":"style-sexy-de","20":"style-trendy-de","21":"season-herfst-de","22":"season-lente-de","23":"season-winter-de","24":"occasion-date-de","25":"occasion-diner-de","26":"occasion-vrije-tijd-de","27":"gender-man-de","28":"gender-unisex-de","29":"gender-vrouw-de","31":"first","32":"instock","33":"purchasable","34":"product-type-variable","35":"has-default-attributes"},"acf":[],"yoast_head":"<!-- This site is optimized with the Yoast SEO plugin v25.9 - https:\/\/yoast.com\/wordpress\/plugins\/seo\/ -->\n<title>Montale - S\u00fc\u00dfe Vanille - Riklis Karto<\/title>\n<meta name=\"robots\" content=\"index, follow, max-snippet:-1, max-image-preview:large, max-video-preview:-1\" \/>\n<link rel=\"canonical\" href=\"https:\/\/rikliskarto.com\/de\/nischen-parfum\/montale-parfum-de\/montale-suesse-vanille\/\" \/>\n<meta property=\"og:locale\" content=\"de_DE\" \/>\n<meta property=\"og:type\" content=\"article\" \/>\n<meta property=\"og:title\" content=\"Montale - S\u00fc\u00dfe Vanille - Riklis Karto\" \/>\n<meta property=\"og:description\" content=\"&nbsp; &nbsp;\" \/>\n<meta property=\"og:url\" content=\"https:\/\/rikliskarto.com\/de\/nischen-parfum\/montale-parfum-de\/montale-suesse-vanille\/\" \/>\n<meta property=\"og:site_name\" content=\"Riklis Karto\" \/>\n<meta property=\"article:modified_time\" content=\"2025-08-05T15:06:21+00:00\" \/>\n<meta property=\"og:image\" content=\"https:\/\/rikliskarto.com\/wp-content\/uploads\/2024\/11\/sweetvanilla.png\" \/>\n\t<meta property=\"og:image:width\" content=\"1000\" \/>\n\t<meta property=\"og:image:height\" content=\"1000\" \/>\n\t<meta property=\"og:image:type\" content=\"image\/webp\" \/>\n<meta name=\"twitter:card\" content=\"summary_large_image\" \/>\n<script type=\"application\/ld+json\" class=\"yoast-schema-graph\">{\"@context\":\"https:\/\/schema.org\",\"@graph\":[{\"@type\":\"WebPage\",\"@id\":\"https:\/\/rikliskarto.com\/de\/nischen-parfum\/montale-parfum-de\/montale-suesse-vanille\/\",\"url\":\"https:\/\/rikliskarto.com\/de\/nischen-parfum\/montale-parfum-de\/montale-suesse-vanille\/\",\"name\":\"Montale - S\u00fc\u00dfe Vanille - Riklis Karto\",\"isPartOf\":{\"@id\":\"https:\/\/rikliskarto.com\/de\/#website\"},\"primaryImageOfPage\":{\"@id\":\"https:\/\/rikliskarto.com\/de\/nischen-parfum\/montale-parfum-de\/montale-suesse-vanille\/#primaryimage\"},\"image\":{\"@id\":\"https:\/\/rikliskarto.com\/de\/nischen-parfum\/montale-parfum-de\/montale-suesse-vanille\/#primaryimage\"},\"thumbnailUrl\":\"https:\/\/rikliskarto.com\/wp-content\/uploads\/2024\/11\/sweetvanilla.png\",\"datePublished\":\"2023-11-17T12:33:20+00:00\",\"dateModified\":\"2025-08-05T15:06:21+00:00\",\"breadcrumb\":{\"@id\":\"https:\/\/rikliskarto.com\/de\/nischen-parfum\/montale-parfum-de\/montale-suesse-vanille\/#breadcrumb\"},\"inLanguage\":\"de\",\"potentialAction\":[{\"@type\":\"ReadAction\",\"target\":[\"https:\/\/rikliskarto.com\/de\/nischen-parfum\/montale-parfum-de\/montale-suesse-vanille\/\"]}]},{\"@type\":\"ImageObject\",\"inLanguage\":\"de\",\"@id\":\"https:\/\/rikliskarto.com\/de\/nischen-parfum\/montale-parfum-de\/montale-suesse-vanille\/#primaryimage\",\"url\":\"https:\/\/rikliskarto.com\/wp-content\/uploads\/2024\/11\/sweetvanilla.png\",\"contentUrl\":\"https:\/\/rikliskarto.com\/wp-content\/uploads\/2024\/11\/sweetvanilla.png\",\"width\":1000,\"height\":1000},{\"@type\":\"BreadcrumbList\",\"@id\":\"https:\/\/rikliskarto.com\/de\/nischen-parfum\/montale-parfum-de\/montale-suesse-vanille\/#breadcrumb\",\"itemListElement\":[{\"@type\":\"ListItem\",\"position\":1,\"name\":\"Home\",\"item\":\"https:\/\/rikliskarto.com\/de\/heim\/\"},{\"@type\":\"ListItem\",\"position\":2,\"name\":\"Priv\u00e9: Laden\",\"item\":\"https:\/\/rikliskarto.com\/de\/shop\/\"},{\"@type\":\"ListItem\",\"position\":3,\"name\":\"Montale &#8211; S\u00fc\u00dfe Vanille\"}]},{\"@type\":\"WebSite\",\"@id\":\"https:\/\/rikliskarto.com\/de\/#website\",\"url\":\"https:\/\/rikliskarto.com\/de\/\",\"name\":\"Riklis Karto\",\"description\":\"Ontdek de beste Niche Parfum &amp; Geurkaarsen.\",\"potentialAction\":[{\"@type\":\"SearchAction\",\"target\":{\"@type\":\"EntryPoint\",\"urlTemplate\":\"https:\/\/rikliskarto.com\/de\/?s={search_term_string}\"},\"query-input\":{\"@type\":\"PropertyValueSpecification\",\"valueRequired\":true,\"valueName\":\"search_term_string\"}}],\"inLanguage\":\"de\"}]}<\/script>\n<!-- \/ Yoast SEO plugin. -->","yoast_head_json":{"title":"Montale - S\u00fc\u00dfe Vanille - Riklis Karto","robots":{"index":"index","follow":"follow","max-snippet":"max-snippet:-1","max-image-preview":"max-image-preview:large","max-video-preview":"max-video-preview:-1"},"canonical":"https:\/\/rikliskarto.com\/de\/nischen-parfum\/montale-parfum-de\/montale-suesse-vanille\/","og_locale":"de_DE","og_type":"article","og_title":"Montale - S\u00fc\u00dfe Vanille - Riklis Karto","og_description":"&nbsp; &nbsp;","og_url":"https:\/\/rikliskarto.com\/de\/nischen-parfum\/montale-parfum-de\/montale-suesse-vanille\/","og_site_name":"Riklis Karto","article_modified_time":"2025-08-05T15:06:21+00:00","og_image":[{"width":1000,"height":1000,"url":"https:\/\/rikliskarto.com\/wp-content\/uploads\/2024\/11\/sweetvanilla.png","type":"image\/webp"}],"twitter_card":"summary_large_image","schema":{"@context":"https:\/\/schema.org","@graph":[{"@type":"WebPage","@id":"https:\/\/rikliskarto.com\/de\/nischen-parfum\/montale-parfum-de\/montale-suesse-vanille\/","url":"https:\/\/rikliskarto.com\/de\/nischen-parfum\/montale-parfum-de\/montale-suesse-vanille\/","name":"Montale - S\u00fc\u00dfe Vanille - Riklis Karto","isPartOf":{"@id":"https:\/\/rikliskarto.com\/de\/#website"},"primaryImageOfPage":{"@id":"https:\/\/rikliskarto.com\/de\/nischen-parfum\/montale-parfum-de\/montale-suesse-vanille\/#primaryimage"},"image":{"@id":"https:\/\/rikliskarto.com\/de\/nischen-parfum\/montale-parfum-de\/montale-suesse-vanille\/#primaryimage"},"thumbnailUrl":"https:\/\/rikliskarto.com\/wp-content\/uploads\/2024\/11\/sweetvanilla.png","datePublished":"2023-11-17T12:33:20+00:00","dateModified":"2025-08-05T15:06:21+00:00","breadcrumb":{"@id":"https:\/\/rikliskarto.com\/de\/nischen-parfum\/montale-parfum-de\/montale-suesse-vanille\/#breadcrumb"},"inLanguage":"de","potentialAction":[{"@type":"ReadAction","target":["https:\/\/rikliskarto.com\/de\/nischen-parfum\/montale-parfum-de\/montale-suesse-vanille\/"]}]},{"@type":"ImageObject","inLanguage":"de","@id":"https:\/\/rikliskarto.com\/de\/nischen-parfum\/montale-parfum-de\/montale-suesse-vanille\/#primaryimage","url":"https:\/\/rikliskarto.com\/wp-content\/uploads\/2024\/11\/sweetvanilla.png","contentUrl":"https:\/\/rikliskarto.com\/wp-content\/uploads\/2024\/11\/sweetvanilla.png","width":1000,"height":1000},{"@type":"BreadcrumbList","@id":"https:\/\/rikliskarto.com\/de\/nischen-parfum\/montale-parfum-de\/montale-suesse-vanille\/#breadcrumb","itemListElement":[{"@type":"ListItem","position":1,"name":"Home","item":"https:\/\/rikliskarto.com\/de\/heim\/"},{"@type":"ListItem","position":2,"name":"Priv\u00e9: Laden","item":"https:\/\/rikliskarto.com\/de\/shop\/"},{"@type":"ListItem","position":3,"name":"Montale &#8211; S\u00fc\u00dfe Vanille"}]},{"@type":"WebSite","@id":"https:\/\/rikliskarto.com\/de\/#website","url":"https:\/\/rikliskarto.com\/de\/","name":"Riklis Karto","description":"Ontdek de beste Niche Parfum &amp; Geurkaarsen.","potentialAction":[{"@type":"SearchAction","target":{"@type":"EntryPoint","urlTemplate":"https:\/\/rikliskarto.com\/de\/?s={search_term_string}"},"query-input":{"@type":"PropertyValueSpecification","valueRequired":true,"valueName":"search_term_string"}}],"inLanguage":"de"}]}},"_links":{"self":[{"href":"https:\/\/rikliskarto.com\/de\/wp-json\/wp\/v2\/product\/16715","targetHints":{"allow":["GET"]}}],"collection":[{"href":"https:\/\/rikliskarto.com\/de\/wp-json\/wp\/v2\/product"}],"about":[{"href":"https:\/\/rikliskarto.com\/de\/wp-json\/wp\/v2\/types\/product"}],"replies":[{"embeddable":true,"href":"https:\/\/rikliskarto.com\/de\/wp-json\/wp\/v2\/comments?post=16715"}],"wp:featuredmedia":[{"embeddable":true,"href":"https:\/\/rikliskarto.com\/de\/wp-json\/wp\/v2\/media\/17671"}],"wp:attachment":[{"href":"https:\/\/rikliskarto.com\/de\/wp-json\/wp\/v2\/media?parent=16715"}],"wp:term":[{"taxonomy":"product_brand","embeddable":true,"href":"https:\/\/rikliskarto.com\/de\/wp-json\/wp\/v2\/product_brand?post=16715"},{"taxonomy":"product_cat","embeddable":true,"href":"https:\/\/rikliskarto.com\/de\/wp-json\/wp\/v2\/product_cat?post=16715"},{"taxonomy":"product_tag","embeddable":true,"href":"https:\/\/rikliskarto.com\/de\/wp-json\/wp\/v2\/product_tag?post=16715"}],"curies":[{"name":"wp","href":"https:\/\/api.w.org\/{rel}","templated":true}]}}