{"id":16712,"date":"2023-11-12T09:29:42","date_gmt":"2023-11-12T08:29:42","guid":{"rendered":"https:\/\/rikliskarto.com\/shop\/montale-rendez-vous-a-milan\/"},"modified":"2025-06-12T11:50:14","modified_gmt":"2025-06-12T09:50:14","slug":"montale-rendez-vous-a-milan","status":"publish","type":"product","link":"https:\/\/rikliskarto.com\/de\/nischen-parfum\/montale-parfum-de\/montale-rendez-vous-a-milan\/","title":{"rendered":"Montale &#8211; Rendez-Vous \u00c0 Milan"},"content":{"rendered":"<h1>Montale Rendez-Vous \u00c0 Milan<\/h1>\n<p>Der neugierige Reisende verl\u00e4sst die ausgetretenen Pfade und betritt die Innenh\u00f6fe und Privathotels, in denen Fotoshootings und Veranstaltungen stattfinden. Von Kunstgalerien bis hin zu imposanten Schl\u00f6ssern kann er bei Sonnenuntergang die Br\u00fccke des Naviglio-Kanals betreten&#8230; Aber am Ende wird er immer den majest\u00e4tischen Dom erreichen, wo er mit gestrecktem Hals der beeindruckenden &#8222;Madonnina&#8220; huldigen wird, die \u00fcber die Stadt wacht und vor einem azurblauen Himmel erstrahlt. Die Erinnerung an diesen Moment der Begegnung mit der sanften Figur des Schutzpatrons, hoch \u00fcber dem Dom am Mail\u00e4nder Himmel, inspirierte uns, die Farbe Blau zu w\u00e4hlen. Ein Blauton, der Tiefe und Vitalit\u00e4t vereint, die Intensit\u00e4t der Erinnerung gemischt mit der italienischen Lebensfreude. Diese blaue Farbe ist eine Hommage an unsere geliebte Stadt Mailand.     <\/p>\n<p>Kopfnoten: Ger\u00f6stete Kaffeebohnen, frisches Thai-Basilikum, ein Hauch von taufrischen Fr\u00fcchten<br \/>\nHerznoten: Bulgarische Rose, italienische Basilikumbl\u00e4tter, indonesische Nelke, franz\u00f6sische Tuberose<br \/>\nBasisnoten: S\u00fc\u00dfes Vanille-Absolue, warmes Toffee, sinnlicher Moschus und Amber<\/p>\n<p>Hinweis: Eine Montale Flasche hat ein Fassungsverm\u00f6gen von ca. 120 ml, enth\u00e4lt aber 100 ml Fl\u00fcssigkeit. Dadurch kann es so aussehen, als w\u00e4re die Flasche nicht vollst\u00e4ndig gef\u00fcllt. Trotzdem enth\u00e4lt jedes Fl\u00e4schchen die angegebene Menge an Fl\u00fcssigkeit.<\/p>\n","protected":false},"excerpt":{"rendered":"<p><strong>Vor 14 Uhr bestellt, noch am selben Tag versendet. Bezahlen Sie anschlie\u00dfend mit klarna. <\/strong><\/p>\n","protected":false},"featured_media":17669,"comment_status":"open","ping_status":"closed","template":"","meta":{"_acf_changed":false},"product_brand":[],"product_cat":[862,1687],"product_tag":[874],"class_list":{"0":"post-16712","1":"product","2":"type-product","3":"status-publish","4":"has-post-thumbnail","6":"product_cat-nischen-parfum","7":"product_cat-montale-parfum-de","8":"product_tag-montale-de","9":"brand-montale-parfum-de","10":"scent-note-basisnoten-de","11":"scent-note-bernstein","12":"scent-note-hartnoten-de","13":"scent-note-kruidnagel-de","14":"scent-note-muskus-de","15":"scent-note-roos-de","16":"scent-note-topnoten-de","17":"scent-note-tuberoos-de","18":"scent-note-vanille-de","19":"composition-aromatisch-de","20":"composition-fris-kruidig-de","21":"composition-groen-de","22":"composition-koffie-de","23":"composition-musk-de","24":"composition-poederig-de","25":"composition-roos-de","26":"composition-vanille-de","27":"composition-warm-kruidig-de","28":"fragrance-family-gourmand-de","29":"formule-eau-de-parfum-de","30":"style-businesslike-de","31":"style-luxe-de","32":"style-sexy-de","33":"style-trendy-de","34":"season-herfst-de","35":"season-lente-de","36":"season-winter-de","37":"occasion-date-de","38":"occasion-diner-de","39":"occasion-vrije-tijd-de","40":"gender-man-de","41":"gender-unisex-de","42":"gender-vrouw-de","44":"first","45":"instock","46":"purchasable","47":"product-type-variable","48":"has-default-attributes"},"acf":[],"yoast_head":"<!-- This site is optimized with the Yoast SEO plugin v25.9 - https:\/\/yoast.com\/wordpress\/plugins\/seo\/ -->\n<title>Montale - Rendez-Vous \u00c0 Milan - Riklis Karto<\/title>\n<meta name=\"robots\" content=\"index, follow, max-snippet:-1, max-image-preview:large, max-video-preview:-1\" \/>\n<link rel=\"canonical\" href=\"https:\/\/rikliskarto.com\/de\/nischen-parfum\/montale-parfum-de\/montale-rendez-vous-a-milan\/\" \/>\n<meta property=\"og:locale\" content=\"de_DE\" \/>\n<meta property=\"og:type\" content=\"article\" \/>\n<meta property=\"og:title\" content=\"Montale - Rendez-Vous \u00c0 Milan - Riklis Karto\" \/>\n<meta property=\"og:description\" content=\"Vor 14 Uhr bestellt, noch am selben Tag versendet. Bezahlen Sie anschlie\u00dfend mit klarna.\" \/>\n<meta property=\"og:url\" content=\"https:\/\/rikliskarto.com\/de\/nischen-parfum\/montale-parfum-de\/montale-rendez-vous-a-milan\/\" \/>\n<meta property=\"og:site_name\" content=\"Riklis Karto\" \/>\n<meta property=\"article:modified_time\" content=\"2025-06-12T09:50:14+00:00\" \/>\n<meta property=\"og:image\" content=\"https:\/\/rikliskarto.com\/wp-content\/uploads\/2024\/11\/rendez-vousMilan.png\" \/>\n\t<meta property=\"og:image:width\" content=\"1000\" \/>\n\t<meta property=\"og:image:height\" content=\"1000\" \/>\n\t<meta property=\"og:image:type\" content=\"image\/webp\" \/>\n<meta name=\"twitter:card\" content=\"summary_large_image\" \/>\n<meta name=\"twitter:label1\" content=\"Gesch\u00e4tzte Lesezeit\" \/>\n\t<meta name=\"twitter:data1\" content=\"1\u00a0Minute\" \/>\n<script type=\"application\/ld+json\" class=\"yoast-schema-graph\">{\"@context\":\"https:\/\/schema.org\",\"@graph\":[{\"@type\":\"WebPage\",\"@id\":\"https:\/\/rikliskarto.com\/de\/nischen-parfum\/montale-parfum-de\/montale-rendez-vous-a-milan\/\",\"url\":\"https:\/\/rikliskarto.com\/de\/nischen-parfum\/montale-parfum-de\/montale-rendez-vous-a-milan\/\",\"name\":\"Montale - Rendez-Vous \u00c0 Milan - Riklis Karto\",\"isPartOf\":{\"@id\":\"https:\/\/rikliskarto.com\/de\/#website\"},\"primaryImageOfPage\":{\"@id\":\"https:\/\/rikliskarto.com\/de\/nischen-parfum\/montale-parfum-de\/montale-rendez-vous-a-milan\/#primaryimage\"},\"image\":{\"@id\":\"https:\/\/rikliskarto.com\/de\/nischen-parfum\/montale-parfum-de\/montale-rendez-vous-a-milan\/#primaryimage\"},\"thumbnailUrl\":\"https:\/\/rikliskarto.com\/wp-content\/uploads\/2024\/11\/rendez-vousMilan.png\",\"datePublished\":\"2023-11-12T08:29:42+00:00\",\"dateModified\":\"2025-06-12T09:50:14+00:00\",\"breadcrumb\":{\"@id\":\"https:\/\/rikliskarto.com\/de\/nischen-parfum\/montale-parfum-de\/montale-rendez-vous-a-milan\/#breadcrumb\"},\"inLanguage\":\"de\",\"potentialAction\":[{\"@type\":\"ReadAction\",\"target\":[\"https:\/\/rikliskarto.com\/de\/nischen-parfum\/montale-parfum-de\/montale-rendez-vous-a-milan\/\"]}]},{\"@type\":\"ImageObject\",\"inLanguage\":\"de\",\"@id\":\"https:\/\/rikliskarto.com\/de\/nischen-parfum\/montale-parfum-de\/montale-rendez-vous-a-milan\/#primaryimage\",\"url\":\"https:\/\/rikliskarto.com\/wp-content\/uploads\/2024\/11\/rendez-vousMilan.png\",\"contentUrl\":\"https:\/\/rikliskarto.com\/wp-content\/uploads\/2024\/11\/rendez-vousMilan.png\",\"width\":1000,\"height\":1000},{\"@type\":\"BreadcrumbList\",\"@id\":\"https:\/\/rikliskarto.com\/de\/nischen-parfum\/montale-parfum-de\/montale-rendez-vous-a-milan\/#breadcrumb\",\"itemListElement\":[{\"@type\":\"ListItem\",\"position\":1,\"name\":\"Home\",\"item\":\"https:\/\/rikliskarto.com\/de\/heim\/\"},{\"@type\":\"ListItem\",\"position\":2,\"name\":\"Priv\u00e9: Laden\",\"item\":\"https:\/\/rikliskarto.com\/de\/shop\/\"},{\"@type\":\"ListItem\",\"position\":3,\"name\":\"Montale &#8211; Rendez-Vous \u00c0 Milan\"}]},{\"@type\":\"WebSite\",\"@id\":\"https:\/\/rikliskarto.com\/de\/#website\",\"url\":\"https:\/\/rikliskarto.com\/de\/\",\"name\":\"Riklis Karto\",\"description\":\"Ontdek de beste Niche Parfum &amp; Geurkaarsen.\",\"potentialAction\":[{\"@type\":\"SearchAction\",\"target\":{\"@type\":\"EntryPoint\",\"urlTemplate\":\"https:\/\/rikliskarto.com\/de\/?s={search_term_string}\"},\"query-input\":{\"@type\":\"PropertyValueSpecification\",\"valueRequired\":true,\"valueName\":\"search_term_string\"}}],\"inLanguage\":\"de\"}]}<\/script>\n<!-- \/ Yoast SEO plugin. -->","yoast_head_json":{"title":"Montale - Rendez-Vous \u00c0 Milan - Riklis Karto","robots":{"index":"index","follow":"follow","max-snippet":"max-snippet:-1","max-image-preview":"max-image-preview:large","max-video-preview":"max-video-preview:-1"},"canonical":"https:\/\/rikliskarto.com\/de\/nischen-parfum\/montale-parfum-de\/montale-rendez-vous-a-milan\/","og_locale":"de_DE","og_type":"article","og_title":"Montale - Rendez-Vous \u00c0 Milan - Riklis Karto","og_description":"Vor 14 Uhr bestellt, noch am selben Tag versendet. Bezahlen Sie anschlie\u00dfend mit klarna.","og_url":"https:\/\/rikliskarto.com\/de\/nischen-parfum\/montale-parfum-de\/montale-rendez-vous-a-milan\/","og_site_name":"Riklis Karto","article_modified_time":"2025-06-12T09:50:14+00:00","og_image":[{"width":1000,"height":1000,"url":"https:\/\/rikliskarto.com\/wp-content\/uploads\/2024\/11\/rendez-vousMilan.png","type":"image\/webp"}],"twitter_card":"summary_large_image","twitter_misc":{"Gesch\u00e4tzte Lesezeit":"1\u00a0Minute"},"schema":{"@context":"https:\/\/schema.org","@graph":[{"@type":"WebPage","@id":"https:\/\/rikliskarto.com\/de\/nischen-parfum\/montale-parfum-de\/montale-rendez-vous-a-milan\/","url":"https:\/\/rikliskarto.com\/de\/nischen-parfum\/montale-parfum-de\/montale-rendez-vous-a-milan\/","name":"Montale - Rendez-Vous \u00c0 Milan - Riklis Karto","isPartOf":{"@id":"https:\/\/rikliskarto.com\/de\/#website"},"primaryImageOfPage":{"@id":"https:\/\/rikliskarto.com\/de\/nischen-parfum\/montale-parfum-de\/montale-rendez-vous-a-milan\/#primaryimage"},"image":{"@id":"https:\/\/rikliskarto.com\/de\/nischen-parfum\/montale-parfum-de\/montale-rendez-vous-a-milan\/#primaryimage"},"thumbnailUrl":"https:\/\/rikliskarto.com\/wp-content\/uploads\/2024\/11\/rendez-vousMilan.png","datePublished":"2023-11-12T08:29:42+00:00","dateModified":"2025-06-12T09:50:14+00:00","breadcrumb":{"@id":"https:\/\/rikliskarto.com\/de\/nischen-parfum\/montale-parfum-de\/montale-rendez-vous-a-milan\/#breadcrumb"},"inLanguage":"de","potentialAction":[{"@type":"ReadAction","target":["https:\/\/rikliskarto.com\/de\/nischen-parfum\/montale-parfum-de\/montale-rendez-vous-a-milan\/"]}]},{"@type":"ImageObject","inLanguage":"de","@id":"https:\/\/rikliskarto.com\/de\/nischen-parfum\/montale-parfum-de\/montale-rendez-vous-a-milan\/#primaryimage","url":"https:\/\/rikliskarto.com\/wp-content\/uploads\/2024\/11\/rendez-vousMilan.png","contentUrl":"https:\/\/rikliskarto.com\/wp-content\/uploads\/2024\/11\/rendez-vousMilan.png","width":1000,"height":1000},{"@type":"BreadcrumbList","@id":"https:\/\/rikliskarto.com\/de\/nischen-parfum\/montale-parfum-de\/montale-rendez-vous-a-milan\/#breadcrumb","itemListElement":[{"@type":"ListItem","position":1,"name":"Home","item":"https:\/\/rikliskarto.com\/de\/heim\/"},{"@type":"ListItem","position":2,"name":"Priv\u00e9: Laden","item":"https:\/\/rikliskarto.com\/de\/shop\/"},{"@type":"ListItem","position":3,"name":"Montale &#8211; Rendez-Vous \u00c0 Milan"}]},{"@type":"WebSite","@id":"https:\/\/rikliskarto.com\/de\/#website","url":"https:\/\/rikliskarto.com\/de\/","name":"Riklis Karto","description":"Ontdek de beste Niche Parfum &amp; Geurkaarsen.","potentialAction":[{"@type":"SearchAction","target":{"@type":"EntryPoint","urlTemplate":"https:\/\/rikliskarto.com\/de\/?s={search_term_string}"},"query-input":{"@type":"PropertyValueSpecification","valueRequired":true,"valueName":"search_term_string"}}],"inLanguage":"de"}]}},"_links":{"self":[{"href":"https:\/\/rikliskarto.com\/de\/wp-json\/wp\/v2\/product\/16712","targetHints":{"allow":["GET"]}}],"collection":[{"href":"https:\/\/rikliskarto.com\/de\/wp-json\/wp\/v2\/product"}],"about":[{"href":"https:\/\/rikliskarto.com\/de\/wp-json\/wp\/v2\/types\/product"}],"replies":[{"embeddable":true,"href":"https:\/\/rikliskarto.com\/de\/wp-json\/wp\/v2\/comments?post=16712"}],"wp:featuredmedia":[{"embeddable":true,"href":"https:\/\/rikliskarto.com\/de\/wp-json\/wp\/v2\/media\/17669"}],"wp:attachment":[{"href":"https:\/\/rikliskarto.com\/de\/wp-json\/wp\/v2\/media?parent=16712"}],"wp:term":[{"taxonomy":"product_brand","embeddable":true,"href":"https:\/\/rikliskarto.com\/de\/wp-json\/wp\/v2\/product_brand?post=16712"},{"taxonomy":"product_cat","embeddable":true,"href":"https:\/\/rikliskarto.com\/de\/wp-json\/wp\/v2\/product_cat?post=16712"},{"taxonomy":"product_tag","embeddable":true,"href":"https:\/\/rikliskarto.com\/de\/wp-json\/wp\/v2\/product_tag?post=16712"}],"curies":[{"name":"wp","href":"https:\/\/api.w.org\/{rel}","templated":true}]}}