{"id":16700,"date":"2023-11-11T15:35:37","date_gmt":"2023-11-11T14:35:37","guid":{"rendered":"https:\/\/rikliskarto.com\/shop\/montale-verrueckt-verliebt\/"},"modified":"2025-06-12T11:50:17","modified_gmt":"2025-06-12T09:50:17","slug":"montale-verrueckt-verliebt","status":"publish","type":"product","link":"https:\/\/rikliskarto.com\/de\/nischen-parfum\/montale-parfum-de\/montale-verrueckt-verliebt\/","title":{"rendered":"Montale &#8211; Verr\u00fcckt verliebt"},"content":{"rendered":"<h3><strong>Montale Verr\u00fcckt nach Liebe<\/strong><\/h3>\n<p>Dieser bezaubernde Duft, inspiriert vom magischen K\u00f6nigreich Montale, enth\u00fcllt eine Welt voller Geheimnisse und Wunder. Er\u00f6ffnet mit den berauschenden Noten von Wildrosen, violetten Bl\u00e4ttern, Safran und intensivem Amber. Ein Duft, der an die nostalgische S\u00fc\u00dfe von braunem Zucker erinnert, durchdrungen von der sinnlichen W\u00e4rme der Vanille. Dieses unverwechselbare, liebevoll kreierte Aroma umh\u00fcllt Ihre Seele mit W\u00e4rme. Mit seinem Reichtum an Kontrasten und seiner vertr\u00e4umten Gelassenheit bringt Crazy in Love subtile Energien und Leidenschaft in Ihr Leben. Dieser Montale-Talisman ist von Gl\u00fcck durchdrungen.     <\/p>\n<p>Hinweis: Obwohl eine Montale-Flasche ein Fassungsverm\u00f6gen von ca. 120 ml hat, enth\u00e4lt sie 100 ml Fl\u00fcssigkeit. Dadurch kann es so aussehen, als w\u00e4re die Flasche nicht vollst\u00e4ndig gef\u00fcllt. Seien Sie jedoch versichert, dass jedes Fl\u00e4schchen genau die angegebene Fl\u00fcssigkeitsmenge enth\u00e4lt.  <\/p>\n<h3>\u00dcber Montale<\/h3>\n<p style=\"font-weight: 400;\">Montale Paris ist eine franz\u00f6sische High-End-Parf\u00fcmmarke, die schnell zu einer der Top-Marken der Branche aufsteigt.<\/p>\n<p style=\"font-weight: 400;\">Pierre Montale, Gr\u00fcnder und Inhaber von Montale Paris, verf\u00fcgt \u00fcber mehr als 20 Jahre Erfahrung als Parf\u00fcmeur f\u00fcr k\u00f6nigliche Familien in Katar und Dubai, Saudi-Arabien. Er verwendet nur feinste, nat\u00fcrliche Materialien mit einer hohen Duftkonzentration, um seine einzigartigen D\u00fcfte zu kreieren. <\/p>\n<p style=\"font-weight: 400;\">Montale Paris bietet mit jedem Duft ein exklusives, luxuri\u00f6ses Erlebnis. Vom einzigartigen Flakondesign bis hin zu den hochwertigen D\u00fcften soll jedes Produkt Ihnen jahrelang Freude bereiten. <\/p>\n<p style=\"font-weight: 400;\">Kaufen Sie jetzt auf unserer Website f\u00fcr die beste Auswahl an Montale Paris Parfums!<\/p>\n","protected":false},"excerpt":{"rendered":"<p><strong>Vor 14 Uhr bestellt, noch am selben Tag versendet. Bezahlen Sie anschlie\u00dfend mit klarna. <\/strong><\/p>\n","protected":false},"featured_media":17673,"comment_status":"open","ping_status":"closed","template":"","meta":{"_acf_changed":false},"product_brand":[],"product_cat":[862,1687],"product_tag":[],"class_list":{"0":"post-16700","1":"product","2":"type-product","3":"status-publish","4":"has-post-thumbnail","6":"product_cat-nischen-parfum","7":"product_cat-montale-parfum-de","8":"brand-montale-parfum-de","9":"scent-note-basisnoten-de","10":"scent-note-bernstein","11":"scent-note-hartnoten-de","12":"scent-note-rozen-topnoten-de","13":"scent-note-saffraan-hartnoten-de","14":"scent-note-topnoten-de","15":"scent-note-vanille-de","16":"scent-note-viooltjes-bladeren-de","17":"composition-amber-de","18":"composition-bleomig-de","19":"composition-leer-de","20":"composition-roos-de","21":"composition-vanille-de","22":"composition-warm-kruidig-de","23":"composition-zoet-de","24":"fragrance-family-amber-de","25":"fragrance-family-floral-de","26":"formule-eau-de-parfum-de","27":"style-casual-de","28":"style-luxe-de","29":"style-sexy-de","30":"style-trendy-de","31":"season-herfst-de","32":"season-winter-de","33":"occasion-date-de","34":"occasion-diner-de","35":"occasion-vrije-tijd-de","36":"gender-man-de","37":"gender-unisex-de","38":"gender-vrouw-de","40":"first","41":"instock","42":"purchasable","43":"product-type-variable","44":"has-default-attributes"},"acf":[],"yoast_head":"<!-- This site is optimized with the Yoast SEO plugin v25.9 - https:\/\/yoast.com\/wordpress\/plugins\/seo\/ -->\n<title>Montale - Verr\u00fcckt verliebt - Riklis Karto<\/title>\n<meta name=\"robots\" content=\"index, follow, max-snippet:-1, max-image-preview:large, max-video-preview:-1\" \/>\n<link rel=\"canonical\" href=\"https:\/\/rikliskarto.com\/de\/nischen-parfum\/montale-parfum-de\/montale-verrueckt-verliebt\/\" \/>\n<meta property=\"og:locale\" content=\"de_DE\" \/>\n<meta property=\"og:type\" content=\"article\" \/>\n<meta property=\"og:title\" content=\"Montale - Verr\u00fcckt verliebt - Riklis Karto\" \/>\n<meta property=\"og:description\" content=\"Vor 14 Uhr bestellt, noch am selben Tag versendet. Bezahlen Sie anschlie\u00dfend mit klarna.\" \/>\n<meta property=\"og:url\" content=\"https:\/\/rikliskarto.com\/de\/nischen-parfum\/montale-parfum-de\/montale-verrueckt-verliebt\/\" \/>\n<meta property=\"og:site_name\" content=\"Riklis Karto\" \/>\n<meta property=\"article:modified_time\" content=\"2025-06-12T09:50:17+00:00\" \/>\n<meta property=\"og:image\" content=\"https:\/\/rikliskarto.com\/wp-content\/uploads\/2024\/11\/CrazyInLove.jpg\" \/>\n\t<meta property=\"og:image:width\" content=\"480\" \/>\n\t<meta property=\"og:image:height\" content=\"480\" \/>\n\t<meta property=\"og:image:type\" content=\"image\/webp\" \/>\n<meta name=\"twitter:card\" content=\"summary_large_image\" \/>\n<meta name=\"twitter:label1\" content=\"Gesch\u00e4tzte Lesezeit\" \/>\n\t<meta name=\"twitter:data1\" content=\"1\u00a0Minute\" \/>\n<script type=\"application\/ld+json\" class=\"yoast-schema-graph\">{\"@context\":\"https:\/\/schema.org\",\"@graph\":[{\"@type\":\"WebPage\",\"@id\":\"https:\/\/rikliskarto.com\/de\/nischen-parfum\/montale-parfum-de\/montale-verrueckt-verliebt\/\",\"url\":\"https:\/\/rikliskarto.com\/de\/nischen-parfum\/montale-parfum-de\/montale-verrueckt-verliebt\/\",\"name\":\"Montale - Verr\u00fcckt verliebt - Riklis Karto\",\"isPartOf\":{\"@id\":\"https:\/\/rikliskarto.com\/de\/#website\"},\"primaryImageOfPage\":{\"@id\":\"https:\/\/rikliskarto.com\/de\/nischen-parfum\/montale-parfum-de\/montale-verrueckt-verliebt\/#primaryimage\"},\"image\":{\"@id\":\"https:\/\/rikliskarto.com\/de\/nischen-parfum\/montale-parfum-de\/montale-verrueckt-verliebt\/#primaryimage\"},\"thumbnailUrl\":\"https:\/\/rikliskarto.com\/wp-content\/uploads\/2024\/11\/CrazyInLove.jpg\",\"datePublished\":\"2023-11-11T14:35:37+00:00\",\"dateModified\":\"2025-06-12T09:50:17+00:00\",\"breadcrumb\":{\"@id\":\"https:\/\/rikliskarto.com\/de\/nischen-parfum\/montale-parfum-de\/montale-verrueckt-verliebt\/#breadcrumb\"},\"inLanguage\":\"de\",\"potentialAction\":[{\"@type\":\"ReadAction\",\"target\":[\"https:\/\/rikliskarto.com\/de\/nischen-parfum\/montale-parfum-de\/montale-verrueckt-verliebt\/\"]}]},{\"@type\":\"ImageObject\",\"inLanguage\":\"de\",\"@id\":\"https:\/\/rikliskarto.com\/de\/nischen-parfum\/montale-parfum-de\/montale-verrueckt-verliebt\/#primaryimage\",\"url\":\"https:\/\/rikliskarto.com\/wp-content\/uploads\/2024\/11\/CrazyInLove.jpg\",\"contentUrl\":\"https:\/\/rikliskarto.com\/wp-content\/uploads\/2024\/11\/CrazyInLove.jpg\",\"width\":480,\"height\":480},{\"@type\":\"BreadcrumbList\",\"@id\":\"https:\/\/rikliskarto.com\/de\/nischen-parfum\/montale-parfum-de\/montale-verrueckt-verliebt\/#breadcrumb\",\"itemListElement\":[{\"@type\":\"ListItem\",\"position\":1,\"name\":\"Home\",\"item\":\"https:\/\/rikliskarto.com\/de\/heim\/\"},{\"@type\":\"ListItem\",\"position\":2,\"name\":\"Priv\u00e9: Laden\",\"item\":\"https:\/\/rikliskarto.com\/de\/shop\/\"},{\"@type\":\"ListItem\",\"position\":3,\"name\":\"Montale &#8211; Verr\u00fcckt verliebt\"}]},{\"@type\":\"WebSite\",\"@id\":\"https:\/\/rikliskarto.com\/de\/#website\",\"url\":\"https:\/\/rikliskarto.com\/de\/\",\"name\":\"Riklis Karto\",\"description\":\"Ontdek de beste Niche Parfum &amp; Geurkaarsen.\",\"potentialAction\":[{\"@type\":\"SearchAction\",\"target\":{\"@type\":\"EntryPoint\",\"urlTemplate\":\"https:\/\/rikliskarto.com\/de\/?s={search_term_string}\"},\"query-input\":{\"@type\":\"PropertyValueSpecification\",\"valueRequired\":true,\"valueName\":\"search_term_string\"}}],\"inLanguage\":\"de\"}]}<\/script>\n<!-- \/ Yoast SEO plugin. -->","yoast_head_json":{"title":"Montale - Verr\u00fcckt verliebt - Riklis Karto","robots":{"index":"index","follow":"follow","max-snippet":"max-snippet:-1","max-image-preview":"max-image-preview:large","max-video-preview":"max-video-preview:-1"},"canonical":"https:\/\/rikliskarto.com\/de\/nischen-parfum\/montale-parfum-de\/montale-verrueckt-verliebt\/","og_locale":"de_DE","og_type":"article","og_title":"Montale - Verr\u00fcckt verliebt - Riklis Karto","og_description":"Vor 14 Uhr bestellt, noch am selben Tag versendet. Bezahlen Sie anschlie\u00dfend mit klarna.","og_url":"https:\/\/rikliskarto.com\/de\/nischen-parfum\/montale-parfum-de\/montale-verrueckt-verliebt\/","og_site_name":"Riklis Karto","article_modified_time":"2025-06-12T09:50:17+00:00","og_image":[{"width":480,"height":480,"url":"https:\/\/rikliskarto.com\/wp-content\/uploads\/2024\/11\/CrazyInLove.jpg","type":"image\/webp"}],"twitter_card":"summary_large_image","twitter_misc":{"Gesch\u00e4tzte Lesezeit":"1\u00a0Minute"},"schema":{"@context":"https:\/\/schema.org","@graph":[{"@type":"WebPage","@id":"https:\/\/rikliskarto.com\/de\/nischen-parfum\/montale-parfum-de\/montale-verrueckt-verliebt\/","url":"https:\/\/rikliskarto.com\/de\/nischen-parfum\/montale-parfum-de\/montale-verrueckt-verliebt\/","name":"Montale - Verr\u00fcckt verliebt - Riklis Karto","isPartOf":{"@id":"https:\/\/rikliskarto.com\/de\/#website"},"primaryImageOfPage":{"@id":"https:\/\/rikliskarto.com\/de\/nischen-parfum\/montale-parfum-de\/montale-verrueckt-verliebt\/#primaryimage"},"image":{"@id":"https:\/\/rikliskarto.com\/de\/nischen-parfum\/montale-parfum-de\/montale-verrueckt-verliebt\/#primaryimage"},"thumbnailUrl":"https:\/\/rikliskarto.com\/wp-content\/uploads\/2024\/11\/CrazyInLove.jpg","datePublished":"2023-11-11T14:35:37+00:00","dateModified":"2025-06-12T09:50:17+00:00","breadcrumb":{"@id":"https:\/\/rikliskarto.com\/de\/nischen-parfum\/montale-parfum-de\/montale-verrueckt-verliebt\/#breadcrumb"},"inLanguage":"de","potentialAction":[{"@type":"ReadAction","target":["https:\/\/rikliskarto.com\/de\/nischen-parfum\/montale-parfum-de\/montale-verrueckt-verliebt\/"]}]},{"@type":"ImageObject","inLanguage":"de","@id":"https:\/\/rikliskarto.com\/de\/nischen-parfum\/montale-parfum-de\/montale-verrueckt-verliebt\/#primaryimage","url":"https:\/\/rikliskarto.com\/wp-content\/uploads\/2024\/11\/CrazyInLove.jpg","contentUrl":"https:\/\/rikliskarto.com\/wp-content\/uploads\/2024\/11\/CrazyInLove.jpg","width":480,"height":480},{"@type":"BreadcrumbList","@id":"https:\/\/rikliskarto.com\/de\/nischen-parfum\/montale-parfum-de\/montale-verrueckt-verliebt\/#breadcrumb","itemListElement":[{"@type":"ListItem","position":1,"name":"Home","item":"https:\/\/rikliskarto.com\/de\/heim\/"},{"@type":"ListItem","position":2,"name":"Priv\u00e9: Laden","item":"https:\/\/rikliskarto.com\/de\/shop\/"},{"@type":"ListItem","position":3,"name":"Montale &#8211; Verr\u00fcckt verliebt"}]},{"@type":"WebSite","@id":"https:\/\/rikliskarto.com\/de\/#website","url":"https:\/\/rikliskarto.com\/de\/","name":"Riklis Karto","description":"Ontdek de beste Niche Parfum &amp; Geurkaarsen.","potentialAction":[{"@type":"SearchAction","target":{"@type":"EntryPoint","urlTemplate":"https:\/\/rikliskarto.com\/de\/?s={search_term_string}"},"query-input":{"@type":"PropertyValueSpecification","valueRequired":true,"valueName":"search_term_string"}}],"inLanguage":"de"}]}},"_links":{"self":[{"href":"https:\/\/rikliskarto.com\/de\/wp-json\/wp\/v2\/product\/16700","targetHints":{"allow":["GET"]}}],"collection":[{"href":"https:\/\/rikliskarto.com\/de\/wp-json\/wp\/v2\/product"}],"about":[{"href":"https:\/\/rikliskarto.com\/de\/wp-json\/wp\/v2\/types\/product"}],"replies":[{"embeddable":true,"href":"https:\/\/rikliskarto.com\/de\/wp-json\/wp\/v2\/comments?post=16700"}],"wp:featuredmedia":[{"embeddable":true,"href":"https:\/\/rikliskarto.com\/de\/wp-json\/wp\/v2\/media\/17673"}],"wp:attachment":[{"href":"https:\/\/rikliskarto.com\/de\/wp-json\/wp\/v2\/media?parent=16700"}],"wp:term":[{"taxonomy":"product_brand","embeddable":true,"href":"https:\/\/rikliskarto.com\/de\/wp-json\/wp\/v2\/product_brand?post=16700"},{"taxonomy":"product_cat","embeddable":true,"href":"https:\/\/rikliskarto.com\/de\/wp-json\/wp\/v2\/product_cat?post=16700"},{"taxonomy":"product_tag","embeddable":true,"href":"https:\/\/rikliskarto.com\/de\/wp-json\/wp\/v2\/product_tag?post=16700"}],"curies":[{"name":"wp","href":"https:\/\/api.w.org\/{rel}","templated":true}]}}