{"id":16689,"date":"2023-05-06T16:52:37","date_gmt":"2023-05-06T14:52:37","guid":{"rendered":"https:\/\/rikliskarto.com\/shop\/sospiro-vibrato\/"},"modified":"2025-08-09T18:44:29","modified_gmt":"2025-08-09T16:44:29","slug":"sospiro-vibrato","status":"publish","type":"product","link":"https:\/\/rikliskarto.com\/de\/nischen-parfum\/sospiro-de\/sospiro-vibrato\/","title":{"rendered":"Sospiro Vibrato"},"content":{"rendered":"<h2>Vibrato Sospiro<\/h2>\n<p>Sospiro Vibrato ist der neue Duft, nach dem jeder sucht. Entdecken Sie die bezaubernde Welt des Parf\u00fcms Sospiro Vibrato. Dieser exklusive Duft umh\u00fcllt Sie mit einer unwiderstehlichen Harmonie sinnlicher Noten. Mit jedem Hinweis fangen Sie die Essenz von Raffinesse und Eleganz ein. Lassen Sie sich von den k\u00f6stlichen Duftnoten verf\u00fchren und erleben Sie ein nachhaltiges Gef\u00fchl. Sospiro Vibrato Parf\u00fcm, eine Symphonie aus Leidenschaft und Faszination, die Sie unvergesslich tragen werden.     <\/p>\n<h2>Bestellen Sie Ihr Sospiro Vibrato Parf\u00fcm bei Riklis Karto<\/h2>\n<p>M\u00f6chten Sie ein exklusives Dufterlebnis genie\u00dfen? Sospiro Vibrato bietet einen einzigartigen und stilvollen Duft, der sowohl f\u00fcr Frauen als auch f\u00fcr M\u00e4nner perfekt ist. Bestellen Sie jetzt Ihr Vibrato Parfum bei Riklis Karto.<\/p>\n","protected":false},"excerpt":{"rendered":"<p>Sospiro Vibrato ist ein exklusives Nischenparf\u00fcm, das eine harmonische Balance zwischen Frische und W\u00e4rme bietet. Mit einer fesselnden Mischung aus Zitrus-, Blumen- und Holznoten erzeugt dieser Duft ein elegantes und zeitloses Gef\u00fchl auf der Haut. Dieses Parf\u00fcm ist perfekt f\u00fcr Liebhaber von Luxus und Raffinesse.  <\/p>\n<h6><strong>Vor 14 Uhr bestellt, noch am selben Tag versendet. Bezahlen Sie anschlie\u00dfend mit klarna. <\/strong><\/h6>\n","protected":false},"featured_media":17641,"comment_status":"open","ping_status":"closed","template":"","meta":{"_acf_changed":false},"product_brand":[],"product_cat":[862,1726,1691],"product_tag":[],"class_list":{"0":"post-16689","1":"product","2":"type-product","3":"status-publish","4":"has-post-thumbnail","6":"product_cat-nischen-parfum","7":"product_cat-bestsellers-de","8":"product_cat-sospiro-de","9":"brand-sospiro-de","10":"scent-note-basisnoten-de","11":"scent-note-bergamot-de","12":"scent-note-bernstein","13":"scent-note-grapefruit-de","14":"scent-note-hartnoten-de","15":"scent-note-jasmijn-topnoten-de","16":"scent-note-magnolia-topnoten-de","17":"scent-note-muskus-de","18":"scent-note-patchouli-basisnoten-de","19":"scent-note-poederachtige-noten-de","20":"scent-note-topnoten-de","21":"scent-note-zedern","22":"composition-aromatisch-de","23":"composition-bleomig-de","24":"composition-citrusvruchten-de","25":"composition-fris-kruidig-de","26":"composition-groen-de","27":"composition-houtachtig-de","28":"composition-musk-de","29":"composition-poederig-de","30":"composition-warm-kruidig-de","31":"fragrance-family-citrus-de","32":"fragrance-family-floral-de","33":"fragrance-family-woods-de","34":"formule-eau-de-parfum-de","35":"style-businesslike-de","36":"style-luxe-de","37":"style-sexy-de","38":"style-trendy-de","39":"season-herfst-de","40":"season-lente-de","41":"season-zomer-de","42":"occasion-date-de","43":"occasion-diner-de","44":"occasion-vrije-tijd-de","45":"gender-man-de","46":"gender-unisex-de","47":"gender-vrouw-de","49":"first","50":"instock","51":"purchasable","52":"product-type-variable","53":"has-default-attributes"},"acf":[],"yoast_head":"<!-- This site is optimized with the Yoast SEO plugin v25.9 - https:\/\/yoast.com\/wordpress\/plugins\/seo\/ -->\n<title>Sospiro Vibrato \u2013 Luxuri\u00f6ses Parf\u00fcm aus Zitrusfr\u00fcchten und Holz<\/title>\n<meta name=\"description\" content=\"Entdecken Sie Sospiro Vibrato: ein raffinierter Duft mit Zitrusfr\u00fcchten, Blumen und Holz. Luxuri\u00f6ses Nischenparf\u00fcm f\u00fcr Frauen und M\u00e4nner. Bestellen Sie jetzt bei Riklis Karto!\" \/>\n<meta name=\"robots\" content=\"index, follow, max-snippet:-1, max-image-preview:large, max-video-preview:-1\" \/>\n<link rel=\"canonical\" href=\"https:\/\/rikliskarto.com\/de\/nischen-parfum\/sospiro-de\/sospiro-vibrato\/\" \/>\n<meta property=\"og:locale\" content=\"de_DE\" \/>\n<meta property=\"og:type\" content=\"article\" \/>\n<meta property=\"og:title\" content=\"Sospiro Vibrato \u2013 Luxuri\u00f6ses Parf\u00fcm aus Zitrusfr\u00fcchten und Holz\" \/>\n<meta property=\"og:description\" content=\"Entdecken Sie Sospiro Vibrato: ein raffinierter Duft mit Zitrusfr\u00fcchten, Blumen und Holz. Luxuri\u00f6ses Nischenparf\u00fcm f\u00fcr Frauen und M\u00e4nner. Bestellen Sie jetzt bei Riklis Karto!\" \/>\n<meta property=\"og:url\" content=\"https:\/\/rikliskarto.com\/de\/nischen-parfum\/sospiro-de\/sospiro-vibrato\/\" \/>\n<meta property=\"og:site_name\" content=\"Riklis Karto\" \/>\n<meta property=\"article:modified_time\" content=\"2025-08-09T16:44:29+00:00\" \/>\n<meta property=\"og:image\" content=\"https:\/\/rikliskarto.com\/wp-content\/uploads\/2024\/11\/sospiro-vibrato.png\" \/>\n\t<meta property=\"og:image:width\" content=\"1000\" \/>\n\t<meta property=\"og:image:height\" content=\"1000\" \/>\n\t<meta property=\"og:image:type\" content=\"image\/webp\" \/>\n<meta name=\"twitter:card\" content=\"summary_large_image\" \/>\n<meta name=\"twitter:label1\" content=\"Gesch\u00e4tzte Lesezeit\" \/>\n\t<meta name=\"twitter:data1\" content=\"1\u00a0Minute\" \/>\n<script type=\"application\/ld+json\" class=\"yoast-schema-graph\">{\"@context\":\"https:\/\/schema.org\",\"@graph\":[{\"@type\":\"WebPage\",\"@id\":\"https:\/\/rikliskarto.com\/de\/nischen-parfum\/sospiro-de\/sospiro-vibrato\/\",\"url\":\"https:\/\/rikliskarto.com\/de\/nischen-parfum\/sospiro-de\/sospiro-vibrato\/\",\"name\":\"Sospiro Vibrato \u2013 Luxuri\u00f6ses Parf\u00fcm aus Zitrusfr\u00fcchten und Holz\",\"isPartOf\":{\"@id\":\"https:\/\/rikliskarto.com\/de\/#website\"},\"primaryImageOfPage\":{\"@id\":\"https:\/\/rikliskarto.com\/de\/nischen-parfum\/sospiro-de\/sospiro-vibrato\/#primaryimage\"},\"image\":{\"@id\":\"https:\/\/rikliskarto.com\/de\/nischen-parfum\/sospiro-de\/sospiro-vibrato\/#primaryimage\"},\"thumbnailUrl\":\"https:\/\/rikliskarto.com\/wp-content\/uploads\/2024\/11\/sospiro-vibrato.png\",\"datePublished\":\"2023-05-06T14:52:37+00:00\",\"dateModified\":\"2025-08-09T16:44:29+00:00\",\"description\":\"Entdecken Sie Sospiro Vibrato: ein raffinierter Duft mit Zitrusfr\u00fcchten, Blumen und Holz. Luxuri\u00f6ses Nischenparf\u00fcm f\u00fcr Frauen und M\u00e4nner. Bestellen Sie jetzt bei Riklis Karto!\",\"breadcrumb\":{\"@id\":\"https:\/\/rikliskarto.com\/de\/nischen-parfum\/sospiro-de\/sospiro-vibrato\/#breadcrumb\"},\"inLanguage\":\"de\",\"potentialAction\":[{\"@type\":\"ReadAction\",\"target\":[\"https:\/\/rikliskarto.com\/de\/nischen-parfum\/sospiro-de\/sospiro-vibrato\/\"]}]},{\"@type\":\"ImageObject\",\"inLanguage\":\"de\",\"@id\":\"https:\/\/rikliskarto.com\/de\/nischen-parfum\/sospiro-de\/sospiro-vibrato\/#primaryimage\",\"url\":\"https:\/\/rikliskarto.com\/wp-content\/uploads\/2024\/11\/sospiro-vibrato.png\",\"contentUrl\":\"https:\/\/rikliskarto.com\/wp-content\/uploads\/2024\/11\/sospiro-vibrato.png\",\"width\":1000,\"height\":1000},{\"@type\":\"BreadcrumbList\",\"@id\":\"https:\/\/rikliskarto.com\/de\/nischen-parfum\/sospiro-de\/sospiro-vibrato\/#breadcrumb\",\"itemListElement\":[{\"@type\":\"ListItem\",\"position\":1,\"name\":\"Home\",\"item\":\"https:\/\/rikliskarto.com\/de\/heim\/\"},{\"@type\":\"ListItem\",\"position\":2,\"name\":\"Priv\u00e9: Laden\",\"item\":\"https:\/\/rikliskarto.com\/de\/shop\/\"},{\"@type\":\"ListItem\",\"position\":3,\"name\":\"Sospiro Vibrato\"}]},{\"@type\":\"WebSite\",\"@id\":\"https:\/\/rikliskarto.com\/de\/#website\",\"url\":\"https:\/\/rikliskarto.com\/de\/\",\"name\":\"Riklis Karto\",\"description\":\"Ontdek de beste Niche Parfum &amp; Geurkaarsen.\",\"potentialAction\":[{\"@type\":\"SearchAction\",\"target\":{\"@type\":\"EntryPoint\",\"urlTemplate\":\"https:\/\/rikliskarto.com\/de\/?s={search_term_string}\"},\"query-input\":{\"@type\":\"PropertyValueSpecification\",\"valueRequired\":true,\"valueName\":\"search_term_string\"}}],\"inLanguage\":\"de\"}]}<\/script>\n<!-- \/ Yoast SEO plugin. -->","yoast_head_json":{"title":"Sospiro Vibrato \u2013 Luxuri\u00f6ses Parf\u00fcm aus Zitrusfr\u00fcchten und Holz","description":"Entdecken Sie Sospiro Vibrato: ein raffinierter Duft mit Zitrusfr\u00fcchten, Blumen und Holz. Luxuri\u00f6ses Nischenparf\u00fcm f\u00fcr Frauen und M\u00e4nner. Bestellen Sie jetzt bei Riklis Karto!","robots":{"index":"index","follow":"follow","max-snippet":"max-snippet:-1","max-image-preview":"max-image-preview:large","max-video-preview":"max-video-preview:-1"},"canonical":"https:\/\/rikliskarto.com\/de\/nischen-parfum\/sospiro-de\/sospiro-vibrato\/","og_locale":"de_DE","og_type":"article","og_title":"Sospiro Vibrato \u2013 Luxuri\u00f6ses Parf\u00fcm aus Zitrusfr\u00fcchten und Holz","og_description":"Entdecken Sie Sospiro Vibrato: ein raffinierter Duft mit Zitrusfr\u00fcchten, Blumen und Holz. Luxuri\u00f6ses Nischenparf\u00fcm f\u00fcr Frauen und M\u00e4nner. Bestellen Sie jetzt bei Riklis Karto!","og_url":"https:\/\/rikliskarto.com\/de\/nischen-parfum\/sospiro-de\/sospiro-vibrato\/","og_site_name":"Riklis Karto","article_modified_time":"2025-08-09T16:44:29+00:00","og_image":[{"width":1000,"height":1000,"url":"https:\/\/rikliskarto.com\/wp-content\/uploads\/2024\/11\/sospiro-vibrato.png","type":"image\/webp"}],"twitter_card":"summary_large_image","twitter_misc":{"Gesch\u00e4tzte Lesezeit":"1\u00a0Minute"},"schema":{"@context":"https:\/\/schema.org","@graph":[{"@type":"WebPage","@id":"https:\/\/rikliskarto.com\/de\/nischen-parfum\/sospiro-de\/sospiro-vibrato\/","url":"https:\/\/rikliskarto.com\/de\/nischen-parfum\/sospiro-de\/sospiro-vibrato\/","name":"Sospiro Vibrato \u2013 Luxuri\u00f6ses Parf\u00fcm aus Zitrusfr\u00fcchten und Holz","isPartOf":{"@id":"https:\/\/rikliskarto.com\/de\/#website"},"primaryImageOfPage":{"@id":"https:\/\/rikliskarto.com\/de\/nischen-parfum\/sospiro-de\/sospiro-vibrato\/#primaryimage"},"image":{"@id":"https:\/\/rikliskarto.com\/de\/nischen-parfum\/sospiro-de\/sospiro-vibrato\/#primaryimage"},"thumbnailUrl":"https:\/\/rikliskarto.com\/wp-content\/uploads\/2024\/11\/sospiro-vibrato.png","datePublished":"2023-05-06T14:52:37+00:00","dateModified":"2025-08-09T16:44:29+00:00","description":"Entdecken Sie Sospiro Vibrato: ein raffinierter Duft mit Zitrusfr\u00fcchten, Blumen und Holz. Luxuri\u00f6ses Nischenparf\u00fcm f\u00fcr Frauen und M\u00e4nner. Bestellen Sie jetzt bei Riklis Karto!","breadcrumb":{"@id":"https:\/\/rikliskarto.com\/de\/nischen-parfum\/sospiro-de\/sospiro-vibrato\/#breadcrumb"},"inLanguage":"de","potentialAction":[{"@type":"ReadAction","target":["https:\/\/rikliskarto.com\/de\/nischen-parfum\/sospiro-de\/sospiro-vibrato\/"]}]},{"@type":"ImageObject","inLanguage":"de","@id":"https:\/\/rikliskarto.com\/de\/nischen-parfum\/sospiro-de\/sospiro-vibrato\/#primaryimage","url":"https:\/\/rikliskarto.com\/wp-content\/uploads\/2024\/11\/sospiro-vibrato.png","contentUrl":"https:\/\/rikliskarto.com\/wp-content\/uploads\/2024\/11\/sospiro-vibrato.png","width":1000,"height":1000},{"@type":"BreadcrumbList","@id":"https:\/\/rikliskarto.com\/de\/nischen-parfum\/sospiro-de\/sospiro-vibrato\/#breadcrumb","itemListElement":[{"@type":"ListItem","position":1,"name":"Home","item":"https:\/\/rikliskarto.com\/de\/heim\/"},{"@type":"ListItem","position":2,"name":"Priv\u00e9: Laden","item":"https:\/\/rikliskarto.com\/de\/shop\/"},{"@type":"ListItem","position":3,"name":"Sospiro Vibrato"}]},{"@type":"WebSite","@id":"https:\/\/rikliskarto.com\/de\/#website","url":"https:\/\/rikliskarto.com\/de\/","name":"Riklis Karto","description":"Ontdek de beste Niche Parfum &amp; Geurkaarsen.","potentialAction":[{"@type":"SearchAction","target":{"@type":"EntryPoint","urlTemplate":"https:\/\/rikliskarto.com\/de\/?s={search_term_string}"},"query-input":{"@type":"PropertyValueSpecification","valueRequired":true,"valueName":"search_term_string"}}],"inLanguage":"de"}]}},"_links":{"self":[{"href":"https:\/\/rikliskarto.com\/de\/wp-json\/wp\/v2\/product\/16689","targetHints":{"allow":["GET"]}}],"collection":[{"href":"https:\/\/rikliskarto.com\/de\/wp-json\/wp\/v2\/product"}],"about":[{"href":"https:\/\/rikliskarto.com\/de\/wp-json\/wp\/v2\/types\/product"}],"replies":[{"embeddable":true,"href":"https:\/\/rikliskarto.com\/de\/wp-json\/wp\/v2\/comments?post=16689"}],"wp:featuredmedia":[{"embeddable":true,"href":"https:\/\/rikliskarto.com\/de\/wp-json\/wp\/v2\/media\/17641"}],"wp:attachment":[{"href":"https:\/\/rikliskarto.com\/de\/wp-json\/wp\/v2\/media?parent=16689"}],"wp:term":[{"taxonomy":"product_brand","embeddable":true,"href":"https:\/\/rikliskarto.com\/de\/wp-json\/wp\/v2\/product_brand?post=16689"},{"taxonomy":"product_cat","embeddable":true,"href":"https:\/\/rikliskarto.com\/de\/wp-json\/wp\/v2\/product_cat?post=16689"},{"taxonomy":"product_tag","embeddable":true,"href":"https:\/\/rikliskarto.com\/de\/wp-json\/wp\/v2\/product_tag?post=16689"}],"curies":[{"name":"wp","href":"https:\/\/api.w.org\/{rel}","templated":true}]}}