{"id":16598,"date":"2023-03-22T20:12:02","date_gmt":"2023-03-22T19:12:02","guid":{"rendered":"https:\/\/rikliskarto.com\/shop\/locherber-oudh-kerze\/"},"modified":"2025-06-12T11:52:33","modified_gmt":"2025-06-12T09:52:33","slug":"locherber-oudh-kerze","status":"publish","type":"product","link":"https:\/\/rikliskarto.com\/de\/duftkerzen\/locherber-duftkerzen-de\/locherber-oudh-kerze\/","title":{"rendered":"Locherber &#8211; Oudh Kerze"},"content":{"rendered":"","protected":false},"excerpt":{"rendered":"<div class=\"Wrapper___daehe productlist-heading__header\">\n<p>Entdecken Sie mit dieser Kerze den bezaubernden Duft von Veilchen, Baumharzen, R\u00e4ucherst\u00e4bchen, Tabak, Kaffee und Sandelholz. Lassen Sie sich von der Magie von Oud, Patchouli, Adlerholz und Amber verzaubern. Dieses Set in limitierter Auflage ist ein echtes Prunkst\u00fcck f\u00fcr Menschen, die ihren Raum mit einer einzigartigen Atmosph\u00e4re aufwerten und herausfordern m\u00f6chten.  <\/p>\n<p>Kaufen Sie Locherber bei Riklis Karto!<\/p>\n<\/div>\n","protected":false},"featured_media":17505,"comment_status":"open","ping_status":"closed","template":"","meta":{"_acf_changed":false},"product_brand":[],"product_cat":[866,1671],"product_tag":[],"class_list":{"0":"post-16598","1":"product","2":"type-product","3":"status-publish","4":"has-post-thumbnail","6":"product_cat-duftkerzen","7":"product_cat-locherber-duftkerzen-de","8":"brand-locherber-de","10":"first","11":"instock","12":"purchasable","13":"product-type-simple"},"acf":[],"yoast_head":"<!-- This site is optimized with the Yoast SEO plugin v25.9 - https:\/\/yoast.com\/wordpress\/plugins\/seo\/ -->\n<title>Locherber - Oudh Kerze - Riklis Karto<\/title>\n<meta name=\"robots\" content=\"index, follow, max-snippet:-1, max-image-preview:large, max-video-preview:-1\" \/>\n<link rel=\"canonical\" href=\"https:\/\/rikliskarto.com\/de\/duftkerzen\/locherber-duftkerzen-de\/locherber-oudh-kerze\/\" \/>\n<meta property=\"og:locale\" content=\"de_DE\" \/>\n<meta property=\"og:type\" content=\"article\" \/>\n<meta property=\"og:title\" content=\"Locherber - Oudh Kerze - Riklis Karto\" \/>\n<meta property=\"og:description\" content=\"Entdecken Sie mit dieser Kerze den bezaubernden Duft von Veilchen, Baumharzen, R\u00e4ucherst\u00e4bchen, Tabak, Kaffee und Sandelholz. Lassen Sie sich von der Magie von Oud, Patchouli, Adlerholz und Amber verzaubern. Dieses Set in limitierter Auflage ist ein echtes Prunkst\u00fcck f\u00fcr Menschen, die ihren Raum mit einer einzigartigen Atmosph\u00e4re aufwerten und herausfordern m\u00f6chten.  Kaufen Sie Locherber bei Riklis Karto!\" \/>\n<meta property=\"og:url\" content=\"https:\/\/rikliskarto.com\/de\/duftkerzen\/locherber-duftkerzen-de\/locherber-oudh-kerze\/\" \/>\n<meta property=\"og:site_name\" content=\"Riklis Karto\" \/>\n<meta property=\"article:modified_time\" content=\"2025-06-12T09:52:33+00:00\" \/>\n<meta property=\"og:image\" content=\"https:\/\/rikliskarto.com\/wp-content\/uploads\/2024\/11\/oudh-candle-1600.png\" \/>\n\t<meta property=\"og:image:width\" content=\"1000\" \/>\n\t<meta property=\"og:image:height\" content=\"1000\" \/>\n\t<meta property=\"og:image:type\" content=\"image\/webp\" \/>\n<meta name=\"twitter:card\" content=\"summary_large_image\" \/>\n<script type=\"application\/ld+json\" class=\"yoast-schema-graph\">{\"@context\":\"https:\/\/schema.org\",\"@graph\":[{\"@type\":\"WebPage\",\"@id\":\"https:\/\/rikliskarto.com\/de\/duftkerzen\/locherber-duftkerzen-de\/locherber-oudh-kerze\/\",\"url\":\"https:\/\/rikliskarto.com\/de\/duftkerzen\/locherber-duftkerzen-de\/locherber-oudh-kerze\/\",\"name\":\"Locherber - Oudh Kerze - Riklis Karto\",\"isPartOf\":{\"@id\":\"https:\/\/rikliskarto.com\/de\/#website\"},\"primaryImageOfPage\":{\"@id\":\"https:\/\/rikliskarto.com\/de\/duftkerzen\/locherber-duftkerzen-de\/locherber-oudh-kerze\/#primaryimage\"},\"image\":{\"@id\":\"https:\/\/rikliskarto.com\/de\/duftkerzen\/locherber-duftkerzen-de\/locherber-oudh-kerze\/#primaryimage\"},\"thumbnailUrl\":\"https:\/\/rikliskarto.com\/wp-content\/uploads\/2024\/11\/oudh-candle-1600.png\",\"datePublished\":\"2023-03-22T19:12:02+00:00\",\"dateModified\":\"2025-06-12T09:52:33+00:00\",\"breadcrumb\":{\"@id\":\"https:\/\/rikliskarto.com\/de\/duftkerzen\/locherber-duftkerzen-de\/locherber-oudh-kerze\/#breadcrumb\"},\"inLanguage\":\"de\",\"potentialAction\":[{\"@type\":\"ReadAction\",\"target\":[\"https:\/\/rikliskarto.com\/de\/duftkerzen\/locherber-duftkerzen-de\/locherber-oudh-kerze\/\"]}]},{\"@type\":\"ImageObject\",\"inLanguage\":\"de\",\"@id\":\"https:\/\/rikliskarto.com\/de\/duftkerzen\/locherber-duftkerzen-de\/locherber-oudh-kerze\/#primaryimage\",\"url\":\"https:\/\/rikliskarto.com\/wp-content\/uploads\/2024\/11\/oudh-candle-1600.png\",\"contentUrl\":\"https:\/\/rikliskarto.com\/wp-content\/uploads\/2024\/11\/oudh-candle-1600.png\",\"width\":1000,\"height\":1000},{\"@type\":\"BreadcrumbList\",\"@id\":\"https:\/\/rikliskarto.com\/de\/duftkerzen\/locherber-duftkerzen-de\/locherber-oudh-kerze\/#breadcrumb\",\"itemListElement\":[{\"@type\":\"ListItem\",\"position\":1,\"name\":\"Home\",\"item\":\"https:\/\/rikliskarto.com\/de\/heim\/\"},{\"@type\":\"ListItem\",\"position\":2,\"name\":\"Priv\u00e9: Laden\",\"item\":\"https:\/\/rikliskarto.com\/de\/shop\/\"},{\"@type\":\"ListItem\",\"position\":3,\"name\":\"Locherber &#8211; Oudh Kerze\"}]},{\"@type\":\"WebSite\",\"@id\":\"https:\/\/rikliskarto.com\/de\/#website\",\"url\":\"https:\/\/rikliskarto.com\/de\/\",\"name\":\"Riklis Karto\",\"description\":\"Ontdek de beste Niche Parfum &amp; Geurkaarsen.\",\"potentialAction\":[{\"@type\":\"SearchAction\",\"target\":{\"@type\":\"EntryPoint\",\"urlTemplate\":\"https:\/\/rikliskarto.com\/de\/?s={search_term_string}\"},\"query-input\":{\"@type\":\"PropertyValueSpecification\",\"valueRequired\":true,\"valueName\":\"search_term_string\"}}],\"inLanguage\":\"de\"}]}<\/script>\n<!-- \/ Yoast SEO plugin. -->","yoast_head_json":{"title":"Locherber - Oudh Kerze - Riklis Karto","robots":{"index":"index","follow":"follow","max-snippet":"max-snippet:-1","max-image-preview":"max-image-preview:large","max-video-preview":"max-video-preview:-1"},"canonical":"https:\/\/rikliskarto.com\/de\/duftkerzen\/locherber-duftkerzen-de\/locherber-oudh-kerze\/","og_locale":"de_DE","og_type":"article","og_title":"Locherber - Oudh Kerze - Riklis Karto","og_description":"Entdecken Sie mit dieser Kerze den bezaubernden Duft von Veilchen, Baumharzen, R\u00e4ucherst\u00e4bchen, Tabak, Kaffee und Sandelholz. Lassen Sie sich von der Magie von Oud, Patchouli, Adlerholz und Amber verzaubern. Dieses Set in limitierter Auflage ist ein echtes Prunkst\u00fcck f\u00fcr Menschen, die ihren Raum mit einer einzigartigen Atmosph\u00e4re aufwerten und herausfordern m\u00f6chten.  Kaufen Sie Locherber bei Riklis Karto!","og_url":"https:\/\/rikliskarto.com\/de\/duftkerzen\/locherber-duftkerzen-de\/locherber-oudh-kerze\/","og_site_name":"Riklis Karto","article_modified_time":"2025-06-12T09:52:33+00:00","og_image":[{"width":1000,"height":1000,"url":"https:\/\/rikliskarto.com\/wp-content\/uploads\/2024\/11\/oudh-candle-1600.png","type":"image\/webp"}],"twitter_card":"summary_large_image","schema":{"@context":"https:\/\/schema.org","@graph":[{"@type":"WebPage","@id":"https:\/\/rikliskarto.com\/de\/duftkerzen\/locherber-duftkerzen-de\/locherber-oudh-kerze\/","url":"https:\/\/rikliskarto.com\/de\/duftkerzen\/locherber-duftkerzen-de\/locherber-oudh-kerze\/","name":"Locherber - Oudh Kerze - Riklis Karto","isPartOf":{"@id":"https:\/\/rikliskarto.com\/de\/#website"},"primaryImageOfPage":{"@id":"https:\/\/rikliskarto.com\/de\/duftkerzen\/locherber-duftkerzen-de\/locherber-oudh-kerze\/#primaryimage"},"image":{"@id":"https:\/\/rikliskarto.com\/de\/duftkerzen\/locherber-duftkerzen-de\/locherber-oudh-kerze\/#primaryimage"},"thumbnailUrl":"https:\/\/rikliskarto.com\/wp-content\/uploads\/2024\/11\/oudh-candle-1600.png","datePublished":"2023-03-22T19:12:02+00:00","dateModified":"2025-06-12T09:52:33+00:00","breadcrumb":{"@id":"https:\/\/rikliskarto.com\/de\/duftkerzen\/locherber-duftkerzen-de\/locherber-oudh-kerze\/#breadcrumb"},"inLanguage":"de","potentialAction":[{"@type":"ReadAction","target":["https:\/\/rikliskarto.com\/de\/duftkerzen\/locherber-duftkerzen-de\/locherber-oudh-kerze\/"]}]},{"@type":"ImageObject","inLanguage":"de","@id":"https:\/\/rikliskarto.com\/de\/duftkerzen\/locherber-duftkerzen-de\/locherber-oudh-kerze\/#primaryimage","url":"https:\/\/rikliskarto.com\/wp-content\/uploads\/2024\/11\/oudh-candle-1600.png","contentUrl":"https:\/\/rikliskarto.com\/wp-content\/uploads\/2024\/11\/oudh-candle-1600.png","width":1000,"height":1000},{"@type":"BreadcrumbList","@id":"https:\/\/rikliskarto.com\/de\/duftkerzen\/locherber-duftkerzen-de\/locherber-oudh-kerze\/#breadcrumb","itemListElement":[{"@type":"ListItem","position":1,"name":"Home","item":"https:\/\/rikliskarto.com\/de\/heim\/"},{"@type":"ListItem","position":2,"name":"Priv\u00e9: Laden","item":"https:\/\/rikliskarto.com\/de\/shop\/"},{"@type":"ListItem","position":3,"name":"Locherber &#8211; Oudh Kerze"}]},{"@type":"WebSite","@id":"https:\/\/rikliskarto.com\/de\/#website","url":"https:\/\/rikliskarto.com\/de\/","name":"Riklis Karto","description":"Ontdek de beste Niche Parfum &amp; Geurkaarsen.","potentialAction":[{"@type":"SearchAction","target":{"@type":"EntryPoint","urlTemplate":"https:\/\/rikliskarto.com\/de\/?s={search_term_string}"},"query-input":{"@type":"PropertyValueSpecification","valueRequired":true,"valueName":"search_term_string"}}],"inLanguage":"de"}]}},"_links":{"self":[{"href":"https:\/\/rikliskarto.com\/de\/wp-json\/wp\/v2\/product\/16598","targetHints":{"allow":["GET"]}}],"collection":[{"href":"https:\/\/rikliskarto.com\/de\/wp-json\/wp\/v2\/product"}],"about":[{"href":"https:\/\/rikliskarto.com\/de\/wp-json\/wp\/v2\/types\/product"}],"replies":[{"embeddable":true,"href":"https:\/\/rikliskarto.com\/de\/wp-json\/wp\/v2\/comments?post=16598"}],"wp:featuredmedia":[{"embeddable":true,"href":"https:\/\/rikliskarto.com\/de\/wp-json\/wp\/v2\/media\/17505"}],"wp:attachment":[{"href":"https:\/\/rikliskarto.com\/de\/wp-json\/wp\/v2\/media?parent=16598"}],"wp:term":[{"taxonomy":"product_brand","embeddable":true,"href":"https:\/\/rikliskarto.com\/de\/wp-json\/wp\/v2\/product_brand?post=16598"},{"taxonomy":"product_cat","embeddable":true,"href":"https:\/\/rikliskarto.com\/de\/wp-json\/wp\/v2\/product_cat?post=16598"},{"taxonomy":"product_tag","embeddable":true,"href":"https:\/\/rikliskarto.com\/de\/wp-json\/wp\/v2\/product_tag?post=16598"}],"curies":[{"name":"wp","href":"https:\/\/api.w.org\/{rel}","templated":true}]}}