{"id":16591,"date":"2023-03-22T20:21:38","date_gmt":"2023-03-22T19:21:38","guid":{"rendered":"https:\/\/rikliskarto.com\/shop\/locherber-totem\/"},"modified":"2025-06-12T11:52:32","modified_gmt":"2025-06-12T09:52:32","slug":"locherber-totem","status":"publish","type":"product","link":"https:\/\/rikliskarto.com\/de\/duftkerzen\/locherber-duftkerzen-de\/locherber-totem\/","title":{"rendered":"Locherber &#8211; Totem"},"content":{"rendered":"","protected":false},"excerpt":{"rendered":"<p><strong>Bitte beachten Sie: nur auf Anfrage erh\u00e4ltlich.<\/strong><\/p>\n<p>Im Herzen Italiens, umgeben von den saftig gr\u00fcnen W\u00e4ldern der Toskana, kreieren unsere Handwerksmeister und Parf\u00fcmeure ein einzigartiges Kunstwerk: das Totem von Locherber. Diese wundersch\u00f6ne Totem aus Eisen ist nicht nur ein Meisterwerk des Designs, sondern auch ein duftendes Meisterwerk. Mit seinem 2500 ml Diffusor der Skyline-Linie verbreitet er subtile und raffinierte D\u00fcfte in Ihrem Zuhause. W\u00e4hlen Sie aus einer Reihe sch\u00f6ner D\u00fcfte und verleihen Sie Ihrem Zuhause eine raffinierte Atmosph\u00e4re. Das Locherber Totem ist auch ein perfektes Geschenk &#8211; eine seltene und unvergessliche Geste der Anmut und Eleganz. Ein Produkt, das vollst\u00e4ndig in Italien hergestellt wird, mit Liebe und Handwerkskunst, um Ihr Zuhause mit einem einzigartigen Dufterlebnis zu bereichern. Erleben Sie es selbst.      <\/p>\n","protected":false},"featured_media":17511,"comment_status":"open","ping_status":"open","template":"","meta":{"_acf_changed":false},"product_brand":[],"product_cat":[866,1671],"product_tag":[],"class_list":{"0":"post-16591","1":"product","2":"type-product","3":"status-publish","4":"has-post-thumbnail","6":"product_cat-duftkerzen","7":"product_cat-locherber-duftkerzen-de","8":"brand-locherber-de","10":"first","11":"instock","12":"purchasable","13":"product-type-variable"},"acf":[],"yoast_head":"<!-- This site is optimized with the Yoast SEO plugin v25.9 - https:\/\/yoast.com\/wordpress\/plugins\/seo\/ -->\n<title>Locherber - Totem - Riklis Karto<\/title>\n<meta name=\"robots\" content=\"index, follow, max-snippet:-1, max-image-preview:large, max-video-preview:-1\" \/>\n<link rel=\"canonical\" href=\"https:\/\/rikliskarto.com\/de\/duftkerzen\/locherber-duftkerzen-de\/locherber-totem\/\" \/>\n<meta property=\"og:locale\" content=\"de_DE\" \/>\n<meta property=\"og:type\" content=\"article\" \/>\n<meta property=\"og:title\" content=\"Locherber - Totem - Riklis Karto\" \/>\n<meta property=\"og:description\" content=\"Bitte beachten Sie: nur auf Anfrage erh\u00e4ltlich. Im Herzen Italiens, umgeben von den saftig gr\u00fcnen W\u00e4ldern der Toskana, kreieren unsere Handwerksmeister und Parf\u00fcmeure ein einzigartiges Kunstwerk: das Totem von Locherber. Diese wundersch\u00f6ne Totem aus Eisen ist nicht nur ein Meisterwerk des Designs, sondern auch ein duftendes Meisterwerk. Mit seinem 2500 ml Diffusor der Skyline-Linie verbreitet er subtile und raffinierte D\u00fcfte in Ihrem Zuhause. W\u00e4hlen Sie aus einer Reihe sch\u00f6ner D\u00fcfte und verleihen Sie Ihrem Zuhause eine raffinierte Atmosph\u00e4re. Das Locherber Totem ist auch ein perfektes Geschenk - eine seltene und unvergessliche Geste der Anmut und Eleganz. Ein Produkt, das vollst\u00e4ndig in Italien hergestellt wird, mit Liebe und Handwerkskunst, um Ihr Zuhause mit einem einzigartigen Dufterlebnis zu bereichern. Erleben Sie es selbst.\" \/>\n<meta property=\"og:url\" content=\"https:\/\/rikliskarto.com\/de\/duftkerzen\/locherber-duftkerzen-de\/locherber-totem\/\" \/>\n<meta property=\"og:site_name\" content=\"Riklis Karto\" \/>\n<meta property=\"article:modified_time\" content=\"2025-06-12T09:52:32+00:00\" \/>\n<meta property=\"og:image\" content=\"https:\/\/rikliskarto.com\/wp-content\/uploads\/2024\/11\/totem.png\" \/>\n\t<meta property=\"og:image:width\" content=\"1000\" \/>\n\t<meta property=\"og:image:height\" content=\"1000\" \/>\n\t<meta property=\"og:image:type\" content=\"image\/webp\" \/>\n<meta name=\"twitter:card\" content=\"summary_large_image\" \/>\n<script type=\"application\/ld+json\" class=\"yoast-schema-graph\">{\"@context\":\"https:\/\/schema.org\",\"@graph\":[{\"@type\":\"WebPage\",\"@id\":\"https:\/\/rikliskarto.com\/de\/duftkerzen\/locherber-duftkerzen-de\/locherber-totem\/\",\"url\":\"https:\/\/rikliskarto.com\/de\/duftkerzen\/locherber-duftkerzen-de\/locherber-totem\/\",\"name\":\"Locherber - Totem - Riklis Karto\",\"isPartOf\":{\"@id\":\"https:\/\/rikliskarto.com\/de\/#website\"},\"primaryImageOfPage\":{\"@id\":\"https:\/\/rikliskarto.com\/de\/duftkerzen\/locherber-duftkerzen-de\/locherber-totem\/#primaryimage\"},\"image\":{\"@id\":\"https:\/\/rikliskarto.com\/de\/duftkerzen\/locherber-duftkerzen-de\/locherber-totem\/#primaryimage\"},\"thumbnailUrl\":\"https:\/\/rikliskarto.com\/wp-content\/uploads\/2024\/11\/totem.png\",\"datePublished\":\"2023-03-22T19:21:38+00:00\",\"dateModified\":\"2025-06-12T09:52:32+00:00\",\"breadcrumb\":{\"@id\":\"https:\/\/rikliskarto.com\/de\/duftkerzen\/locherber-duftkerzen-de\/locherber-totem\/#breadcrumb\"},\"inLanguage\":\"de\",\"potentialAction\":[{\"@type\":\"ReadAction\",\"target\":[\"https:\/\/rikliskarto.com\/de\/duftkerzen\/locherber-duftkerzen-de\/locherber-totem\/\"]}]},{\"@type\":\"ImageObject\",\"inLanguage\":\"de\",\"@id\":\"https:\/\/rikliskarto.com\/de\/duftkerzen\/locherber-duftkerzen-de\/locherber-totem\/#primaryimage\",\"url\":\"https:\/\/rikliskarto.com\/wp-content\/uploads\/2024\/11\/totem.png\",\"contentUrl\":\"https:\/\/rikliskarto.com\/wp-content\/uploads\/2024\/11\/totem.png\",\"width\":1000,\"height\":1000},{\"@type\":\"BreadcrumbList\",\"@id\":\"https:\/\/rikliskarto.com\/de\/duftkerzen\/locherber-duftkerzen-de\/locherber-totem\/#breadcrumb\",\"itemListElement\":[{\"@type\":\"ListItem\",\"position\":1,\"name\":\"Home\",\"item\":\"https:\/\/rikliskarto.com\/de\/heim\/\"},{\"@type\":\"ListItem\",\"position\":2,\"name\":\"Priv\u00e9: Laden\",\"item\":\"https:\/\/rikliskarto.com\/de\/shop\/\"},{\"@type\":\"ListItem\",\"position\":3,\"name\":\"Locherber &#8211; Totem\"}]},{\"@type\":\"WebSite\",\"@id\":\"https:\/\/rikliskarto.com\/de\/#website\",\"url\":\"https:\/\/rikliskarto.com\/de\/\",\"name\":\"Riklis Karto\",\"description\":\"Ontdek de beste Niche Parfum &amp; Geurkaarsen.\",\"potentialAction\":[{\"@type\":\"SearchAction\",\"target\":{\"@type\":\"EntryPoint\",\"urlTemplate\":\"https:\/\/rikliskarto.com\/de\/?s={search_term_string}\"},\"query-input\":{\"@type\":\"PropertyValueSpecification\",\"valueRequired\":true,\"valueName\":\"search_term_string\"}}],\"inLanguage\":\"de\"}]}<\/script>\n<!-- \/ Yoast SEO plugin. -->","yoast_head_json":{"title":"Locherber - Totem - Riklis Karto","robots":{"index":"index","follow":"follow","max-snippet":"max-snippet:-1","max-image-preview":"max-image-preview:large","max-video-preview":"max-video-preview:-1"},"canonical":"https:\/\/rikliskarto.com\/de\/duftkerzen\/locherber-duftkerzen-de\/locherber-totem\/","og_locale":"de_DE","og_type":"article","og_title":"Locherber - Totem - Riklis Karto","og_description":"Bitte beachten Sie: nur auf Anfrage erh\u00e4ltlich. Im Herzen Italiens, umgeben von den saftig gr\u00fcnen W\u00e4ldern der Toskana, kreieren unsere Handwerksmeister und Parf\u00fcmeure ein einzigartiges Kunstwerk: das Totem von Locherber. Diese wundersch\u00f6ne Totem aus Eisen ist nicht nur ein Meisterwerk des Designs, sondern auch ein duftendes Meisterwerk. Mit seinem 2500 ml Diffusor der Skyline-Linie verbreitet er subtile und raffinierte D\u00fcfte in Ihrem Zuhause. W\u00e4hlen Sie aus einer Reihe sch\u00f6ner D\u00fcfte und verleihen Sie Ihrem Zuhause eine raffinierte Atmosph\u00e4re. Das Locherber Totem ist auch ein perfektes Geschenk - eine seltene und unvergessliche Geste der Anmut und Eleganz. Ein Produkt, das vollst\u00e4ndig in Italien hergestellt wird, mit Liebe und Handwerkskunst, um Ihr Zuhause mit einem einzigartigen Dufterlebnis zu bereichern. Erleben Sie es selbst.","og_url":"https:\/\/rikliskarto.com\/de\/duftkerzen\/locherber-duftkerzen-de\/locherber-totem\/","og_site_name":"Riklis Karto","article_modified_time":"2025-06-12T09:52:32+00:00","og_image":[{"width":1000,"height":1000,"url":"https:\/\/rikliskarto.com\/wp-content\/uploads\/2024\/11\/totem.png","type":"image\/webp"}],"twitter_card":"summary_large_image","schema":{"@context":"https:\/\/schema.org","@graph":[{"@type":"WebPage","@id":"https:\/\/rikliskarto.com\/de\/duftkerzen\/locherber-duftkerzen-de\/locherber-totem\/","url":"https:\/\/rikliskarto.com\/de\/duftkerzen\/locherber-duftkerzen-de\/locherber-totem\/","name":"Locherber - Totem - Riklis Karto","isPartOf":{"@id":"https:\/\/rikliskarto.com\/de\/#website"},"primaryImageOfPage":{"@id":"https:\/\/rikliskarto.com\/de\/duftkerzen\/locherber-duftkerzen-de\/locherber-totem\/#primaryimage"},"image":{"@id":"https:\/\/rikliskarto.com\/de\/duftkerzen\/locherber-duftkerzen-de\/locherber-totem\/#primaryimage"},"thumbnailUrl":"https:\/\/rikliskarto.com\/wp-content\/uploads\/2024\/11\/totem.png","datePublished":"2023-03-22T19:21:38+00:00","dateModified":"2025-06-12T09:52:32+00:00","breadcrumb":{"@id":"https:\/\/rikliskarto.com\/de\/duftkerzen\/locherber-duftkerzen-de\/locherber-totem\/#breadcrumb"},"inLanguage":"de","potentialAction":[{"@type":"ReadAction","target":["https:\/\/rikliskarto.com\/de\/duftkerzen\/locherber-duftkerzen-de\/locherber-totem\/"]}]},{"@type":"ImageObject","inLanguage":"de","@id":"https:\/\/rikliskarto.com\/de\/duftkerzen\/locherber-duftkerzen-de\/locherber-totem\/#primaryimage","url":"https:\/\/rikliskarto.com\/wp-content\/uploads\/2024\/11\/totem.png","contentUrl":"https:\/\/rikliskarto.com\/wp-content\/uploads\/2024\/11\/totem.png","width":1000,"height":1000},{"@type":"BreadcrumbList","@id":"https:\/\/rikliskarto.com\/de\/duftkerzen\/locherber-duftkerzen-de\/locherber-totem\/#breadcrumb","itemListElement":[{"@type":"ListItem","position":1,"name":"Home","item":"https:\/\/rikliskarto.com\/de\/heim\/"},{"@type":"ListItem","position":2,"name":"Priv\u00e9: Laden","item":"https:\/\/rikliskarto.com\/de\/shop\/"},{"@type":"ListItem","position":3,"name":"Locherber &#8211; Totem"}]},{"@type":"WebSite","@id":"https:\/\/rikliskarto.com\/de\/#website","url":"https:\/\/rikliskarto.com\/de\/","name":"Riklis Karto","description":"Ontdek de beste Niche Parfum &amp; Geurkaarsen.","potentialAction":[{"@type":"SearchAction","target":{"@type":"EntryPoint","urlTemplate":"https:\/\/rikliskarto.com\/de\/?s={search_term_string}"},"query-input":{"@type":"PropertyValueSpecification","valueRequired":true,"valueName":"search_term_string"}}],"inLanguage":"de"}]}},"_links":{"self":[{"href":"https:\/\/rikliskarto.com\/de\/wp-json\/wp\/v2\/product\/16591","targetHints":{"allow":["GET"]}}],"collection":[{"href":"https:\/\/rikliskarto.com\/de\/wp-json\/wp\/v2\/product"}],"about":[{"href":"https:\/\/rikliskarto.com\/de\/wp-json\/wp\/v2\/types\/product"}],"replies":[{"embeddable":true,"href":"https:\/\/rikliskarto.com\/de\/wp-json\/wp\/v2\/comments?post=16591"}],"wp:featuredmedia":[{"embeddable":true,"href":"https:\/\/rikliskarto.com\/de\/wp-json\/wp\/v2\/media\/17511"}],"wp:attachment":[{"href":"https:\/\/rikliskarto.com\/de\/wp-json\/wp\/v2\/media?parent=16591"}],"wp:term":[{"taxonomy":"product_brand","embeddable":true,"href":"https:\/\/rikliskarto.com\/de\/wp-json\/wp\/v2\/product_brand?post=16591"},{"taxonomy":"product_cat","embeddable":true,"href":"https:\/\/rikliskarto.com\/de\/wp-json\/wp\/v2\/product_cat?post=16591"},{"taxonomy":"product_tag","embeddable":true,"href":"https:\/\/rikliskarto.com\/de\/wp-json\/wp\/v2\/product_tag?post=16591"}],"curies":[{"name":"wp","href":"https:\/\/api.w.org\/{rel}","templated":true}]}}