{"id":16585,"date":"2023-03-22T19:21:52","date_gmt":"2023-03-22T18:21:52","guid":{"rendered":"https:\/\/rikliskarto.com\/shop\/locherber-azad-kashmere\/"},"modified":"2025-06-12T11:55:44","modified_gmt":"2025-06-12T09:55:44","slug":"locherber-azad-kashmere","status":"publish","type":"product","link":"https:\/\/rikliskarto.com\/de\/nischen-parfum\/locherber-de\/locherber-azad-kashmere\/","title":{"rendered":"Locherber- Azad Kashmere"},"content":{"rendered":"","protected":false},"excerpt":{"rendered":"<p>Lassen Sie sich von uns auf eine duftende Reise mit einem bezaubernden Parf\u00fcm entf\u00fchren, einer raffinierten Alchemie, die den Tag verwandelt. Den Anfang machen die Kopfnoten der frischen Bergamotte, die anmutig mit dem exotischen marokkanischen Jasmin, dem zarten Maigl\u00f6ckchen, der eleganten Iris und dem reichen, geheimnisvollen Ebenholz verschmilzt. Langsam offenbaren sich die tieferen Noten, warme Vanille streichelt sanft das erdige Patchouli, sinnlicher Moschus umarmt schw\u00fclen Amber und seidiges Sandelholz verwebt sich wie eine zeitlose Liebesgeschichte.  <\/p>\n<p>Diese einzigartige Komposition wird in einer wundersch\u00f6nen handbemalten Glasflasche geliefert. Die Version Skyline ist ein wahres Kunstwerk f\u00fcr das Auge, das das Wesen der Stadt und ihre charakteristischen Silhouetten widerspiegelt. Jeder 100-ml-Flakon spr\u00fcht vor Stolz, und das pr\u00e4chtige gewebte Jacquard-Etikett schm\u00fcckt ihn als ultimativen Liebesbrief an die Welt der raffinierten D\u00fcfte und des Luxus.  <\/p>\n<p>Jetzt Locherber bei Riklis Karto shoppen!<\/p>\n","protected":false},"featured_media":17495,"comment_status":"open","ping_status":"closed","template":"","meta":{"_acf_changed":false},"product_brand":[],"product_cat":[862,1683],"product_tag":[],"class_list":{"0":"post-16585","1":"product","2":"type-product","3":"status-publish","4":"has-post-thumbnail","6":"product_cat-nischen-parfum","7":"product_cat-locherber-de","8":"brand-locherber-de","10":"first","11":"outofstock","12":"purchasable","13":"product-type-variable"},"acf":[],"yoast_head":"<!-- This site is optimized with the Yoast SEO plugin v25.9 - https:\/\/yoast.com\/wordpress\/plugins\/seo\/ -->\n<title>Locherber- Azad Kashmere - Riklis Karto<\/title>\n<meta name=\"robots\" content=\"index, follow, max-snippet:-1, max-image-preview:large, max-video-preview:-1\" \/>\n<link rel=\"canonical\" href=\"https:\/\/rikliskarto.com\/de\/nischen-parfum\/locherber-de\/locherber-azad-kashmere\/\" \/>\n<meta property=\"og:locale\" content=\"de_DE\" \/>\n<meta property=\"og:type\" content=\"article\" \/>\n<meta property=\"og:title\" content=\"Locherber- Azad Kashmere - Riklis Karto\" \/>\n<meta property=\"og:description\" content=\"Lassen Sie sich von uns auf eine duftende Reise mit einem bezaubernden Parf\u00fcm entf\u00fchren, einer raffinierten Alchemie, die den Tag verwandelt. Den Anfang machen die Kopfnoten der frischen Bergamotte, die anmutig mit dem exotischen marokkanischen Jasmin, dem zarten Maigl\u00f6ckchen, der eleganten Iris und dem reichen, geheimnisvollen Ebenholz verschmilzt. Langsam offenbaren sich die tieferen Noten, warme Vanille streichelt sanft das erdige Patchouli, sinnlicher Moschus umarmt schw\u00fclen Amber und seidiges Sandelholz verwebt sich wie eine zeitlose Liebesgeschichte.  Diese einzigartige Komposition wird in einer wundersch\u00f6nen handbemalten Glasflasche geliefert. Die Version Skyline ist ein wahres Kunstwerk f\u00fcr das Auge, das das Wesen der Stadt und ihre charakteristischen Silhouetten widerspiegelt. Jeder 100-ml-Flakon spr\u00fcht vor Stolz, und das pr\u00e4chtige gewebte Jacquard-Etikett schm\u00fcckt ihn als ultimativen Liebesbrief an die Welt der raffinierten D\u00fcfte und des Luxus.  Jetzt Locherber bei Riklis Karto shoppen!\" \/>\n<meta property=\"og:url\" content=\"https:\/\/rikliskarto.com\/de\/nischen-parfum\/locherber-de\/locherber-azad-kashmere\/\" \/>\n<meta property=\"og:site_name\" content=\"Riklis Karto\" \/>\n<meta property=\"article:modified_time\" content=\"2025-06-12T09:55:44+00:00\" \/>\n<meta property=\"og:image\" content=\"https:\/\/rikliskarto.com\/wp-content\/uploads\/2024\/11\/azad-kashmere-EDP.png\" \/>\n\t<meta property=\"og:image:width\" content=\"1000\" \/>\n\t<meta property=\"og:image:height\" content=\"1000\" \/>\n\t<meta property=\"og:image:type\" content=\"image\/webp\" \/>\n<meta name=\"twitter:card\" content=\"summary_large_image\" \/>\n<script type=\"application\/ld+json\" class=\"yoast-schema-graph\">{\"@context\":\"https:\/\/schema.org\",\"@graph\":[{\"@type\":\"WebPage\",\"@id\":\"https:\/\/rikliskarto.com\/de\/nischen-parfum\/locherber-de\/locherber-azad-kashmere\/\",\"url\":\"https:\/\/rikliskarto.com\/de\/nischen-parfum\/locherber-de\/locherber-azad-kashmere\/\",\"name\":\"Locherber- Azad Kashmere - Riklis Karto\",\"isPartOf\":{\"@id\":\"https:\/\/rikliskarto.com\/de\/#website\"},\"primaryImageOfPage\":{\"@id\":\"https:\/\/rikliskarto.com\/de\/nischen-parfum\/locherber-de\/locherber-azad-kashmere\/#primaryimage\"},\"image\":{\"@id\":\"https:\/\/rikliskarto.com\/de\/nischen-parfum\/locherber-de\/locherber-azad-kashmere\/#primaryimage\"},\"thumbnailUrl\":\"https:\/\/rikliskarto.com\/wp-content\/uploads\/2024\/11\/azad-kashmere-EDP.png\",\"datePublished\":\"2023-03-22T18:21:52+00:00\",\"dateModified\":\"2025-06-12T09:55:44+00:00\",\"breadcrumb\":{\"@id\":\"https:\/\/rikliskarto.com\/de\/nischen-parfum\/locherber-de\/locherber-azad-kashmere\/#breadcrumb\"},\"inLanguage\":\"de\",\"potentialAction\":[{\"@type\":\"ReadAction\",\"target\":[\"https:\/\/rikliskarto.com\/de\/nischen-parfum\/locherber-de\/locherber-azad-kashmere\/\"]}]},{\"@type\":\"ImageObject\",\"inLanguage\":\"de\",\"@id\":\"https:\/\/rikliskarto.com\/de\/nischen-parfum\/locherber-de\/locherber-azad-kashmere\/#primaryimage\",\"url\":\"https:\/\/rikliskarto.com\/wp-content\/uploads\/2024\/11\/azad-kashmere-EDP.png\",\"contentUrl\":\"https:\/\/rikliskarto.com\/wp-content\/uploads\/2024\/11\/azad-kashmere-EDP.png\",\"width\":1000,\"height\":1000},{\"@type\":\"BreadcrumbList\",\"@id\":\"https:\/\/rikliskarto.com\/de\/nischen-parfum\/locherber-de\/locherber-azad-kashmere\/#breadcrumb\",\"itemListElement\":[{\"@type\":\"ListItem\",\"position\":1,\"name\":\"Home\",\"item\":\"https:\/\/rikliskarto.com\/de\/heim\/\"},{\"@type\":\"ListItem\",\"position\":2,\"name\":\"Priv\u00e9: Laden\",\"item\":\"https:\/\/rikliskarto.com\/de\/shop\/\"},{\"@type\":\"ListItem\",\"position\":3,\"name\":\"Locherber- Azad Kashmere\"}]},{\"@type\":\"WebSite\",\"@id\":\"https:\/\/rikliskarto.com\/de\/#website\",\"url\":\"https:\/\/rikliskarto.com\/de\/\",\"name\":\"Riklis Karto\",\"description\":\"Ontdek de beste Niche Parfum &amp; Geurkaarsen.\",\"potentialAction\":[{\"@type\":\"SearchAction\",\"target\":{\"@type\":\"EntryPoint\",\"urlTemplate\":\"https:\/\/rikliskarto.com\/de\/?s={search_term_string}\"},\"query-input\":{\"@type\":\"PropertyValueSpecification\",\"valueRequired\":true,\"valueName\":\"search_term_string\"}}],\"inLanguage\":\"de\"}]}<\/script>\n<!-- \/ Yoast SEO plugin. -->","yoast_head_json":{"title":"Locherber- Azad Kashmere - Riklis Karto","robots":{"index":"index","follow":"follow","max-snippet":"max-snippet:-1","max-image-preview":"max-image-preview:large","max-video-preview":"max-video-preview:-1"},"canonical":"https:\/\/rikliskarto.com\/de\/nischen-parfum\/locherber-de\/locherber-azad-kashmere\/","og_locale":"de_DE","og_type":"article","og_title":"Locherber- Azad Kashmere - Riklis Karto","og_description":"Lassen Sie sich von uns auf eine duftende Reise mit einem bezaubernden Parf\u00fcm entf\u00fchren, einer raffinierten Alchemie, die den Tag verwandelt. Den Anfang machen die Kopfnoten der frischen Bergamotte, die anmutig mit dem exotischen marokkanischen Jasmin, dem zarten Maigl\u00f6ckchen, der eleganten Iris und dem reichen, geheimnisvollen Ebenholz verschmilzt. Langsam offenbaren sich die tieferen Noten, warme Vanille streichelt sanft das erdige Patchouli, sinnlicher Moschus umarmt schw\u00fclen Amber und seidiges Sandelholz verwebt sich wie eine zeitlose Liebesgeschichte.  Diese einzigartige Komposition wird in einer wundersch\u00f6nen handbemalten Glasflasche geliefert. Die Version Skyline ist ein wahres Kunstwerk f\u00fcr das Auge, das das Wesen der Stadt und ihre charakteristischen Silhouetten widerspiegelt. Jeder 100-ml-Flakon spr\u00fcht vor Stolz, und das pr\u00e4chtige gewebte Jacquard-Etikett schm\u00fcckt ihn als ultimativen Liebesbrief an die Welt der raffinierten D\u00fcfte und des Luxus.  Jetzt Locherber bei Riklis Karto shoppen!","og_url":"https:\/\/rikliskarto.com\/de\/nischen-parfum\/locherber-de\/locherber-azad-kashmere\/","og_site_name":"Riklis Karto","article_modified_time":"2025-06-12T09:55:44+00:00","og_image":[{"width":1000,"height":1000,"url":"https:\/\/rikliskarto.com\/wp-content\/uploads\/2024\/11\/azad-kashmere-EDP.png","type":"image\/webp"}],"twitter_card":"summary_large_image","schema":{"@context":"https:\/\/schema.org","@graph":[{"@type":"WebPage","@id":"https:\/\/rikliskarto.com\/de\/nischen-parfum\/locherber-de\/locherber-azad-kashmere\/","url":"https:\/\/rikliskarto.com\/de\/nischen-parfum\/locherber-de\/locherber-azad-kashmere\/","name":"Locherber- Azad Kashmere - Riklis Karto","isPartOf":{"@id":"https:\/\/rikliskarto.com\/de\/#website"},"primaryImageOfPage":{"@id":"https:\/\/rikliskarto.com\/de\/nischen-parfum\/locherber-de\/locherber-azad-kashmere\/#primaryimage"},"image":{"@id":"https:\/\/rikliskarto.com\/de\/nischen-parfum\/locherber-de\/locherber-azad-kashmere\/#primaryimage"},"thumbnailUrl":"https:\/\/rikliskarto.com\/wp-content\/uploads\/2024\/11\/azad-kashmere-EDP.png","datePublished":"2023-03-22T18:21:52+00:00","dateModified":"2025-06-12T09:55:44+00:00","breadcrumb":{"@id":"https:\/\/rikliskarto.com\/de\/nischen-parfum\/locherber-de\/locherber-azad-kashmere\/#breadcrumb"},"inLanguage":"de","potentialAction":[{"@type":"ReadAction","target":["https:\/\/rikliskarto.com\/de\/nischen-parfum\/locherber-de\/locherber-azad-kashmere\/"]}]},{"@type":"ImageObject","inLanguage":"de","@id":"https:\/\/rikliskarto.com\/de\/nischen-parfum\/locherber-de\/locherber-azad-kashmere\/#primaryimage","url":"https:\/\/rikliskarto.com\/wp-content\/uploads\/2024\/11\/azad-kashmere-EDP.png","contentUrl":"https:\/\/rikliskarto.com\/wp-content\/uploads\/2024\/11\/azad-kashmere-EDP.png","width":1000,"height":1000},{"@type":"BreadcrumbList","@id":"https:\/\/rikliskarto.com\/de\/nischen-parfum\/locherber-de\/locherber-azad-kashmere\/#breadcrumb","itemListElement":[{"@type":"ListItem","position":1,"name":"Home","item":"https:\/\/rikliskarto.com\/de\/heim\/"},{"@type":"ListItem","position":2,"name":"Priv\u00e9: Laden","item":"https:\/\/rikliskarto.com\/de\/shop\/"},{"@type":"ListItem","position":3,"name":"Locherber- Azad Kashmere"}]},{"@type":"WebSite","@id":"https:\/\/rikliskarto.com\/de\/#website","url":"https:\/\/rikliskarto.com\/de\/","name":"Riklis Karto","description":"Ontdek de beste Niche Parfum &amp; Geurkaarsen.","potentialAction":[{"@type":"SearchAction","target":{"@type":"EntryPoint","urlTemplate":"https:\/\/rikliskarto.com\/de\/?s={search_term_string}"},"query-input":{"@type":"PropertyValueSpecification","valueRequired":true,"valueName":"search_term_string"}}],"inLanguage":"de"}]}},"_links":{"self":[{"href":"https:\/\/rikliskarto.com\/de\/wp-json\/wp\/v2\/product\/16585","targetHints":{"allow":["GET"]}}],"collection":[{"href":"https:\/\/rikliskarto.com\/de\/wp-json\/wp\/v2\/product"}],"about":[{"href":"https:\/\/rikliskarto.com\/de\/wp-json\/wp\/v2\/types\/product"}],"replies":[{"embeddable":true,"href":"https:\/\/rikliskarto.com\/de\/wp-json\/wp\/v2\/comments?post=16585"}],"wp:featuredmedia":[{"embeddable":true,"href":"https:\/\/rikliskarto.com\/de\/wp-json\/wp\/v2\/media\/17495"}],"wp:attachment":[{"href":"https:\/\/rikliskarto.com\/de\/wp-json\/wp\/v2\/media?parent=16585"}],"wp:term":[{"taxonomy":"product_brand","embeddable":true,"href":"https:\/\/rikliskarto.com\/de\/wp-json\/wp\/v2\/product_brand?post=16585"},{"taxonomy":"product_cat","embeddable":true,"href":"https:\/\/rikliskarto.com\/de\/wp-json\/wp\/v2\/product_cat?post=16585"},{"taxonomy":"product_tag","embeddable":true,"href":"https:\/\/rikliskarto.com\/de\/wp-json\/wp\/v2\/product_tag?post=16585"}],"curies":[{"name":"wp","href":"https:\/\/api.w.org\/{rel}","templated":true}]}}