{"id":16563,"date":"2023-03-22T20:03:40","date_gmt":"2023-03-22T19:03:40","guid":{"rendered":"https:\/\/rikliskarto.com\/shop\/locherber-azad-kashmere-geschenkbox\/"},"modified":"2025-06-12T11:57:06","modified_gmt":"2025-06-12T09:57:06","slug":"locherber-azad-kashmere-geschenkbox","status":"publish","type":"product","link":"https:\/\/rikliskarto.com\/de\/duftkerzen\/locherber-duftkerzen-de\/locherber-azad-kashmere-geschenkbox\/","title":{"rendered":"Locherber &#8211; Azad Kashmere Geschenkbox"},"content":{"rendered":"<p>Lassen Sie sich von den geheimnisvollen Aromen des bezaubernden Duftes Locherber Milano Azad Kashmere verf\u00fchren. Stellen Sie sich vor, Sie befinden sich in einem exotischen Paradies mit dem sinnlichen Mix aus Blumen, Holz und pudriger Magie. Zun\u00e4chst begleiten Sie die verspielte Bergamotte, die schon bald Hand in Hand mit marokkanischem Jasmin, dem Maigl\u00f6ckchen und der eleganten Iris tanzt. Verlieren Sie sich dann in den faszinierenden Schatten von Ebenholz, w\u00e4hrend Vanille, Patchouli, Moschus, Amber und Sandelholz Ihre Seele streicheln.   <\/p>\n<p>Die sch\u00f6ne Geschenkbox eignet sich perfekt zum Verschenken, oder nat\u00fcrlich auch f\u00fcr sich selbst<\/p>\n","protected":false},"excerpt":{"rendered":"<div class=\"Wrapper___daehe productlist-heading__header\">\n<p><strong>Vor 14 Uhr bestellt, noch am selben Tag versendet. Bezahlen Sie anschlie\u00dfend mit klarna. <\/strong><\/p>\n<p>&nbsp;<\/p>\n<\/div>\n","protected":false},"featured_media":17497,"comment_status":"open","ping_status":"closed","template":"","meta":{"_acf_changed":false},"product_brand":[],"product_cat":[866,862,1671],"product_tag":[],"class_list":{"0":"post-16563","1":"product","2":"type-product","3":"status-publish","4":"has-post-thumbnail","6":"product_cat-duftkerzen","7":"product_cat-nischen-parfum","8":"product_cat-locherber-duftkerzen-de","9":"brand-locherber-de","11":"first","12":"instock","13":"purchasable","14":"product-type-simple"},"acf":[],"yoast_head":"<!-- This site is optimized with the Yoast SEO plugin v25.9 - https:\/\/yoast.com\/wordpress\/plugins\/seo\/ -->\n<title>Locherber - Azad Kashmere Geschenkbox - Riklis Karto<\/title>\n<meta name=\"robots\" content=\"index, follow, max-snippet:-1, max-image-preview:large, max-video-preview:-1\" \/>\n<link rel=\"canonical\" href=\"https:\/\/rikliskarto.com\/de\/duftkerzen\/locherber-duftkerzen-de\/locherber-azad-kashmere-geschenkbox\/\" \/>\n<meta property=\"og:locale\" content=\"de_DE\" \/>\n<meta property=\"og:type\" content=\"article\" \/>\n<meta property=\"og:title\" content=\"Locherber - Azad Kashmere Geschenkbox - Riklis Karto\" \/>\n<meta property=\"og:description\" content=\"Vor 14 Uhr bestellt, noch am selben Tag versendet. Bezahlen Sie anschlie\u00dfend mit klarna.  &nbsp;\" \/>\n<meta property=\"og:url\" content=\"https:\/\/rikliskarto.com\/de\/duftkerzen\/locherber-duftkerzen-de\/locherber-azad-kashmere-geschenkbox\/\" \/>\n<meta property=\"og:site_name\" content=\"Riklis Karto\" \/>\n<meta property=\"article:modified_time\" content=\"2025-06-12T09:57:06+00:00\" \/>\n<meta property=\"og:image\" content=\"https:\/\/rikliskarto.com\/wp-content\/uploads\/2024\/11\/azad-kashmere-EDP-kit.png\" \/>\n\t<meta property=\"og:image:width\" content=\"1000\" \/>\n\t<meta property=\"og:image:height\" content=\"1000\" \/>\n\t<meta property=\"og:image:type\" content=\"image\/webp\" \/>\n<meta name=\"twitter:card\" content=\"summary_large_image\" \/>\n<script type=\"application\/ld+json\" class=\"yoast-schema-graph\">{\"@context\":\"https:\/\/schema.org\",\"@graph\":[{\"@type\":\"WebPage\",\"@id\":\"https:\/\/rikliskarto.com\/de\/duftkerzen\/locherber-duftkerzen-de\/locherber-azad-kashmere-geschenkbox\/\",\"url\":\"https:\/\/rikliskarto.com\/de\/duftkerzen\/locherber-duftkerzen-de\/locherber-azad-kashmere-geschenkbox\/\",\"name\":\"Locherber - Azad Kashmere Geschenkbox - Riklis Karto\",\"isPartOf\":{\"@id\":\"https:\/\/rikliskarto.com\/de\/#website\"},\"primaryImageOfPage\":{\"@id\":\"https:\/\/rikliskarto.com\/de\/duftkerzen\/locherber-duftkerzen-de\/locherber-azad-kashmere-geschenkbox\/#primaryimage\"},\"image\":{\"@id\":\"https:\/\/rikliskarto.com\/de\/duftkerzen\/locherber-duftkerzen-de\/locherber-azad-kashmere-geschenkbox\/#primaryimage\"},\"thumbnailUrl\":\"https:\/\/rikliskarto.com\/wp-content\/uploads\/2024\/11\/azad-kashmere-EDP-kit.png\",\"datePublished\":\"2023-03-22T19:03:40+00:00\",\"dateModified\":\"2025-06-12T09:57:06+00:00\",\"breadcrumb\":{\"@id\":\"https:\/\/rikliskarto.com\/de\/duftkerzen\/locherber-duftkerzen-de\/locherber-azad-kashmere-geschenkbox\/#breadcrumb\"},\"inLanguage\":\"de\",\"potentialAction\":[{\"@type\":\"ReadAction\",\"target\":[\"https:\/\/rikliskarto.com\/de\/duftkerzen\/locherber-duftkerzen-de\/locherber-azad-kashmere-geschenkbox\/\"]}]},{\"@type\":\"ImageObject\",\"inLanguage\":\"de\",\"@id\":\"https:\/\/rikliskarto.com\/de\/duftkerzen\/locherber-duftkerzen-de\/locherber-azad-kashmere-geschenkbox\/#primaryimage\",\"url\":\"https:\/\/rikliskarto.com\/wp-content\/uploads\/2024\/11\/azad-kashmere-EDP-kit.png\",\"contentUrl\":\"https:\/\/rikliskarto.com\/wp-content\/uploads\/2024\/11\/azad-kashmere-EDP-kit.png\",\"width\":1000,\"height\":1000},{\"@type\":\"BreadcrumbList\",\"@id\":\"https:\/\/rikliskarto.com\/de\/duftkerzen\/locherber-duftkerzen-de\/locherber-azad-kashmere-geschenkbox\/#breadcrumb\",\"itemListElement\":[{\"@type\":\"ListItem\",\"position\":1,\"name\":\"Home\",\"item\":\"https:\/\/rikliskarto.com\/de\/heim\/\"},{\"@type\":\"ListItem\",\"position\":2,\"name\":\"Priv\u00e9: Laden\",\"item\":\"https:\/\/rikliskarto.com\/de\/shop\/\"},{\"@type\":\"ListItem\",\"position\":3,\"name\":\"Locherber &#8211; Azad Kashmere Geschenkbox\"}]},{\"@type\":\"WebSite\",\"@id\":\"https:\/\/rikliskarto.com\/de\/#website\",\"url\":\"https:\/\/rikliskarto.com\/de\/\",\"name\":\"Riklis Karto\",\"description\":\"Ontdek de beste Niche Parfum &amp; Geurkaarsen.\",\"potentialAction\":[{\"@type\":\"SearchAction\",\"target\":{\"@type\":\"EntryPoint\",\"urlTemplate\":\"https:\/\/rikliskarto.com\/de\/?s={search_term_string}\"},\"query-input\":{\"@type\":\"PropertyValueSpecification\",\"valueRequired\":true,\"valueName\":\"search_term_string\"}}],\"inLanguage\":\"de\"}]}<\/script>\n<!-- \/ Yoast SEO plugin. -->","yoast_head_json":{"title":"Locherber - Azad Kashmere Geschenkbox - Riklis Karto","robots":{"index":"index","follow":"follow","max-snippet":"max-snippet:-1","max-image-preview":"max-image-preview:large","max-video-preview":"max-video-preview:-1"},"canonical":"https:\/\/rikliskarto.com\/de\/duftkerzen\/locherber-duftkerzen-de\/locherber-azad-kashmere-geschenkbox\/","og_locale":"de_DE","og_type":"article","og_title":"Locherber - Azad Kashmere Geschenkbox - Riklis Karto","og_description":"Vor 14 Uhr bestellt, noch am selben Tag versendet. Bezahlen Sie anschlie\u00dfend mit klarna.  &nbsp;","og_url":"https:\/\/rikliskarto.com\/de\/duftkerzen\/locherber-duftkerzen-de\/locherber-azad-kashmere-geschenkbox\/","og_site_name":"Riklis Karto","article_modified_time":"2025-06-12T09:57:06+00:00","og_image":[{"width":1000,"height":1000,"url":"https:\/\/rikliskarto.com\/wp-content\/uploads\/2024\/11\/azad-kashmere-EDP-kit.png","type":"image\/webp"}],"twitter_card":"summary_large_image","schema":{"@context":"https:\/\/schema.org","@graph":[{"@type":"WebPage","@id":"https:\/\/rikliskarto.com\/de\/duftkerzen\/locherber-duftkerzen-de\/locherber-azad-kashmere-geschenkbox\/","url":"https:\/\/rikliskarto.com\/de\/duftkerzen\/locherber-duftkerzen-de\/locherber-azad-kashmere-geschenkbox\/","name":"Locherber - Azad Kashmere Geschenkbox - Riklis Karto","isPartOf":{"@id":"https:\/\/rikliskarto.com\/de\/#website"},"primaryImageOfPage":{"@id":"https:\/\/rikliskarto.com\/de\/duftkerzen\/locherber-duftkerzen-de\/locherber-azad-kashmere-geschenkbox\/#primaryimage"},"image":{"@id":"https:\/\/rikliskarto.com\/de\/duftkerzen\/locherber-duftkerzen-de\/locherber-azad-kashmere-geschenkbox\/#primaryimage"},"thumbnailUrl":"https:\/\/rikliskarto.com\/wp-content\/uploads\/2024\/11\/azad-kashmere-EDP-kit.png","datePublished":"2023-03-22T19:03:40+00:00","dateModified":"2025-06-12T09:57:06+00:00","breadcrumb":{"@id":"https:\/\/rikliskarto.com\/de\/duftkerzen\/locherber-duftkerzen-de\/locherber-azad-kashmere-geschenkbox\/#breadcrumb"},"inLanguage":"de","potentialAction":[{"@type":"ReadAction","target":["https:\/\/rikliskarto.com\/de\/duftkerzen\/locherber-duftkerzen-de\/locherber-azad-kashmere-geschenkbox\/"]}]},{"@type":"ImageObject","inLanguage":"de","@id":"https:\/\/rikliskarto.com\/de\/duftkerzen\/locherber-duftkerzen-de\/locherber-azad-kashmere-geschenkbox\/#primaryimage","url":"https:\/\/rikliskarto.com\/wp-content\/uploads\/2024\/11\/azad-kashmere-EDP-kit.png","contentUrl":"https:\/\/rikliskarto.com\/wp-content\/uploads\/2024\/11\/azad-kashmere-EDP-kit.png","width":1000,"height":1000},{"@type":"BreadcrumbList","@id":"https:\/\/rikliskarto.com\/de\/duftkerzen\/locherber-duftkerzen-de\/locherber-azad-kashmere-geschenkbox\/#breadcrumb","itemListElement":[{"@type":"ListItem","position":1,"name":"Home","item":"https:\/\/rikliskarto.com\/de\/heim\/"},{"@type":"ListItem","position":2,"name":"Priv\u00e9: Laden","item":"https:\/\/rikliskarto.com\/de\/shop\/"},{"@type":"ListItem","position":3,"name":"Locherber &#8211; Azad Kashmere Geschenkbox"}]},{"@type":"WebSite","@id":"https:\/\/rikliskarto.com\/de\/#website","url":"https:\/\/rikliskarto.com\/de\/","name":"Riklis Karto","description":"Ontdek de beste Niche Parfum &amp; Geurkaarsen.","potentialAction":[{"@type":"SearchAction","target":{"@type":"EntryPoint","urlTemplate":"https:\/\/rikliskarto.com\/de\/?s={search_term_string}"},"query-input":{"@type":"PropertyValueSpecification","valueRequired":true,"valueName":"search_term_string"}}],"inLanguage":"de"}]}},"_links":{"self":[{"href":"https:\/\/rikliskarto.com\/de\/wp-json\/wp\/v2\/product\/16563","targetHints":{"allow":["GET"]}}],"collection":[{"href":"https:\/\/rikliskarto.com\/de\/wp-json\/wp\/v2\/product"}],"about":[{"href":"https:\/\/rikliskarto.com\/de\/wp-json\/wp\/v2\/types\/product"}],"replies":[{"embeddable":true,"href":"https:\/\/rikliskarto.com\/de\/wp-json\/wp\/v2\/comments?post=16563"}],"wp:featuredmedia":[{"embeddable":true,"href":"https:\/\/rikliskarto.com\/de\/wp-json\/wp\/v2\/media\/17497"}],"wp:attachment":[{"href":"https:\/\/rikliskarto.com\/de\/wp-json\/wp\/v2\/media?parent=16563"}],"wp:term":[{"taxonomy":"product_brand","embeddable":true,"href":"https:\/\/rikliskarto.com\/de\/wp-json\/wp\/v2\/product_brand?post=16563"},{"taxonomy":"product_cat","embeddable":true,"href":"https:\/\/rikliskarto.com\/de\/wp-json\/wp\/v2\/product_cat?post=16563"},{"taxonomy":"product_tag","embeddable":true,"href":"https:\/\/rikliskarto.com\/de\/wp-json\/wp\/v2\/product_tag?post=16563"}],"curies":[{"name":"wp","href":"https:\/\/api.w.org\/{rel}","templated":true}]}}