{"id":16556,"date":"2023-03-22T16:02:29","date_gmt":"2023-03-22T15:02:29","guid":{"rendered":"https:\/\/rikliskarto.com\/shop\/locherber-dolce-roma-diffusor\/"},"modified":"2025-06-12T11:52:36","modified_gmt":"2025-06-12T09:52:36","slug":"locherber-dolce-roma-diffusor","status":"publish","type":"product","link":"https:\/\/rikliskarto.com\/de\/duftkerzen\/locherber-duftkerzen-de\/locherber-dolce-roma-diffusor\/","title":{"rendered":"Locherber &#8211; Dolce Roma Diffusor"},"content":{"rendered":"<p>Tauchen Sie ein in die Welt von Locherber Milano mit dem bezaubernden Dolce Roma Duftst\u00e4bchen Diffusor aus der Skyline Collection. Ein sinnliches Parf\u00fcm, das Sie in die romantischen Stra\u00dfen des antiken Roms entf\u00fchrt. <\/p>\n<p>Der frische und sinnliche Duft er\u00f6ffnet mit lebendigen Kopfnoten aus prickelnder Bergamotte, saftigen Beeren, einem Hauch von Ananas, knackigem Apfel und \u00fcppiger roter Traube. Im Herzen dieser raffinierten Komposition entfalten sich verf\u00fchrerische Noten von Rosenholz, s\u00fc\u00dfer Feige und zarter Olive. Die warmen Basisnoten aus samtigem Moschus, cremiger Vanille, verf\u00fchrerischem Amber und erdigem Patchouli sorgen schlie\u00dflich f\u00fcr ein unvergessliches Dufterlebnis.  <\/p>\n<p>Kaufen Sie Locherber bei Riklis Karto!<\/p>\n","protected":false},"excerpt":{"rendered":"<div class=\"Wrapper___daehe productlist-heading__header\">\n<p><strong>Vor 14 Uhr bestellt, noch am selben Tag versendet. Bezahlen Sie anschlie\u00dfend mit klarna. <\/strong><\/p>\n<p>&nbsp;<\/p>\n<p>&nbsp;<\/p>\n<\/div>\n","protected":false},"featured_media":17491,"comment_status":"open","ping_status":"open","template":"","meta":{"_acf_changed":false},"product_brand":[],"product_cat":[866,1671],"product_tag":[],"class_list":{"0":"post-16556","1":"product","2":"type-product","3":"status-publish","4":"has-post-thumbnail","6":"product_cat-duftkerzen","7":"product_cat-locherber-duftkerzen-de","8":"brand-locherber-de","10":"first","11":"instock","12":"purchasable","13":"product-type-variable"},"acf":[],"yoast_head":"<!-- This site is optimized with the Yoast SEO plugin v25.9 - https:\/\/yoast.com\/wordpress\/plugins\/seo\/ -->\n<title>Locherber - Dolce Roma Diffusor - Riklis Karto<\/title>\n<meta name=\"robots\" content=\"index, follow, max-snippet:-1, max-image-preview:large, max-video-preview:-1\" \/>\n<link rel=\"canonical\" href=\"https:\/\/rikliskarto.com\/de\/duftkerzen\/locherber-duftkerzen-de\/locherber-dolce-roma-diffusor\/\" \/>\n<meta property=\"og:locale\" content=\"de_DE\" \/>\n<meta property=\"og:type\" content=\"article\" \/>\n<meta property=\"og:title\" content=\"Locherber - Dolce Roma Diffusor - Riklis Karto\" \/>\n<meta property=\"og:description\" content=\"Vor 14 Uhr bestellt, noch am selben Tag versendet. Bezahlen Sie anschlie\u00dfend mit klarna.  &nbsp; &nbsp;\" \/>\n<meta property=\"og:url\" content=\"https:\/\/rikliskarto.com\/de\/duftkerzen\/locherber-duftkerzen-de\/locherber-dolce-roma-diffusor\/\" \/>\n<meta property=\"og:site_name\" content=\"Riklis Karto\" \/>\n<meta property=\"article:modified_time\" content=\"2025-06-12T09:52:36+00:00\" \/>\n<meta property=\"og:image\" content=\"https:\/\/rikliskarto.com\/wp-content\/uploads\/2024\/11\/dolce-roma-125.png\" \/>\n\t<meta property=\"og:image:width\" content=\"1000\" \/>\n\t<meta property=\"og:image:height\" content=\"1000\" \/>\n\t<meta property=\"og:image:type\" content=\"image\/webp\" \/>\n<meta name=\"twitter:card\" content=\"summary_large_image\" \/>\n<meta name=\"twitter:label1\" content=\"Gesch\u00e4tzte Lesezeit\" \/>\n\t<meta name=\"twitter:data1\" content=\"1\u00a0Minute\" \/>\n<script type=\"application\/ld+json\" class=\"yoast-schema-graph\">{\"@context\":\"https:\/\/schema.org\",\"@graph\":[{\"@type\":\"WebPage\",\"@id\":\"https:\/\/rikliskarto.com\/de\/duftkerzen\/locherber-duftkerzen-de\/locherber-dolce-roma-diffusor\/\",\"url\":\"https:\/\/rikliskarto.com\/de\/duftkerzen\/locherber-duftkerzen-de\/locherber-dolce-roma-diffusor\/\",\"name\":\"Locherber - Dolce Roma Diffusor - Riklis Karto\",\"isPartOf\":{\"@id\":\"https:\/\/rikliskarto.com\/de\/#website\"},\"primaryImageOfPage\":{\"@id\":\"https:\/\/rikliskarto.com\/de\/duftkerzen\/locherber-duftkerzen-de\/locherber-dolce-roma-diffusor\/#primaryimage\"},\"image\":{\"@id\":\"https:\/\/rikliskarto.com\/de\/duftkerzen\/locherber-duftkerzen-de\/locherber-dolce-roma-diffusor\/#primaryimage\"},\"thumbnailUrl\":\"https:\/\/rikliskarto.com\/wp-content\/uploads\/2024\/11\/dolce-roma-125.png\",\"datePublished\":\"2023-03-22T15:02:29+00:00\",\"dateModified\":\"2025-06-12T09:52:36+00:00\",\"breadcrumb\":{\"@id\":\"https:\/\/rikliskarto.com\/de\/duftkerzen\/locherber-duftkerzen-de\/locherber-dolce-roma-diffusor\/#breadcrumb\"},\"inLanguage\":\"de\",\"potentialAction\":[{\"@type\":\"ReadAction\",\"target\":[\"https:\/\/rikliskarto.com\/de\/duftkerzen\/locherber-duftkerzen-de\/locherber-dolce-roma-diffusor\/\"]}]},{\"@type\":\"ImageObject\",\"inLanguage\":\"de\",\"@id\":\"https:\/\/rikliskarto.com\/de\/duftkerzen\/locherber-duftkerzen-de\/locherber-dolce-roma-diffusor\/#primaryimage\",\"url\":\"https:\/\/rikliskarto.com\/wp-content\/uploads\/2024\/11\/dolce-roma-125.png\",\"contentUrl\":\"https:\/\/rikliskarto.com\/wp-content\/uploads\/2024\/11\/dolce-roma-125.png\",\"width\":1000,\"height\":1000},{\"@type\":\"BreadcrumbList\",\"@id\":\"https:\/\/rikliskarto.com\/de\/duftkerzen\/locherber-duftkerzen-de\/locherber-dolce-roma-diffusor\/#breadcrumb\",\"itemListElement\":[{\"@type\":\"ListItem\",\"position\":1,\"name\":\"Home\",\"item\":\"https:\/\/rikliskarto.com\/de\/heim\/\"},{\"@type\":\"ListItem\",\"position\":2,\"name\":\"Priv\u00e9: Laden\",\"item\":\"https:\/\/rikliskarto.com\/de\/shop\/\"},{\"@type\":\"ListItem\",\"position\":3,\"name\":\"Locherber &#8211; Dolce Roma Diffusor\"}]},{\"@type\":\"WebSite\",\"@id\":\"https:\/\/rikliskarto.com\/de\/#website\",\"url\":\"https:\/\/rikliskarto.com\/de\/\",\"name\":\"Riklis Karto\",\"description\":\"Ontdek de beste Niche Parfum &amp; Geurkaarsen.\",\"potentialAction\":[{\"@type\":\"SearchAction\",\"target\":{\"@type\":\"EntryPoint\",\"urlTemplate\":\"https:\/\/rikliskarto.com\/de\/?s={search_term_string}\"},\"query-input\":{\"@type\":\"PropertyValueSpecification\",\"valueRequired\":true,\"valueName\":\"search_term_string\"}}],\"inLanguage\":\"de\"}]}<\/script>\n<!-- \/ Yoast SEO plugin. -->","yoast_head_json":{"title":"Locherber - Dolce Roma Diffusor - Riklis Karto","robots":{"index":"index","follow":"follow","max-snippet":"max-snippet:-1","max-image-preview":"max-image-preview:large","max-video-preview":"max-video-preview:-1"},"canonical":"https:\/\/rikliskarto.com\/de\/duftkerzen\/locherber-duftkerzen-de\/locherber-dolce-roma-diffusor\/","og_locale":"de_DE","og_type":"article","og_title":"Locherber - Dolce Roma Diffusor - Riklis Karto","og_description":"Vor 14 Uhr bestellt, noch am selben Tag versendet. Bezahlen Sie anschlie\u00dfend mit klarna.  &nbsp; &nbsp;","og_url":"https:\/\/rikliskarto.com\/de\/duftkerzen\/locherber-duftkerzen-de\/locherber-dolce-roma-diffusor\/","og_site_name":"Riklis Karto","article_modified_time":"2025-06-12T09:52:36+00:00","og_image":[{"width":1000,"height":1000,"url":"https:\/\/rikliskarto.com\/wp-content\/uploads\/2024\/11\/dolce-roma-125.png","type":"image\/webp"}],"twitter_card":"summary_large_image","twitter_misc":{"Gesch\u00e4tzte Lesezeit":"1\u00a0Minute"},"schema":{"@context":"https:\/\/schema.org","@graph":[{"@type":"WebPage","@id":"https:\/\/rikliskarto.com\/de\/duftkerzen\/locherber-duftkerzen-de\/locherber-dolce-roma-diffusor\/","url":"https:\/\/rikliskarto.com\/de\/duftkerzen\/locherber-duftkerzen-de\/locherber-dolce-roma-diffusor\/","name":"Locherber - Dolce Roma Diffusor - Riklis Karto","isPartOf":{"@id":"https:\/\/rikliskarto.com\/de\/#website"},"primaryImageOfPage":{"@id":"https:\/\/rikliskarto.com\/de\/duftkerzen\/locherber-duftkerzen-de\/locherber-dolce-roma-diffusor\/#primaryimage"},"image":{"@id":"https:\/\/rikliskarto.com\/de\/duftkerzen\/locherber-duftkerzen-de\/locherber-dolce-roma-diffusor\/#primaryimage"},"thumbnailUrl":"https:\/\/rikliskarto.com\/wp-content\/uploads\/2024\/11\/dolce-roma-125.png","datePublished":"2023-03-22T15:02:29+00:00","dateModified":"2025-06-12T09:52:36+00:00","breadcrumb":{"@id":"https:\/\/rikliskarto.com\/de\/duftkerzen\/locherber-duftkerzen-de\/locherber-dolce-roma-diffusor\/#breadcrumb"},"inLanguage":"de","potentialAction":[{"@type":"ReadAction","target":["https:\/\/rikliskarto.com\/de\/duftkerzen\/locherber-duftkerzen-de\/locherber-dolce-roma-diffusor\/"]}]},{"@type":"ImageObject","inLanguage":"de","@id":"https:\/\/rikliskarto.com\/de\/duftkerzen\/locherber-duftkerzen-de\/locherber-dolce-roma-diffusor\/#primaryimage","url":"https:\/\/rikliskarto.com\/wp-content\/uploads\/2024\/11\/dolce-roma-125.png","contentUrl":"https:\/\/rikliskarto.com\/wp-content\/uploads\/2024\/11\/dolce-roma-125.png","width":1000,"height":1000},{"@type":"BreadcrumbList","@id":"https:\/\/rikliskarto.com\/de\/duftkerzen\/locherber-duftkerzen-de\/locherber-dolce-roma-diffusor\/#breadcrumb","itemListElement":[{"@type":"ListItem","position":1,"name":"Home","item":"https:\/\/rikliskarto.com\/de\/heim\/"},{"@type":"ListItem","position":2,"name":"Priv\u00e9: Laden","item":"https:\/\/rikliskarto.com\/de\/shop\/"},{"@type":"ListItem","position":3,"name":"Locherber &#8211; Dolce Roma Diffusor"}]},{"@type":"WebSite","@id":"https:\/\/rikliskarto.com\/de\/#website","url":"https:\/\/rikliskarto.com\/de\/","name":"Riklis Karto","description":"Ontdek de beste Niche Parfum &amp; Geurkaarsen.","potentialAction":[{"@type":"SearchAction","target":{"@type":"EntryPoint","urlTemplate":"https:\/\/rikliskarto.com\/de\/?s={search_term_string}"},"query-input":{"@type":"PropertyValueSpecification","valueRequired":true,"valueName":"search_term_string"}}],"inLanguage":"de"}]}},"_links":{"self":[{"href":"https:\/\/rikliskarto.com\/de\/wp-json\/wp\/v2\/product\/16556","targetHints":{"allow":["GET"]}}],"collection":[{"href":"https:\/\/rikliskarto.com\/de\/wp-json\/wp\/v2\/product"}],"about":[{"href":"https:\/\/rikliskarto.com\/de\/wp-json\/wp\/v2\/types\/product"}],"replies":[{"embeddable":true,"href":"https:\/\/rikliskarto.com\/de\/wp-json\/wp\/v2\/comments?post=16556"}],"wp:featuredmedia":[{"embeddable":true,"href":"https:\/\/rikliskarto.com\/de\/wp-json\/wp\/v2\/media\/17491"}],"wp:attachment":[{"href":"https:\/\/rikliskarto.com\/de\/wp-json\/wp\/v2\/media?parent=16556"}],"wp:term":[{"taxonomy":"product_brand","embeddable":true,"href":"https:\/\/rikliskarto.com\/de\/wp-json\/wp\/v2\/product_brand?post=16556"},{"taxonomy":"product_cat","embeddable":true,"href":"https:\/\/rikliskarto.com\/de\/wp-json\/wp\/v2\/product_cat?post=16556"},{"taxonomy":"product_tag","embeddable":true,"href":"https:\/\/rikliskarto.com\/de\/wp-json\/wp\/v2\/product_tag?post=16556"}],"curies":[{"name":"wp","href":"https:\/\/api.w.org\/{rel}","templated":true}]}}