{"id":16534,"date":"2022-12-13T16:10:59","date_gmt":"2022-12-13T15:10:59","guid":{"rendered":"https:\/\/rikliskarto.com\/shop\/baobab-weisses-nashorn-diffusor-500-ml\/"},"modified":"2025-06-12T11:47:52","modified_gmt":"2025-06-12T09:47:52","slug":"baobab-weisses-nashorn-diffusor-500-ml","status":"publish","type":"product","link":"https:\/\/rikliskarto.com\/de\/duftkerzen\/baobab-de\/baobab-weisses-nashorn-diffusor-500-ml\/","title":{"rendered":"Baobab &#8211; Wei\u00dfes Nashorn Diffusor 500 ML"},"content":{"rendered":"<p>Der White Rhino Duftdiffusor f\u00fcr den Innenbereich ist ein luxuri\u00f6ses Dekorationsst\u00fcck f\u00fcr jedes Zuhause. Die runde Flasche ist aus dezent schillerndem grauem Glas handgefertigt und verf\u00fcgt \u00fcber einen eleganten schwarzen Bakelitverschluss, in den ein Karottenmotiv eingraviert ist, das f\u00fcr zus\u00e4tzlichen Charme und Sch\u00f6nheit sorgt. Mit einer faszinierenden Mischung aus Sandelholz, Vetiver und Gew\u00fcrzen erinnert das maskuline, holzige Aroma an die wilde Kraft der Natur in jedem Raum, in den Sie es bringen!<\/p>\n","protected":false},"excerpt":{"rendered":"<p><strong>Vor 14 Uhr bestellt, noch am selben Tag versendet. Bezahlen Sie anschlie\u00dfend mit Klarna. <\/strong><\/p>\n<p>&nbsp;<\/p>\n","protected":false},"featured_media":17431,"comment_status":"open","ping_status":"closed","template":"","meta":{"_acf_changed":false},"product_brand":[],"product_cat":[866,1669],"product_tag":[],"class_list":{"0":"post-16534","1":"product","2":"type-product","3":"status-publish","4":"has-post-thumbnail","6":"product_cat-duftkerzen","7":"product_cat-baobab-de","8":"brand-baobab-de","10":"first","11":"instock","12":"purchasable","13":"product-type-simple"},"acf":[],"yoast_head":"<!-- This site is optimized with the Yoast SEO plugin v25.9 - https:\/\/yoast.com\/wordpress\/plugins\/seo\/ -->\n<title>Baobab - Wei\u00dfes Nashorn Diffusor 500 ML - Riklis Karto<\/title>\n<meta name=\"robots\" content=\"index, follow, max-snippet:-1, max-image-preview:large, max-video-preview:-1\" \/>\n<link rel=\"canonical\" href=\"https:\/\/rikliskarto.com\/de\/duftkerzen\/baobab-de\/baobab-weisses-nashorn-diffusor-500-ml\/\" \/>\n<meta property=\"og:locale\" content=\"de_DE\" \/>\n<meta property=\"og:type\" content=\"article\" \/>\n<meta property=\"og:title\" content=\"Baobab - Wei\u00dfes Nashorn Diffusor 500 ML - Riklis Karto\" \/>\n<meta property=\"og:description\" content=\"Vor 14 Uhr bestellt, noch am selben Tag versendet. Bezahlen Sie anschlie\u00dfend mit Klarna.  &nbsp;\" \/>\n<meta property=\"og:url\" content=\"https:\/\/rikliskarto.com\/de\/duftkerzen\/baobab-de\/baobab-weisses-nashorn-diffusor-500-ml\/\" \/>\n<meta property=\"og:site_name\" content=\"Riklis Karto\" \/>\n<meta property=\"article:modified_time\" content=\"2025-06-12T09:47:52+00:00\" \/>\n<meta property=\"og:image\" content=\"https:\/\/rikliskarto.com\/wp-content\/uploads\/2024\/11\/Whiterhino-max-diffuser.png\" \/>\n\t<meta property=\"og:image:width\" content=\"1000\" \/>\n\t<meta property=\"og:image:height\" content=\"1000\" \/>\n\t<meta property=\"og:image:type\" content=\"image\/webp\" \/>\n<meta name=\"twitter:card\" content=\"summary_large_image\" \/>\n<script type=\"application\/ld+json\" class=\"yoast-schema-graph\">{\"@context\":\"https:\/\/schema.org\",\"@graph\":[{\"@type\":\"WebPage\",\"@id\":\"https:\/\/rikliskarto.com\/de\/duftkerzen\/baobab-de\/baobab-weisses-nashorn-diffusor-500-ml\/\",\"url\":\"https:\/\/rikliskarto.com\/de\/duftkerzen\/baobab-de\/baobab-weisses-nashorn-diffusor-500-ml\/\",\"name\":\"Baobab - Wei\u00dfes Nashorn Diffusor 500 ML - Riklis Karto\",\"isPartOf\":{\"@id\":\"https:\/\/rikliskarto.com\/de\/#website\"},\"primaryImageOfPage\":{\"@id\":\"https:\/\/rikliskarto.com\/de\/duftkerzen\/baobab-de\/baobab-weisses-nashorn-diffusor-500-ml\/#primaryimage\"},\"image\":{\"@id\":\"https:\/\/rikliskarto.com\/de\/duftkerzen\/baobab-de\/baobab-weisses-nashorn-diffusor-500-ml\/#primaryimage\"},\"thumbnailUrl\":\"https:\/\/rikliskarto.com\/wp-content\/uploads\/2024\/11\/Whiterhino-max-diffuser.png\",\"datePublished\":\"2022-12-13T15:10:59+00:00\",\"dateModified\":\"2025-06-12T09:47:52+00:00\",\"breadcrumb\":{\"@id\":\"https:\/\/rikliskarto.com\/de\/duftkerzen\/baobab-de\/baobab-weisses-nashorn-diffusor-500-ml\/#breadcrumb\"},\"inLanguage\":\"de\",\"potentialAction\":[{\"@type\":\"ReadAction\",\"target\":[\"https:\/\/rikliskarto.com\/de\/duftkerzen\/baobab-de\/baobab-weisses-nashorn-diffusor-500-ml\/\"]}]},{\"@type\":\"ImageObject\",\"inLanguage\":\"de\",\"@id\":\"https:\/\/rikliskarto.com\/de\/duftkerzen\/baobab-de\/baobab-weisses-nashorn-diffusor-500-ml\/#primaryimage\",\"url\":\"https:\/\/rikliskarto.com\/wp-content\/uploads\/2024\/11\/Whiterhino-max-diffuser.png\",\"contentUrl\":\"https:\/\/rikliskarto.com\/wp-content\/uploads\/2024\/11\/Whiterhino-max-diffuser.png\",\"width\":1000,\"height\":1000},{\"@type\":\"BreadcrumbList\",\"@id\":\"https:\/\/rikliskarto.com\/de\/duftkerzen\/baobab-de\/baobab-weisses-nashorn-diffusor-500-ml\/#breadcrumb\",\"itemListElement\":[{\"@type\":\"ListItem\",\"position\":1,\"name\":\"Home\",\"item\":\"https:\/\/rikliskarto.com\/de\/heim\/\"},{\"@type\":\"ListItem\",\"position\":2,\"name\":\"Priv\u00e9: Laden\",\"item\":\"https:\/\/rikliskarto.com\/de\/shop\/\"},{\"@type\":\"ListItem\",\"position\":3,\"name\":\"Baobab &#8211; Wei\u00dfes Nashorn Diffusor 500 ML\"}]},{\"@type\":\"WebSite\",\"@id\":\"https:\/\/rikliskarto.com\/de\/#website\",\"url\":\"https:\/\/rikliskarto.com\/de\/\",\"name\":\"Riklis Karto\",\"description\":\"Ontdek de beste Niche Parfum &amp; Geurkaarsen.\",\"potentialAction\":[{\"@type\":\"SearchAction\",\"target\":{\"@type\":\"EntryPoint\",\"urlTemplate\":\"https:\/\/rikliskarto.com\/de\/?s={search_term_string}\"},\"query-input\":{\"@type\":\"PropertyValueSpecification\",\"valueRequired\":true,\"valueName\":\"search_term_string\"}}],\"inLanguage\":\"de\"}]}<\/script>\n<!-- \/ Yoast SEO plugin. -->","yoast_head_json":{"title":"Baobab - Wei\u00dfes Nashorn Diffusor 500 ML - Riklis Karto","robots":{"index":"index","follow":"follow","max-snippet":"max-snippet:-1","max-image-preview":"max-image-preview:large","max-video-preview":"max-video-preview:-1"},"canonical":"https:\/\/rikliskarto.com\/de\/duftkerzen\/baobab-de\/baobab-weisses-nashorn-diffusor-500-ml\/","og_locale":"de_DE","og_type":"article","og_title":"Baobab - Wei\u00dfes Nashorn Diffusor 500 ML - Riklis Karto","og_description":"Vor 14 Uhr bestellt, noch am selben Tag versendet. Bezahlen Sie anschlie\u00dfend mit Klarna.  &nbsp;","og_url":"https:\/\/rikliskarto.com\/de\/duftkerzen\/baobab-de\/baobab-weisses-nashorn-diffusor-500-ml\/","og_site_name":"Riklis Karto","article_modified_time":"2025-06-12T09:47:52+00:00","og_image":[{"width":1000,"height":1000,"url":"https:\/\/rikliskarto.com\/wp-content\/uploads\/2024\/11\/Whiterhino-max-diffuser.png","type":"image\/webp"}],"twitter_card":"summary_large_image","schema":{"@context":"https:\/\/schema.org","@graph":[{"@type":"WebPage","@id":"https:\/\/rikliskarto.com\/de\/duftkerzen\/baobab-de\/baobab-weisses-nashorn-diffusor-500-ml\/","url":"https:\/\/rikliskarto.com\/de\/duftkerzen\/baobab-de\/baobab-weisses-nashorn-diffusor-500-ml\/","name":"Baobab - Wei\u00dfes Nashorn Diffusor 500 ML - Riklis Karto","isPartOf":{"@id":"https:\/\/rikliskarto.com\/de\/#website"},"primaryImageOfPage":{"@id":"https:\/\/rikliskarto.com\/de\/duftkerzen\/baobab-de\/baobab-weisses-nashorn-diffusor-500-ml\/#primaryimage"},"image":{"@id":"https:\/\/rikliskarto.com\/de\/duftkerzen\/baobab-de\/baobab-weisses-nashorn-diffusor-500-ml\/#primaryimage"},"thumbnailUrl":"https:\/\/rikliskarto.com\/wp-content\/uploads\/2024\/11\/Whiterhino-max-diffuser.png","datePublished":"2022-12-13T15:10:59+00:00","dateModified":"2025-06-12T09:47:52+00:00","breadcrumb":{"@id":"https:\/\/rikliskarto.com\/de\/duftkerzen\/baobab-de\/baobab-weisses-nashorn-diffusor-500-ml\/#breadcrumb"},"inLanguage":"de","potentialAction":[{"@type":"ReadAction","target":["https:\/\/rikliskarto.com\/de\/duftkerzen\/baobab-de\/baobab-weisses-nashorn-diffusor-500-ml\/"]}]},{"@type":"ImageObject","inLanguage":"de","@id":"https:\/\/rikliskarto.com\/de\/duftkerzen\/baobab-de\/baobab-weisses-nashorn-diffusor-500-ml\/#primaryimage","url":"https:\/\/rikliskarto.com\/wp-content\/uploads\/2024\/11\/Whiterhino-max-diffuser.png","contentUrl":"https:\/\/rikliskarto.com\/wp-content\/uploads\/2024\/11\/Whiterhino-max-diffuser.png","width":1000,"height":1000},{"@type":"BreadcrumbList","@id":"https:\/\/rikliskarto.com\/de\/duftkerzen\/baobab-de\/baobab-weisses-nashorn-diffusor-500-ml\/#breadcrumb","itemListElement":[{"@type":"ListItem","position":1,"name":"Home","item":"https:\/\/rikliskarto.com\/de\/heim\/"},{"@type":"ListItem","position":2,"name":"Priv\u00e9: Laden","item":"https:\/\/rikliskarto.com\/de\/shop\/"},{"@type":"ListItem","position":3,"name":"Baobab &#8211; Wei\u00dfes Nashorn Diffusor 500 ML"}]},{"@type":"WebSite","@id":"https:\/\/rikliskarto.com\/de\/#website","url":"https:\/\/rikliskarto.com\/de\/","name":"Riklis Karto","description":"Ontdek de beste Niche Parfum &amp; Geurkaarsen.","potentialAction":[{"@type":"SearchAction","target":{"@type":"EntryPoint","urlTemplate":"https:\/\/rikliskarto.com\/de\/?s={search_term_string}"},"query-input":{"@type":"PropertyValueSpecification","valueRequired":true,"valueName":"search_term_string"}}],"inLanguage":"de"}]}},"_links":{"self":[{"href":"https:\/\/rikliskarto.com\/de\/wp-json\/wp\/v2\/product\/16534","targetHints":{"allow":["GET"]}}],"collection":[{"href":"https:\/\/rikliskarto.com\/de\/wp-json\/wp\/v2\/product"}],"about":[{"href":"https:\/\/rikliskarto.com\/de\/wp-json\/wp\/v2\/types\/product"}],"replies":[{"embeddable":true,"href":"https:\/\/rikliskarto.com\/de\/wp-json\/wp\/v2\/comments?post=16534"}],"wp:featuredmedia":[{"embeddable":true,"href":"https:\/\/rikliskarto.com\/de\/wp-json\/wp\/v2\/media\/17431"}],"wp:attachment":[{"href":"https:\/\/rikliskarto.com\/de\/wp-json\/wp\/v2\/media?parent=16534"}],"wp:term":[{"taxonomy":"product_brand","embeddable":true,"href":"https:\/\/rikliskarto.com\/de\/wp-json\/wp\/v2\/product_brand?post=16534"},{"taxonomy":"product_cat","embeddable":true,"href":"https:\/\/rikliskarto.com\/de\/wp-json\/wp\/v2\/product_cat?post=16534"},{"taxonomy":"product_tag","embeddable":true,"href":"https:\/\/rikliskarto.com\/de\/wp-json\/wp\/v2\/product_tag?post=16534"}],"curies":[{"name":"wp","href":"https:\/\/api.w.org\/{rel}","templated":true}]}}