{"id":16531,"date":"2022-12-13T16:10:59","date_gmt":"2022-12-13T15:10:59","guid":{"rendered":"https:\/\/rikliskarto.com\/shop\/baobab-platin-diffusor-500-ml\/"},"modified":"2025-06-12T11:47:50","modified_gmt":"2025-06-12T09:47:50","slug":"baobab-platin-diffusor-500-ml","status":"publish","type":"product","link":"https:\/\/rikliskarto.com\/de\/duftkerzen\/baobab-de\/baobab-platin-diffusor-500-ml\/","title":{"rendered":"Baobab &#8211; Platin Diffusor 500 ML"},"content":{"rendered":"<p>Erleben Sie den ultimativen Luxus mit unserem handbemalten Platin-Diffusor. Sein funkelndes Finish, das mit zarter Metallic-Farbe und schickem schwarzem Bakelit-Farbton \u00fcberzogen ist, verziert mit einem stilvollen Karottenmotiv, verleiht Ihrem Interieur ein unvergleichliches Gef\u00fchl von Raffinesse. Unser Amber-Grapefruit-Vetiver-Duft ist von intensivem Vetiver und w\u00fcrzigem Amber inspiriert, um einen kr\u00e4ftigen und dennoch maskulinen Duft zu kreieren, der sowohl frisch als auch s\u00fc\u00df ist &#8211; damit Sie sicher sein k\u00f6nnen, dass er nicht unbemerkt bleibt!  <\/p>\n<p>&nbsp;<\/p>\n<p><strong>Baobab-Diffusoren<\/strong><\/p>\n<p>Sind Sie auf der Suche nach einer einzigartigen M\u00f6glichkeit, Ihrem Zuhause Duft zu verleihen?<\/p>\n<p>Baobab Collection bietet elegante, handwerkliche Raumd\u00fcfte, die Ihre Wohnkultur auf<br \/>\ndie n\u00e4chste Stufe heben. Unsere Produkte sind von den weiten<br \/>\nLandschaften und farbenfrohen Traditionen Afrikas inspiriert und werden mit der gleichen Liebe zum Detail<br \/>\nhergestellt wie High-End-Parf\u00fcms. <\/p>\n<p>Mit unserer stetig wachsenden Produktlinie bieten wir f\u00fcr alle, die luxuri\u00f6se<br \/>\nDufterlebnisse in ihr Zuhause bringen m\u00f6chten, etwas. Von Kerzen und Diffusoren bis hin zu Glaskunst haben<br \/>\nwir alles, was Sie brauchen, um Ihren Raum wie eine Oase zu gestalten. <\/p>\n<p>Kaufen Sie BaoBab jetzt auf unserer Website und erleben Sie die Sch\u00f6nheit afrikanisch inspirierter Innenr\u00e4ume!<\/p>\n","protected":false},"excerpt":{"rendered":"<p><strong>Vor 14 Uhr bestellt, noch am selben Tag versendet. Bezahlen Sie anschlie\u00dfend mit klarna. <\/strong><\/p>\n<p>&nbsp;<\/p>\n<p>&nbsp;<\/p>\n","protected":false},"featured_media":17441,"comment_status":"open","ping_status":"closed","template":"","meta":{"_acf_changed":false},"product_brand":[],"product_cat":[866,1669],"product_tag":[],"class_list":{"0":"post-16531","1":"product","2":"type-product","3":"status-publish","4":"has-post-thumbnail","6":"product_cat-duftkerzen","7":"product_cat-baobab-de","8":"brand-baobab-de","10":"first","11":"instock","12":"purchasable","13":"product-type-simple"},"acf":[],"yoast_head":"<!-- This site is optimized with the Yoast SEO plugin v25.9 - https:\/\/yoast.com\/wordpress\/plugins\/seo\/ -->\n<title>Baobab - Platin Diffusor 500 ML - Riklis Karto<\/title>\n<meta name=\"robots\" content=\"index, follow, max-snippet:-1, max-image-preview:large, max-video-preview:-1\" \/>\n<link rel=\"canonical\" href=\"https:\/\/rikliskarto.com\/de\/duftkerzen\/baobab-de\/baobab-platin-diffusor-500-ml\/\" \/>\n<meta property=\"og:locale\" content=\"de_DE\" \/>\n<meta property=\"og:type\" content=\"article\" \/>\n<meta property=\"og:title\" content=\"Baobab - Platin Diffusor 500 ML - Riklis Karto\" \/>\n<meta property=\"og:description\" content=\"Vor 14 Uhr bestellt, noch am selben Tag versendet. Bezahlen Sie anschlie\u00dfend mit klarna.  &nbsp; &nbsp;\" \/>\n<meta property=\"og:url\" content=\"https:\/\/rikliskarto.com\/de\/duftkerzen\/baobab-de\/baobab-platin-diffusor-500-ml\/\" \/>\n<meta property=\"og:site_name\" content=\"Riklis Karto\" \/>\n<meta property=\"article:modified_time\" content=\"2025-06-12T09:47:50+00:00\" \/>\n<meta property=\"og:image\" content=\"https:\/\/rikliskarto.com\/wp-content\/uploads\/2024\/11\/Platinum-Max-Diffuser.png\" \/>\n\t<meta property=\"og:image:width\" content=\"1000\" \/>\n\t<meta property=\"og:image:height\" content=\"1000\" \/>\n\t<meta property=\"og:image:type\" content=\"image\/webp\" \/>\n<meta name=\"twitter:card\" content=\"summary_large_image\" \/>\n<meta name=\"twitter:label1\" content=\"Gesch\u00e4tzte Lesezeit\" \/>\n\t<meta name=\"twitter:data1\" content=\"1\u00a0Minute\" \/>\n<script type=\"application\/ld+json\" class=\"yoast-schema-graph\">{\"@context\":\"https:\/\/schema.org\",\"@graph\":[{\"@type\":\"WebPage\",\"@id\":\"https:\/\/rikliskarto.com\/de\/duftkerzen\/baobab-de\/baobab-platin-diffusor-500-ml\/\",\"url\":\"https:\/\/rikliskarto.com\/de\/duftkerzen\/baobab-de\/baobab-platin-diffusor-500-ml\/\",\"name\":\"Baobab - Platin Diffusor 500 ML - Riklis Karto\",\"isPartOf\":{\"@id\":\"https:\/\/rikliskarto.com\/de\/#website\"},\"primaryImageOfPage\":{\"@id\":\"https:\/\/rikliskarto.com\/de\/duftkerzen\/baobab-de\/baobab-platin-diffusor-500-ml\/#primaryimage\"},\"image\":{\"@id\":\"https:\/\/rikliskarto.com\/de\/duftkerzen\/baobab-de\/baobab-platin-diffusor-500-ml\/#primaryimage\"},\"thumbnailUrl\":\"https:\/\/rikliskarto.com\/wp-content\/uploads\/2024\/11\/Platinum-Max-Diffuser.png\",\"datePublished\":\"2022-12-13T15:10:59+00:00\",\"dateModified\":\"2025-06-12T09:47:50+00:00\",\"breadcrumb\":{\"@id\":\"https:\/\/rikliskarto.com\/de\/duftkerzen\/baobab-de\/baobab-platin-diffusor-500-ml\/#breadcrumb\"},\"inLanguage\":\"de\",\"potentialAction\":[{\"@type\":\"ReadAction\",\"target\":[\"https:\/\/rikliskarto.com\/de\/duftkerzen\/baobab-de\/baobab-platin-diffusor-500-ml\/\"]}]},{\"@type\":\"ImageObject\",\"inLanguage\":\"de\",\"@id\":\"https:\/\/rikliskarto.com\/de\/duftkerzen\/baobab-de\/baobab-platin-diffusor-500-ml\/#primaryimage\",\"url\":\"https:\/\/rikliskarto.com\/wp-content\/uploads\/2024\/11\/Platinum-Max-Diffuser.png\",\"contentUrl\":\"https:\/\/rikliskarto.com\/wp-content\/uploads\/2024\/11\/Platinum-Max-Diffuser.png\",\"width\":1000,\"height\":1000},{\"@type\":\"BreadcrumbList\",\"@id\":\"https:\/\/rikliskarto.com\/de\/duftkerzen\/baobab-de\/baobab-platin-diffusor-500-ml\/#breadcrumb\",\"itemListElement\":[{\"@type\":\"ListItem\",\"position\":1,\"name\":\"Home\",\"item\":\"https:\/\/rikliskarto.com\/de\/heim\/\"},{\"@type\":\"ListItem\",\"position\":2,\"name\":\"Priv\u00e9: Laden\",\"item\":\"https:\/\/rikliskarto.com\/de\/shop\/\"},{\"@type\":\"ListItem\",\"position\":3,\"name\":\"Baobab &#8211; Platin Diffusor 500 ML\"}]},{\"@type\":\"WebSite\",\"@id\":\"https:\/\/rikliskarto.com\/de\/#website\",\"url\":\"https:\/\/rikliskarto.com\/de\/\",\"name\":\"Riklis Karto\",\"description\":\"Ontdek de beste Niche Parfum &amp; Geurkaarsen.\",\"potentialAction\":[{\"@type\":\"SearchAction\",\"target\":{\"@type\":\"EntryPoint\",\"urlTemplate\":\"https:\/\/rikliskarto.com\/de\/?s={search_term_string}\"},\"query-input\":{\"@type\":\"PropertyValueSpecification\",\"valueRequired\":true,\"valueName\":\"search_term_string\"}}],\"inLanguage\":\"de\"}]}<\/script>\n<!-- \/ Yoast SEO plugin. -->","yoast_head_json":{"title":"Baobab - Platin Diffusor 500 ML - Riklis Karto","robots":{"index":"index","follow":"follow","max-snippet":"max-snippet:-1","max-image-preview":"max-image-preview:large","max-video-preview":"max-video-preview:-1"},"canonical":"https:\/\/rikliskarto.com\/de\/duftkerzen\/baobab-de\/baobab-platin-diffusor-500-ml\/","og_locale":"de_DE","og_type":"article","og_title":"Baobab - Platin Diffusor 500 ML - Riklis Karto","og_description":"Vor 14 Uhr bestellt, noch am selben Tag versendet. Bezahlen Sie anschlie\u00dfend mit klarna.  &nbsp; &nbsp;","og_url":"https:\/\/rikliskarto.com\/de\/duftkerzen\/baobab-de\/baobab-platin-diffusor-500-ml\/","og_site_name":"Riklis Karto","article_modified_time":"2025-06-12T09:47:50+00:00","og_image":[{"width":1000,"height":1000,"url":"https:\/\/rikliskarto.com\/wp-content\/uploads\/2024\/11\/Platinum-Max-Diffuser.png","type":"image\/webp"}],"twitter_card":"summary_large_image","twitter_misc":{"Gesch\u00e4tzte Lesezeit":"1\u00a0Minute"},"schema":{"@context":"https:\/\/schema.org","@graph":[{"@type":"WebPage","@id":"https:\/\/rikliskarto.com\/de\/duftkerzen\/baobab-de\/baobab-platin-diffusor-500-ml\/","url":"https:\/\/rikliskarto.com\/de\/duftkerzen\/baobab-de\/baobab-platin-diffusor-500-ml\/","name":"Baobab - Platin Diffusor 500 ML - Riklis Karto","isPartOf":{"@id":"https:\/\/rikliskarto.com\/de\/#website"},"primaryImageOfPage":{"@id":"https:\/\/rikliskarto.com\/de\/duftkerzen\/baobab-de\/baobab-platin-diffusor-500-ml\/#primaryimage"},"image":{"@id":"https:\/\/rikliskarto.com\/de\/duftkerzen\/baobab-de\/baobab-platin-diffusor-500-ml\/#primaryimage"},"thumbnailUrl":"https:\/\/rikliskarto.com\/wp-content\/uploads\/2024\/11\/Platinum-Max-Diffuser.png","datePublished":"2022-12-13T15:10:59+00:00","dateModified":"2025-06-12T09:47:50+00:00","breadcrumb":{"@id":"https:\/\/rikliskarto.com\/de\/duftkerzen\/baobab-de\/baobab-platin-diffusor-500-ml\/#breadcrumb"},"inLanguage":"de","potentialAction":[{"@type":"ReadAction","target":["https:\/\/rikliskarto.com\/de\/duftkerzen\/baobab-de\/baobab-platin-diffusor-500-ml\/"]}]},{"@type":"ImageObject","inLanguage":"de","@id":"https:\/\/rikliskarto.com\/de\/duftkerzen\/baobab-de\/baobab-platin-diffusor-500-ml\/#primaryimage","url":"https:\/\/rikliskarto.com\/wp-content\/uploads\/2024\/11\/Platinum-Max-Diffuser.png","contentUrl":"https:\/\/rikliskarto.com\/wp-content\/uploads\/2024\/11\/Platinum-Max-Diffuser.png","width":1000,"height":1000},{"@type":"BreadcrumbList","@id":"https:\/\/rikliskarto.com\/de\/duftkerzen\/baobab-de\/baobab-platin-diffusor-500-ml\/#breadcrumb","itemListElement":[{"@type":"ListItem","position":1,"name":"Home","item":"https:\/\/rikliskarto.com\/de\/heim\/"},{"@type":"ListItem","position":2,"name":"Priv\u00e9: Laden","item":"https:\/\/rikliskarto.com\/de\/shop\/"},{"@type":"ListItem","position":3,"name":"Baobab &#8211; Platin Diffusor 500 ML"}]},{"@type":"WebSite","@id":"https:\/\/rikliskarto.com\/de\/#website","url":"https:\/\/rikliskarto.com\/de\/","name":"Riklis Karto","description":"Ontdek de beste Niche Parfum &amp; Geurkaarsen.","potentialAction":[{"@type":"SearchAction","target":{"@type":"EntryPoint","urlTemplate":"https:\/\/rikliskarto.com\/de\/?s={search_term_string}"},"query-input":{"@type":"PropertyValueSpecification","valueRequired":true,"valueName":"search_term_string"}}],"inLanguage":"de"}]}},"_links":{"self":[{"href":"https:\/\/rikliskarto.com\/de\/wp-json\/wp\/v2\/product\/16531","targetHints":{"allow":["GET"]}}],"collection":[{"href":"https:\/\/rikliskarto.com\/de\/wp-json\/wp\/v2\/product"}],"about":[{"href":"https:\/\/rikliskarto.com\/de\/wp-json\/wp\/v2\/types\/product"}],"replies":[{"embeddable":true,"href":"https:\/\/rikliskarto.com\/de\/wp-json\/wp\/v2\/comments?post=16531"}],"wp:featuredmedia":[{"embeddable":true,"href":"https:\/\/rikliskarto.com\/de\/wp-json\/wp\/v2\/media\/17441"}],"wp:attachment":[{"href":"https:\/\/rikliskarto.com\/de\/wp-json\/wp\/v2\/media?parent=16531"}],"wp:term":[{"taxonomy":"product_brand","embeddable":true,"href":"https:\/\/rikliskarto.com\/de\/wp-json\/wp\/v2\/product_brand?post=16531"},{"taxonomy":"product_cat","embeddable":true,"href":"https:\/\/rikliskarto.com\/de\/wp-json\/wp\/v2\/product_cat?post=16531"},{"taxonomy":"product_tag","embeddable":true,"href":"https:\/\/rikliskarto.com\/de\/wp-json\/wp\/v2\/product_tag?post=16531"}],"curies":[{"name":"wp","href":"https:\/\/api.w.org\/{rel}","templated":true}]}}