{"id":16530,"date":"2022-12-13T16:03:03","date_gmt":"2022-12-13T15:03:03","guid":{"rendered":"https:\/\/rikliskarto.com\/shop\/casamorati-bouquet-ideale\/"},"modified":"2025-06-12T11:48:52","modified_gmt":"2025-06-12T09:48:52","slug":"casamorati-bouquet-ideale","status":"publish","type":"product","link":"https:\/\/rikliskarto.com\/de\/nischen-parfum\/casamorati-de\/casamorati-bouquet-ideale\/","title":{"rendered":"Casamorati &#8211; Bouquet Ideale"},"content":{"rendered":"<p>Casamorati&#8217;s Bouquet Ideale entf\u00fchrt Sie in ein romantisches mediterranes Paradies! Mit einem Aroma von verf\u00fchrerischem Kaschmir, faszinierender Vanille und Zimt und einem Hauch von Labdanum Amber wird dieser bezaubernde Duft Sie zum Tr\u00e4umen bringen. Lassen Sie es Ihre Sinne mit seinen extravaganten blumigen Noten umh\u00fcllen und sorgen Sie f\u00fcr eine Atmosph\u00e4re wie keine andere.  <\/p>\n<p>Jetzt kaufen Casamorati Bouquet Ideale bei Riklis Karto!<\/p>\n","protected":false},"excerpt":{"rendered":"<p><strong>Vor 14 Uhr bestellt, noch am selben Tag versendet. Bezahlen Sie anschlie\u00dfend mit klarna. <\/strong><\/p>\n<p>&nbsp;<\/p>\n<p>&nbsp;<\/p>\n","protected":false},"featured_media":17393,"comment_status":"open","ping_status":"closed","template":"","meta":{"_acf_changed":false},"product_brand":[],"product_cat":[862,1677],"product_tag":[],"class_list":{"0":"post-16530","1":"product","2":"type-product","3":"status-publish","4":"has-post-thumbnail","6":"product_cat-nischen-parfum","7":"product_cat-casamorati-de","8":"brand-casamorati-de","9":"scent-note-basisnoten-de","10":"scent-note-guaiac-hout-hartnoten-de","11":"scent-note-hartnoten-de","12":"scent-note-muskus-de","13":"scent-note-nootmuskaat-de","14":"scent-note-sandelhout-hartnoten-de","15":"scent-note-topnoten-de","16":"scent-note-vanille-de","17":"composition-aromatisch-de","18":"composition-balsemachtig-de","19":"composition-fris-kruidig-de","20":"composition-houtachtig-de","21":"composition-kaneel-de","22":"composition-poederig-de","23":"composition-vanille-de","24":"composition-warm-kruidig-de","25":"composition-witte-bloemen-de","26":"composition-zoet-de","27":"fragrance-family-amber-de","28":"fragrance-family-floral-de","29":"formule-eau-de-parfum-de","30":"style-luxe-de","31":"style-sexy-de","32":"style-trendy-de","33":"season-herfst-de","34":"season-winter-de","35":"occasion-date-de","36":"occasion-diner-de","37":"occasion-vrije-tijd-de","38":"occasion-werk-de","39":"gender-man-de","40":"gender-unisex-de","41":"gender-vrouw-de","43":"first","44":"instock","45":"purchasable","46":"product-type-simple"},"acf":[],"yoast_head":"<!-- This site is optimized with the Yoast SEO plugin v25.9 - https:\/\/yoast.com\/wordpress\/plugins\/seo\/ -->\n<title>Casamorati - Bouquet Ideale - Riklis Karto<\/title>\n<meta name=\"robots\" content=\"index, follow, max-snippet:-1, max-image-preview:large, max-video-preview:-1\" \/>\n<link rel=\"canonical\" href=\"https:\/\/rikliskarto.com\/de\/nischen-parfum\/casamorati-de\/casamorati-bouquet-ideale\/\" \/>\n<meta property=\"og:locale\" content=\"de_DE\" \/>\n<meta property=\"og:type\" content=\"article\" \/>\n<meta property=\"og:title\" content=\"Casamorati - Bouquet Ideale - Riklis Karto\" \/>\n<meta property=\"og:description\" content=\"Vor 14 Uhr bestellt, noch am selben Tag versendet. Bezahlen Sie anschlie\u00dfend mit klarna.  &nbsp; &nbsp;\" \/>\n<meta property=\"og:url\" content=\"https:\/\/rikliskarto.com\/de\/nischen-parfum\/casamorati-de\/casamorati-bouquet-ideale\/\" \/>\n<meta property=\"og:site_name\" content=\"Riklis Karto\" \/>\n<meta property=\"article:modified_time\" content=\"2025-06-12T09:48:52+00:00\" \/>\n<meta property=\"og:image\" content=\"https:\/\/rikliskarto.com\/wp-content\/uploads\/2024\/11\/bouquetideale-100.png\" \/>\n\t<meta property=\"og:image:width\" content=\"1000\" \/>\n\t<meta property=\"og:image:height\" content=\"1000\" \/>\n\t<meta property=\"og:image:type\" content=\"image\/webp\" \/>\n<meta name=\"twitter:card\" content=\"summary_large_image\" \/>\n<script type=\"application\/ld+json\" class=\"yoast-schema-graph\">{\"@context\":\"https:\/\/schema.org\",\"@graph\":[{\"@type\":\"WebPage\",\"@id\":\"https:\/\/rikliskarto.com\/de\/nischen-parfum\/casamorati-de\/casamorati-bouquet-ideale\/\",\"url\":\"https:\/\/rikliskarto.com\/de\/nischen-parfum\/casamorati-de\/casamorati-bouquet-ideale\/\",\"name\":\"Casamorati - Bouquet Ideale - Riklis Karto\",\"isPartOf\":{\"@id\":\"https:\/\/rikliskarto.com\/de\/#website\"},\"primaryImageOfPage\":{\"@id\":\"https:\/\/rikliskarto.com\/de\/nischen-parfum\/casamorati-de\/casamorati-bouquet-ideale\/#primaryimage\"},\"image\":{\"@id\":\"https:\/\/rikliskarto.com\/de\/nischen-parfum\/casamorati-de\/casamorati-bouquet-ideale\/#primaryimage\"},\"thumbnailUrl\":\"https:\/\/rikliskarto.com\/wp-content\/uploads\/2024\/11\/bouquetideale-100.png\",\"datePublished\":\"2022-12-13T15:03:03+00:00\",\"dateModified\":\"2025-06-12T09:48:52+00:00\",\"breadcrumb\":{\"@id\":\"https:\/\/rikliskarto.com\/de\/nischen-parfum\/casamorati-de\/casamorati-bouquet-ideale\/#breadcrumb\"},\"inLanguage\":\"de\",\"potentialAction\":[{\"@type\":\"ReadAction\",\"target\":[\"https:\/\/rikliskarto.com\/de\/nischen-parfum\/casamorati-de\/casamorati-bouquet-ideale\/\"]}]},{\"@type\":\"ImageObject\",\"inLanguage\":\"de\",\"@id\":\"https:\/\/rikliskarto.com\/de\/nischen-parfum\/casamorati-de\/casamorati-bouquet-ideale\/#primaryimage\",\"url\":\"https:\/\/rikliskarto.com\/wp-content\/uploads\/2024\/11\/bouquetideale-100.png\",\"contentUrl\":\"https:\/\/rikliskarto.com\/wp-content\/uploads\/2024\/11\/bouquetideale-100.png\",\"width\":1000,\"height\":1000},{\"@type\":\"BreadcrumbList\",\"@id\":\"https:\/\/rikliskarto.com\/de\/nischen-parfum\/casamorati-de\/casamorati-bouquet-ideale\/#breadcrumb\",\"itemListElement\":[{\"@type\":\"ListItem\",\"position\":1,\"name\":\"Home\",\"item\":\"https:\/\/rikliskarto.com\/de\/heim\/\"},{\"@type\":\"ListItem\",\"position\":2,\"name\":\"Priv\u00e9: Laden\",\"item\":\"https:\/\/rikliskarto.com\/de\/shop\/\"},{\"@type\":\"ListItem\",\"position\":3,\"name\":\"Casamorati &#8211; Bouquet Ideale\"}]},{\"@type\":\"WebSite\",\"@id\":\"https:\/\/rikliskarto.com\/de\/#website\",\"url\":\"https:\/\/rikliskarto.com\/de\/\",\"name\":\"Riklis Karto\",\"description\":\"Ontdek de beste Niche Parfum &amp; Geurkaarsen.\",\"potentialAction\":[{\"@type\":\"SearchAction\",\"target\":{\"@type\":\"EntryPoint\",\"urlTemplate\":\"https:\/\/rikliskarto.com\/de\/?s={search_term_string}\"},\"query-input\":{\"@type\":\"PropertyValueSpecification\",\"valueRequired\":true,\"valueName\":\"search_term_string\"}}],\"inLanguage\":\"de\"}]}<\/script>\n<!-- \/ Yoast SEO plugin. -->","yoast_head_json":{"title":"Casamorati - Bouquet Ideale - Riklis Karto","robots":{"index":"index","follow":"follow","max-snippet":"max-snippet:-1","max-image-preview":"max-image-preview:large","max-video-preview":"max-video-preview:-1"},"canonical":"https:\/\/rikliskarto.com\/de\/nischen-parfum\/casamorati-de\/casamorati-bouquet-ideale\/","og_locale":"de_DE","og_type":"article","og_title":"Casamorati - Bouquet Ideale - Riklis Karto","og_description":"Vor 14 Uhr bestellt, noch am selben Tag versendet. Bezahlen Sie anschlie\u00dfend mit klarna.  &nbsp; &nbsp;","og_url":"https:\/\/rikliskarto.com\/de\/nischen-parfum\/casamorati-de\/casamorati-bouquet-ideale\/","og_site_name":"Riklis Karto","article_modified_time":"2025-06-12T09:48:52+00:00","og_image":[{"width":1000,"height":1000,"url":"https:\/\/rikliskarto.com\/wp-content\/uploads\/2024\/11\/bouquetideale-100.png","type":"image\/webp"}],"twitter_card":"summary_large_image","schema":{"@context":"https:\/\/schema.org","@graph":[{"@type":"WebPage","@id":"https:\/\/rikliskarto.com\/de\/nischen-parfum\/casamorati-de\/casamorati-bouquet-ideale\/","url":"https:\/\/rikliskarto.com\/de\/nischen-parfum\/casamorati-de\/casamorati-bouquet-ideale\/","name":"Casamorati - Bouquet Ideale - Riklis Karto","isPartOf":{"@id":"https:\/\/rikliskarto.com\/de\/#website"},"primaryImageOfPage":{"@id":"https:\/\/rikliskarto.com\/de\/nischen-parfum\/casamorati-de\/casamorati-bouquet-ideale\/#primaryimage"},"image":{"@id":"https:\/\/rikliskarto.com\/de\/nischen-parfum\/casamorati-de\/casamorati-bouquet-ideale\/#primaryimage"},"thumbnailUrl":"https:\/\/rikliskarto.com\/wp-content\/uploads\/2024\/11\/bouquetideale-100.png","datePublished":"2022-12-13T15:03:03+00:00","dateModified":"2025-06-12T09:48:52+00:00","breadcrumb":{"@id":"https:\/\/rikliskarto.com\/de\/nischen-parfum\/casamorati-de\/casamorati-bouquet-ideale\/#breadcrumb"},"inLanguage":"de","potentialAction":[{"@type":"ReadAction","target":["https:\/\/rikliskarto.com\/de\/nischen-parfum\/casamorati-de\/casamorati-bouquet-ideale\/"]}]},{"@type":"ImageObject","inLanguage":"de","@id":"https:\/\/rikliskarto.com\/de\/nischen-parfum\/casamorati-de\/casamorati-bouquet-ideale\/#primaryimage","url":"https:\/\/rikliskarto.com\/wp-content\/uploads\/2024\/11\/bouquetideale-100.png","contentUrl":"https:\/\/rikliskarto.com\/wp-content\/uploads\/2024\/11\/bouquetideale-100.png","width":1000,"height":1000},{"@type":"BreadcrumbList","@id":"https:\/\/rikliskarto.com\/de\/nischen-parfum\/casamorati-de\/casamorati-bouquet-ideale\/#breadcrumb","itemListElement":[{"@type":"ListItem","position":1,"name":"Home","item":"https:\/\/rikliskarto.com\/de\/heim\/"},{"@type":"ListItem","position":2,"name":"Priv\u00e9: Laden","item":"https:\/\/rikliskarto.com\/de\/shop\/"},{"@type":"ListItem","position":3,"name":"Casamorati &#8211; Bouquet Ideale"}]},{"@type":"WebSite","@id":"https:\/\/rikliskarto.com\/de\/#website","url":"https:\/\/rikliskarto.com\/de\/","name":"Riklis Karto","description":"Ontdek de beste Niche Parfum &amp; Geurkaarsen.","potentialAction":[{"@type":"SearchAction","target":{"@type":"EntryPoint","urlTemplate":"https:\/\/rikliskarto.com\/de\/?s={search_term_string}"},"query-input":{"@type":"PropertyValueSpecification","valueRequired":true,"valueName":"search_term_string"}}],"inLanguage":"de"}]}},"_links":{"self":[{"href":"https:\/\/rikliskarto.com\/de\/wp-json\/wp\/v2\/product\/16530","targetHints":{"allow":["GET"]}}],"collection":[{"href":"https:\/\/rikliskarto.com\/de\/wp-json\/wp\/v2\/product"}],"about":[{"href":"https:\/\/rikliskarto.com\/de\/wp-json\/wp\/v2\/types\/product"}],"replies":[{"embeddable":true,"href":"https:\/\/rikliskarto.com\/de\/wp-json\/wp\/v2\/comments?post=16530"}],"wp:featuredmedia":[{"embeddable":true,"href":"https:\/\/rikliskarto.com\/de\/wp-json\/wp\/v2\/media\/17393"}],"wp:attachment":[{"href":"https:\/\/rikliskarto.com\/de\/wp-json\/wp\/v2\/media?parent=16530"}],"wp:term":[{"taxonomy":"product_brand","embeddable":true,"href":"https:\/\/rikliskarto.com\/de\/wp-json\/wp\/v2\/product_brand?post=16530"},{"taxonomy":"product_cat","embeddable":true,"href":"https:\/\/rikliskarto.com\/de\/wp-json\/wp\/v2\/product_cat?post=16530"},{"taxonomy":"product_tag","embeddable":true,"href":"https:\/\/rikliskarto.com\/de\/wp-json\/wp\/v2\/product_tag?post=16530"}],"curies":[{"name":"wp","href":"https:\/\/api.w.org\/{rel}","templated":true}]}}