{"id":16526,"date":"2022-12-13T16:03:03","date_gmt":"2022-12-13T15:03:03","guid":{"rendered":"https:\/\/rikliskarto.com\/shop\/casamorati-lira\/"},"modified":"2025-06-12T11:48:49","modified_gmt":"2025-06-12T09:48:49","slug":"casamorati-lira","status":"publish","type":"product","link":"https:\/\/rikliskarto.com\/de\/nischen-parfum\/casamorati-de\/casamorati-lira\/","title":{"rendered":"Casamorati &#8211; Lira"},"content":{"rendered":"<p>Entdecken Sie die Geheimnisse der Liebe mit Lira of Casamorati. Dieses verf\u00fchrerische Gourmand-Parf\u00fcm f\u00e4ngt verf\u00fchrerische Romantik in einer erfrischenden Mischung aus prickelnden Zitrusfr\u00fcchten und Lavendel ein, gekr\u00f6nt mit w\u00fcrzigem Zimt und Lakritz f\u00fcr zus\u00e4tzliche Verf\u00fchrung. K\u00f6stliche Noten von Karamell, Vanille, Moschus und saftiger Blutorange ziehen sich wie ein unwiderstehliches Fl\u00fcstern an &#8211; luxuri\u00f6s s\u00fc\u00df, ohne das Geheimnis zu beeintr\u00e4chtigen!  <\/p>\n<p>Jetzt kaufen Casamorati Lira bei Riklis Karto<\/p>\n","protected":false},"excerpt":{"rendered":"<p><strong>Vor 14 Uhr bestellt, noch am selben Tag versendet. Bezahlen Sie anschlie\u00dfend mit Klarna. <\/strong><\/p>\n","protected":false},"featured_media":17395,"comment_status":"open","ping_status":"closed","template":"","meta":{"_acf_changed":false},"product_brand":[],"product_cat":[862,1677],"product_tag":[],"class_list":{"0":"post-16526","1":"product","2":"type-product","3":"status-publish","4":"has-post-thumbnail","6":"product_cat-nischen-parfum","7":"product_cat-casamorati-de","8":"brand-casamorati-de","9":"scent-note-basisnoten-de","10":"scent-note-bergamot-de","11":"scent-note-bloed-sinaasappel-de","12":"scent-note-hartnoten-de","13":"scent-note-jasmijn-de","14":"scent-note-kaneel-de","15":"scent-note-karamel-de","16":"scent-note-lavendel-de","17":"scent-note-muskus-de","18":"scent-note-topnoten-de","19":"scent-note-vanille-de","20":"composition-citrusvruchten-de","21":"composition-karamel-de","22":"composition-vanille-de","23":"composition-zoet-de","24":"fragrance-family-amber-de","25":"fragrance-family-gourmand-de","26":"formule-eau-de-parfum-de","27":"style-casual-de","28":"style-luxe-de","29":"style-sexy-de","30":"style-trendy-de","31":"season-herfst-de","32":"season-lente-de","33":"season-winter-de","34":"season-zomer-de","35":"occasion-date-de","36":"occasion-diner-de","37":"occasion-vrije-tijd-de","38":"gender-man-de","39":"gender-unisex-de","40":"gender-vrouw-de","42":"first","43":"instock","44":"purchasable","45":"product-type-simple"},"acf":[],"yoast_head":"<!-- This site is optimized with the Yoast SEO plugin v25.9 - https:\/\/yoast.com\/wordpress\/plugins\/seo\/ -->\n<title>Casamorati - Lira - Riklis Karto<\/title>\n<meta name=\"robots\" content=\"index, follow, max-snippet:-1, max-image-preview:large, max-video-preview:-1\" \/>\n<link rel=\"canonical\" href=\"https:\/\/rikliskarto.com\/de\/nischen-parfum\/casamorati-de\/casamorati-lira\/\" \/>\n<meta property=\"og:locale\" content=\"de_DE\" \/>\n<meta property=\"og:type\" content=\"article\" \/>\n<meta property=\"og:title\" content=\"Casamorati - Lira - Riklis Karto\" \/>\n<meta property=\"og:description\" content=\"Vor 14 Uhr bestellt, noch am selben Tag versendet. Bezahlen Sie anschlie\u00dfend mit Klarna.\" \/>\n<meta property=\"og:url\" content=\"https:\/\/rikliskarto.com\/de\/nischen-parfum\/casamorati-de\/casamorati-lira\/\" \/>\n<meta property=\"og:site_name\" content=\"Riklis Karto\" \/>\n<meta property=\"article:modified_time\" content=\"2025-06-12T09:48:49+00:00\" \/>\n<meta property=\"og:image\" content=\"https:\/\/rikliskarto.com\/wp-content\/uploads\/2024\/11\/lira-100.png\" \/>\n\t<meta property=\"og:image:width\" content=\"1000\" \/>\n\t<meta property=\"og:image:height\" content=\"1000\" \/>\n\t<meta property=\"og:image:type\" content=\"image\/webp\" \/>\n<meta name=\"twitter:card\" content=\"summary_large_image\" \/>\n<script type=\"application\/ld+json\" class=\"yoast-schema-graph\">{\"@context\":\"https:\/\/schema.org\",\"@graph\":[{\"@type\":\"WebPage\",\"@id\":\"https:\/\/rikliskarto.com\/de\/nischen-parfum\/casamorati-de\/casamorati-lira\/\",\"url\":\"https:\/\/rikliskarto.com\/de\/nischen-parfum\/casamorati-de\/casamorati-lira\/\",\"name\":\"Casamorati - Lira - Riklis Karto\",\"isPartOf\":{\"@id\":\"https:\/\/rikliskarto.com\/de\/#website\"},\"primaryImageOfPage\":{\"@id\":\"https:\/\/rikliskarto.com\/de\/nischen-parfum\/casamorati-de\/casamorati-lira\/#primaryimage\"},\"image\":{\"@id\":\"https:\/\/rikliskarto.com\/de\/nischen-parfum\/casamorati-de\/casamorati-lira\/#primaryimage\"},\"thumbnailUrl\":\"https:\/\/rikliskarto.com\/wp-content\/uploads\/2024\/11\/lira-100.png\",\"datePublished\":\"2022-12-13T15:03:03+00:00\",\"dateModified\":\"2025-06-12T09:48:49+00:00\",\"breadcrumb\":{\"@id\":\"https:\/\/rikliskarto.com\/de\/nischen-parfum\/casamorati-de\/casamorati-lira\/#breadcrumb\"},\"inLanguage\":\"de\",\"potentialAction\":[{\"@type\":\"ReadAction\",\"target\":[\"https:\/\/rikliskarto.com\/de\/nischen-parfum\/casamorati-de\/casamorati-lira\/\"]}]},{\"@type\":\"ImageObject\",\"inLanguage\":\"de\",\"@id\":\"https:\/\/rikliskarto.com\/de\/nischen-parfum\/casamorati-de\/casamorati-lira\/#primaryimage\",\"url\":\"https:\/\/rikliskarto.com\/wp-content\/uploads\/2024\/11\/lira-100.png\",\"contentUrl\":\"https:\/\/rikliskarto.com\/wp-content\/uploads\/2024\/11\/lira-100.png\",\"width\":1000,\"height\":1000},{\"@type\":\"BreadcrumbList\",\"@id\":\"https:\/\/rikliskarto.com\/de\/nischen-parfum\/casamorati-de\/casamorati-lira\/#breadcrumb\",\"itemListElement\":[{\"@type\":\"ListItem\",\"position\":1,\"name\":\"Home\",\"item\":\"https:\/\/rikliskarto.com\/de\/heim\/\"},{\"@type\":\"ListItem\",\"position\":2,\"name\":\"Priv\u00e9: Laden\",\"item\":\"https:\/\/rikliskarto.com\/de\/shop\/\"},{\"@type\":\"ListItem\",\"position\":3,\"name\":\"Casamorati &#8211; Lira\"}]},{\"@type\":\"WebSite\",\"@id\":\"https:\/\/rikliskarto.com\/de\/#website\",\"url\":\"https:\/\/rikliskarto.com\/de\/\",\"name\":\"Riklis Karto\",\"description\":\"Ontdek de beste Niche Parfum &amp; Geurkaarsen.\",\"potentialAction\":[{\"@type\":\"SearchAction\",\"target\":{\"@type\":\"EntryPoint\",\"urlTemplate\":\"https:\/\/rikliskarto.com\/de\/?s={search_term_string}\"},\"query-input\":{\"@type\":\"PropertyValueSpecification\",\"valueRequired\":true,\"valueName\":\"search_term_string\"}}],\"inLanguage\":\"de\"}]}<\/script>\n<!-- \/ Yoast SEO plugin. -->","yoast_head_json":{"title":"Casamorati - Lira - Riklis Karto","robots":{"index":"index","follow":"follow","max-snippet":"max-snippet:-1","max-image-preview":"max-image-preview:large","max-video-preview":"max-video-preview:-1"},"canonical":"https:\/\/rikliskarto.com\/de\/nischen-parfum\/casamorati-de\/casamorati-lira\/","og_locale":"de_DE","og_type":"article","og_title":"Casamorati - Lira - Riklis Karto","og_description":"Vor 14 Uhr bestellt, noch am selben Tag versendet. Bezahlen Sie anschlie\u00dfend mit Klarna.","og_url":"https:\/\/rikliskarto.com\/de\/nischen-parfum\/casamorati-de\/casamorati-lira\/","og_site_name":"Riklis Karto","article_modified_time":"2025-06-12T09:48:49+00:00","og_image":[{"width":1000,"height":1000,"url":"https:\/\/rikliskarto.com\/wp-content\/uploads\/2024\/11\/lira-100.png","type":"image\/webp"}],"twitter_card":"summary_large_image","schema":{"@context":"https:\/\/schema.org","@graph":[{"@type":"WebPage","@id":"https:\/\/rikliskarto.com\/de\/nischen-parfum\/casamorati-de\/casamorati-lira\/","url":"https:\/\/rikliskarto.com\/de\/nischen-parfum\/casamorati-de\/casamorati-lira\/","name":"Casamorati - Lira - Riklis Karto","isPartOf":{"@id":"https:\/\/rikliskarto.com\/de\/#website"},"primaryImageOfPage":{"@id":"https:\/\/rikliskarto.com\/de\/nischen-parfum\/casamorati-de\/casamorati-lira\/#primaryimage"},"image":{"@id":"https:\/\/rikliskarto.com\/de\/nischen-parfum\/casamorati-de\/casamorati-lira\/#primaryimage"},"thumbnailUrl":"https:\/\/rikliskarto.com\/wp-content\/uploads\/2024\/11\/lira-100.png","datePublished":"2022-12-13T15:03:03+00:00","dateModified":"2025-06-12T09:48:49+00:00","breadcrumb":{"@id":"https:\/\/rikliskarto.com\/de\/nischen-parfum\/casamorati-de\/casamorati-lira\/#breadcrumb"},"inLanguage":"de","potentialAction":[{"@type":"ReadAction","target":["https:\/\/rikliskarto.com\/de\/nischen-parfum\/casamorati-de\/casamorati-lira\/"]}]},{"@type":"ImageObject","inLanguage":"de","@id":"https:\/\/rikliskarto.com\/de\/nischen-parfum\/casamorati-de\/casamorati-lira\/#primaryimage","url":"https:\/\/rikliskarto.com\/wp-content\/uploads\/2024\/11\/lira-100.png","contentUrl":"https:\/\/rikliskarto.com\/wp-content\/uploads\/2024\/11\/lira-100.png","width":1000,"height":1000},{"@type":"BreadcrumbList","@id":"https:\/\/rikliskarto.com\/de\/nischen-parfum\/casamorati-de\/casamorati-lira\/#breadcrumb","itemListElement":[{"@type":"ListItem","position":1,"name":"Home","item":"https:\/\/rikliskarto.com\/de\/heim\/"},{"@type":"ListItem","position":2,"name":"Priv\u00e9: Laden","item":"https:\/\/rikliskarto.com\/de\/shop\/"},{"@type":"ListItem","position":3,"name":"Casamorati &#8211; Lira"}]},{"@type":"WebSite","@id":"https:\/\/rikliskarto.com\/de\/#website","url":"https:\/\/rikliskarto.com\/de\/","name":"Riklis Karto","description":"Ontdek de beste Niche Parfum &amp; Geurkaarsen.","potentialAction":[{"@type":"SearchAction","target":{"@type":"EntryPoint","urlTemplate":"https:\/\/rikliskarto.com\/de\/?s={search_term_string}"},"query-input":{"@type":"PropertyValueSpecification","valueRequired":true,"valueName":"search_term_string"}}],"inLanguage":"de"}]}},"_links":{"self":[{"href":"https:\/\/rikliskarto.com\/de\/wp-json\/wp\/v2\/product\/16526","targetHints":{"allow":["GET"]}}],"collection":[{"href":"https:\/\/rikliskarto.com\/de\/wp-json\/wp\/v2\/product"}],"about":[{"href":"https:\/\/rikliskarto.com\/de\/wp-json\/wp\/v2\/types\/product"}],"replies":[{"embeddable":true,"href":"https:\/\/rikliskarto.com\/de\/wp-json\/wp\/v2\/comments?post=16526"}],"wp:featuredmedia":[{"embeddable":true,"href":"https:\/\/rikliskarto.com\/de\/wp-json\/wp\/v2\/media\/17395"}],"wp:attachment":[{"href":"https:\/\/rikliskarto.com\/de\/wp-json\/wp\/v2\/media?parent=16526"}],"wp:term":[{"taxonomy":"product_brand","embeddable":true,"href":"https:\/\/rikliskarto.com\/de\/wp-json\/wp\/v2\/product_brand?post=16526"},{"taxonomy":"product_cat","embeddable":true,"href":"https:\/\/rikliskarto.com\/de\/wp-json\/wp\/v2\/product_cat?post=16526"},{"taxonomy":"product_tag","embeddable":true,"href":"https:\/\/rikliskarto.com\/de\/wp-json\/wp\/v2\/product_tag?post=16526"}],"curies":[{"name":"wp","href":"https:\/\/api.w.org\/{rel}","templated":true}]}}