{"id":16514,"date":"2022-12-13T16:03:02","date_gmt":"2022-12-13T15:03:02","guid":{"rendered":"https:\/\/rikliskarto.com\/shop\/casamorati-gran-balo\/"},"modified":"2025-06-12T11:48:56","modified_gmt":"2025-06-12T09:48:56","slug":"casamorati-gran-balo","status":"publish","type":"product","link":"https:\/\/rikliskarto.com\/de\/nischen-parfum\/casamorati-de\/casamorati-gran-balo\/","title":{"rendered":"Casamorati &#8211; Gran Balo"},"content":{"rendered":"","protected":false},"excerpt":{"rendered":"<p>Gran Balo by Casamorati entf\u00fchrt Sie in die romantische \u00c4ra des Italiens des 18. Jahrhunderts! Inspiriert von der traditionellen italienischen Parf\u00fcmerie, wird dieser Vintage-Duft Gef\u00fchle von Freude und Unschuld hervorrufen. Erleben Sie eine lebendige Mischung aus Waldbeeren, Mandarine, Jasmin und Gardenie, die in ein unvergessliches blumiges Aroma m\u00fcnden, das mit beruhigenden Noten von Amber und Karamell erw\u00e4rmt wird \u2013 genau wie damals, als M\u00e4dchen im 18. Jahrhundert ihren Liebhaber auf aristokratischen Partys suchten.  <\/p>\n<p>Kaufen Sie jetzt Casamorati Gran Balo bei Riklis Karto!<\/p>\n","protected":false},"featured_media":17389,"comment_status":"open","ping_status":"closed","template":"","meta":{"_acf_changed":false},"product_brand":[],"product_cat":[862,1677],"product_tag":[],"class_list":{"0":"post-16514","1":"product","2":"type-product","3":"status-publish","4":"has-post-thumbnail","6":"product_cat-nischen-parfum","7":"product_cat-casamorati-de","8":"brand-casamorati-de","9":"scent-note-basisnoten-de","10":"scent-note-bernstein","11":"scent-note-gardenia-de","12":"scent-note-hartnoten-de","13":"scent-note-honing-hartnoten-de","14":"scent-note-jasmijn-de","15":"scent-note-karamel-de","16":"scent-note-mandarijn-de","17":"scent-note-sandelhout-de","18":"scent-note-topnoten-de","19":"scent-note-vanille-de","20":"composition-amber-de","21":"composition-dierlijk-de","22":"composition-karamel-de","23":"composition-vanille-de","24":"composition-witte-bloemen-de","25":"composition-zoet-de","26":"fragrance-family-floral-de","27":"fragrance-family-fruity-de","28":"fragrance-family-woods-de","29":"formule-eau-de-parfum-de","30":"style-casual-de","31":"style-luxe-de","32":"style-sexy-de","33":"style-trendy-de","34":"season-lente-de","35":"season-zomer-de","36":"occasion-date-de","37":"occasion-diner-de","38":"occasion-vrije-tijd-de","39":"occasion-werk-de","40":"gender-vrouw-de","42":"first","43":"instock","44":"purchasable","45":"product-type-simple"},"acf":[],"yoast_head":"<!-- This site is optimized with the Yoast SEO plugin v25.9 - https:\/\/yoast.com\/wordpress\/plugins\/seo\/ -->\n<title>Casamorati - Gran Balo - Riklis Karto<\/title>\n<meta name=\"robots\" content=\"index, follow, max-snippet:-1, max-image-preview:large, max-video-preview:-1\" \/>\n<link rel=\"canonical\" href=\"https:\/\/rikliskarto.com\/de\/nischen-parfum\/casamorati-de\/casamorati-gran-balo\/\" \/>\n<meta property=\"og:locale\" content=\"de_DE\" \/>\n<meta property=\"og:type\" content=\"article\" \/>\n<meta property=\"og:title\" content=\"Casamorati - Gran Balo - Riklis Karto\" \/>\n<meta property=\"og:description\" content=\"Gran Balo by Casamorati entf\u00fchrt Sie in die romantische \u00c4ra des Italiens des 18. Jahrhunderts! Inspiriert von der traditionellen italienischen Parf\u00fcmerie, wird dieser Vintage-Duft Gef\u00fchle von Freude und Unschuld hervorrufen. Erleben Sie eine lebendige Mischung aus Waldbeeren, Mandarine, Jasmin und Gardenie, die in ein unvergessliches blumiges Aroma m\u00fcnden, das mit beruhigenden Noten von Amber und Karamell erw\u00e4rmt wird \u2013 genau wie damals, als M\u00e4dchen im 18. Jahrhundert ihren Liebhaber auf aristokratischen Partys suchten.  Kaufen Sie jetzt Casamorati Gran Balo bei Riklis Karto!\" \/>\n<meta property=\"og:url\" content=\"https:\/\/rikliskarto.com\/de\/nischen-parfum\/casamorati-de\/casamorati-gran-balo\/\" \/>\n<meta property=\"og:site_name\" content=\"Riklis Karto\" \/>\n<meta property=\"article:modified_time\" content=\"2025-06-12T09:48:56+00:00\" \/>\n<meta property=\"og:image\" content=\"https:\/\/rikliskarto.com\/wp-content\/uploads\/2024\/11\/granballo-100.png\" \/>\n\t<meta property=\"og:image:width\" content=\"1000\" \/>\n\t<meta property=\"og:image:height\" content=\"1000\" \/>\n\t<meta property=\"og:image:type\" content=\"image\/webp\" \/>\n<meta name=\"twitter:card\" content=\"summary_large_image\" \/>\n<script type=\"application\/ld+json\" class=\"yoast-schema-graph\">{\"@context\":\"https:\/\/schema.org\",\"@graph\":[{\"@type\":\"WebPage\",\"@id\":\"https:\/\/rikliskarto.com\/de\/nischen-parfum\/casamorati-de\/casamorati-gran-balo\/\",\"url\":\"https:\/\/rikliskarto.com\/de\/nischen-parfum\/casamorati-de\/casamorati-gran-balo\/\",\"name\":\"Casamorati - Gran Balo - Riklis Karto\",\"isPartOf\":{\"@id\":\"https:\/\/rikliskarto.com\/de\/#website\"},\"primaryImageOfPage\":{\"@id\":\"https:\/\/rikliskarto.com\/de\/nischen-parfum\/casamorati-de\/casamorati-gran-balo\/#primaryimage\"},\"image\":{\"@id\":\"https:\/\/rikliskarto.com\/de\/nischen-parfum\/casamorati-de\/casamorati-gran-balo\/#primaryimage\"},\"thumbnailUrl\":\"https:\/\/rikliskarto.com\/wp-content\/uploads\/2024\/11\/granballo-100.png\",\"datePublished\":\"2022-12-13T15:03:02+00:00\",\"dateModified\":\"2025-06-12T09:48:56+00:00\",\"breadcrumb\":{\"@id\":\"https:\/\/rikliskarto.com\/de\/nischen-parfum\/casamorati-de\/casamorati-gran-balo\/#breadcrumb\"},\"inLanguage\":\"de\",\"potentialAction\":[{\"@type\":\"ReadAction\",\"target\":[\"https:\/\/rikliskarto.com\/de\/nischen-parfum\/casamorati-de\/casamorati-gran-balo\/\"]}]},{\"@type\":\"ImageObject\",\"inLanguage\":\"de\",\"@id\":\"https:\/\/rikliskarto.com\/de\/nischen-parfum\/casamorati-de\/casamorati-gran-balo\/#primaryimage\",\"url\":\"https:\/\/rikliskarto.com\/wp-content\/uploads\/2024\/11\/granballo-100.png\",\"contentUrl\":\"https:\/\/rikliskarto.com\/wp-content\/uploads\/2024\/11\/granballo-100.png\",\"width\":1000,\"height\":1000},{\"@type\":\"BreadcrumbList\",\"@id\":\"https:\/\/rikliskarto.com\/de\/nischen-parfum\/casamorati-de\/casamorati-gran-balo\/#breadcrumb\",\"itemListElement\":[{\"@type\":\"ListItem\",\"position\":1,\"name\":\"Home\",\"item\":\"https:\/\/rikliskarto.com\/de\/heim\/\"},{\"@type\":\"ListItem\",\"position\":2,\"name\":\"Priv\u00e9: Laden\",\"item\":\"https:\/\/rikliskarto.com\/de\/shop\/\"},{\"@type\":\"ListItem\",\"position\":3,\"name\":\"Casamorati &#8211; Gran Balo\"}]},{\"@type\":\"WebSite\",\"@id\":\"https:\/\/rikliskarto.com\/de\/#website\",\"url\":\"https:\/\/rikliskarto.com\/de\/\",\"name\":\"Riklis Karto\",\"description\":\"Ontdek de beste Niche Parfum &amp; Geurkaarsen.\",\"potentialAction\":[{\"@type\":\"SearchAction\",\"target\":{\"@type\":\"EntryPoint\",\"urlTemplate\":\"https:\/\/rikliskarto.com\/de\/?s={search_term_string}\"},\"query-input\":{\"@type\":\"PropertyValueSpecification\",\"valueRequired\":true,\"valueName\":\"search_term_string\"}}],\"inLanguage\":\"de\"}]}<\/script>\n<!-- \/ Yoast SEO plugin. -->","yoast_head_json":{"title":"Casamorati - Gran Balo - Riklis Karto","robots":{"index":"index","follow":"follow","max-snippet":"max-snippet:-1","max-image-preview":"max-image-preview:large","max-video-preview":"max-video-preview:-1"},"canonical":"https:\/\/rikliskarto.com\/de\/nischen-parfum\/casamorati-de\/casamorati-gran-balo\/","og_locale":"de_DE","og_type":"article","og_title":"Casamorati - Gran Balo - Riklis Karto","og_description":"Gran Balo by Casamorati entf\u00fchrt Sie in die romantische \u00c4ra des Italiens des 18. Jahrhunderts! Inspiriert von der traditionellen italienischen Parf\u00fcmerie, wird dieser Vintage-Duft Gef\u00fchle von Freude und Unschuld hervorrufen. Erleben Sie eine lebendige Mischung aus Waldbeeren, Mandarine, Jasmin und Gardenie, die in ein unvergessliches blumiges Aroma m\u00fcnden, das mit beruhigenden Noten von Amber und Karamell erw\u00e4rmt wird \u2013 genau wie damals, als M\u00e4dchen im 18. Jahrhundert ihren Liebhaber auf aristokratischen Partys suchten.  Kaufen Sie jetzt Casamorati Gran Balo bei Riklis Karto!","og_url":"https:\/\/rikliskarto.com\/de\/nischen-parfum\/casamorati-de\/casamorati-gran-balo\/","og_site_name":"Riklis Karto","article_modified_time":"2025-06-12T09:48:56+00:00","og_image":[{"width":1000,"height":1000,"url":"https:\/\/rikliskarto.com\/wp-content\/uploads\/2024\/11\/granballo-100.png","type":"image\/webp"}],"twitter_card":"summary_large_image","schema":{"@context":"https:\/\/schema.org","@graph":[{"@type":"WebPage","@id":"https:\/\/rikliskarto.com\/de\/nischen-parfum\/casamorati-de\/casamorati-gran-balo\/","url":"https:\/\/rikliskarto.com\/de\/nischen-parfum\/casamorati-de\/casamorati-gran-balo\/","name":"Casamorati - Gran Balo - Riklis Karto","isPartOf":{"@id":"https:\/\/rikliskarto.com\/de\/#website"},"primaryImageOfPage":{"@id":"https:\/\/rikliskarto.com\/de\/nischen-parfum\/casamorati-de\/casamorati-gran-balo\/#primaryimage"},"image":{"@id":"https:\/\/rikliskarto.com\/de\/nischen-parfum\/casamorati-de\/casamorati-gran-balo\/#primaryimage"},"thumbnailUrl":"https:\/\/rikliskarto.com\/wp-content\/uploads\/2024\/11\/granballo-100.png","datePublished":"2022-12-13T15:03:02+00:00","dateModified":"2025-06-12T09:48:56+00:00","breadcrumb":{"@id":"https:\/\/rikliskarto.com\/de\/nischen-parfum\/casamorati-de\/casamorati-gran-balo\/#breadcrumb"},"inLanguage":"de","potentialAction":[{"@type":"ReadAction","target":["https:\/\/rikliskarto.com\/de\/nischen-parfum\/casamorati-de\/casamorati-gran-balo\/"]}]},{"@type":"ImageObject","inLanguage":"de","@id":"https:\/\/rikliskarto.com\/de\/nischen-parfum\/casamorati-de\/casamorati-gran-balo\/#primaryimage","url":"https:\/\/rikliskarto.com\/wp-content\/uploads\/2024\/11\/granballo-100.png","contentUrl":"https:\/\/rikliskarto.com\/wp-content\/uploads\/2024\/11\/granballo-100.png","width":1000,"height":1000},{"@type":"BreadcrumbList","@id":"https:\/\/rikliskarto.com\/de\/nischen-parfum\/casamorati-de\/casamorati-gran-balo\/#breadcrumb","itemListElement":[{"@type":"ListItem","position":1,"name":"Home","item":"https:\/\/rikliskarto.com\/de\/heim\/"},{"@type":"ListItem","position":2,"name":"Priv\u00e9: Laden","item":"https:\/\/rikliskarto.com\/de\/shop\/"},{"@type":"ListItem","position":3,"name":"Casamorati &#8211; Gran Balo"}]},{"@type":"WebSite","@id":"https:\/\/rikliskarto.com\/de\/#website","url":"https:\/\/rikliskarto.com\/de\/","name":"Riklis Karto","description":"Ontdek de beste Niche Parfum &amp; Geurkaarsen.","potentialAction":[{"@type":"SearchAction","target":{"@type":"EntryPoint","urlTemplate":"https:\/\/rikliskarto.com\/de\/?s={search_term_string}"},"query-input":{"@type":"PropertyValueSpecification","valueRequired":true,"valueName":"search_term_string"}}],"inLanguage":"de"}]}},"_links":{"self":[{"href":"https:\/\/rikliskarto.com\/de\/wp-json\/wp\/v2\/product\/16514","targetHints":{"allow":["GET"]}}],"collection":[{"href":"https:\/\/rikliskarto.com\/de\/wp-json\/wp\/v2\/product"}],"about":[{"href":"https:\/\/rikliskarto.com\/de\/wp-json\/wp\/v2\/types\/product"}],"replies":[{"embeddable":true,"href":"https:\/\/rikliskarto.com\/de\/wp-json\/wp\/v2\/comments?post=16514"}],"wp:featuredmedia":[{"embeddable":true,"href":"https:\/\/rikliskarto.com\/de\/wp-json\/wp\/v2\/media\/17389"}],"wp:attachment":[{"href":"https:\/\/rikliskarto.com\/de\/wp-json\/wp\/v2\/media?parent=16514"}],"wp:term":[{"taxonomy":"product_brand","embeddable":true,"href":"https:\/\/rikliskarto.com\/de\/wp-json\/wp\/v2\/product_brand?post=16514"},{"taxonomy":"product_cat","embeddable":true,"href":"https:\/\/rikliskarto.com\/de\/wp-json\/wp\/v2\/product_cat?post=16514"},{"taxonomy":"product_tag","embeddable":true,"href":"https:\/\/rikliskarto.com\/de\/wp-json\/wp\/v2\/product_tag?post=16514"}],"curies":[{"name":"wp","href":"https:\/\/api.w.org\/{rel}","templated":true}]}}