{"id":16508,"date":"2022-12-13T16:03:02","date_gmt":"2022-12-13T15:03:02","guid":{"rendered":"https:\/\/rikliskarto.com\/shop\/casamorati-mefisto\/"},"modified":"2025-06-12T11:48:54","modified_gmt":"2025-06-12T09:48:54","slug":"casamorati-mefisto","status":"publish","type":"product","link":"https:\/\/rikliskarto.com\/de\/nischen-parfum\/casamorati-de\/casamorati-mefisto\/","title":{"rendered":"Casamorati &#8211; Mefisto"},"content":{"rendered":"","protected":false},"excerpt":{"rendered":"<p>Das Mefisto Cologne von Casamorati f\u00e4ngt die unbeschwerte Atmosph\u00e4re sonniger Tage an der italienischen Riviera ein. Tauchen Sie ein in eine erfrischende Mischung aus Grapefruit und Bergamotte, bevor Sie weiter hinabsteigen<br \/>\n, um das lebendige, blumige Herz zu entdecken, das von einer einladenden holzigen Basis mit Moschus f\u00fcr einen zus\u00e4tzlichen Hauch von W\u00e4rme unterst\u00fctzt wird. G\u00f6nnen Sie sich ein wenig Dolce Vita!  <\/p>\n<p>Kaufen Sie jetzt Casamorati Mefisto bei Riklis Karto!<\/p>\n","protected":false},"featured_media":17391,"comment_status":"open","ping_status":"closed","template":"","meta":{"_acf_changed":false},"product_brand":[],"product_cat":[862,1677],"product_tag":[],"class_list":{"0":"post-16508","1":"product","2":"type-product","3":"status-publish","4":"has-post-thumbnail","6":"product_cat-nischen-parfum","7":"product_cat-casamorati-de","8":"brand-casamorati-de","9":"scent-note-basisnoten-de","10":"scent-note-bergamot-de","11":"scent-note-bernstein","12":"scent-note-citroen-de","13":"scent-note-grapefruit-de","14":"scent-note-hartnoten-de","15":"scent-note-iris-de","16":"scent-note-muskus-de","17":"scent-note-roos-de","18":"scent-note-sandelhout-de","19":"scent-note-topnoten-de","20":"scent-note-zedern","21":"composition-aromatisch-de","22":"composition-citrusvruchten-de","23":"composition-fris-kruidig-de","24":"composition-houtachtig-de","25":"composition-musk-de","26":"composition-poederig-de","27":"composition-roos-de","28":"fragrance-family-aromatic-de","29":"fragrance-family-citrus-de","30":"formule-eau-de-parfum-de","31":"style-casual-de","32":"style-luxe-de","33":"style-sexy-de","34":"style-trendy-de","35":"season-lente-de","36":"season-zomer-de","37":"occasion-date-de","38":"occasion-diner-de","39":"occasion-sportief-de","40":"occasion-vrije-tijd-de","41":"occasion-werk-de","42":"gender-man-de","43":"gender-unisex-de","45":"first","46":"instock","47":"purchasable","48":"product-type-simple"},"acf":[],"yoast_head":"<!-- This site is optimized with the Yoast SEO plugin v25.9 - https:\/\/yoast.com\/wordpress\/plugins\/seo\/ -->\n<title>Casamorati - Mefisto - Riklis Karto<\/title>\n<meta name=\"robots\" content=\"index, follow, max-snippet:-1, max-image-preview:large, max-video-preview:-1\" \/>\n<link rel=\"canonical\" href=\"https:\/\/rikliskarto.com\/de\/nischen-parfum\/casamorati-de\/casamorati-mefisto\/\" \/>\n<meta property=\"og:locale\" content=\"de_DE\" \/>\n<meta property=\"og:type\" content=\"article\" \/>\n<meta property=\"og:title\" content=\"Casamorati - Mefisto - Riklis Karto\" \/>\n<meta property=\"og:description\" content=\"Das Mefisto Cologne von Casamorati f\u00e4ngt die unbeschwerte Atmosph\u00e4re sonniger Tage an der italienischen Riviera ein. Tauchen Sie ein in eine erfrischende Mischung aus Grapefruit und Bergamotte, bevor Sie weiter hinabsteigen , um das lebendige, blumige Herz zu entdecken, das von einer einladenden holzigen Basis mit Moschus f\u00fcr einen zus\u00e4tzlichen Hauch von W\u00e4rme unterst\u00fctzt wird. G\u00f6nnen Sie sich ein wenig Dolce Vita!  Kaufen Sie jetzt Casamorati Mefisto bei Riklis Karto!\" \/>\n<meta property=\"og:url\" content=\"https:\/\/rikliskarto.com\/de\/nischen-parfum\/casamorati-de\/casamorati-mefisto\/\" \/>\n<meta property=\"og:site_name\" content=\"Riklis Karto\" \/>\n<meta property=\"article:modified_time\" content=\"2025-06-12T09:48:54+00:00\" \/>\n<meta property=\"og:image\" content=\"https:\/\/rikliskarto.com\/wp-content\/uploads\/2024\/11\/Mefisto-100.png\" \/>\n\t<meta property=\"og:image:width\" content=\"1000\" \/>\n\t<meta property=\"og:image:height\" content=\"1000\" \/>\n\t<meta property=\"og:image:type\" content=\"image\/webp\" \/>\n<meta name=\"twitter:card\" content=\"summary_large_image\" \/>\n<script type=\"application\/ld+json\" class=\"yoast-schema-graph\">{\"@context\":\"https:\/\/schema.org\",\"@graph\":[{\"@type\":\"WebPage\",\"@id\":\"https:\/\/rikliskarto.com\/de\/nischen-parfum\/casamorati-de\/casamorati-mefisto\/\",\"url\":\"https:\/\/rikliskarto.com\/de\/nischen-parfum\/casamorati-de\/casamorati-mefisto\/\",\"name\":\"Casamorati - Mefisto - Riklis Karto\",\"isPartOf\":{\"@id\":\"https:\/\/rikliskarto.com\/de\/#website\"},\"primaryImageOfPage\":{\"@id\":\"https:\/\/rikliskarto.com\/de\/nischen-parfum\/casamorati-de\/casamorati-mefisto\/#primaryimage\"},\"image\":{\"@id\":\"https:\/\/rikliskarto.com\/de\/nischen-parfum\/casamorati-de\/casamorati-mefisto\/#primaryimage\"},\"thumbnailUrl\":\"https:\/\/rikliskarto.com\/wp-content\/uploads\/2024\/11\/Mefisto-100.png\",\"datePublished\":\"2022-12-13T15:03:02+00:00\",\"dateModified\":\"2025-06-12T09:48:54+00:00\",\"breadcrumb\":{\"@id\":\"https:\/\/rikliskarto.com\/de\/nischen-parfum\/casamorati-de\/casamorati-mefisto\/#breadcrumb\"},\"inLanguage\":\"de\",\"potentialAction\":[{\"@type\":\"ReadAction\",\"target\":[\"https:\/\/rikliskarto.com\/de\/nischen-parfum\/casamorati-de\/casamorati-mefisto\/\"]}]},{\"@type\":\"ImageObject\",\"inLanguage\":\"de\",\"@id\":\"https:\/\/rikliskarto.com\/de\/nischen-parfum\/casamorati-de\/casamorati-mefisto\/#primaryimage\",\"url\":\"https:\/\/rikliskarto.com\/wp-content\/uploads\/2024\/11\/Mefisto-100.png\",\"contentUrl\":\"https:\/\/rikliskarto.com\/wp-content\/uploads\/2024\/11\/Mefisto-100.png\",\"width\":1000,\"height\":1000},{\"@type\":\"BreadcrumbList\",\"@id\":\"https:\/\/rikliskarto.com\/de\/nischen-parfum\/casamorati-de\/casamorati-mefisto\/#breadcrumb\",\"itemListElement\":[{\"@type\":\"ListItem\",\"position\":1,\"name\":\"Home\",\"item\":\"https:\/\/rikliskarto.com\/de\/heim\/\"},{\"@type\":\"ListItem\",\"position\":2,\"name\":\"Priv\u00e9: Laden\",\"item\":\"https:\/\/rikliskarto.com\/de\/shop\/\"},{\"@type\":\"ListItem\",\"position\":3,\"name\":\"Casamorati &#8211; Mefisto\"}]},{\"@type\":\"WebSite\",\"@id\":\"https:\/\/rikliskarto.com\/de\/#website\",\"url\":\"https:\/\/rikliskarto.com\/de\/\",\"name\":\"Riklis Karto\",\"description\":\"Ontdek de beste Niche Parfum &amp; Geurkaarsen.\",\"potentialAction\":[{\"@type\":\"SearchAction\",\"target\":{\"@type\":\"EntryPoint\",\"urlTemplate\":\"https:\/\/rikliskarto.com\/de\/?s={search_term_string}\"},\"query-input\":{\"@type\":\"PropertyValueSpecification\",\"valueRequired\":true,\"valueName\":\"search_term_string\"}}],\"inLanguage\":\"de\"}]}<\/script>\n<!-- \/ Yoast SEO plugin. -->","yoast_head_json":{"title":"Casamorati - Mefisto - Riklis Karto","robots":{"index":"index","follow":"follow","max-snippet":"max-snippet:-1","max-image-preview":"max-image-preview:large","max-video-preview":"max-video-preview:-1"},"canonical":"https:\/\/rikliskarto.com\/de\/nischen-parfum\/casamorati-de\/casamorati-mefisto\/","og_locale":"de_DE","og_type":"article","og_title":"Casamorati - Mefisto - Riklis Karto","og_description":"Das Mefisto Cologne von Casamorati f\u00e4ngt die unbeschwerte Atmosph\u00e4re sonniger Tage an der italienischen Riviera ein. Tauchen Sie ein in eine erfrischende Mischung aus Grapefruit und Bergamotte, bevor Sie weiter hinabsteigen , um das lebendige, blumige Herz zu entdecken, das von einer einladenden holzigen Basis mit Moschus f\u00fcr einen zus\u00e4tzlichen Hauch von W\u00e4rme unterst\u00fctzt wird. G\u00f6nnen Sie sich ein wenig Dolce Vita!  Kaufen Sie jetzt Casamorati Mefisto bei Riklis Karto!","og_url":"https:\/\/rikliskarto.com\/de\/nischen-parfum\/casamorati-de\/casamorati-mefisto\/","og_site_name":"Riklis Karto","article_modified_time":"2025-06-12T09:48:54+00:00","og_image":[{"width":1000,"height":1000,"url":"https:\/\/rikliskarto.com\/wp-content\/uploads\/2024\/11\/Mefisto-100.png","type":"image\/webp"}],"twitter_card":"summary_large_image","schema":{"@context":"https:\/\/schema.org","@graph":[{"@type":"WebPage","@id":"https:\/\/rikliskarto.com\/de\/nischen-parfum\/casamorati-de\/casamorati-mefisto\/","url":"https:\/\/rikliskarto.com\/de\/nischen-parfum\/casamorati-de\/casamorati-mefisto\/","name":"Casamorati - Mefisto - Riklis Karto","isPartOf":{"@id":"https:\/\/rikliskarto.com\/de\/#website"},"primaryImageOfPage":{"@id":"https:\/\/rikliskarto.com\/de\/nischen-parfum\/casamorati-de\/casamorati-mefisto\/#primaryimage"},"image":{"@id":"https:\/\/rikliskarto.com\/de\/nischen-parfum\/casamorati-de\/casamorati-mefisto\/#primaryimage"},"thumbnailUrl":"https:\/\/rikliskarto.com\/wp-content\/uploads\/2024\/11\/Mefisto-100.png","datePublished":"2022-12-13T15:03:02+00:00","dateModified":"2025-06-12T09:48:54+00:00","breadcrumb":{"@id":"https:\/\/rikliskarto.com\/de\/nischen-parfum\/casamorati-de\/casamorati-mefisto\/#breadcrumb"},"inLanguage":"de","potentialAction":[{"@type":"ReadAction","target":["https:\/\/rikliskarto.com\/de\/nischen-parfum\/casamorati-de\/casamorati-mefisto\/"]}]},{"@type":"ImageObject","inLanguage":"de","@id":"https:\/\/rikliskarto.com\/de\/nischen-parfum\/casamorati-de\/casamorati-mefisto\/#primaryimage","url":"https:\/\/rikliskarto.com\/wp-content\/uploads\/2024\/11\/Mefisto-100.png","contentUrl":"https:\/\/rikliskarto.com\/wp-content\/uploads\/2024\/11\/Mefisto-100.png","width":1000,"height":1000},{"@type":"BreadcrumbList","@id":"https:\/\/rikliskarto.com\/de\/nischen-parfum\/casamorati-de\/casamorati-mefisto\/#breadcrumb","itemListElement":[{"@type":"ListItem","position":1,"name":"Home","item":"https:\/\/rikliskarto.com\/de\/heim\/"},{"@type":"ListItem","position":2,"name":"Priv\u00e9: Laden","item":"https:\/\/rikliskarto.com\/de\/shop\/"},{"@type":"ListItem","position":3,"name":"Casamorati &#8211; Mefisto"}]},{"@type":"WebSite","@id":"https:\/\/rikliskarto.com\/de\/#website","url":"https:\/\/rikliskarto.com\/de\/","name":"Riklis Karto","description":"Ontdek de beste Niche Parfum &amp; Geurkaarsen.","potentialAction":[{"@type":"SearchAction","target":{"@type":"EntryPoint","urlTemplate":"https:\/\/rikliskarto.com\/de\/?s={search_term_string}"},"query-input":{"@type":"PropertyValueSpecification","valueRequired":true,"valueName":"search_term_string"}}],"inLanguage":"de"}]}},"_links":{"self":[{"href":"https:\/\/rikliskarto.com\/de\/wp-json\/wp\/v2\/product\/16508","targetHints":{"allow":["GET"]}}],"collection":[{"href":"https:\/\/rikliskarto.com\/de\/wp-json\/wp\/v2\/product"}],"about":[{"href":"https:\/\/rikliskarto.com\/de\/wp-json\/wp\/v2\/types\/product"}],"replies":[{"embeddable":true,"href":"https:\/\/rikliskarto.com\/de\/wp-json\/wp\/v2\/comments?post=16508"}],"wp:featuredmedia":[{"embeddable":true,"href":"https:\/\/rikliskarto.com\/de\/wp-json\/wp\/v2\/media\/17391"}],"wp:attachment":[{"href":"https:\/\/rikliskarto.com\/de\/wp-json\/wp\/v2\/media?parent=16508"}],"wp:term":[{"taxonomy":"product_brand","embeddable":true,"href":"https:\/\/rikliskarto.com\/de\/wp-json\/wp\/v2\/product_brand?post=16508"},{"taxonomy":"product_cat","embeddable":true,"href":"https:\/\/rikliskarto.com\/de\/wp-json\/wp\/v2\/product_cat?post=16508"},{"taxonomy":"product_tag","embeddable":true,"href":"https:\/\/rikliskarto.com\/de\/wp-json\/wp\/v2\/product_tag?post=16508"}],"curies":[{"name":"wp","href":"https:\/\/api.w.org\/{rel}","templated":true}]}}