{"id":16364,"date":"2022-11-19T05:12:03","date_gmt":"2022-11-19T04:12:03","guid":{"rendered":"https:\/\/rikliskarto.com\/shop\/baobab-federn-touareg\/"},"modified":"2025-06-12T11:47:59","modified_gmt":"2025-06-12T09:47:59","slug":"baobab-federn-touareg","status":"publish","type":"product","link":"https:\/\/rikliskarto.com\/de\/duftkerzen\/baobab-de\/baobab-federn-touareg\/","title":{"rendered":"BaoBab &#8211; Federn Touareg"},"content":{"rendered":"<p><strong>Baobab Duftkerzen<\/strong><\/p>\n<p>Sind Sie auf der Suche nach einer einzigartigen M\u00f6glichkeit, Ihrem Zuhause Duft zu verleihen?<\/p>\n<p>Baobab Collection bietet elegante, handwerkliche Raumd\u00fcfte, die Ihre Wohnkultur auf<br \/>\ndie n\u00e4chste Stufe heben. Unsere Produkte sind von den weiten<br \/>\nLandschaften und farbenfrohen Traditionen Afrikas inspiriert und werden mit der gleichen Liebe zum Detail<br \/>\nhergestellt wie High-End-Parf\u00fcms. <\/p>\n<p>Mit unserer stetig wachsenden Produktlinie bieten wir f\u00fcr alle, die luxuri\u00f6se<br \/>\nDufterlebnisse in ihr Zuhause bringen m\u00f6chten, etwas. Von Kerzen und Diffusoren bis hin zu Glaskunst haben<br \/>\nwir alles, was Sie brauchen, um Ihren Raum wie eine Oase zu gestalten. <\/p>\n<p>Kaufen Sie BaoBab jetzt auf unserer Website und erleben Sie die Sch\u00f6nheit afrikanisch inspirierter Innenr\u00e4ume!<\/p>\n","protected":false},"excerpt":{"rendered":"<p>F\u00fcr die ultimative exotische Reise k\u00f6nnen Sie sich mit der Duftkerze<\/p>\n<p> Feathers Touareg anz\u00fcnden und davontreiben.Umgeben von blau schimmernden Gl\u00e4sern, inspiriert von der traditionellen Kleidung der W\u00fcstenv\u00f6lker, ist dieses wundersch\u00f6ne handgefertigte Federmuster wie ein Portal in eine andere Welt &#8211; ein bezaubernder Ausflug durch vertr\u00e4umte Sahara-Landschaften.<\/p>\n<p>Mit seiner verf\u00fchrerischen Mischung aus scharfem Minz-Jasmin-Moschus-Duft, der Sie umgibt, werden Sie sich f\u00fchlen, als w\u00fcrden Sie sich in einem gem\u00fctlichen Berberzelt unter einem funkelnden Nachthimmel wie zu Hause f\u00fchlen.<\/p>\n","protected":false},"featured_media":17351,"comment_status":"open","ping_status":"closed","template":"","meta":{"_acf_changed":false},"product_brand":[],"product_cat":[866,1669],"product_tag":[],"class_list":{"0":"post-16364","1":"product","2":"type-product","3":"status-publish","4":"has-post-thumbnail","6":"product_cat-duftkerzen","7":"product_cat-baobab-de","8":"brand-baobab-de","10":"first","11":"instock","12":"purchasable","13":"product-type-variable","14":"has-default-attributes"},"acf":[],"yoast_head":"<!-- This site is optimized with the Yoast SEO plugin v25.9 - https:\/\/yoast.com\/wordpress\/plugins\/seo\/ -->\n<title>BaoBab - Federn Touareg - Riklis Karto<\/title>\n<meta name=\"robots\" content=\"index, follow, max-snippet:-1, max-image-preview:large, max-video-preview:-1\" \/>\n<link rel=\"canonical\" href=\"https:\/\/rikliskarto.com\/de\/duftkerzen\/baobab-de\/baobab-federn-touareg\/\" \/>\n<meta property=\"og:locale\" content=\"de_DE\" \/>\n<meta property=\"og:type\" content=\"article\" \/>\n<meta property=\"og:title\" content=\"BaoBab - Federn Touareg - Riklis Karto\" \/>\n<meta property=\"og:description\" content=\"F\u00fcr die ultimative exotische Reise k\u00f6nnen Sie sich mit der Duftkerze  Feathers Touareg anz\u00fcnden und davontreiben.Umgeben von blau schimmernden Gl\u00e4sern, inspiriert von der traditionellen Kleidung der W\u00fcstenv\u00f6lker, ist dieses wundersch\u00f6ne handgefertigte Federmuster wie ein Portal in eine andere Welt - ein bezaubernder Ausflug durch vertr\u00e4umte Sahara-Landschaften. Mit seiner verf\u00fchrerischen Mischung aus scharfem Minz-Jasmin-Moschus-Duft, der Sie umgibt, werden Sie sich f\u00fchlen, als w\u00fcrden Sie sich in einem gem\u00fctlichen Berberzelt unter einem funkelnden Nachthimmel wie zu Hause f\u00fchlen.\" \/>\n<meta property=\"og:url\" content=\"https:\/\/rikliskarto.com\/de\/duftkerzen\/baobab-de\/baobab-federn-touareg\/\" \/>\n<meta property=\"og:site_name\" content=\"Riklis Karto\" \/>\n<meta property=\"article:modified_time\" content=\"2025-06-12T09:47:59+00:00\" \/>\n<meta property=\"og:image\" content=\"https:\/\/rikliskarto.com\/wp-content\/uploads\/2024\/11\/shopping.webp\" \/>\n\t<meta property=\"og:image:width\" content=\"469\" \/>\n\t<meta property=\"og:image:height\" content=\"600\" \/>\n\t<meta property=\"og:image:type\" content=\"image\/webp\" \/>\n<meta name=\"twitter:card\" content=\"summary_large_image\" \/>\n<meta name=\"twitter:label1\" content=\"Gesch\u00e4tzte Lesezeit\" \/>\n\t<meta name=\"twitter:data1\" content=\"1\u00a0Minute\" \/>\n<script type=\"application\/ld+json\" class=\"yoast-schema-graph\">{\"@context\":\"https:\/\/schema.org\",\"@graph\":[{\"@type\":\"WebPage\",\"@id\":\"https:\/\/rikliskarto.com\/de\/duftkerzen\/baobab-de\/baobab-federn-touareg\/\",\"url\":\"https:\/\/rikliskarto.com\/de\/duftkerzen\/baobab-de\/baobab-federn-touareg\/\",\"name\":\"BaoBab - Federn Touareg - Riklis Karto\",\"isPartOf\":{\"@id\":\"https:\/\/rikliskarto.com\/de\/#website\"},\"primaryImageOfPage\":{\"@id\":\"https:\/\/rikliskarto.com\/de\/duftkerzen\/baobab-de\/baobab-federn-touareg\/#primaryimage\"},\"image\":{\"@id\":\"https:\/\/rikliskarto.com\/de\/duftkerzen\/baobab-de\/baobab-federn-touareg\/#primaryimage\"},\"thumbnailUrl\":\"https:\/\/rikliskarto.com\/wp-content\/uploads\/2024\/11\/shopping.webp\",\"datePublished\":\"2022-11-19T04:12:03+00:00\",\"dateModified\":\"2025-06-12T09:47:59+00:00\",\"breadcrumb\":{\"@id\":\"https:\/\/rikliskarto.com\/de\/duftkerzen\/baobab-de\/baobab-federn-touareg\/#breadcrumb\"},\"inLanguage\":\"de\",\"potentialAction\":[{\"@type\":\"ReadAction\",\"target\":[\"https:\/\/rikliskarto.com\/de\/duftkerzen\/baobab-de\/baobab-federn-touareg\/\"]}]},{\"@type\":\"ImageObject\",\"inLanguage\":\"de\",\"@id\":\"https:\/\/rikliskarto.com\/de\/duftkerzen\/baobab-de\/baobab-federn-touareg\/#primaryimage\",\"url\":\"https:\/\/rikliskarto.com\/wp-content\/uploads\/2024\/11\/shopping.webp\",\"contentUrl\":\"https:\/\/rikliskarto.com\/wp-content\/uploads\/2024\/11\/shopping.webp\",\"width\":469,\"height\":600},{\"@type\":\"BreadcrumbList\",\"@id\":\"https:\/\/rikliskarto.com\/de\/duftkerzen\/baobab-de\/baobab-federn-touareg\/#breadcrumb\",\"itemListElement\":[{\"@type\":\"ListItem\",\"position\":1,\"name\":\"Home\",\"item\":\"https:\/\/rikliskarto.com\/de\/heim\/\"},{\"@type\":\"ListItem\",\"position\":2,\"name\":\"Priv\u00e9: Laden\",\"item\":\"https:\/\/rikliskarto.com\/de\/shop\/\"},{\"@type\":\"ListItem\",\"position\":3,\"name\":\"BaoBab &#8211; Federn Touareg\"}]},{\"@type\":\"WebSite\",\"@id\":\"https:\/\/rikliskarto.com\/de\/#website\",\"url\":\"https:\/\/rikliskarto.com\/de\/\",\"name\":\"Riklis Karto\",\"description\":\"Ontdek de beste Niche Parfum &amp; Geurkaarsen.\",\"potentialAction\":[{\"@type\":\"SearchAction\",\"target\":{\"@type\":\"EntryPoint\",\"urlTemplate\":\"https:\/\/rikliskarto.com\/de\/?s={search_term_string}\"},\"query-input\":{\"@type\":\"PropertyValueSpecification\",\"valueRequired\":true,\"valueName\":\"search_term_string\"}}],\"inLanguage\":\"de\"}]}<\/script>\n<!-- \/ Yoast SEO plugin. -->","yoast_head_json":{"title":"BaoBab - Federn Touareg - Riklis Karto","robots":{"index":"index","follow":"follow","max-snippet":"max-snippet:-1","max-image-preview":"max-image-preview:large","max-video-preview":"max-video-preview:-1"},"canonical":"https:\/\/rikliskarto.com\/de\/duftkerzen\/baobab-de\/baobab-federn-touareg\/","og_locale":"de_DE","og_type":"article","og_title":"BaoBab - Federn Touareg - Riklis Karto","og_description":"F\u00fcr die ultimative exotische Reise k\u00f6nnen Sie sich mit der Duftkerze  Feathers Touareg anz\u00fcnden und davontreiben.Umgeben von blau schimmernden Gl\u00e4sern, inspiriert von der traditionellen Kleidung der W\u00fcstenv\u00f6lker, ist dieses wundersch\u00f6ne handgefertigte Federmuster wie ein Portal in eine andere Welt - ein bezaubernder Ausflug durch vertr\u00e4umte Sahara-Landschaften. Mit seiner verf\u00fchrerischen Mischung aus scharfem Minz-Jasmin-Moschus-Duft, der Sie umgibt, werden Sie sich f\u00fchlen, als w\u00fcrden Sie sich in einem gem\u00fctlichen Berberzelt unter einem funkelnden Nachthimmel wie zu Hause f\u00fchlen.","og_url":"https:\/\/rikliskarto.com\/de\/duftkerzen\/baobab-de\/baobab-federn-touareg\/","og_site_name":"Riklis Karto","article_modified_time":"2025-06-12T09:47:59+00:00","og_image":[{"width":469,"height":600,"url":"https:\/\/rikliskarto.com\/wp-content\/uploads\/2024\/11\/shopping.webp","type":"image\/webp"}],"twitter_card":"summary_large_image","twitter_misc":{"Gesch\u00e4tzte Lesezeit":"1\u00a0Minute"},"schema":{"@context":"https:\/\/schema.org","@graph":[{"@type":"WebPage","@id":"https:\/\/rikliskarto.com\/de\/duftkerzen\/baobab-de\/baobab-federn-touareg\/","url":"https:\/\/rikliskarto.com\/de\/duftkerzen\/baobab-de\/baobab-federn-touareg\/","name":"BaoBab - Federn Touareg - Riklis Karto","isPartOf":{"@id":"https:\/\/rikliskarto.com\/de\/#website"},"primaryImageOfPage":{"@id":"https:\/\/rikliskarto.com\/de\/duftkerzen\/baobab-de\/baobab-federn-touareg\/#primaryimage"},"image":{"@id":"https:\/\/rikliskarto.com\/de\/duftkerzen\/baobab-de\/baobab-federn-touareg\/#primaryimage"},"thumbnailUrl":"https:\/\/rikliskarto.com\/wp-content\/uploads\/2024\/11\/shopping.webp","datePublished":"2022-11-19T04:12:03+00:00","dateModified":"2025-06-12T09:47:59+00:00","breadcrumb":{"@id":"https:\/\/rikliskarto.com\/de\/duftkerzen\/baobab-de\/baobab-federn-touareg\/#breadcrumb"},"inLanguage":"de","potentialAction":[{"@type":"ReadAction","target":["https:\/\/rikliskarto.com\/de\/duftkerzen\/baobab-de\/baobab-federn-touareg\/"]}]},{"@type":"ImageObject","inLanguage":"de","@id":"https:\/\/rikliskarto.com\/de\/duftkerzen\/baobab-de\/baobab-federn-touareg\/#primaryimage","url":"https:\/\/rikliskarto.com\/wp-content\/uploads\/2024\/11\/shopping.webp","contentUrl":"https:\/\/rikliskarto.com\/wp-content\/uploads\/2024\/11\/shopping.webp","width":469,"height":600},{"@type":"BreadcrumbList","@id":"https:\/\/rikliskarto.com\/de\/duftkerzen\/baobab-de\/baobab-federn-touareg\/#breadcrumb","itemListElement":[{"@type":"ListItem","position":1,"name":"Home","item":"https:\/\/rikliskarto.com\/de\/heim\/"},{"@type":"ListItem","position":2,"name":"Priv\u00e9: Laden","item":"https:\/\/rikliskarto.com\/de\/shop\/"},{"@type":"ListItem","position":3,"name":"BaoBab &#8211; Federn Touareg"}]},{"@type":"WebSite","@id":"https:\/\/rikliskarto.com\/de\/#website","url":"https:\/\/rikliskarto.com\/de\/","name":"Riklis Karto","description":"Ontdek de beste Niche Parfum &amp; Geurkaarsen.","potentialAction":[{"@type":"SearchAction","target":{"@type":"EntryPoint","urlTemplate":"https:\/\/rikliskarto.com\/de\/?s={search_term_string}"},"query-input":{"@type":"PropertyValueSpecification","valueRequired":true,"valueName":"search_term_string"}}],"inLanguage":"de"}]}},"_links":{"self":[{"href":"https:\/\/rikliskarto.com\/de\/wp-json\/wp\/v2\/product\/16364","targetHints":{"allow":["GET"]}}],"collection":[{"href":"https:\/\/rikliskarto.com\/de\/wp-json\/wp\/v2\/product"}],"about":[{"href":"https:\/\/rikliskarto.com\/de\/wp-json\/wp\/v2\/types\/product"}],"replies":[{"embeddable":true,"href":"https:\/\/rikliskarto.com\/de\/wp-json\/wp\/v2\/comments?post=16364"}],"wp:featuredmedia":[{"embeddable":true,"href":"https:\/\/rikliskarto.com\/de\/wp-json\/wp\/v2\/media\/17351"}],"wp:attachment":[{"href":"https:\/\/rikliskarto.com\/de\/wp-json\/wp\/v2\/media?parent=16364"}],"wp:term":[{"taxonomy":"product_brand","embeddable":true,"href":"https:\/\/rikliskarto.com\/de\/wp-json\/wp\/v2\/product_brand?post=16364"},{"taxonomy":"product_cat","embeddable":true,"href":"https:\/\/rikliskarto.com\/de\/wp-json\/wp\/v2\/product_cat?post=16364"},{"taxonomy":"product_tag","embeddable":true,"href":"https:\/\/rikliskarto.com\/de\/wp-json\/wp\/v2\/product_tag?post=16364"}],"curies":[{"name":"wp","href":"https:\/\/api.w.org\/{rel}","templated":true}]}}