{"id":16176,"date":"1969-12-31T23:00:00","date_gmt":"1969-12-31T22:00:00","guid":{"rendered":"https:\/\/rikliskarto.com\/shop\/montale-rendez-vous-a-paris\/"},"modified":"2025-06-12T11:51:04","modified_gmt":"2025-06-12T09:51:04","slug":"montale-rendez-vous-a-paris","status":"publish","type":"product","link":"https:\/\/rikliskarto.com\/de\/nischen-parfum\/montale-parfum-de\/montale-rendez-vous-a-paris\/","title":{"rendered":"Montale &#8211; Rendez-Vous \u00c0 Paris"},"content":{"rendered":"<h3>Montale Rendez-Vous \u00c0 Paris<\/h3>\n<p>Liebe Paris, man sagt, dass sogar die Sterne mit einem Hauch von Eifersucht auf dich herabblicken. Die Stra\u00dfenlaternen blenden die Liebenden nicht; Ihr sanftes Leuchten erhellt die Herzen und wirft eine magische Geometrie auf die Haussmann-Bauten bei Nacht. Nehmen Sie Platz auf einer Bank und schauen Sie zu&#8230; Die Schatten gro\u00dfer Dichter und Philosophen wandern durch den Louvre und fl\u00fcchten in die Dunkelheit. Wenn Paris erwacht, f\u00fchren Sie Ihre Wege zum majest\u00e4tischen Grand Palais&#8230; Eine ungeheure Zeitmaschine h\u00e4lt das einzige Versprechen der Ewigkeit. Im Morgengrauen verblassen die Boulevards hinter der Seine, dem Juwel der Juwelen und H\u00fcter der Pariser Geheimnisse. Sinnlich flie\u00dft das Wasser unter der Alexanderbr\u00fccke 3. hindurch bis zur Eisernen Dame, die um den bezaubernden Fluss fleht. Die Sonne steht hoch. V\u00f6gel und Buchh\u00e4ndler verbringen einen sch\u00f6nen Tag und zwitschern harmonisch an der Br\u00fccke der Liebenden. Geliebtes, unser sch\u00f6nes Paris hat viele Menschen auf der ganzen Welt. Wir haben beschlossen, ihnen allen unseren Tribut an Paris zu zollen. In der Stadt des Lichts, wo die Zeit eine Illusion ist, ist die Liebe ewig.            <\/p>\n<p>Duftnoten: Von Anfang an umschmeicheln erhabene Gourmand-Noten von Birne und Rhabarber die Sinne. Das blumige und orientalische Herz offenbart Opulenz mit Rosenbl\u00e4ttern und wei\u00dfen Bl\u00fcten und unterstreicht den k\u00fchnen Charakter des Ingwers. Ein Hauch von Moschus und Vanille unterstreicht die bernsteinfarbenen Akzente dieses honigs\u00fc\u00dfen Duftes. Ein raffinierter Duft, eine leidenschaftliche Umarmung.   <\/p>\n<p>Hinweis: Eine Montale Flasche hat ein Fassungsverm\u00f6gen von ca. 120 ml, enth\u00e4lt aber 100 ml Fl\u00fcssigkeit. Dadurch kann es so aussehen, als w\u00e4re die Flasche nicht vollst\u00e4ndig gef\u00fcllt. Trotzdem enth\u00e4lt jedes Fl\u00e4schchen die angegebene Menge an Fl\u00fcssigkeit.  <\/p>\n<p>&nbsp;<\/p>\n","protected":false},"excerpt":{"rendered":"<p><strong>Heute bestellt, morgen geliefert. Bezahlen Sie anschlie\u00dfend mit Klarna. <\/strong><\/p>\n<p>&nbsp;<\/p>\n","protected":false},"featured_media":17667,"comment_status":"open","ping_status":"closed","template":"","meta":{"_acf_changed":false},"product_brand":[],"product_cat":[862,1687],"product_tag":[],"class_list":{"0":"post-16176","1":"product","2":"type-product","3":"status-publish","4":"has-post-thumbnail","6":"product_cat-nischen-parfum","7":"product_cat-montale-parfum-de","8":"brand-montale-parfum-de","9":"scent-note-ambra","10":"scent-note-basisnoten-de","11":"scent-note-hartnoten-de","12":"scent-note-muskus-de","13":"scent-note-patchouli-de","14":"scent-note-peer-de","15":"scent-note-poederachtige-noten-basisnoten-de","16":"scent-note-rabarber-de","17":"scent-note-topnoten-de","18":"scent-note-vanille-de","19":"scent-note-witte-bloemen-de","20":"composition-bleomig-de","21":"composition-fruitig-de","22":"composition-houtachtig-de","23":"composition-patchouli-de","24":"composition-poederig-de","25":"composition-roos-de","26":"composition-vanille-de","27":"composition-warm-kruidig-de","28":"composition-zoet-de","29":"fragrance-family-floral-de","30":"fragrance-family-fruity-de","31":"fragrance-family-oriental-de","32":"formule-eau-de-parfum-de","33":"style-casual-de","34":"style-luxe-de","35":"style-sexy-de","36":"style-trendy-de","37":"season-herfst-de","38":"season-lente-de","39":"season-zomer-de","40":"occasion-date-de","41":"occasion-diner-de","42":"occasion-vrije-tijd-de","43":"occasion-werk-de","44":"gender-man-de","45":"gender-unisex-de","46":"gender-vrouw-de","48":"first","49":"instock","50":"purchasable","51":"product-type-variable","52":"has-default-attributes"},"acf":[],"yoast_head":"<!-- This site is optimized with the Yoast SEO plugin v25.9 - https:\/\/yoast.com\/wordpress\/plugins\/seo\/ -->\n<title>Montale - Rendez-Vous \u00c0 Paris - Riklis Karto<\/title>\n<meta name=\"robots\" content=\"index, follow, max-snippet:-1, max-image-preview:large, max-video-preview:-1\" \/>\n<link rel=\"canonical\" href=\"https:\/\/rikliskarto.com\/de\/nischen-parfum\/montale-parfum-de\/montale-rendez-vous-a-paris\/\" \/>\n<meta property=\"og:locale\" content=\"de_DE\" \/>\n<meta property=\"og:type\" content=\"article\" \/>\n<meta property=\"og:title\" content=\"Montale - Rendez-Vous \u00c0 Paris - Riklis Karto\" \/>\n<meta property=\"og:description\" content=\"Heute bestellt, morgen geliefert. Bezahlen Sie anschlie\u00dfend mit Klarna.  &nbsp;\" \/>\n<meta property=\"og:url\" content=\"https:\/\/rikliskarto.com\/de\/nischen-parfum\/montale-parfum-de\/montale-rendez-vous-a-paris\/\" \/>\n<meta property=\"og:site_name\" content=\"Riklis Karto\" \/>\n<meta property=\"article:modified_time\" content=\"2025-06-12T09:51:04+00:00\" \/>\n<meta property=\"og:image\" content=\"https:\/\/rikliskarto.com\/wp-content\/uploads\/2024\/11\/rendez-vousParis.png\" \/>\n\t<meta property=\"og:image:width\" content=\"1000\" \/>\n\t<meta property=\"og:image:height\" content=\"1000\" \/>\n\t<meta property=\"og:image:type\" content=\"image\/webp\" \/>\n<meta name=\"twitter:card\" content=\"summary_large_image\" \/>\n<meta name=\"twitter:label1\" content=\"Gesch\u00e4tzte Lesezeit\" \/>\n\t<meta name=\"twitter:data1\" content=\"1\u00a0Minute\" \/>\n<script type=\"application\/ld+json\" class=\"yoast-schema-graph\">{\"@context\":\"https:\/\/schema.org\",\"@graph\":[{\"@type\":\"WebPage\",\"@id\":\"https:\/\/rikliskarto.com\/de\/nischen-parfum\/montale-parfum-de\/montale-rendez-vous-a-paris\/\",\"url\":\"https:\/\/rikliskarto.com\/de\/nischen-parfum\/montale-parfum-de\/montale-rendez-vous-a-paris\/\",\"name\":\"Montale - Rendez-Vous \u00c0 Paris - Riklis Karto\",\"isPartOf\":{\"@id\":\"https:\/\/rikliskarto.com\/de\/#website\"},\"primaryImageOfPage\":{\"@id\":\"https:\/\/rikliskarto.com\/de\/nischen-parfum\/montale-parfum-de\/montale-rendez-vous-a-paris\/#primaryimage\"},\"image\":{\"@id\":\"https:\/\/rikliskarto.com\/de\/nischen-parfum\/montale-parfum-de\/montale-rendez-vous-a-paris\/#primaryimage\"},\"thumbnailUrl\":\"https:\/\/rikliskarto.com\/wp-content\/uploads\/2024\/11\/rendez-vousParis.png\",\"datePublished\":\"1969-12-31T22:00:00+00:00\",\"dateModified\":\"2025-06-12T09:51:04+00:00\",\"breadcrumb\":{\"@id\":\"https:\/\/rikliskarto.com\/de\/nischen-parfum\/montale-parfum-de\/montale-rendez-vous-a-paris\/#breadcrumb\"},\"inLanguage\":\"de\",\"potentialAction\":[{\"@type\":\"ReadAction\",\"target\":[\"https:\/\/rikliskarto.com\/de\/nischen-parfum\/montale-parfum-de\/montale-rendez-vous-a-paris\/\"]}]},{\"@type\":\"ImageObject\",\"inLanguage\":\"de\",\"@id\":\"https:\/\/rikliskarto.com\/de\/nischen-parfum\/montale-parfum-de\/montale-rendez-vous-a-paris\/#primaryimage\",\"url\":\"https:\/\/rikliskarto.com\/wp-content\/uploads\/2024\/11\/rendez-vousParis.png\",\"contentUrl\":\"https:\/\/rikliskarto.com\/wp-content\/uploads\/2024\/11\/rendez-vousParis.png\",\"width\":1000,\"height\":1000},{\"@type\":\"BreadcrumbList\",\"@id\":\"https:\/\/rikliskarto.com\/de\/nischen-parfum\/montale-parfum-de\/montale-rendez-vous-a-paris\/#breadcrumb\",\"itemListElement\":[{\"@type\":\"ListItem\",\"position\":1,\"name\":\"Home\",\"item\":\"https:\/\/rikliskarto.com\/de\/heim\/\"},{\"@type\":\"ListItem\",\"position\":2,\"name\":\"Priv\u00e9: Laden\",\"item\":\"https:\/\/rikliskarto.com\/de\/shop\/\"},{\"@type\":\"ListItem\",\"position\":3,\"name\":\"Montale &#8211; Rendez-Vous \u00c0 Paris\"}]},{\"@type\":\"WebSite\",\"@id\":\"https:\/\/rikliskarto.com\/de\/#website\",\"url\":\"https:\/\/rikliskarto.com\/de\/\",\"name\":\"Riklis Karto\",\"description\":\"Ontdek de beste Niche Parfum &amp; Geurkaarsen.\",\"potentialAction\":[{\"@type\":\"SearchAction\",\"target\":{\"@type\":\"EntryPoint\",\"urlTemplate\":\"https:\/\/rikliskarto.com\/de\/?s={search_term_string}\"},\"query-input\":{\"@type\":\"PropertyValueSpecification\",\"valueRequired\":true,\"valueName\":\"search_term_string\"}}],\"inLanguage\":\"de\"}]}<\/script>\n<!-- \/ Yoast SEO plugin. -->","yoast_head_json":{"title":"Montale - Rendez-Vous \u00c0 Paris - Riklis Karto","robots":{"index":"index","follow":"follow","max-snippet":"max-snippet:-1","max-image-preview":"max-image-preview:large","max-video-preview":"max-video-preview:-1"},"canonical":"https:\/\/rikliskarto.com\/de\/nischen-parfum\/montale-parfum-de\/montale-rendez-vous-a-paris\/","og_locale":"de_DE","og_type":"article","og_title":"Montale - Rendez-Vous \u00c0 Paris - Riklis Karto","og_description":"Heute bestellt, morgen geliefert. Bezahlen Sie anschlie\u00dfend mit Klarna.  &nbsp;","og_url":"https:\/\/rikliskarto.com\/de\/nischen-parfum\/montale-parfum-de\/montale-rendez-vous-a-paris\/","og_site_name":"Riklis Karto","article_modified_time":"2025-06-12T09:51:04+00:00","og_image":[{"width":1000,"height":1000,"url":"https:\/\/rikliskarto.com\/wp-content\/uploads\/2024\/11\/rendez-vousParis.png","type":"image\/webp"}],"twitter_card":"summary_large_image","twitter_misc":{"Gesch\u00e4tzte Lesezeit":"1\u00a0Minute"},"schema":{"@context":"https:\/\/schema.org","@graph":[{"@type":"WebPage","@id":"https:\/\/rikliskarto.com\/de\/nischen-parfum\/montale-parfum-de\/montale-rendez-vous-a-paris\/","url":"https:\/\/rikliskarto.com\/de\/nischen-parfum\/montale-parfum-de\/montale-rendez-vous-a-paris\/","name":"Montale - Rendez-Vous \u00c0 Paris - Riklis Karto","isPartOf":{"@id":"https:\/\/rikliskarto.com\/de\/#website"},"primaryImageOfPage":{"@id":"https:\/\/rikliskarto.com\/de\/nischen-parfum\/montale-parfum-de\/montale-rendez-vous-a-paris\/#primaryimage"},"image":{"@id":"https:\/\/rikliskarto.com\/de\/nischen-parfum\/montale-parfum-de\/montale-rendez-vous-a-paris\/#primaryimage"},"thumbnailUrl":"https:\/\/rikliskarto.com\/wp-content\/uploads\/2024\/11\/rendez-vousParis.png","datePublished":"1969-12-31T22:00:00+00:00","dateModified":"2025-06-12T09:51:04+00:00","breadcrumb":{"@id":"https:\/\/rikliskarto.com\/de\/nischen-parfum\/montale-parfum-de\/montale-rendez-vous-a-paris\/#breadcrumb"},"inLanguage":"de","potentialAction":[{"@type":"ReadAction","target":["https:\/\/rikliskarto.com\/de\/nischen-parfum\/montale-parfum-de\/montale-rendez-vous-a-paris\/"]}]},{"@type":"ImageObject","inLanguage":"de","@id":"https:\/\/rikliskarto.com\/de\/nischen-parfum\/montale-parfum-de\/montale-rendez-vous-a-paris\/#primaryimage","url":"https:\/\/rikliskarto.com\/wp-content\/uploads\/2024\/11\/rendez-vousParis.png","contentUrl":"https:\/\/rikliskarto.com\/wp-content\/uploads\/2024\/11\/rendez-vousParis.png","width":1000,"height":1000},{"@type":"BreadcrumbList","@id":"https:\/\/rikliskarto.com\/de\/nischen-parfum\/montale-parfum-de\/montale-rendez-vous-a-paris\/#breadcrumb","itemListElement":[{"@type":"ListItem","position":1,"name":"Home","item":"https:\/\/rikliskarto.com\/de\/heim\/"},{"@type":"ListItem","position":2,"name":"Priv\u00e9: Laden","item":"https:\/\/rikliskarto.com\/de\/shop\/"},{"@type":"ListItem","position":3,"name":"Montale &#8211; Rendez-Vous \u00c0 Paris"}]},{"@type":"WebSite","@id":"https:\/\/rikliskarto.com\/de\/#website","url":"https:\/\/rikliskarto.com\/de\/","name":"Riklis Karto","description":"Ontdek de beste Niche Parfum &amp; Geurkaarsen.","potentialAction":[{"@type":"SearchAction","target":{"@type":"EntryPoint","urlTemplate":"https:\/\/rikliskarto.com\/de\/?s={search_term_string}"},"query-input":{"@type":"PropertyValueSpecification","valueRequired":true,"valueName":"search_term_string"}}],"inLanguage":"de"}]}},"_links":{"self":[{"href":"https:\/\/rikliskarto.com\/de\/wp-json\/wp\/v2\/product\/16176","targetHints":{"allow":["GET"]}}],"collection":[{"href":"https:\/\/rikliskarto.com\/de\/wp-json\/wp\/v2\/product"}],"about":[{"href":"https:\/\/rikliskarto.com\/de\/wp-json\/wp\/v2\/types\/product"}],"replies":[{"embeddable":true,"href":"https:\/\/rikliskarto.com\/de\/wp-json\/wp\/v2\/comments?post=16176"}],"wp:featuredmedia":[{"embeddable":true,"href":"https:\/\/rikliskarto.com\/de\/wp-json\/wp\/v2\/media\/17667"}],"wp:attachment":[{"href":"https:\/\/rikliskarto.com\/de\/wp-json\/wp\/v2\/media?parent=16176"}],"wp:term":[{"taxonomy":"product_brand","embeddable":true,"href":"https:\/\/rikliskarto.com\/de\/wp-json\/wp\/v2\/product_brand?post=16176"},{"taxonomy":"product_cat","embeddable":true,"href":"https:\/\/rikliskarto.com\/de\/wp-json\/wp\/v2\/product_cat?post=16176"},{"taxonomy":"product_tag","embeddable":true,"href":"https:\/\/rikliskarto.com\/de\/wp-json\/wp\/v2\/product_tag?post=16176"}],"curies":[{"name":"wp","href":"https:\/\/api.w.org\/{rel}","templated":true}]}}