{"id":16111,"date":"2022-09-28T18:55:07","date_gmt":"2022-09-28T16:55:07","guid":{"rendered":"https:\/\/rikliskarto.com\/shop\/montale-bernsteinfarbener-moschus\/"},"modified":"2025-06-12T11:50:56","modified_gmt":"2025-06-12T09:50:56","slug":"montale-bernsteinfarbener-moschus","status":"publish","type":"product","link":"https:\/\/rikliskarto.com\/de\/nischen-parfum\/montale-parfum-de\/montale-bernsteinfarbener-moschus\/","title":{"rendered":"Montale &#8211; Bernsteinfarbener Moschus"},"content":{"rendered":"","protected":false},"excerpt":{"rendered":"<p>Entdecken Sie einen Duft, der Ihre Sinne auf eine unvergessliche Reise mitnimmt! Amber Moschus ist das geheimnisvolle und verf\u00fchrerische Elixier, das mit seiner fesselnden Melodie aus Moschus und Ambra verf\u00fchrt. Lassen Sie es Ihnen von Kopf bis Fu\u00df Geheimnisse zufl\u00fcstern, wie in einer innigen Umarmung &#8211; einer Umarmung, die von ultimativem Vergn\u00fcgen erf\u00fcllt ist.  <\/p>\n<p>Kaufen Sie jetzt Montale Amber Musk bei Riklis Karto!<\/p>\n<p>Hinweis: Eine Montale-Flasche hat ein Fassungsverm\u00f6gen von ca. 120 ml, enth\u00e4lt aber 100 ml Fl\u00fcssigkeit. Es kann daher den Anschein haben, dass die Durchstechflasche nicht vollst\u00e4ndig gef\u00fcllt ist.  Jede Durchstechflasche enth\u00e4lt jedoch die volle angegebene Fl\u00fcssigkeitsmenge.<\/p>\n","protected":false},"featured_media":7671,"comment_status":"open","ping_status":"closed","template":"","meta":{"_acf_changed":false},"product_brand":[],"product_cat":[862,1687],"product_tag":[],"class_list":{"0":"post-16111","1":"product","2":"type-product","3":"status-publish","4":"has-post-thumbnail","6":"product_cat-nischen-parfum","7":"product_cat-montale-parfum-de","8":"brand-montale-parfum-de","9":"scent-note-ambra","10":"scent-note-bernstein","11":"scent-note-poederachtige-noten-de","12":"scent-note-witte-musk-hartnoten-de","13":"scent-note-zedernholz","14":"composition-amber-de","15":"composition-dierlijk-de","16":"composition-houtachtig-de","17":"composition-musk-de","18":"composition-poederig-de","19":"fragrance-family-amber-de","20":"fragrance-family-oriental-de","21":"formule-eau-de-parfum-de","22":"style-casual-de","23":"style-luxe-de","24":"style-sexy-de","25":"style-trendy-de","26":"season-herfst-de","27":"season-lente-de","28":"season-winter-de","29":"season-zomer-de","30":"occasion-date-de","31":"occasion-diner-de","32":"occasion-vrije-tijd-de","33":"occasion-werk-de","34":"gender-man-de","35":"gender-unisex-de","36":"gender-vrouw-de","38":"first","39":"instock","40":"purchasable","41":"product-type-variable","42":"has-default-attributes"},"acf":[],"yoast_head":"<!-- This site is optimized with the Yoast SEO plugin v25.9 - https:\/\/yoast.com\/wordpress\/plugins\/seo\/ -->\n<title>Montale - Bernsteinfarbener Moschus - Riklis Karto<\/title>\n<meta name=\"robots\" content=\"index, follow, max-snippet:-1, max-image-preview:large, max-video-preview:-1\" \/>\n<link rel=\"canonical\" href=\"https:\/\/rikliskarto.com\/de\/nischen-parfum\/montale-parfum-de\/montale-bernsteinfarbener-moschus\/\" \/>\n<meta property=\"og:locale\" content=\"de_DE\" \/>\n<meta property=\"og:type\" content=\"article\" \/>\n<meta property=\"og:title\" content=\"Montale - Bernsteinfarbener Moschus - Riklis Karto\" \/>\n<meta property=\"og:description\" content=\"Entdecken Sie einen Duft, der Ihre Sinne auf eine unvergessliche Reise mitnimmt! Amber Moschus ist das geheimnisvolle und verf\u00fchrerische Elixier, das mit seiner fesselnden Melodie aus Moschus und Ambra verf\u00fchrt. Lassen Sie es Ihnen von Kopf bis Fu\u00df Geheimnisse zufl\u00fcstern, wie in einer innigen Umarmung - einer Umarmung, die von ultimativem Vergn\u00fcgen erf\u00fcllt ist.  Kaufen Sie jetzt Montale Amber Musk bei Riklis Karto! Hinweis: Eine Montale-Flasche hat ein Fassungsverm\u00f6gen von ca. 120 ml, enth\u00e4lt aber 100 ml Fl\u00fcssigkeit. Es kann daher den Anschein haben, dass die Durchstechflasche nicht vollst\u00e4ndig gef\u00fcllt ist. Jede Durchstechflasche enth\u00e4lt jedoch die volle angegebene Fl\u00fcssigkeitsmenge.\" \/>\n<meta property=\"og:url\" content=\"https:\/\/rikliskarto.com\/de\/nischen-parfum\/montale-parfum-de\/montale-bernsteinfarbener-moschus\/\" \/>\n<meta property=\"og:site_name\" content=\"Riklis Karto\" \/>\n<meta property=\"article:modified_time\" content=\"2025-06-12T09:50:56+00:00\" \/>\n<meta property=\"og:image\" content=\"https:\/\/rikliskarto.com\/wp-content\/uploads\/2024\/10\/ambermusk.webp\" \/>\n\t<meta property=\"og:image:width\" content=\"1000\" \/>\n\t<meta property=\"og:image:height\" content=\"1000\" \/>\n\t<meta property=\"og:image:type\" content=\"image\/webp\" \/>\n<meta name=\"twitter:card\" content=\"summary_large_image\" \/>\n<script type=\"application\/ld+json\" class=\"yoast-schema-graph\">{\"@context\":\"https:\/\/schema.org\",\"@graph\":[{\"@type\":\"WebPage\",\"@id\":\"https:\/\/rikliskarto.com\/de\/nischen-parfum\/montale-parfum-de\/montale-bernsteinfarbener-moschus\/\",\"url\":\"https:\/\/rikliskarto.com\/de\/nischen-parfum\/montale-parfum-de\/montale-bernsteinfarbener-moschus\/\",\"name\":\"Montale - Bernsteinfarbener Moschus - Riklis Karto\",\"isPartOf\":{\"@id\":\"https:\/\/rikliskarto.com\/de\/#website\"},\"primaryImageOfPage\":{\"@id\":\"https:\/\/rikliskarto.com\/de\/nischen-parfum\/montale-parfum-de\/montale-bernsteinfarbener-moschus\/#primaryimage\"},\"image\":{\"@id\":\"https:\/\/rikliskarto.com\/de\/nischen-parfum\/montale-parfum-de\/montale-bernsteinfarbener-moschus\/#primaryimage\"},\"thumbnailUrl\":\"https:\/\/rikliskarto.com\/wp-content\/uploads\/2024\/10\/ambermusk.webp\",\"datePublished\":\"2022-09-28T16:55:07+00:00\",\"dateModified\":\"2025-06-12T09:50:56+00:00\",\"breadcrumb\":{\"@id\":\"https:\/\/rikliskarto.com\/de\/nischen-parfum\/montale-parfum-de\/montale-bernsteinfarbener-moschus\/#breadcrumb\"},\"inLanguage\":\"de\",\"potentialAction\":[{\"@type\":\"ReadAction\",\"target\":[\"https:\/\/rikliskarto.com\/de\/nischen-parfum\/montale-parfum-de\/montale-bernsteinfarbener-moschus\/\"]}]},{\"@type\":\"ImageObject\",\"inLanguage\":\"de\",\"@id\":\"https:\/\/rikliskarto.com\/de\/nischen-parfum\/montale-parfum-de\/montale-bernsteinfarbener-moschus\/#primaryimage\",\"url\":\"https:\/\/rikliskarto.com\/wp-content\/uploads\/2024\/10\/ambermusk.webp\",\"contentUrl\":\"https:\/\/rikliskarto.com\/wp-content\/uploads\/2024\/10\/ambermusk.webp\",\"width\":1000,\"height\":1000},{\"@type\":\"BreadcrumbList\",\"@id\":\"https:\/\/rikliskarto.com\/de\/nischen-parfum\/montale-parfum-de\/montale-bernsteinfarbener-moschus\/#breadcrumb\",\"itemListElement\":[{\"@type\":\"ListItem\",\"position\":1,\"name\":\"Home\",\"item\":\"https:\/\/rikliskarto.com\/de\/heim\/\"},{\"@type\":\"ListItem\",\"position\":2,\"name\":\"Priv\u00e9: Laden\",\"item\":\"https:\/\/rikliskarto.com\/de\/shop\/\"},{\"@type\":\"ListItem\",\"position\":3,\"name\":\"Montale &#8211; Bernsteinfarbener Moschus\"}]},{\"@type\":\"WebSite\",\"@id\":\"https:\/\/rikliskarto.com\/de\/#website\",\"url\":\"https:\/\/rikliskarto.com\/de\/\",\"name\":\"Riklis Karto\",\"description\":\"Ontdek de beste Niche Parfum &amp; Geurkaarsen.\",\"potentialAction\":[{\"@type\":\"SearchAction\",\"target\":{\"@type\":\"EntryPoint\",\"urlTemplate\":\"https:\/\/rikliskarto.com\/de\/?s={search_term_string}\"},\"query-input\":{\"@type\":\"PropertyValueSpecification\",\"valueRequired\":true,\"valueName\":\"search_term_string\"}}],\"inLanguage\":\"de\"}]}<\/script>\n<!-- \/ Yoast SEO plugin. -->","yoast_head_json":{"title":"Montale - Bernsteinfarbener Moschus - Riklis Karto","robots":{"index":"index","follow":"follow","max-snippet":"max-snippet:-1","max-image-preview":"max-image-preview:large","max-video-preview":"max-video-preview:-1"},"canonical":"https:\/\/rikliskarto.com\/de\/nischen-parfum\/montale-parfum-de\/montale-bernsteinfarbener-moschus\/","og_locale":"de_DE","og_type":"article","og_title":"Montale - Bernsteinfarbener Moschus - Riklis Karto","og_description":"Entdecken Sie einen Duft, der Ihre Sinne auf eine unvergessliche Reise mitnimmt! Amber Moschus ist das geheimnisvolle und verf\u00fchrerische Elixier, das mit seiner fesselnden Melodie aus Moschus und Ambra verf\u00fchrt. Lassen Sie es Ihnen von Kopf bis Fu\u00df Geheimnisse zufl\u00fcstern, wie in einer innigen Umarmung - einer Umarmung, die von ultimativem Vergn\u00fcgen erf\u00fcllt ist.  Kaufen Sie jetzt Montale Amber Musk bei Riklis Karto! Hinweis: Eine Montale-Flasche hat ein Fassungsverm\u00f6gen von ca. 120 ml, enth\u00e4lt aber 100 ml Fl\u00fcssigkeit. Es kann daher den Anschein haben, dass die Durchstechflasche nicht vollst\u00e4ndig gef\u00fcllt ist. Jede Durchstechflasche enth\u00e4lt jedoch die volle angegebene Fl\u00fcssigkeitsmenge.","og_url":"https:\/\/rikliskarto.com\/de\/nischen-parfum\/montale-parfum-de\/montale-bernsteinfarbener-moschus\/","og_site_name":"Riklis Karto","article_modified_time":"2025-06-12T09:50:56+00:00","og_image":[{"width":1000,"height":1000,"url":"https:\/\/rikliskarto.com\/wp-content\/uploads\/2024\/10\/ambermusk.webp","type":"image\/webp"}],"twitter_card":"summary_large_image","schema":{"@context":"https:\/\/schema.org","@graph":[{"@type":"WebPage","@id":"https:\/\/rikliskarto.com\/de\/nischen-parfum\/montale-parfum-de\/montale-bernsteinfarbener-moschus\/","url":"https:\/\/rikliskarto.com\/de\/nischen-parfum\/montale-parfum-de\/montale-bernsteinfarbener-moschus\/","name":"Montale - Bernsteinfarbener Moschus - Riklis Karto","isPartOf":{"@id":"https:\/\/rikliskarto.com\/de\/#website"},"primaryImageOfPage":{"@id":"https:\/\/rikliskarto.com\/de\/nischen-parfum\/montale-parfum-de\/montale-bernsteinfarbener-moschus\/#primaryimage"},"image":{"@id":"https:\/\/rikliskarto.com\/de\/nischen-parfum\/montale-parfum-de\/montale-bernsteinfarbener-moschus\/#primaryimage"},"thumbnailUrl":"https:\/\/rikliskarto.com\/wp-content\/uploads\/2024\/10\/ambermusk.webp","datePublished":"2022-09-28T16:55:07+00:00","dateModified":"2025-06-12T09:50:56+00:00","breadcrumb":{"@id":"https:\/\/rikliskarto.com\/de\/nischen-parfum\/montale-parfum-de\/montale-bernsteinfarbener-moschus\/#breadcrumb"},"inLanguage":"de","potentialAction":[{"@type":"ReadAction","target":["https:\/\/rikliskarto.com\/de\/nischen-parfum\/montale-parfum-de\/montale-bernsteinfarbener-moschus\/"]}]},{"@type":"ImageObject","inLanguage":"de","@id":"https:\/\/rikliskarto.com\/de\/nischen-parfum\/montale-parfum-de\/montale-bernsteinfarbener-moschus\/#primaryimage","url":"https:\/\/rikliskarto.com\/wp-content\/uploads\/2024\/10\/ambermusk.webp","contentUrl":"https:\/\/rikliskarto.com\/wp-content\/uploads\/2024\/10\/ambermusk.webp","width":1000,"height":1000},{"@type":"BreadcrumbList","@id":"https:\/\/rikliskarto.com\/de\/nischen-parfum\/montale-parfum-de\/montale-bernsteinfarbener-moschus\/#breadcrumb","itemListElement":[{"@type":"ListItem","position":1,"name":"Home","item":"https:\/\/rikliskarto.com\/de\/heim\/"},{"@type":"ListItem","position":2,"name":"Priv\u00e9: Laden","item":"https:\/\/rikliskarto.com\/de\/shop\/"},{"@type":"ListItem","position":3,"name":"Montale &#8211; Bernsteinfarbener Moschus"}]},{"@type":"WebSite","@id":"https:\/\/rikliskarto.com\/de\/#website","url":"https:\/\/rikliskarto.com\/de\/","name":"Riklis Karto","description":"Ontdek de beste Niche Parfum &amp; Geurkaarsen.","potentialAction":[{"@type":"SearchAction","target":{"@type":"EntryPoint","urlTemplate":"https:\/\/rikliskarto.com\/de\/?s={search_term_string}"},"query-input":{"@type":"PropertyValueSpecification","valueRequired":true,"valueName":"search_term_string"}}],"inLanguage":"de"}]}},"_links":{"self":[{"href":"https:\/\/rikliskarto.com\/de\/wp-json\/wp\/v2\/product\/16111","targetHints":{"allow":["GET"]}}],"collection":[{"href":"https:\/\/rikliskarto.com\/de\/wp-json\/wp\/v2\/product"}],"about":[{"href":"https:\/\/rikliskarto.com\/de\/wp-json\/wp\/v2\/types\/product"}],"replies":[{"embeddable":true,"href":"https:\/\/rikliskarto.com\/de\/wp-json\/wp\/v2\/comments?post=16111"}],"wp:featuredmedia":[{"embeddable":true,"href":"https:\/\/rikliskarto.com\/de\/wp-json\/wp\/v2\/media\/7671"}],"wp:attachment":[{"href":"https:\/\/rikliskarto.com\/de\/wp-json\/wp\/v2\/media?parent=16111"}],"wp:term":[{"taxonomy":"product_brand","embeddable":true,"href":"https:\/\/rikliskarto.com\/de\/wp-json\/wp\/v2\/product_brand?post=16111"},{"taxonomy":"product_cat","embeddable":true,"href":"https:\/\/rikliskarto.com\/de\/wp-json\/wp\/v2\/product_cat?post=16111"},{"taxonomy":"product_tag","embeddable":true,"href":"https:\/\/rikliskarto.com\/de\/wp-json\/wp\/v2\/product_tag?post=16111"}],"curies":[{"name":"wp","href":"https:\/\/api.w.org\/{rel}","templated":true}]}}