{"id":16067,"date":"2022-09-28T18:55:06","date_gmt":"2022-09-28T16:55:06","guid":{"rendered":"https:\/\/rikliskarto.com\/shop\/montale-schwarzer-aoud\/"},"modified":"2025-12-05T11:59:51","modified_gmt":"2025-12-05T10:59:51","slug":"montale-schwarzer-aoud","status":"publish","type":"product","link":"https:\/\/rikliskarto.com\/de\/nischen-parfum\/montale-parfum-de\/montale-schwarzer-aoud\/","title":{"rendered":"Montale &#8211; Schwarzer Aoud"},"content":{"rendered":"<p>Genie\u00dfen Sie den luxuri\u00f6sen Duft von Montale mit einer kambodschanischen Aoud- und indonesischen Patchouli-Mischung, die mit Noten von Mandarine, Moschus und Rosenbl\u00e4ttern angereichert ist. Ein ikonischer Duft, der Sie ins Paradies entf\u00fchrt! <\/p>\n<p>Kaufen Sie jetzt Montale Black Aoud bei Riklis Karto!<\/p>\n<p>Hinweis: Eine Montale-Flasche hat ein Fassungsverm\u00f6gen von ca. 120 ml, enth\u00e4lt aber 100 ml Fl\u00fcssigkeit. Es kann daher den Anschein haben, dass die Durchstechflasche nicht vollst\u00e4ndig gef\u00fcllt ist.  Jede Durchstechflasche enth\u00e4lt jedoch die volle angegebene Fl\u00fcssigkeitsmenge.<\/p>\n","protected":false},"excerpt":{"rendered":"<p><strong>Vor 14 Uhr bestellt, noch am selben Tag versendet. Bezahlen Sie anschlie\u00dfend mit klarna. <\/strong><\/p>\n<p>&nbsp;<\/p>\n","protected":false},"featured_media":17039,"comment_status":"open","ping_status":"closed","template":"","meta":{"_acf_changed":false},"product_brand":[],"product_cat":[862,1726,1687],"product_tag":[],"class_list":{"0":"post-16067","1":"product","2":"type-product","3":"status-publish","4":"has-post-thumbnail","6":"product_cat-nischen-parfum","7":"product_cat-bestsellers-de","8":"product_cat-montale-parfum-de","9":"brand-montale-parfum-de","10":"scent-note-adlerholz","11":"scent-note-labdanum-de","12":"scent-note-mandarijn-de","13":"scent-note-muskus-de","14":"scent-note-patchouli-de","15":"scent-note-roos-de","16":"composition-amber-de","17":"composition-bleomig-de","18":"composition-citrusvruchten-de","19":"composition-houtachtig-de","20":"composition-musk-de","21":"composition-oudh-de","22":"composition-patchouli-de","23":"composition-roos-de","24":"composition-warm-kruidig-de","25":"fragrance-family-floral-de","26":"fragrance-family-woods-de","27":"formule-eau-de-parfum-de","28":"style-businesslike-de","29":"style-luxe-de","30":"style-sexy-de","31":"style-trendy-de","32":"season-herfst-de","33":"season-winter-de","34":"occasion-date-de","35":"occasion-diner-de","36":"occasion-vrije-tijd-de","37":"gender-man-de","38":"gender-unisex-de","40":"first","41":"instock","42":"purchasable","43":"product-type-variable","44":"has-default-attributes"},"acf":[],"yoast_head":"<!-- This site is optimized with the Yoast SEO plugin v25.9 - https:\/\/yoast.com\/wordpress\/plugins\/seo\/ -->\n<title>Montale - Schwarzer Aoud - Riklis Karto<\/title>\n<meta name=\"robots\" content=\"index, follow, max-snippet:-1, max-image-preview:large, max-video-preview:-1\" \/>\n<link rel=\"canonical\" href=\"https:\/\/rikliskarto.com\/de\/nischen-parfum\/montale-parfum-de\/montale-schwarzer-aoud\/\" \/>\n<meta property=\"og:locale\" content=\"de_DE\" \/>\n<meta property=\"og:type\" content=\"article\" \/>\n<meta property=\"og:title\" content=\"Montale - Schwarzer Aoud - Riklis Karto\" \/>\n<meta property=\"og:description\" content=\"Vor 14 Uhr bestellt, noch am selben Tag versendet. Bezahlen Sie anschlie\u00dfend mit klarna.  &nbsp;\" \/>\n<meta property=\"og:url\" content=\"https:\/\/rikliskarto.com\/de\/nischen-parfum\/montale-parfum-de\/montale-schwarzer-aoud\/\" \/>\n<meta property=\"og:site_name\" content=\"Riklis Karto\" \/>\n<meta property=\"article:modified_time\" content=\"2025-12-05T10:59:51+00:00\" \/>\n<meta property=\"og:image\" content=\"https:\/\/rikliskarto.com\/wp-content\/uploads\/2024\/11\/montale-black-aoud.png\" \/>\n\t<meta property=\"og:image:width\" content=\"1000\" \/>\n\t<meta property=\"og:image:height\" content=\"1000\" \/>\n\t<meta property=\"og:image:type\" content=\"image\/webp\" \/>\n<meta name=\"twitter:card\" content=\"summary_large_image\" \/>\n<script type=\"application\/ld+json\" class=\"yoast-schema-graph\">{\"@context\":\"https:\/\/schema.org\",\"@graph\":[{\"@type\":\"WebPage\",\"@id\":\"https:\/\/rikliskarto.com\/de\/nischen-parfum\/montale-parfum-de\/montale-schwarzer-aoud\/\",\"url\":\"https:\/\/rikliskarto.com\/de\/nischen-parfum\/montale-parfum-de\/montale-schwarzer-aoud\/\",\"name\":\"Montale - Schwarzer Aoud - Riklis Karto\",\"isPartOf\":{\"@id\":\"https:\/\/rikliskarto.com\/de\/#website\"},\"primaryImageOfPage\":{\"@id\":\"https:\/\/rikliskarto.com\/de\/nischen-parfum\/montale-parfum-de\/montale-schwarzer-aoud\/#primaryimage\"},\"image\":{\"@id\":\"https:\/\/rikliskarto.com\/de\/nischen-parfum\/montale-parfum-de\/montale-schwarzer-aoud\/#primaryimage\"},\"thumbnailUrl\":\"https:\/\/rikliskarto.com\/wp-content\/uploads\/2024\/11\/montale-black-aoud.png\",\"datePublished\":\"2022-09-28T16:55:06+00:00\",\"dateModified\":\"2025-12-05T10:59:51+00:00\",\"breadcrumb\":{\"@id\":\"https:\/\/rikliskarto.com\/de\/nischen-parfum\/montale-parfum-de\/montale-schwarzer-aoud\/#breadcrumb\"},\"inLanguage\":\"de\",\"potentialAction\":[{\"@type\":\"ReadAction\",\"target\":[\"https:\/\/rikliskarto.com\/de\/nischen-parfum\/montale-parfum-de\/montale-schwarzer-aoud\/\"]}]},{\"@type\":\"ImageObject\",\"inLanguage\":\"de\",\"@id\":\"https:\/\/rikliskarto.com\/de\/nischen-parfum\/montale-parfum-de\/montale-schwarzer-aoud\/#primaryimage\",\"url\":\"https:\/\/rikliskarto.com\/wp-content\/uploads\/2024\/11\/montale-black-aoud.png\",\"contentUrl\":\"https:\/\/rikliskarto.com\/wp-content\/uploads\/2024\/11\/montale-black-aoud.png\",\"width\":1000,\"height\":1000},{\"@type\":\"BreadcrumbList\",\"@id\":\"https:\/\/rikliskarto.com\/de\/nischen-parfum\/montale-parfum-de\/montale-schwarzer-aoud\/#breadcrumb\",\"itemListElement\":[{\"@type\":\"ListItem\",\"position\":1,\"name\":\"Home\",\"item\":\"https:\/\/rikliskarto.com\/de\/heim\/\"},{\"@type\":\"ListItem\",\"position\":2,\"name\":\"Priv\u00e9: Laden\",\"item\":\"https:\/\/rikliskarto.com\/de\/shop\/\"},{\"@type\":\"ListItem\",\"position\":3,\"name\":\"Montale &#8211; Schwarzer Aoud\"}]},{\"@type\":\"WebSite\",\"@id\":\"https:\/\/rikliskarto.com\/de\/#website\",\"url\":\"https:\/\/rikliskarto.com\/de\/\",\"name\":\"Riklis Karto\",\"description\":\"Ontdek de beste Niche Parfum &amp; Geurkaarsen.\",\"potentialAction\":[{\"@type\":\"SearchAction\",\"target\":{\"@type\":\"EntryPoint\",\"urlTemplate\":\"https:\/\/rikliskarto.com\/de\/?s={search_term_string}\"},\"query-input\":{\"@type\":\"PropertyValueSpecification\",\"valueRequired\":true,\"valueName\":\"search_term_string\"}}],\"inLanguage\":\"de\"}]}<\/script>\n<!-- \/ Yoast SEO plugin. -->","yoast_head_json":{"title":"Montale - Schwarzer Aoud - Riklis Karto","robots":{"index":"index","follow":"follow","max-snippet":"max-snippet:-1","max-image-preview":"max-image-preview:large","max-video-preview":"max-video-preview:-1"},"canonical":"https:\/\/rikliskarto.com\/de\/nischen-parfum\/montale-parfum-de\/montale-schwarzer-aoud\/","og_locale":"de_DE","og_type":"article","og_title":"Montale - Schwarzer Aoud - Riklis Karto","og_description":"Vor 14 Uhr bestellt, noch am selben Tag versendet. Bezahlen Sie anschlie\u00dfend mit klarna.  &nbsp;","og_url":"https:\/\/rikliskarto.com\/de\/nischen-parfum\/montale-parfum-de\/montale-schwarzer-aoud\/","og_site_name":"Riklis Karto","article_modified_time":"2025-12-05T10:59:51+00:00","og_image":[{"width":1000,"height":1000,"url":"https:\/\/rikliskarto.com\/wp-content\/uploads\/2024\/11\/montale-black-aoud.png","type":"image\/webp"}],"twitter_card":"summary_large_image","schema":{"@context":"https:\/\/schema.org","@graph":[{"@type":"WebPage","@id":"https:\/\/rikliskarto.com\/de\/nischen-parfum\/montale-parfum-de\/montale-schwarzer-aoud\/","url":"https:\/\/rikliskarto.com\/de\/nischen-parfum\/montale-parfum-de\/montale-schwarzer-aoud\/","name":"Montale - Schwarzer Aoud - Riklis Karto","isPartOf":{"@id":"https:\/\/rikliskarto.com\/de\/#website"},"primaryImageOfPage":{"@id":"https:\/\/rikliskarto.com\/de\/nischen-parfum\/montale-parfum-de\/montale-schwarzer-aoud\/#primaryimage"},"image":{"@id":"https:\/\/rikliskarto.com\/de\/nischen-parfum\/montale-parfum-de\/montale-schwarzer-aoud\/#primaryimage"},"thumbnailUrl":"https:\/\/rikliskarto.com\/wp-content\/uploads\/2024\/11\/montale-black-aoud.png","datePublished":"2022-09-28T16:55:06+00:00","dateModified":"2025-12-05T10:59:51+00:00","breadcrumb":{"@id":"https:\/\/rikliskarto.com\/de\/nischen-parfum\/montale-parfum-de\/montale-schwarzer-aoud\/#breadcrumb"},"inLanguage":"de","potentialAction":[{"@type":"ReadAction","target":["https:\/\/rikliskarto.com\/de\/nischen-parfum\/montale-parfum-de\/montale-schwarzer-aoud\/"]}]},{"@type":"ImageObject","inLanguage":"de","@id":"https:\/\/rikliskarto.com\/de\/nischen-parfum\/montale-parfum-de\/montale-schwarzer-aoud\/#primaryimage","url":"https:\/\/rikliskarto.com\/wp-content\/uploads\/2024\/11\/montale-black-aoud.png","contentUrl":"https:\/\/rikliskarto.com\/wp-content\/uploads\/2024\/11\/montale-black-aoud.png","width":1000,"height":1000},{"@type":"BreadcrumbList","@id":"https:\/\/rikliskarto.com\/de\/nischen-parfum\/montale-parfum-de\/montale-schwarzer-aoud\/#breadcrumb","itemListElement":[{"@type":"ListItem","position":1,"name":"Home","item":"https:\/\/rikliskarto.com\/de\/heim\/"},{"@type":"ListItem","position":2,"name":"Priv\u00e9: Laden","item":"https:\/\/rikliskarto.com\/de\/shop\/"},{"@type":"ListItem","position":3,"name":"Montale &#8211; Schwarzer Aoud"}]},{"@type":"WebSite","@id":"https:\/\/rikliskarto.com\/de\/#website","url":"https:\/\/rikliskarto.com\/de\/","name":"Riklis Karto","description":"Ontdek de beste Niche Parfum &amp; Geurkaarsen.","potentialAction":[{"@type":"SearchAction","target":{"@type":"EntryPoint","urlTemplate":"https:\/\/rikliskarto.com\/de\/?s={search_term_string}"},"query-input":{"@type":"PropertyValueSpecification","valueRequired":true,"valueName":"search_term_string"}}],"inLanguage":"de"}]}},"_links":{"self":[{"href":"https:\/\/rikliskarto.com\/de\/wp-json\/wp\/v2\/product\/16067","targetHints":{"allow":["GET"]}}],"collection":[{"href":"https:\/\/rikliskarto.com\/de\/wp-json\/wp\/v2\/product"}],"about":[{"href":"https:\/\/rikliskarto.com\/de\/wp-json\/wp\/v2\/types\/product"}],"replies":[{"embeddable":true,"href":"https:\/\/rikliskarto.com\/de\/wp-json\/wp\/v2\/comments?post=16067"}],"wp:featuredmedia":[{"embeddable":true,"href":"https:\/\/rikliskarto.com\/de\/wp-json\/wp\/v2\/media\/17039"}],"wp:attachment":[{"href":"https:\/\/rikliskarto.com\/de\/wp-json\/wp\/v2\/media?parent=16067"}],"wp:term":[{"taxonomy":"product_brand","embeddable":true,"href":"https:\/\/rikliskarto.com\/de\/wp-json\/wp\/v2\/product_brand?post=16067"},{"taxonomy":"product_cat","embeddable":true,"href":"https:\/\/rikliskarto.com\/de\/wp-json\/wp\/v2\/product_cat?post=16067"},{"taxonomy":"product_tag","embeddable":true,"href":"https:\/\/rikliskarto.com\/de\/wp-json\/wp\/v2\/product_tag?post=16067"}],"curies":[{"name":"wp","href":"https:\/\/api.w.org\/{rel}","templated":true}]}}