{"id":16018,"date":"2022-09-28T18:55:09","date_gmt":"2022-09-28T16:55:09","guid":{"rendered":"https:\/\/rikliskarto.com\/shop\/montale-roter-vetiver\/"},"modified":"2025-06-12T11:50:37","modified_gmt":"2025-06-12T09:50:37","slug":"montale-roter-vetiver","status":"publish","type":"product","link":"https:\/\/rikliskarto.com\/de\/nischen-parfum\/montale-parfum-de\/montale-roter-vetiver\/","title":{"rendered":"Montale &#8211; Roter Vetiver"},"content":{"rendered":"<p>Tauchen Sie ein in ein exotisches Erlebnis mit diesem einzigartigen Duft. Eine Mischung aus luxuri\u00f6sem Vetiver aus Haiti, Zedernholz aus dem marokkanischen Atlasgebirge und warmen Patchouli-Bl\u00e4ttern. Diese Noten werden um ein kr\u00e4ftiges Herz aus Elemi und w\u00fcrzigem schwarzem Pfeffer aus Madagaskar herum zum Leben erweckt, das von w\u00fcrziger Grapefruit abgerundet wird.  <\/p>\n<p>Kaufen Sie jetzt Montale Red Vetiver bei Riklis Karto!<\/p>\n<p>Hinweis: Eine Montale-Flasche hat ein Fassungsverm\u00f6gen von ca. 120 ml, enth\u00e4lt aber 100 ml Fl\u00fcssigkeit. Es kann daher den Anschein haben, dass die Durchstechflasche nicht vollst\u00e4ndig gef\u00fcllt ist.  Jede Durchstechflasche enth\u00e4lt jedoch die volle angegebene Fl\u00fcssigkeitsmenge.<\/p>\n<p style=\"font-weight: 400;\">Montale Paris ist eine franz\u00f6sische High-End-Parf\u00fcmmarke, die schnell zu einer der Top-Marken der Branche aufsteigt.<\/p>\n<p style=\"font-weight: 400;\">Pierre Montale, Gr\u00fcnder und Inhaber von Montale Paris, verf\u00fcgt \u00fcber mehr als 20 Jahre Erfahrung als Parf\u00fcmeur f\u00fcr k\u00f6nigliche Familien in Katar und Dubai, Saudi-Arabien. Er verwendet nur feinste, nat\u00fcrliche Materialien mit einer hohen Duftkonzentration, um seine einzigartigen D\u00fcfte zu kreieren. <\/p>\n<p style=\"font-weight: 400;\">Montale Paris bietet mit jedem Duft ein exklusives, luxuri\u00f6ses Erlebnis. Vom einzigartigen Flakondesign bis hin zu den hochwertigen D\u00fcften soll jedes Produkt Ihnen jahrelang Freude bereiten. <\/p>\n<p style=\"font-weight: 400;\">Kaufen Sie jetzt auf unserer Website f\u00fcr die beste Auswahl an Montale Paris Parfums!<\/p>\n","protected":false},"excerpt":{"rendered":"<p><strong>Vor 14 Uhr bestellt, noch am selben Tag versendet. Bezahlen Sie anschlie\u00dfend mit klarna. <\/strong><\/p>\n<p>&nbsp;<\/p>\n","protected":false},"featured_media":17077,"comment_status":"open","ping_status":"closed","template":"","meta":{"_acf_changed":false},"product_brand":[],"product_cat":[862,1687],"product_tag":[],"class_list":{"0":"post-16018","1":"product","2":"type-product","3":"status-publish","4":"has-post-thumbnail","6":"product_cat-nischen-parfum","7":"product_cat-montale-parfum-de","8":"brand-montale-parfum-de","9":"formule-eau-de-parfum-de","11":"first","12":"instock","13":"purchasable","14":"product-type-variable","15":"has-default-attributes"},"acf":[],"yoast_head":"<!-- This site is optimized with the Yoast SEO plugin v25.9 - https:\/\/yoast.com\/wordpress\/plugins\/seo\/ -->\n<title>Montale - Roter Vetiver - Riklis Karto<\/title>\n<meta name=\"robots\" content=\"index, follow, max-snippet:-1, max-image-preview:large, max-video-preview:-1\" \/>\n<link rel=\"canonical\" href=\"https:\/\/rikliskarto.com\/de\/nischen-parfum\/montale-parfum-de\/montale-roter-vetiver\/\" \/>\n<meta property=\"og:locale\" content=\"de_DE\" \/>\n<meta property=\"og:type\" content=\"article\" \/>\n<meta property=\"og:title\" content=\"Montale - Roter Vetiver - Riklis Karto\" \/>\n<meta property=\"og:description\" content=\"Vor 14 Uhr bestellt, noch am selben Tag versendet. Bezahlen Sie anschlie\u00dfend mit klarna.  &nbsp;\" \/>\n<meta property=\"og:url\" content=\"https:\/\/rikliskarto.com\/de\/nischen-parfum\/montale-parfum-de\/montale-roter-vetiver\/\" \/>\n<meta property=\"og:site_name\" content=\"Riklis Karto\" \/>\n<meta property=\"article:modified_time\" content=\"2025-06-12T09:50:37+00:00\" \/>\n<meta property=\"og:image\" content=\"https:\/\/rikliskarto.com\/wp-content\/uploads\/2024\/11\/montale-red-vetiver.png\" \/>\n\t<meta property=\"og:image:width\" content=\"1000\" \/>\n\t<meta property=\"og:image:height\" content=\"1000\" \/>\n\t<meta property=\"og:image:type\" content=\"image\/webp\" \/>\n<meta name=\"twitter:card\" content=\"summary_large_image\" \/>\n<meta name=\"twitter:label1\" content=\"Gesch\u00e4tzte Lesezeit\" \/>\n\t<meta name=\"twitter:data1\" content=\"1\u00a0Minute\" \/>\n<script type=\"application\/ld+json\" class=\"yoast-schema-graph\">{\"@context\":\"https:\/\/schema.org\",\"@graph\":[{\"@type\":\"WebPage\",\"@id\":\"https:\/\/rikliskarto.com\/de\/nischen-parfum\/montale-parfum-de\/montale-roter-vetiver\/\",\"url\":\"https:\/\/rikliskarto.com\/de\/nischen-parfum\/montale-parfum-de\/montale-roter-vetiver\/\",\"name\":\"Montale - Roter Vetiver - Riklis Karto\",\"isPartOf\":{\"@id\":\"https:\/\/rikliskarto.com\/de\/#website\"},\"primaryImageOfPage\":{\"@id\":\"https:\/\/rikliskarto.com\/de\/nischen-parfum\/montale-parfum-de\/montale-roter-vetiver\/#primaryimage\"},\"image\":{\"@id\":\"https:\/\/rikliskarto.com\/de\/nischen-parfum\/montale-parfum-de\/montale-roter-vetiver\/#primaryimage\"},\"thumbnailUrl\":\"https:\/\/rikliskarto.com\/wp-content\/uploads\/2024\/11\/montale-red-vetiver.png\",\"datePublished\":\"2022-09-28T16:55:09+00:00\",\"dateModified\":\"2025-06-12T09:50:37+00:00\",\"breadcrumb\":{\"@id\":\"https:\/\/rikliskarto.com\/de\/nischen-parfum\/montale-parfum-de\/montale-roter-vetiver\/#breadcrumb\"},\"inLanguage\":\"de\",\"potentialAction\":[{\"@type\":\"ReadAction\",\"target\":[\"https:\/\/rikliskarto.com\/de\/nischen-parfum\/montale-parfum-de\/montale-roter-vetiver\/\"]}]},{\"@type\":\"ImageObject\",\"inLanguage\":\"de\",\"@id\":\"https:\/\/rikliskarto.com\/de\/nischen-parfum\/montale-parfum-de\/montale-roter-vetiver\/#primaryimage\",\"url\":\"https:\/\/rikliskarto.com\/wp-content\/uploads\/2024\/11\/montale-red-vetiver.png\",\"contentUrl\":\"https:\/\/rikliskarto.com\/wp-content\/uploads\/2024\/11\/montale-red-vetiver.png\",\"width\":1000,\"height\":1000},{\"@type\":\"BreadcrumbList\",\"@id\":\"https:\/\/rikliskarto.com\/de\/nischen-parfum\/montale-parfum-de\/montale-roter-vetiver\/#breadcrumb\",\"itemListElement\":[{\"@type\":\"ListItem\",\"position\":1,\"name\":\"Home\",\"item\":\"https:\/\/rikliskarto.com\/de\/heim\/\"},{\"@type\":\"ListItem\",\"position\":2,\"name\":\"Priv\u00e9: Laden\",\"item\":\"https:\/\/rikliskarto.com\/de\/shop\/\"},{\"@type\":\"ListItem\",\"position\":3,\"name\":\"Montale &#8211; Roter Vetiver\"}]},{\"@type\":\"WebSite\",\"@id\":\"https:\/\/rikliskarto.com\/de\/#website\",\"url\":\"https:\/\/rikliskarto.com\/de\/\",\"name\":\"Riklis Karto\",\"description\":\"Ontdek de beste Niche Parfum &amp; Geurkaarsen.\",\"potentialAction\":[{\"@type\":\"SearchAction\",\"target\":{\"@type\":\"EntryPoint\",\"urlTemplate\":\"https:\/\/rikliskarto.com\/de\/?s={search_term_string}\"},\"query-input\":{\"@type\":\"PropertyValueSpecification\",\"valueRequired\":true,\"valueName\":\"search_term_string\"}}],\"inLanguage\":\"de\"}]}<\/script>\n<!-- \/ Yoast SEO plugin. -->","yoast_head_json":{"title":"Montale - Roter Vetiver - Riklis Karto","robots":{"index":"index","follow":"follow","max-snippet":"max-snippet:-1","max-image-preview":"max-image-preview:large","max-video-preview":"max-video-preview:-1"},"canonical":"https:\/\/rikliskarto.com\/de\/nischen-parfum\/montale-parfum-de\/montale-roter-vetiver\/","og_locale":"de_DE","og_type":"article","og_title":"Montale - Roter Vetiver - Riklis Karto","og_description":"Vor 14 Uhr bestellt, noch am selben Tag versendet. Bezahlen Sie anschlie\u00dfend mit klarna.  &nbsp;","og_url":"https:\/\/rikliskarto.com\/de\/nischen-parfum\/montale-parfum-de\/montale-roter-vetiver\/","og_site_name":"Riklis Karto","article_modified_time":"2025-06-12T09:50:37+00:00","og_image":[{"width":1000,"height":1000,"url":"https:\/\/rikliskarto.com\/wp-content\/uploads\/2024\/11\/montale-red-vetiver.png","type":"image\/webp"}],"twitter_card":"summary_large_image","twitter_misc":{"Gesch\u00e4tzte Lesezeit":"1\u00a0Minute"},"schema":{"@context":"https:\/\/schema.org","@graph":[{"@type":"WebPage","@id":"https:\/\/rikliskarto.com\/de\/nischen-parfum\/montale-parfum-de\/montale-roter-vetiver\/","url":"https:\/\/rikliskarto.com\/de\/nischen-parfum\/montale-parfum-de\/montale-roter-vetiver\/","name":"Montale - Roter Vetiver - Riklis Karto","isPartOf":{"@id":"https:\/\/rikliskarto.com\/de\/#website"},"primaryImageOfPage":{"@id":"https:\/\/rikliskarto.com\/de\/nischen-parfum\/montale-parfum-de\/montale-roter-vetiver\/#primaryimage"},"image":{"@id":"https:\/\/rikliskarto.com\/de\/nischen-parfum\/montale-parfum-de\/montale-roter-vetiver\/#primaryimage"},"thumbnailUrl":"https:\/\/rikliskarto.com\/wp-content\/uploads\/2024\/11\/montale-red-vetiver.png","datePublished":"2022-09-28T16:55:09+00:00","dateModified":"2025-06-12T09:50:37+00:00","breadcrumb":{"@id":"https:\/\/rikliskarto.com\/de\/nischen-parfum\/montale-parfum-de\/montale-roter-vetiver\/#breadcrumb"},"inLanguage":"de","potentialAction":[{"@type":"ReadAction","target":["https:\/\/rikliskarto.com\/de\/nischen-parfum\/montale-parfum-de\/montale-roter-vetiver\/"]}]},{"@type":"ImageObject","inLanguage":"de","@id":"https:\/\/rikliskarto.com\/de\/nischen-parfum\/montale-parfum-de\/montale-roter-vetiver\/#primaryimage","url":"https:\/\/rikliskarto.com\/wp-content\/uploads\/2024\/11\/montale-red-vetiver.png","contentUrl":"https:\/\/rikliskarto.com\/wp-content\/uploads\/2024\/11\/montale-red-vetiver.png","width":1000,"height":1000},{"@type":"BreadcrumbList","@id":"https:\/\/rikliskarto.com\/de\/nischen-parfum\/montale-parfum-de\/montale-roter-vetiver\/#breadcrumb","itemListElement":[{"@type":"ListItem","position":1,"name":"Home","item":"https:\/\/rikliskarto.com\/de\/heim\/"},{"@type":"ListItem","position":2,"name":"Priv\u00e9: Laden","item":"https:\/\/rikliskarto.com\/de\/shop\/"},{"@type":"ListItem","position":3,"name":"Montale &#8211; Roter Vetiver"}]},{"@type":"WebSite","@id":"https:\/\/rikliskarto.com\/de\/#website","url":"https:\/\/rikliskarto.com\/de\/","name":"Riklis Karto","description":"Ontdek de beste Niche Parfum &amp; Geurkaarsen.","potentialAction":[{"@type":"SearchAction","target":{"@type":"EntryPoint","urlTemplate":"https:\/\/rikliskarto.com\/de\/?s={search_term_string}"},"query-input":{"@type":"PropertyValueSpecification","valueRequired":true,"valueName":"search_term_string"}}],"inLanguage":"de"}]}},"_links":{"self":[{"href":"https:\/\/rikliskarto.com\/de\/wp-json\/wp\/v2\/product\/16018","targetHints":{"allow":["GET"]}}],"collection":[{"href":"https:\/\/rikliskarto.com\/de\/wp-json\/wp\/v2\/product"}],"about":[{"href":"https:\/\/rikliskarto.com\/de\/wp-json\/wp\/v2\/types\/product"}],"replies":[{"embeddable":true,"href":"https:\/\/rikliskarto.com\/de\/wp-json\/wp\/v2\/comments?post=16018"}],"wp:featuredmedia":[{"embeddable":true,"href":"https:\/\/rikliskarto.com\/de\/wp-json\/wp\/v2\/media\/17077"}],"wp:attachment":[{"href":"https:\/\/rikliskarto.com\/de\/wp-json\/wp\/v2\/media?parent=16018"}],"wp:term":[{"taxonomy":"product_brand","embeddable":true,"href":"https:\/\/rikliskarto.com\/de\/wp-json\/wp\/v2\/product_brand?post=16018"},{"taxonomy":"product_cat","embeddable":true,"href":"https:\/\/rikliskarto.com\/de\/wp-json\/wp\/v2\/product_cat?post=16018"},{"taxonomy":"product_tag","embeddable":true,"href":"https:\/\/rikliskarto.com\/de\/wp-json\/wp\/v2\/product_tag?post=16018"}],"curies":[{"name":"wp","href":"https:\/\/api.w.org\/{rel}","templated":true}]}}