{"id":15980,"date":"2022-09-28T18:55:08","date_gmt":"2022-09-28T16:55:08","guid":{"rendered":"https:\/\/rikliskarto.com\/shop\/montale-arabians-tonka\/"},"modified":"2025-10-01T14:09:45","modified_gmt":"2025-10-01T12:09:45","slug":"montale-arabians-tonka","status":"publish","type":"product","link":"https:\/\/rikliskarto.com\/de\/nischen-parfum\/montale-parfum-de\/montale-arabians-tonka\/","title":{"rendered":"Montale &#8211; Arabians Tonka"},"content":{"rendered":"<h3><strong>Montale Arabians Tonka<\/strong><\/h3>\n<p>Die Arabians Tonka von Montale ist die Hommage an das sch\u00f6ne arabische Pferd und wurde f\u00fcr Liebhaber seltener Parfums kreiert. Dieser luxuri\u00f6se Tonka-Duft enth\u00e4lt eine feine Mischung aus Safran, bezaubernden Rosen, Tonkabohne und Bergamotte, die zu einem warmen, w\u00fcrzigen und kr\u00e4ftigen Duft f\u00fchrt. Perfekt f\u00fcr alle, die auffallen wollen.  <\/p>\n<h2>Bestellen Sie Ihre arabische Tonka bei Riklis Karto<\/h2>\n<p>Sind Sie auf der Suche nach einem exklusiven und luxuri\u00f6sen Duft mit warmen, s\u00fc\u00dfen T\u00f6nen? Dann ist der Montale Arabian Tonka der perfekte Duft f\u00fcr Sie. Der sch\u00f6ne Flakon verspricht einen spektakul\u00e4ren Duft und Sie werden nicht entt\u00e4uscht sein, wenn Sie ihn zum ersten Mal probieren.  <\/p>\n<p>Hinweis: Das Arabische Tonka Parf\u00fcm ist ca. 120 ml gro\u00df, enth\u00e4lt aber 100 ml Fl\u00fcssigkeit. Es kann daher den Anschein haben, dass die Durchstechflasche nicht vollst\u00e4ndig gef\u00fcllt ist. Jede Durchstechflasche enth\u00e4lt jedoch die volle angegebene Fl\u00fcssigkeitsmenge. Bestellen Sie jetzt Ihr arabisches Tonka Parfum bei Riklis Karto!<\/p>\n","protected":false},"excerpt":{"rendered":"<p>Arabians Tonka von Montale ist einer der beliebtesten Montale-D\u00fcfte der Gegenwart. Mit einer luxuri\u00f6sen Mischung aus Gew\u00fcrzen, Rose, Tonkabohnen und Bergamotte bietet dieses Tonka-Parfum ein exklusives Dufterlebnis mit warmen Aromen. <\/p>\n<p><strong>Vor 14 Uhr bestellt, noch am selben Tag versendet. Bezahlen Sie anschlie\u00dfend mit klarna. <\/strong><\/p>\n","protected":false},"featured_media":17053,"comment_status":"open","ping_status":"closed","template":"","meta":{"_acf_changed":false},"product_brand":[],"product_cat":[862,1726,1687],"product_tag":[],"class_list":{"0":"post-15980","1":"product","2":"type-product","3":"status-publish","4":"has-post-thumbnail","6":"product_cat-nischen-parfum","7":"product_cat-bestsellers-de","8":"product_cat-montale-parfum-de","9":"brand-montale-parfum-de","10":"scent-note-agarhout-de","11":"scent-note-basisnoten-de","12":"scent-note-bergamot-de","13":"scent-note-bernstein","14":"scent-note-eikenmos-de","15":"scent-note-hartnoten-de","16":"scent-note-saffraan-de","17":"scent-note-tonkaboon-de","18":"scent-note-topnoten-de","19":"scent-note-witte-musk-de","20":"scent-note-zuckerrohr","21":"composition-amber-de","22":"composition-aromatisch-de","23":"composition-musk-de","24":"composition-oudh-de","25":"composition-poederig-de","26":"composition-roos-de","27":"composition-vanille-de","28":"composition-warm-kruidig-de","29":"composition-zoet-de","30":"fragrance-family-woody-oriental-de","31":"formule-eau-de-parfum-de","32":"style-businesslike-de","33":"style-luxe-de","34":"style-sexy-de","35":"style-trendy-de","36":"season-herfst-de","37":"season-winter-de","38":"occasion-date-de","39":"occasion-diner-de","40":"occasion-vrije-tijd-de","41":"gender-man-de","42":"gender-unisex-de","43":"gender-vrouw-de","45":"first","46":"instock","47":"purchasable","48":"product-type-variable","49":"has-default-attributes"},"acf":[],"yoast_head":"<!-- This site is optimized with the Yoast SEO plugin v25.9 - https:\/\/yoast.com\/wordpress\/plugins\/seo\/ -->\n<title>Montale Arabians Tonka \u2013 Luxus Tonka Parfum<\/title>\n<meta name=\"description\" content=\"Entdecken Sie Montale Arabians Tonka: ein exklusiver, warmer Duft mit Tonkabohne und Safran. Bestellen Sie jetzt Ihr Luxusparf\u00fcm bei Riklis Karto \u2013 versandkostenfrei!\" \/>\n<meta name=\"robots\" content=\"index, follow, max-snippet:-1, max-image-preview:large, max-video-preview:-1\" \/>\n<link rel=\"canonical\" href=\"https:\/\/rikliskarto.com\/de\/nischen-parfum\/montale-parfum-de\/montale-arabians-tonka\/\" \/>\n<meta property=\"og:locale\" content=\"de_DE\" \/>\n<meta property=\"og:type\" content=\"article\" \/>\n<meta property=\"og:title\" content=\"Montale Arabians Tonka \u2013 Luxus Tonka Parfum\" \/>\n<meta property=\"og:description\" content=\"Entdecken Sie Montale Arabians Tonka: ein exklusiver, warmer Duft mit Tonkabohne und Safran. Bestellen Sie jetzt Ihr Luxusparf\u00fcm bei Riklis Karto \u2013 versandkostenfrei!\" \/>\n<meta property=\"og:url\" content=\"https:\/\/rikliskarto.com\/de\/nischen-parfum\/montale-parfum-de\/montale-arabians-tonka\/\" \/>\n<meta property=\"og:site_name\" content=\"Riklis Karto\" \/>\n<meta property=\"article:modified_time\" content=\"2025-10-01T12:09:45+00:00\" \/>\n<meta property=\"og:image\" content=\"https:\/\/rikliskarto.com\/wp-content\/uploads\/2024\/11\/montale-arabians-tonka.png\" \/>\n\t<meta property=\"og:image:width\" content=\"1000\" \/>\n\t<meta property=\"og:image:height\" content=\"1000\" \/>\n\t<meta property=\"og:image:type\" content=\"image\/webp\" \/>\n<meta name=\"twitter:card\" content=\"summary_large_image\" \/>\n<meta name=\"twitter:label1\" content=\"Gesch\u00e4tzte Lesezeit\" \/>\n\t<meta name=\"twitter:data1\" content=\"1\u00a0Minute\" \/>\n<script type=\"application\/ld+json\" class=\"yoast-schema-graph\">{\"@context\":\"https:\/\/schema.org\",\"@graph\":[{\"@type\":\"WebPage\",\"@id\":\"https:\/\/rikliskarto.com\/de\/nischen-parfum\/montale-parfum-de\/montale-arabians-tonka\/\",\"url\":\"https:\/\/rikliskarto.com\/de\/nischen-parfum\/montale-parfum-de\/montale-arabians-tonka\/\",\"name\":\"Montale Arabians Tonka \u2013 Luxus Tonka Parfum\",\"isPartOf\":{\"@id\":\"https:\/\/rikliskarto.com\/de\/#website\"},\"primaryImageOfPage\":{\"@id\":\"https:\/\/rikliskarto.com\/de\/nischen-parfum\/montale-parfum-de\/montale-arabians-tonka\/#primaryimage\"},\"image\":{\"@id\":\"https:\/\/rikliskarto.com\/de\/nischen-parfum\/montale-parfum-de\/montale-arabians-tonka\/#primaryimage\"},\"thumbnailUrl\":\"https:\/\/rikliskarto.com\/wp-content\/uploads\/2024\/11\/montale-arabians-tonka.png\",\"datePublished\":\"2022-09-28T16:55:08+00:00\",\"dateModified\":\"2025-10-01T12:09:45+00:00\",\"description\":\"Entdecken Sie Montale Arabians Tonka: ein exklusiver, warmer Duft mit Tonkabohne und Safran. Bestellen Sie jetzt Ihr Luxusparf\u00fcm bei Riklis Karto \u2013 versandkostenfrei!\",\"breadcrumb\":{\"@id\":\"https:\/\/rikliskarto.com\/de\/nischen-parfum\/montale-parfum-de\/montale-arabians-tonka\/#breadcrumb\"},\"inLanguage\":\"de\",\"potentialAction\":[{\"@type\":\"ReadAction\",\"target\":[\"https:\/\/rikliskarto.com\/de\/nischen-parfum\/montale-parfum-de\/montale-arabians-tonka\/\"]}]},{\"@type\":\"ImageObject\",\"inLanguage\":\"de\",\"@id\":\"https:\/\/rikliskarto.com\/de\/nischen-parfum\/montale-parfum-de\/montale-arabians-tonka\/#primaryimage\",\"url\":\"https:\/\/rikliskarto.com\/wp-content\/uploads\/2024\/11\/montale-arabians-tonka.png\",\"contentUrl\":\"https:\/\/rikliskarto.com\/wp-content\/uploads\/2024\/11\/montale-arabians-tonka.png\",\"width\":1000,\"height\":1000},{\"@type\":\"BreadcrumbList\",\"@id\":\"https:\/\/rikliskarto.com\/de\/nischen-parfum\/montale-parfum-de\/montale-arabians-tonka\/#breadcrumb\",\"itemListElement\":[{\"@type\":\"ListItem\",\"position\":1,\"name\":\"Home\",\"item\":\"https:\/\/rikliskarto.com\/de\/heim\/\"},{\"@type\":\"ListItem\",\"position\":2,\"name\":\"Priv\u00e9: Laden\",\"item\":\"https:\/\/rikliskarto.com\/de\/shop\/\"},{\"@type\":\"ListItem\",\"position\":3,\"name\":\"Montale &#8211; Arabians Tonka\"}]},{\"@type\":\"WebSite\",\"@id\":\"https:\/\/rikliskarto.com\/de\/#website\",\"url\":\"https:\/\/rikliskarto.com\/de\/\",\"name\":\"Riklis Karto\",\"description\":\"Ontdek de beste Niche Parfum &amp; Geurkaarsen.\",\"potentialAction\":[{\"@type\":\"SearchAction\",\"target\":{\"@type\":\"EntryPoint\",\"urlTemplate\":\"https:\/\/rikliskarto.com\/de\/?s={search_term_string}\"},\"query-input\":{\"@type\":\"PropertyValueSpecification\",\"valueRequired\":true,\"valueName\":\"search_term_string\"}}],\"inLanguage\":\"de\"}]}<\/script>\n<!-- \/ Yoast SEO plugin. -->","yoast_head_json":{"title":"Montale Arabians Tonka \u2013 Luxus Tonka Parfum","description":"Entdecken Sie Montale Arabians Tonka: ein exklusiver, warmer Duft mit Tonkabohne und Safran. Bestellen Sie jetzt Ihr Luxusparf\u00fcm bei Riklis Karto \u2013 versandkostenfrei!","robots":{"index":"index","follow":"follow","max-snippet":"max-snippet:-1","max-image-preview":"max-image-preview:large","max-video-preview":"max-video-preview:-1"},"canonical":"https:\/\/rikliskarto.com\/de\/nischen-parfum\/montale-parfum-de\/montale-arabians-tonka\/","og_locale":"de_DE","og_type":"article","og_title":"Montale Arabians Tonka \u2013 Luxus Tonka Parfum","og_description":"Entdecken Sie Montale Arabians Tonka: ein exklusiver, warmer Duft mit Tonkabohne und Safran. Bestellen Sie jetzt Ihr Luxusparf\u00fcm bei Riklis Karto \u2013 versandkostenfrei!","og_url":"https:\/\/rikliskarto.com\/de\/nischen-parfum\/montale-parfum-de\/montale-arabians-tonka\/","og_site_name":"Riklis Karto","article_modified_time":"2025-10-01T12:09:45+00:00","og_image":[{"width":1000,"height":1000,"url":"https:\/\/rikliskarto.com\/wp-content\/uploads\/2024\/11\/montale-arabians-tonka.png","type":"image\/webp"}],"twitter_card":"summary_large_image","twitter_misc":{"Gesch\u00e4tzte Lesezeit":"1\u00a0Minute"},"schema":{"@context":"https:\/\/schema.org","@graph":[{"@type":"WebPage","@id":"https:\/\/rikliskarto.com\/de\/nischen-parfum\/montale-parfum-de\/montale-arabians-tonka\/","url":"https:\/\/rikliskarto.com\/de\/nischen-parfum\/montale-parfum-de\/montale-arabians-tonka\/","name":"Montale Arabians Tonka \u2013 Luxus Tonka Parfum","isPartOf":{"@id":"https:\/\/rikliskarto.com\/de\/#website"},"primaryImageOfPage":{"@id":"https:\/\/rikliskarto.com\/de\/nischen-parfum\/montale-parfum-de\/montale-arabians-tonka\/#primaryimage"},"image":{"@id":"https:\/\/rikliskarto.com\/de\/nischen-parfum\/montale-parfum-de\/montale-arabians-tonka\/#primaryimage"},"thumbnailUrl":"https:\/\/rikliskarto.com\/wp-content\/uploads\/2024\/11\/montale-arabians-tonka.png","datePublished":"2022-09-28T16:55:08+00:00","dateModified":"2025-10-01T12:09:45+00:00","description":"Entdecken Sie Montale Arabians Tonka: ein exklusiver, warmer Duft mit Tonkabohne und Safran. Bestellen Sie jetzt Ihr Luxusparf\u00fcm bei Riklis Karto \u2013 versandkostenfrei!","breadcrumb":{"@id":"https:\/\/rikliskarto.com\/de\/nischen-parfum\/montale-parfum-de\/montale-arabians-tonka\/#breadcrumb"},"inLanguage":"de","potentialAction":[{"@type":"ReadAction","target":["https:\/\/rikliskarto.com\/de\/nischen-parfum\/montale-parfum-de\/montale-arabians-tonka\/"]}]},{"@type":"ImageObject","inLanguage":"de","@id":"https:\/\/rikliskarto.com\/de\/nischen-parfum\/montale-parfum-de\/montale-arabians-tonka\/#primaryimage","url":"https:\/\/rikliskarto.com\/wp-content\/uploads\/2024\/11\/montale-arabians-tonka.png","contentUrl":"https:\/\/rikliskarto.com\/wp-content\/uploads\/2024\/11\/montale-arabians-tonka.png","width":1000,"height":1000},{"@type":"BreadcrumbList","@id":"https:\/\/rikliskarto.com\/de\/nischen-parfum\/montale-parfum-de\/montale-arabians-tonka\/#breadcrumb","itemListElement":[{"@type":"ListItem","position":1,"name":"Home","item":"https:\/\/rikliskarto.com\/de\/heim\/"},{"@type":"ListItem","position":2,"name":"Priv\u00e9: Laden","item":"https:\/\/rikliskarto.com\/de\/shop\/"},{"@type":"ListItem","position":3,"name":"Montale &#8211; Arabians Tonka"}]},{"@type":"WebSite","@id":"https:\/\/rikliskarto.com\/de\/#website","url":"https:\/\/rikliskarto.com\/de\/","name":"Riklis Karto","description":"Ontdek de beste Niche Parfum &amp; Geurkaarsen.","potentialAction":[{"@type":"SearchAction","target":{"@type":"EntryPoint","urlTemplate":"https:\/\/rikliskarto.com\/de\/?s={search_term_string}"},"query-input":{"@type":"PropertyValueSpecification","valueRequired":true,"valueName":"search_term_string"}}],"inLanguage":"de"}]}},"_links":{"self":[{"href":"https:\/\/rikliskarto.com\/de\/wp-json\/wp\/v2\/product\/15980","targetHints":{"allow":["GET"]}}],"collection":[{"href":"https:\/\/rikliskarto.com\/de\/wp-json\/wp\/v2\/product"}],"about":[{"href":"https:\/\/rikliskarto.com\/de\/wp-json\/wp\/v2\/types\/product"}],"replies":[{"embeddable":true,"href":"https:\/\/rikliskarto.com\/de\/wp-json\/wp\/v2\/comments?post=15980"}],"wp:featuredmedia":[{"embeddable":true,"href":"https:\/\/rikliskarto.com\/de\/wp-json\/wp\/v2\/media\/17053"}],"wp:attachment":[{"href":"https:\/\/rikliskarto.com\/de\/wp-json\/wp\/v2\/media?parent=15980"}],"wp:term":[{"taxonomy":"product_brand","embeddable":true,"href":"https:\/\/rikliskarto.com\/de\/wp-json\/wp\/v2\/product_brand?post=15980"},{"taxonomy":"product_cat","embeddable":true,"href":"https:\/\/rikliskarto.com\/de\/wp-json\/wp\/v2\/product_cat?post=15980"},{"taxonomy":"product_tag","embeddable":true,"href":"https:\/\/rikliskarto.com\/de\/wp-json\/wp\/v2\/product_tag?post=15980"}],"curies":[{"name":"wp","href":"https:\/\/api.w.org\/{rel}","templated":true}]}}