{"id":15917,"date":"2022-09-28T18:55:21","date_gmt":"2022-09-28T16:55:21","guid":{"rendered":"https:\/\/rikliskarto.com\/shop\/strand-von-beso-beso-pasion\/"},"modified":"2025-06-12T11:48:18","modified_gmt":"2025-06-12T09:48:18","slug":"strand-von-beso-beso-pasion","status":"publish","type":"product","link":"https:\/\/rikliskarto.com\/de\/nischen-parfum\/beso-beach-de\/strand-von-beso-beso-pasion\/","title":{"rendered":"Strand von Beso &#8211; Beso Pasi\u00f3n"},"content":{"rendered":"<p style=\"font-weight: 400;\">Bereit f\u00fcr Ihren Sommerurlaub?<\/p>\n<p style=\"font-weight: 400;\">Unsere Beso Beach Parfums entf\u00fchren Sie ans Mittelmeer, wo Sie sich entspannen und die Sonnenunterg\u00e4nge und sch\u00f6nen Menschen genie\u00dfen k\u00f6nnen. Jedes Glas ist handgefertigt und ein Unikat, wobei nur die besten Materialien von lokalen Lieferanten verwendet werden. <\/p>\n<p style=\"font-weight: 400;\">Sie sollten sich dieses exklusive Parf\u00fcm, das die Essenz der mediterranen Kultur einf\u00e4ngt, nicht entgehen lassen. Es ist perfekt f\u00fcr alle, die Luxus und Exklusivit\u00e4t lieben. <\/p>\n<p style=\"font-weight: 400;\">Bestellen Sie Ihr Beso Beach Parf\u00fcm noch heute auf unserer Website!<\/p>\n","protected":false},"excerpt":{"rendered":"<p><span style=\"font-weight: 400;\">Entfesseln Sie Ihre innere Leidenschaft mit dem bezaubernden Beso Pasi\u00f3n von Beso Beach! Dieser Duft kombiniert eine Symphonie aus holzigen und aromatischen Noten wie Zedernholz und Akigalaholz, die durch Patchouli\u00f6l verst\u00e4rkt werden. Das Herz ist mit Bergamotte, Ingwer und Kardamom ausgekleidet, w\u00e4hrend gr\u00fcner Tee diesem fruchtigen Gebr\u00e4u, angereichert mit saftigen Feigen, einen zus\u00e4tzlichen Glanz verleiht. Werden Sie lebendig wie nie zuvor \u2013 es ist Zeit, Ihre Leidenschaften zu entfachen!   <\/span><\/p>\n<p><span style=\"font-weight: 400;\">Kaufen Sie jetzt Beso Beach Beso Pasi\u00f3n bei Riklis Karto!<\/span><\/p>\n","protected":false},"featured_media":17161,"comment_status":"open","ping_status":"closed","template":"","meta":{"_acf_changed":false},"product_brand":[],"product_cat":[862,1673],"product_tag":[],"class_list":{"0":"post-15917","1":"product","2":"type-product","3":"status-publish","4":"has-post-thumbnail","6":"product_cat-nischen-parfum","7":"product_cat-beso-beach-de","8":"brand-beso-beach-de","10":"first","11":"instock","12":"purchasable","13":"product-type-variable","14":"has-default-attributes"},"acf":[],"yoast_head":"<!-- This site is optimized with the Yoast SEO plugin v25.9 - https:\/\/yoast.com\/wordpress\/plugins\/seo\/ -->\n<title>Strand von Beso - Beso Pasi\u00f3n - Riklis Karto<\/title>\n<meta name=\"robots\" content=\"index, follow, max-snippet:-1, max-image-preview:large, max-video-preview:-1\" \/>\n<link rel=\"canonical\" href=\"https:\/\/rikliskarto.com\/de\/nischen-parfum\/beso-beach-de\/strand-von-beso-beso-pasion\/\" \/>\n<meta property=\"og:locale\" content=\"de_DE\" \/>\n<meta property=\"og:type\" content=\"article\" \/>\n<meta property=\"og:title\" content=\"Strand von Beso - Beso Pasi\u00f3n - Riklis Karto\" \/>\n<meta property=\"og:description\" content=\"Entfesseln Sie Ihre innere Leidenschaft mit dem bezaubernden Beso Pasi\u00f3n von Beso Beach! Dieser Duft kombiniert eine Symphonie aus holzigen und aromatischen Noten wie Zedernholz und Akigalaholz, die durch Patchouli\u00f6l verst\u00e4rkt werden. Das Herz ist mit Bergamotte, Ingwer und Kardamom ausgekleidet, w\u00e4hrend gr\u00fcner Tee diesem fruchtigen Gebr\u00e4u, angereichert mit saftigen Feigen, einen zus\u00e4tzlichen Glanz verleiht. Werden Sie lebendig wie nie zuvor \u2013 es ist Zeit, Ihre Leidenschaften zu entfachen!   Kaufen Sie jetzt Beso Beach Beso Pasi\u00f3n bei Riklis Karto!\" \/>\n<meta property=\"og:url\" content=\"https:\/\/rikliskarto.com\/de\/nischen-parfum\/beso-beach-de\/strand-von-beso-beso-pasion\/\" \/>\n<meta property=\"og:site_name\" content=\"Riklis Karto\" \/>\n<meta property=\"article:modified_time\" content=\"2025-06-12T09:48:18+00:00\" \/>\n<meta property=\"og:image\" content=\"https:\/\/rikliskarto.com\/wp-content\/uploads\/2024\/11\/221_Beso-Pasion.png\" \/>\n\t<meta property=\"og:image:width\" content=\"400\" \/>\n\t<meta property=\"og:image:height\" content=\"400\" \/>\n\t<meta property=\"og:image:type\" content=\"image\/webp\" \/>\n<meta name=\"twitter:card\" content=\"summary_large_image\" \/>\n<script type=\"application\/ld+json\" class=\"yoast-schema-graph\">{\"@context\":\"https:\/\/schema.org\",\"@graph\":[{\"@type\":\"WebPage\",\"@id\":\"https:\/\/rikliskarto.com\/de\/nischen-parfum\/beso-beach-de\/strand-von-beso-beso-pasion\/\",\"url\":\"https:\/\/rikliskarto.com\/de\/nischen-parfum\/beso-beach-de\/strand-von-beso-beso-pasion\/\",\"name\":\"Strand von Beso - Beso Pasi\u00f3n - Riklis Karto\",\"isPartOf\":{\"@id\":\"https:\/\/rikliskarto.com\/de\/#website\"},\"primaryImageOfPage\":{\"@id\":\"https:\/\/rikliskarto.com\/de\/nischen-parfum\/beso-beach-de\/strand-von-beso-beso-pasion\/#primaryimage\"},\"image\":{\"@id\":\"https:\/\/rikliskarto.com\/de\/nischen-parfum\/beso-beach-de\/strand-von-beso-beso-pasion\/#primaryimage\"},\"thumbnailUrl\":\"https:\/\/rikliskarto.com\/wp-content\/uploads\/2024\/11\/221_Beso-Pasion.png\",\"datePublished\":\"2022-09-28T16:55:21+00:00\",\"dateModified\":\"2025-06-12T09:48:18+00:00\",\"breadcrumb\":{\"@id\":\"https:\/\/rikliskarto.com\/de\/nischen-parfum\/beso-beach-de\/strand-von-beso-beso-pasion\/#breadcrumb\"},\"inLanguage\":\"de\",\"potentialAction\":[{\"@type\":\"ReadAction\",\"target\":[\"https:\/\/rikliskarto.com\/de\/nischen-parfum\/beso-beach-de\/strand-von-beso-beso-pasion\/\"]}]},{\"@type\":\"ImageObject\",\"inLanguage\":\"de\",\"@id\":\"https:\/\/rikliskarto.com\/de\/nischen-parfum\/beso-beach-de\/strand-von-beso-beso-pasion\/#primaryimage\",\"url\":\"https:\/\/rikliskarto.com\/wp-content\/uploads\/2024\/11\/221_Beso-Pasion.png\",\"contentUrl\":\"https:\/\/rikliskarto.com\/wp-content\/uploads\/2024\/11\/221_Beso-Pasion.png\",\"width\":400,\"height\":400},{\"@type\":\"BreadcrumbList\",\"@id\":\"https:\/\/rikliskarto.com\/de\/nischen-parfum\/beso-beach-de\/strand-von-beso-beso-pasion\/#breadcrumb\",\"itemListElement\":[{\"@type\":\"ListItem\",\"position\":1,\"name\":\"Home\",\"item\":\"https:\/\/rikliskarto.com\/de\/heim\/\"},{\"@type\":\"ListItem\",\"position\":2,\"name\":\"Priv\u00e9: Laden\",\"item\":\"https:\/\/rikliskarto.com\/de\/shop\/\"},{\"@type\":\"ListItem\",\"position\":3,\"name\":\"Strand von Beso &#8211; Beso Pasi\u00f3n\"}]},{\"@type\":\"WebSite\",\"@id\":\"https:\/\/rikliskarto.com\/de\/#website\",\"url\":\"https:\/\/rikliskarto.com\/de\/\",\"name\":\"Riklis Karto\",\"description\":\"Ontdek de beste Niche Parfum &amp; Geurkaarsen.\",\"potentialAction\":[{\"@type\":\"SearchAction\",\"target\":{\"@type\":\"EntryPoint\",\"urlTemplate\":\"https:\/\/rikliskarto.com\/de\/?s={search_term_string}\"},\"query-input\":{\"@type\":\"PropertyValueSpecification\",\"valueRequired\":true,\"valueName\":\"search_term_string\"}}],\"inLanguage\":\"de\"}]}<\/script>\n<!-- \/ Yoast SEO plugin. -->","yoast_head_json":{"title":"Strand von Beso - Beso Pasi\u00f3n - Riklis Karto","robots":{"index":"index","follow":"follow","max-snippet":"max-snippet:-1","max-image-preview":"max-image-preview:large","max-video-preview":"max-video-preview:-1"},"canonical":"https:\/\/rikliskarto.com\/de\/nischen-parfum\/beso-beach-de\/strand-von-beso-beso-pasion\/","og_locale":"de_DE","og_type":"article","og_title":"Strand von Beso - Beso Pasi\u00f3n - Riklis Karto","og_description":"Entfesseln Sie Ihre innere Leidenschaft mit dem bezaubernden Beso Pasi\u00f3n von Beso Beach! Dieser Duft kombiniert eine Symphonie aus holzigen und aromatischen Noten wie Zedernholz und Akigalaholz, die durch Patchouli\u00f6l verst\u00e4rkt werden. Das Herz ist mit Bergamotte, Ingwer und Kardamom ausgekleidet, w\u00e4hrend gr\u00fcner Tee diesem fruchtigen Gebr\u00e4u, angereichert mit saftigen Feigen, einen zus\u00e4tzlichen Glanz verleiht. Werden Sie lebendig wie nie zuvor \u2013 es ist Zeit, Ihre Leidenschaften zu entfachen!   Kaufen Sie jetzt Beso Beach Beso Pasi\u00f3n bei Riklis Karto!","og_url":"https:\/\/rikliskarto.com\/de\/nischen-parfum\/beso-beach-de\/strand-von-beso-beso-pasion\/","og_site_name":"Riklis Karto","article_modified_time":"2025-06-12T09:48:18+00:00","og_image":[{"width":400,"height":400,"url":"https:\/\/rikliskarto.com\/wp-content\/uploads\/2024\/11\/221_Beso-Pasion.png","type":"image\/webp"}],"twitter_card":"summary_large_image","schema":{"@context":"https:\/\/schema.org","@graph":[{"@type":"WebPage","@id":"https:\/\/rikliskarto.com\/de\/nischen-parfum\/beso-beach-de\/strand-von-beso-beso-pasion\/","url":"https:\/\/rikliskarto.com\/de\/nischen-parfum\/beso-beach-de\/strand-von-beso-beso-pasion\/","name":"Strand von Beso - Beso Pasi\u00f3n - Riklis Karto","isPartOf":{"@id":"https:\/\/rikliskarto.com\/de\/#website"},"primaryImageOfPage":{"@id":"https:\/\/rikliskarto.com\/de\/nischen-parfum\/beso-beach-de\/strand-von-beso-beso-pasion\/#primaryimage"},"image":{"@id":"https:\/\/rikliskarto.com\/de\/nischen-parfum\/beso-beach-de\/strand-von-beso-beso-pasion\/#primaryimage"},"thumbnailUrl":"https:\/\/rikliskarto.com\/wp-content\/uploads\/2024\/11\/221_Beso-Pasion.png","datePublished":"2022-09-28T16:55:21+00:00","dateModified":"2025-06-12T09:48:18+00:00","breadcrumb":{"@id":"https:\/\/rikliskarto.com\/de\/nischen-parfum\/beso-beach-de\/strand-von-beso-beso-pasion\/#breadcrumb"},"inLanguage":"de","potentialAction":[{"@type":"ReadAction","target":["https:\/\/rikliskarto.com\/de\/nischen-parfum\/beso-beach-de\/strand-von-beso-beso-pasion\/"]}]},{"@type":"ImageObject","inLanguage":"de","@id":"https:\/\/rikliskarto.com\/de\/nischen-parfum\/beso-beach-de\/strand-von-beso-beso-pasion\/#primaryimage","url":"https:\/\/rikliskarto.com\/wp-content\/uploads\/2024\/11\/221_Beso-Pasion.png","contentUrl":"https:\/\/rikliskarto.com\/wp-content\/uploads\/2024\/11\/221_Beso-Pasion.png","width":400,"height":400},{"@type":"BreadcrumbList","@id":"https:\/\/rikliskarto.com\/de\/nischen-parfum\/beso-beach-de\/strand-von-beso-beso-pasion\/#breadcrumb","itemListElement":[{"@type":"ListItem","position":1,"name":"Home","item":"https:\/\/rikliskarto.com\/de\/heim\/"},{"@type":"ListItem","position":2,"name":"Priv\u00e9: Laden","item":"https:\/\/rikliskarto.com\/de\/shop\/"},{"@type":"ListItem","position":3,"name":"Strand von Beso &#8211; Beso Pasi\u00f3n"}]},{"@type":"WebSite","@id":"https:\/\/rikliskarto.com\/de\/#website","url":"https:\/\/rikliskarto.com\/de\/","name":"Riklis Karto","description":"Ontdek de beste Niche Parfum &amp; Geurkaarsen.","potentialAction":[{"@type":"SearchAction","target":{"@type":"EntryPoint","urlTemplate":"https:\/\/rikliskarto.com\/de\/?s={search_term_string}"},"query-input":{"@type":"PropertyValueSpecification","valueRequired":true,"valueName":"search_term_string"}}],"inLanguage":"de"}]}},"_links":{"self":[{"href":"https:\/\/rikliskarto.com\/de\/wp-json\/wp\/v2\/product\/15917","targetHints":{"allow":["GET"]}}],"collection":[{"href":"https:\/\/rikliskarto.com\/de\/wp-json\/wp\/v2\/product"}],"about":[{"href":"https:\/\/rikliskarto.com\/de\/wp-json\/wp\/v2\/types\/product"}],"replies":[{"embeddable":true,"href":"https:\/\/rikliskarto.com\/de\/wp-json\/wp\/v2\/comments?post=15917"}],"wp:featuredmedia":[{"embeddable":true,"href":"https:\/\/rikliskarto.com\/de\/wp-json\/wp\/v2\/media\/17161"}],"wp:attachment":[{"href":"https:\/\/rikliskarto.com\/de\/wp-json\/wp\/v2\/media?parent=15917"}],"wp:term":[{"taxonomy":"product_brand","embeddable":true,"href":"https:\/\/rikliskarto.com\/de\/wp-json\/wp\/v2\/product_brand?post=15917"},{"taxonomy":"product_cat","embeddable":true,"href":"https:\/\/rikliskarto.com\/de\/wp-json\/wp\/v2\/product_cat?post=15917"},{"taxonomy":"product_tag","embeddable":true,"href":"https:\/\/rikliskarto.com\/de\/wp-json\/wp\/v2\/product_tag?post=15917"}],"curies":[{"name":"wp","href":"https:\/\/api.w.org\/{rel}","templated":true}]}}