{"id":15848,"date":"2022-09-28T18:55:28","date_gmt":"2022-09-28T16:55:28","guid":{"rendered":"https:\/\/rikliskarto.com\/shop\/laurent-mazzone-radikal-lotus\/"},"modified":"2025-06-12T11:49:27","modified_gmt":"2025-06-12T09:49:27","slug":"laurent-mazzone-radikal-lotus","status":"publish","type":"product","link":"https:\/\/rikliskarto.com\/de\/nischen-parfum\/laurent-mazzone-de\/laurent-mazzone-radikal-lotus\/","title":{"rendered":"Laurent Mazzone &#8211; Radikal Lotus"},"content":{"rendered":"","protected":false},"excerpt":{"rendered":"<p style=\"font-weight: 400;\">M\u00f6gen Sie unvergessliche Erlebnisse?<\/p>\n<p style=\"font-weight: 400;\">Laurent Mazzone Parfums wurde aus der Leidenschaft f\u00fcr Parf\u00fcm und einzigartige Erlebnisse geboren. Jeder Duft ist von einem unvergesslichen Moment im Leben des Sch\u00f6pfers inspiriert. <\/p>\n<p style=\"font-weight: 400;\">Die Flaschen sind wie die New Yorker Architektur geformt und eine Hommage an eine der kreativsten und inspirierendsten St\u00e4dte der Welt. Sie stehen auch f\u00fcr die Reise von der Selbstreflexion zur Kreation, die jeder Duft nimmt. <\/p>\n<p style=\"font-weight: 400;\">Kaufen Sie jetzt auf unserer Website f\u00fcr Ihre ganz pers\u00f6nliche Reise mit Laurent Mazzone Parfums.<\/p>\n","protected":false},"featured_media":8235,"comment_status":"open","ping_status":"closed","template":"","meta":{"_acf_changed":false},"product_brand":[],"product_cat":[862,1681],"product_tag":[],"class_list":{"0":"post-15848","1":"product","2":"type-product","3":"status-publish","4":"has-post-thumbnail","6":"product_cat-nischen-parfum","7":"product_cat-laurent-mazzone-de","8":"brand-laurent-mazzone-de","10":"first","11":"instock","12":"purchasable","13":"product-type-variable","14":"has-default-attributes"},"acf":[],"yoast_head":"<!-- This site is optimized with the Yoast SEO plugin v25.9 - https:\/\/yoast.com\/wordpress\/plugins\/seo\/ -->\n<title>Laurent Mazzone - Radikal Lotus - Riklis Karto<\/title>\n<meta name=\"robots\" content=\"index, follow, max-snippet:-1, max-image-preview:large, max-video-preview:-1\" \/>\n<link rel=\"canonical\" href=\"https:\/\/rikliskarto.com\/de\/nischen-parfum\/laurent-mazzone-de\/laurent-mazzone-radikal-lotus\/\" \/>\n<meta property=\"og:locale\" content=\"de_DE\" \/>\n<meta property=\"og:type\" content=\"article\" \/>\n<meta property=\"og:title\" content=\"Laurent Mazzone - Radikal Lotus - Riklis Karto\" \/>\n<meta property=\"og:description\" content=\"M\u00f6gen Sie unvergessliche Erlebnisse? Laurent Mazzone Parfums wurde aus der Leidenschaft f\u00fcr Parf\u00fcm und einzigartige Erlebnisse geboren. Jeder Duft ist von einem unvergesslichen Moment im Leben des Sch\u00f6pfers inspiriert. Die Flaschen sind wie die New Yorker Architektur geformt und eine Hommage an eine der kreativsten und inspirierendsten St\u00e4dte der Welt. Sie stehen auch f\u00fcr die Reise von der Selbstreflexion zur Kreation, die jeder Duft nimmt. Kaufen Sie jetzt auf unserer Website f\u00fcr Ihre ganz pers\u00f6nliche Reise mit Laurent Mazzone Parfums.\" \/>\n<meta property=\"og:url\" content=\"https:\/\/rikliskarto.com\/de\/nischen-parfum\/laurent-mazzone-de\/laurent-mazzone-radikal-lotus\/\" \/>\n<meta property=\"og:site_name\" content=\"Riklis Karto\" \/>\n<meta property=\"article:modified_time\" content=\"2025-06-12T09:49:27+00:00\" \/>\n<meta property=\"og:image\" content=\"https:\/\/rikliskarto.com\/wp-content\/uploads\/2024\/10\/radikalwaterlily.webp\" \/>\n\t<meta property=\"og:image:width\" content=\"1000\" \/>\n\t<meta property=\"og:image:height\" content=\"1000\" \/>\n\t<meta property=\"og:image:type\" content=\"image\/webp\" \/>\n<meta name=\"twitter:card\" content=\"summary_large_image\" \/>\n<script type=\"application\/ld+json\" class=\"yoast-schema-graph\">{\"@context\":\"https:\/\/schema.org\",\"@graph\":[{\"@type\":\"WebPage\",\"@id\":\"https:\/\/rikliskarto.com\/de\/nischen-parfum\/laurent-mazzone-de\/laurent-mazzone-radikal-lotus\/\",\"url\":\"https:\/\/rikliskarto.com\/de\/nischen-parfum\/laurent-mazzone-de\/laurent-mazzone-radikal-lotus\/\",\"name\":\"Laurent Mazzone - Radikal Lotus - Riklis Karto\",\"isPartOf\":{\"@id\":\"https:\/\/rikliskarto.com\/de\/#website\"},\"primaryImageOfPage\":{\"@id\":\"https:\/\/rikliskarto.com\/de\/nischen-parfum\/laurent-mazzone-de\/laurent-mazzone-radikal-lotus\/#primaryimage\"},\"image\":{\"@id\":\"https:\/\/rikliskarto.com\/de\/nischen-parfum\/laurent-mazzone-de\/laurent-mazzone-radikal-lotus\/#primaryimage\"},\"thumbnailUrl\":\"https:\/\/rikliskarto.com\/wp-content\/uploads\/2024\/10\/radikalwaterlily.webp\",\"datePublished\":\"2022-09-28T16:55:28+00:00\",\"dateModified\":\"2025-06-12T09:49:27+00:00\",\"breadcrumb\":{\"@id\":\"https:\/\/rikliskarto.com\/de\/nischen-parfum\/laurent-mazzone-de\/laurent-mazzone-radikal-lotus\/#breadcrumb\"},\"inLanguage\":\"de\",\"potentialAction\":[{\"@type\":\"ReadAction\",\"target\":[\"https:\/\/rikliskarto.com\/de\/nischen-parfum\/laurent-mazzone-de\/laurent-mazzone-radikal-lotus\/\"]}]},{\"@type\":\"ImageObject\",\"inLanguage\":\"de\",\"@id\":\"https:\/\/rikliskarto.com\/de\/nischen-parfum\/laurent-mazzone-de\/laurent-mazzone-radikal-lotus\/#primaryimage\",\"url\":\"https:\/\/rikliskarto.com\/wp-content\/uploads\/2024\/10\/radikalwaterlily.webp\",\"contentUrl\":\"https:\/\/rikliskarto.com\/wp-content\/uploads\/2024\/10\/radikalwaterlily.webp\",\"width\":1000,\"height\":1000},{\"@type\":\"BreadcrumbList\",\"@id\":\"https:\/\/rikliskarto.com\/de\/nischen-parfum\/laurent-mazzone-de\/laurent-mazzone-radikal-lotus\/#breadcrumb\",\"itemListElement\":[{\"@type\":\"ListItem\",\"position\":1,\"name\":\"Home\",\"item\":\"https:\/\/rikliskarto.com\/de\/heim\/\"},{\"@type\":\"ListItem\",\"position\":2,\"name\":\"Priv\u00e9: Laden\",\"item\":\"https:\/\/rikliskarto.com\/de\/shop\/\"},{\"@type\":\"ListItem\",\"position\":3,\"name\":\"Laurent Mazzone &#8211; Radikal Lotus\"}]},{\"@type\":\"WebSite\",\"@id\":\"https:\/\/rikliskarto.com\/de\/#website\",\"url\":\"https:\/\/rikliskarto.com\/de\/\",\"name\":\"Riklis Karto\",\"description\":\"Ontdek de beste Niche Parfum &amp; Geurkaarsen.\",\"potentialAction\":[{\"@type\":\"SearchAction\",\"target\":{\"@type\":\"EntryPoint\",\"urlTemplate\":\"https:\/\/rikliskarto.com\/de\/?s={search_term_string}\"},\"query-input\":{\"@type\":\"PropertyValueSpecification\",\"valueRequired\":true,\"valueName\":\"search_term_string\"}}],\"inLanguage\":\"de\"}]}<\/script>\n<!-- \/ Yoast SEO plugin. -->","yoast_head_json":{"title":"Laurent Mazzone - Radikal Lotus - Riklis Karto","robots":{"index":"index","follow":"follow","max-snippet":"max-snippet:-1","max-image-preview":"max-image-preview:large","max-video-preview":"max-video-preview:-1"},"canonical":"https:\/\/rikliskarto.com\/de\/nischen-parfum\/laurent-mazzone-de\/laurent-mazzone-radikal-lotus\/","og_locale":"de_DE","og_type":"article","og_title":"Laurent Mazzone - Radikal Lotus - Riklis Karto","og_description":"M\u00f6gen Sie unvergessliche Erlebnisse? Laurent Mazzone Parfums wurde aus der Leidenschaft f\u00fcr Parf\u00fcm und einzigartige Erlebnisse geboren. Jeder Duft ist von einem unvergesslichen Moment im Leben des Sch\u00f6pfers inspiriert. Die Flaschen sind wie die New Yorker Architektur geformt und eine Hommage an eine der kreativsten und inspirierendsten St\u00e4dte der Welt. Sie stehen auch f\u00fcr die Reise von der Selbstreflexion zur Kreation, die jeder Duft nimmt. Kaufen Sie jetzt auf unserer Website f\u00fcr Ihre ganz pers\u00f6nliche Reise mit Laurent Mazzone Parfums.","og_url":"https:\/\/rikliskarto.com\/de\/nischen-parfum\/laurent-mazzone-de\/laurent-mazzone-radikal-lotus\/","og_site_name":"Riklis Karto","article_modified_time":"2025-06-12T09:49:27+00:00","og_image":[{"width":1000,"height":1000,"url":"https:\/\/rikliskarto.com\/wp-content\/uploads\/2024\/10\/radikalwaterlily.webp","type":"image\/webp"}],"twitter_card":"summary_large_image","schema":{"@context":"https:\/\/schema.org","@graph":[{"@type":"WebPage","@id":"https:\/\/rikliskarto.com\/de\/nischen-parfum\/laurent-mazzone-de\/laurent-mazzone-radikal-lotus\/","url":"https:\/\/rikliskarto.com\/de\/nischen-parfum\/laurent-mazzone-de\/laurent-mazzone-radikal-lotus\/","name":"Laurent Mazzone - Radikal Lotus - Riklis Karto","isPartOf":{"@id":"https:\/\/rikliskarto.com\/de\/#website"},"primaryImageOfPage":{"@id":"https:\/\/rikliskarto.com\/de\/nischen-parfum\/laurent-mazzone-de\/laurent-mazzone-radikal-lotus\/#primaryimage"},"image":{"@id":"https:\/\/rikliskarto.com\/de\/nischen-parfum\/laurent-mazzone-de\/laurent-mazzone-radikal-lotus\/#primaryimage"},"thumbnailUrl":"https:\/\/rikliskarto.com\/wp-content\/uploads\/2024\/10\/radikalwaterlily.webp","datePublished":"2022-09-28T16:55:28+00:00","dateModified":"2025-06-12T09:49:27+00:00","breadcrumb":{"@id":"https:\/\/rikliskarto.com\/de\/nischen-parfum\/laurent-mazzone-de\/laurent-mazzone-radikal-lotus\/#breadcrumb"},"inLanguage":"de","potentialAction":[{"@type":"ReadAction","target":["https:\/\/rikliskarto.com\/de\/nischen-parfum\/laurent-mazzone-de\/laurent-mazzone-radikal-lotus\/"]}]},{"@type":"ImageObject","inLanguage":"de","@id":"https:\/\/rikliskarto.com\/de\/nischen-parfum\/laurent-mazzone-de\/laurent-mazzone-radikal-lotus\/#primaryimage","url":"https:\/\/rikliskarto.com\/wp-content\/uploads\/2024\/10\/radikalwaterlily.webp","contentUrl":"https:\/\/rikliskarto.com\/wp-content\/uploads\/2024\/10\/radikalwaterlily.webp","width":1000,"height":1000},{"@type":"BreadcrumbList","@id":"https:\/\/rikliskarto.com\/de\/nischen-parfum\/laurent-mazzone-de\/laurent-mazzone-radikal-lotus\/#breadcrumb","itemListElement":[{"@type":"ListItem","position":1,"name":"Home","item":"https:\/\/rikliskarto.com\/de\/heim\/"},{"@type":"ListItem","position":2,"name":"Priv\u00e9: Laden","item":"https:\/\/rikliskarto.com\/de\/shop\/"},{"@type":"ListItem","position":3,"name":"Laurent Mazzone &#8211; Radikal Lotus"}]},{"@type":"WebSite","@id":"https:\/\/rikliskarto.com\/de\/#website","url":"https:\/\/rikliskarto.com\/de\/","name":"Riklis Karto","description":"Ontdek de beste Niche Parfum &amp; Geurkaarsen.","potentialAction":[{"@type":"SearchAction","target":{"@type":"EntryPoint","urlTemplate":"https:\/\/rikliskarto.com\/de\/?s={search_term_string}"},"query-input":{"@type":"PropertyValueSpecification","valueRequired":true,"valueName":"search_term_string"}}],"inLanguage":"de"}]}},"_links":{"self":[{"href":"https:\/\/rikliskarto.com\/de\/wp-json\/wp\/v2\/product\/15848","targetHints":{"allow":["GET"]}}],"collection":[{"href":"https:\/\/rikliskarto.com\/de\/wp-json\/wp\/v2\/product"}],"about":[{"href":"https:\/\/rikliskarto.com\/de\/wp-json\/wp\/v2\/types\/product"}],"replies":[{"embeddable":true,"href":"https:\/\/rikliskarto.com\/de\/wp-json\/wp\/v2\/comments?post=15848"}],"wp:featuredmedia":[{"embeddable":true,"href":"https:\/\/rikliskarto.com\/de\/wp-json\/wp\/v2\/media\/8235"}],"wp:attachment":[{"href":"https:\/\/rikliskarto.com\/de\/wp-json\/wp\/v2\/media?parent=15848"}],"wp:term":[{"taxonomy":"product_brand","embeddable":true,"href":"https:\/\/rikliskarto.com\/de\/wp-json\/wp\/v2\/product_brand?post=15848"},{"taxonomy":"product_cat","embeddable":true,"href":"https:\/\/rikliskarto.com\/de\/wp-json\/wp\/v2\/product_cat?post=15848"},{"taxonomy":"product_tag","embeddable":true,"href":"https:\/\/rikliskarto.com\/de\/wp-json\/wp\/v2\/product_tag?post=15848"}],"curies":[{"name":"wp","href":"https:\/\/api.w.org\/{rel}","templated":true}]}}