{"id":15772,"date":"2022-11-08T11:54:58","date_gmt":"2022-11-08T10:54:58","guid":{"rendered":"https:\/\/rikliskarto.com\/shop\/profumum-roma-olibanum\/"},"modified":"2025-06-12T11:50:52","modified_gmt":"2025-06-12T09:50:52","slug":"profumum-roma-olibanum","status":"publish","type":"product","link":"https:\/\/rikliskarto.com\/de\/nischen-parfum\/profumum-roma-de\/profumum-roma-olibanum\/","title":{"rendered":"Profumum Roma &#8211; Olibanum"},"content":{"rendered":"","protected":false},"excerpt":{"rendered":"<p style=\"font-weight: 400;\">M\u00f6gen Sie feine D\u00fcfte?<\/p>\n<p style=\"font-weight: 400;\">PROFUMUM Roma ist ein einzigartiges Parf\u00fcmhaus, das D\u00fcfte kreiert, die von pers\u00f6nlichen Erinnerungen und Emotionen inspiriert sind. Die D\u00fcfte sind zu 43% konzentriert und bieten einen hervorragenden Halt auf der Haut, so dass Sie die Entwicklung der Duftnoten im Laufe der Zeit genie\u00dfen k\u00f6nnen. <\/p>\n<p style=\"font-weight: 400;\">Jeder Duft erz\u00e4hlt eine Geschichte und versetzt Sie an einen anderen Ort und in eine andere Zeit. Mit einer Konzentration von 43% geh\u00f6ren unsere Parfums zu den st\u00e4rksten und langlebigsten D\u00fcften auf dem heutigen Markt. Probieren Sie es noch heute selbst aus!  <\/p>\n<p style=\"font-weight: 400;\">Kaufen Sie jetzt Ihren Lieblingsduft von PROFUMUM Roma auf unserer Website!<\/p>\n","protected":false},"featured_media":7172,"comment_status":"open","ping_status":"closed","template":"","meta":{"_acf_changed":false},"product_brand":[],"product_cat":[862,1689],"product_tag":[],"class_list":{"0":"post-15772","1":"product","2":"type-product","3":"status-publish","4":"has-post-thumbnail","6":"product_cat-nischen-parfum","7":"product_cat-profumum-roma-de","8":"brand-profumum-roma-de","10":"first","11":"instock","12":"purchasable","13":"product-type-variable","14":"has-default-attributes"},"acf":[],"yoast_head":"<!-- This site is optimized with the Yoast SEO plugin v25.9 - https:\/\/yoast.com\/wordpress\/plugins\/seo\/ -->\n<title>Profumum Roma - Olibanum - Riklis Karto<\/title>\n<meta name=\"robots\" content=\"index, follow, max-snippet:-1, max-image-preview:large, max-video-preview:-1\" \/>\n<link rel=\"canonical\" href=\"https:\/\/rikliskarto.com\/de\/nischen-parfum\/profumum-roma-de\/profumum-roma-olibanum\/\" \/>\n<meta property=\"og:locale\" content=\"de_DE\" \/>\n<meta property=\"og:type\" content=\"article\" \/>\n<meta property=\"og:title\" content=\"Profumum Roma - Olibanum - Riklis Karto\" \/>\n<meta property=\"og:description\" content=\"M\u00f6gen Sie feine D\u00fcfte? PROFUMUM Roma ist ein einzigartiges Parf\u00fcmhaus, das D\u00fcfte kreiert, die von pers\u00f6nlichen Erinnerungen und Emotionen inspiriert sind. Die D\u00fcfte sind zu 43% konzentriert und bieten einen hervorragenden Halt auf der Haut, so dass Sie die Entwicklung der Duftnoten im Laufe der Zeit genie\u00dfen k\u00f6nnen. Jeder Duft erz\u00e4hlt eine Geschichte und versetzt Sie an einen anderen Ort und in eine andere Zeit. Mit einer Konzentration von 43% geh\u00f6ren unsere Parfums zu den st\u00e4rksten und langlebigsten D\u00fcften auf dem heutigen Markt. Probieren Sie es noch heute selbst aus!  Kaufen Sie jetzt Ihren Lieblingsduft von PROFUMUM Roma auf unserer Website!\" \/>\n<meta property=\"og:url\" content=\"https:\/\/rikliskarto.com\/de\/nischen-parfum\/profumum-roma-de\/profumum-roma-olibanum\/\" \/>\n<meta property=\"og:site_name\" content=\"Riklis Karto\" \/>\n<meta property=\"article:modified_time\" content=\"2025-06-12T09:50:52+00:00\" \/>\n<meta property=\"og:image\" content=\"https:\/\/rikliskarto.com\/wp-content\/uploads\/2024\/10\/olibanum-1.png\" \/>\n\t<meta property=\"og:image:width\" content=\"1000\" \/>\n\t<meta property=\"og:image:height\" content=\"1000\" \/>\n\t<meta property=\"og:image:type\" content=\"image\/png\" \/>\n<meta name=\"twitter:card\" content=\"summary_large_image\" \/>\n<script type=\"application\/ld+json\" class=\"yoast-schema-graph\">{\"@context\":\"https:\/\/schema.org\",\"@graph\":[{\"@type\":\"WebPage\",\"@id\":\"https:\/\/rikliskarto.com\/de\/nischen-parfum\/profumum-roma-de\/profumum-roma-olibanum\/\",\"url\":\"https:\/\/rikliskarto.com\/de\/nischen-parfum\/profumum-roma-de\/profumum-roma-olibanum\/\",\"name\":\"Profumum Roma - Olibanum - Riklis Karto\",\"isPartOf\":{\"@id\":\"https:\/\/rikliskarto.com\/de\/#website\"},\"primaryImageOfPage\":{\"@id\":\"https:\/\/rikliskarto.com\/de\/nischen-parfum\/profumum-roma-de\/profumum-roma-olibanum\/#primaryimage\"},\"image\":{\"@id\":\"https:\/\/rikliskarto.com\/de\/nischen-parfum\/profumum-roma-de\/profumum-roma-olibanum\/#primaryimage\"},\"thumbnailUrl\":\"https:\/\/rikliskarto.com\/wp-content\/uploads\/2024\/10\/olibanum-1.png\",\"datePublished\":\"2022-11-08T10:54:58+00:00\",\"dateModified\":\"2025-06-12T09:50:52+00:00\",\"breadcrumb\":{\"@id\":\"https:\/\/rikliskarto.com\/de\/nischen-parfum\/profumum-roma-de\/profumum-roma-olibanum\/#breadcrumb\"},\"inLanguage\":\"de\",\"potentialAction\":[{\"@type\":\"ReadAction\",\"target\":[\"https:\/\/rikliskarto.com\/de\/nischen-parfum\/profumum-roma-de\/profumum-roma-olibanum\/\"]}]},{\"@type\":\"ImageObject\",\"inLanguage\":\"de\",\"@id\":\"https:\/\/rikliskarto.com\/de\/nischen-parfum\/profumum-roma-de\/profumum-roma-olibanum\/#primaryimage\",\"url\":\"https:\/\/rikliskarto.com\/wp-content\/uploads\/2024\/10\/olibanum-1.png\",\"contentUrl\":\"https:\/\/rikliskarto.com\/wp-content\/uploads\/2024\/10\/olibanum-1.png\",\"width\":1000,\"height\":1000,\"caption\":\"Profumum Olibanum\"},{\"@type\":\"BreadcrumbList\",\"@id\":\"https:\/\/rikliskarto.com\/de\/nischen-parfum\/profumum-roma-de\/profumum-roma-olibanum\/#breadcrumb\",\"itemListElement\":[{\"@type\":\"ListItem\",\"position\":1,\"name\":\"Home\",\"item\":\"https:\/\/rikliskarto.com\/de\/heim\/\"},{\"@type\":\"ListItem\",\"position\":2,\"name\":\"Priv\u00e9: Laden\",\"item\":\"https:\/\/rikliskarto.com\/de\/shop\/\"},{\"@type\":\"ListItem\",\"position\":3,\"name\":\"Profumum Roma &#8211; Olibanum\"}]},{\"@type\":\"WebSite\",\"@id\":\"https:\/\/rikliskarto.com\/de\/#website\",\"url\":\"https:\/\/rikliskarto.com\/de\/\",\"name\":\"Riklis Karto\",\"description\":\"Ontdek de beste Niche Parfum &amp; Geurkaarsen.\",\"potentialAction\":[{\"@type\":\"SearchAction\",\"target\":{\"@type\":\"EntryPoint\",\"urlTemplate\":\"https:\/\/rikliskarto.com\/de\/?s={search_term_string}\"},\"query-input\":{\"@type\":\"PropertyValueSpecification\",\"valueRequired\":true,\"valueName\":\"search_term_string\"}}],\"inLanguage\":\"de\"}]}<\/script>\n<!-- \/ Yoast SEO plugin. -->","yoast_head_json":{"title":"Profumum Roma - Olibanum - Riklis Karto","robots":{"index":"index","follow":"follow","max-snippet":"max-snippet:-1","max-image-preview":"max-image-preview:large","max-video-preview":"max-video-preview:-1"},"canonical":"https:\/\/rikliskarto.com\/de\/nischen-parfum\/profumum-roma-de\/profumum-roma-olibanum\/","og_locale":"de_DE","og_type":"article","og_title":"Profumum Roma - Olibanum - Riklis Karto","og_description":"M\u00f6gen Sie feine D\u00fcfte? PROFUMUM Roma ist ein einzigartiges Parf\u00fcmhaus, das D\u00fcfte kreiert, die von pers\u00f6nlichen Erinnerungen und Emotionen inspiriert sind. Die D\u00fcfte sind zu 43% konzentriert und bieten einen hervorragenden Halt auf der Haut, so dass Sie die Entwicklung der Duftnoten im Laufe der Zeit genie\u00dfen k\u00f6nnen. Jeder Duft erz\u00e4hlt eine Geschichte und versetzt Sie an einen anderen Ort und in eine andere Zeit. Mit einer Konzentration von 43% geh\u00f6ren unsere Parfums zu den st\u00e4rksten und langlebigsten D\u00fcften auf dem heutigen Markt. Probieren Sie es noch heute selbst aus!  Kaufen Sie jetzt Ihren Lieblingsduft von PROFUMUM Roma auf unserer Website!","og_url":"https:\/\/rikliskarto.com\/de\/nischen-parfum\/profumum-roma-de\/profumum-roma-olibanum\/","og_site_name":"Riklis Karto","article_modified_time":"2025-06-12T09:50:52+00:00","og_image":[{"width":1000,"height":1000,"url":"https:\/\/rikliskarto.com\/wp-content\/uploads\/2024\/10\/olibanum-1.png","type":"image\/png"}],"twitter_card":"summary_large_image","schema":{"@context":"https:\/\/schema.org","@graph":[{"@type":"WebPage","@id":"https:\/\/rikliskarto.com\/de\/nischen-parfum\/profumum-roma-de\/profumum-roma-olibanum\/","url":"https:\/\/rikliskarto.com\/de\/nischen-parfum\/profumum-roma-de\/profumum-roma-olibanum\/","name":"Profumum Roma - Olibanum - Riklis Karto","isPartOf":{"@id":"https:\/\/rikliskarto.com\/de\/#website"},"primaryImageOfPage":{"@id":"https:\/\/rikliskarto.com\/de\/nischen-parfum\/profumum-roma-de\/profumum-roma-olibanum\/#primaryimage"},"image":{"@id":"https:\/\/rikliskarto.com\/de\/nischen-parfum\/profumum-roma-de\/profumum-roma-olibanum\/#primaryimage"},"thumbnailUrl":"https:\/\/rikliskarto.com\/wp-content\/uploads\/2024\/10\/olibanum-1.png","datePublished":"2022-11-08T10:54:58+00:00","dateModified":"2025-06-12T09:50:52+00:00","breadcrumb":{"@id":"https:\/\/rikliskarto.com\/de\/nischen-parfum\/profumum-roma-de\/profumum-roma-olibanum\/#breadcrumb"},"inLanguage":"de","potentialAction":[{"@type":"ReadAction","target":["https:\/\/rikliskarto.com\/de\/nischen-parfum\/profumum-roma-de\/profumum-roma-olibanum\/"]}]},{"@type":"ImageObject","inLanguage":"de","@id":"https:\/\/rikliskarto.com\/de\/nischen-parfum\/profumum-roma-de\/profumum-roma-olibanum\/#primaryimage","url":"https:\/\/rikliskarto.com\/wp-content\/uploads\/2024\/10\/olibanum-1.png","contentUrl":"https:\/\/rikliskarto.com\/wp-content\/uploads\/2024\/10\/olibanum-1.png","width":1000,"height":1000,"caption":"Profumum Olibanum"},{"@type":"BreadcrumbList","@id":"https:\/\/rikliskarto.com\/de\/nischen-parfum\/profumum-roma-de\/profumum-roma-olibanum\/#breadcrumb","itemListElement":[{"@type":"ListItem","position":1,"name":"Home","item":"https:\/\/rikliskarto.com\/de\/heim\/"},{"@type":"ListItem","position":2,"name":"Priv\u00e9: Laden","item":"https:\/\/rikliskarto.com\/de\/shop\/"},{"@type":"ListItem","position":3,"name":"Profumum Roma &#8211; Olibanum"}]},{"@type":"WebSite","@id":"https:\/\/rikliskarto.com\/de\/#website","url":"https:\/\/rikliskarto.com\/de\/","name":"Riklis Karto","description":"Ontdek de beste Niche Parfum &amp; Geurkaarsen.","potentialAction":[{"@type":"SearchAction","target":{"@type":"EntryPoint","urlTemplate":"https:\/\/rikliskarto.com\/de\/?s={search_term_string}"},"query-input":{"@type":"PropertyValueSpecification","valueRequired":true,"valueName":"search_term_string"}}],"inLanguage":"de"}]}},"_links":{"self":[{"href":"https:\/\/rikliskarto.com\/de\/wp-json\/wp\/v2\/product\/15772","targetHints":{"allow":["GET"]}}],"collection":[{"href":"https:\/\/rikliskarto.com\/de\/wp-json\/wp\/v2\/product"}],"about":[{"href":"https:\/\/rikliskarto.com\/de\/wp-json\/wp\/v2\/types\/product"}],"replies":[{"embeddable":true,"href":"https:\/\/rikliskarto.com\/de\/wp-json\/wp\/v2\/comments?post=15772"}],"wp:featuredmedia":[{"embeddable":true,"href":"https:\/\/rikliskarto.com\/de\/wp-json\/wp\/v2\/media\/7172"}],"wp:attachment":[{"href":"https:\/\/rikliskarto.com\/de\/wp-json\/wp\/v2\/media?parent=15772"}],"wp:term":[{"taxonomy":"product_brand","embeddable":true,"href":"https:\/\/rikliskarto.com\/de\/wp-json\/wp\/v2\/product_brand?post=15772"},{"taxonomy":"product_cat","embeddable":true,"href":"https:\/\/rikliskarto.com\/de\/wp-json\/wp\/v2\/product_cat?post=15772"},{"taxonomy":"product_tag","embeddable":true,"href":"https:\/\/rikliskarto.com\/de\/wp-json\/wp\/v2\/product_tag?post=15772"}],"curies":[{"name":"wp","href":"https:\/\/api.w.org\/{rel}","templated":true}]}}