{"id":15675,"date":"2022-09-28T20:55:26","date_gmt":"2022-09-28T18:55:26","guid":{"rendered":"https:\/\/rikliskarto.com\/shop\/histoires-de-parfums-das-ist-keine-blaue-flasche-1-2\/"},"modified":"2025-06-12T11:49:14","modified_gmt":"2025-06-12T09:49:14","slug":"histoires-de-parfums-das-ist-keine-blaue-flasche-1-2","status":"publish","type":"product","link":"https:\/\/rikliskarto.com\/de\/nischen-parfum\/histoires-de-parfums-de\/histoires-de-parfums-das-ist-keine-blaue-flasche-1-2\/","title":{"rendered":"Histoires de Parfums &#8211; Das ist keine blaue Flasche 1.2"},"content":{"rendered":"","protected":false},"excerpt":{"rendered":"<p style=\"font-weight: 400;\">Geschichtsfans und Parf\u00fcmliebhaber, das ist genau das Richtige f\u00fcr Sie!<\/p>\n<p style=\"font-weight: 400;\">G\u00e9rald Ghislain, der Kopf hinter Histoires de Parfums, hat eine einzigartige Duftkollektion kreiert, die von historischen Pers\u00f6nlichkeiten des 18. und 19. Jahrhunderts inspiriert ist. Jeder Duft erz\u00e4hlt eine Geschichte und weckt Emotionen, die durch den Duft erlebbar werden. <\/p>\n<p style=\"font-weight: 400;\">Wenn Sie auf der Suche nach einem luxuri\u00f6sen, kreativen und einzigartigen Dufterlebnis sind, dann sollten Sie Histoires de Parfums entdecken. Mit D\u00fcften, die von der Geschichte inspiriert sind und Emotionen hervorrufen, werden Sie D\u00fcfte nie wieder auf die gleiche Weise betrachten. <\/p>\n<p style=\"font-weight: 400;\">Kaufen Sie jetzt auf unserer Website ein und erleben Sie die Welt der Histoires de Parfums!<\/p>\n","protected":false},"featured_media":4854,"comment_status":"open","ping_status":"closed","template":"","meta":{"_acf_changed":false},"product_brand":[],"product_cat":[862,1679],"product_tag":[],"class_list":{"0":"post-15675","1":"product","2":"type-product","3":"status-publish","4":"has-post-thumbnail","6":"product_cat-nischen-parfum","7":"product_cat-histoires-de-parfums-de","8":"brand-histoires-de-parfums-de","10":"first","11":"instock","12":"purchasable","13":"product-type-variable","14":"has-default-attributes"},"acf":[],"yoast_head":"<!-- This site is optimized with the Yoast SEO plugin v25.9 - https:\/\/yoast.com\/wordpress\/plugins\/seo\/ -->\n<title>Histoires de Parfums - Das ist keine blaue Flasche 1.2 - Riklis Karto<\/title>\n<meta name=\"robots\" content=\"index, follow, max-snippet:-1, max-image-preview:large, max-video-preview:-1\" \/>\n<link rel=\"canonical\" href=\"https:\/\/rikliskarto.com\/de\/nischen-parfum\/histoires-de-parfums-de\/histoires-de-parfums-das-ist-keine-blaue-flasche-1-2\/\" \/>\n<meta property=\"og:locale\" content=\"de_DE\" \/>\n<meta property=\"og:type\" content=\"article\" \/>\n<meta property=\"og:title\" content=\"Histoires de Parfums - Das ist keine blaue Flasche 1.2 - Riklis Karto\" \/>\n<meta property=\"og:description\" content=\"Geschichtsfans und Parf\u00fcmliebhaber, das ist genau das Richtige f\u00fcr Sie! G\u00e9rald Ghislain, der Kopf hinter Histoires de Parfums, hat eine einzigartige Duftkollektion kreiert, die von historischen Pers\u00f6nlichkeiten des 18. und 19. Jahrhunderts inspiriert ist. Jeder Duft erz\u00e4hlt eine Geschichte und weckt Emotionen, die durch den Duft erlebbar werden. Wenn Sie auf der Suche nach einem luxuri\u00f6sen, kreativen und einzigartigen Dufterlebnis sind, dann sollten Sie Histoires de Parfums entdecken. Mit D\u00fcften, die von der Geschichte inspiriert sind und Emotionen hervorrufen, werden Sie D\u00fcfte nie wieder auf die gleiche Weise betrachten. Kaufen Sie jetzt auf unserer Website ein und erleben Sie die Welt der Histoires de Parfums!\" \/>\n<meta property=\"og:url\" content=\"https:\/\/rikliskarto.com\/de\/nischen-parfum\/histoires-de-parfums-de\/histoires-de-parfums-das-ist-keine-blaue-flasche-1-2\/\" \/>\n<meta property=\"og:site_name\" content=\"Riklis Karto\" \/>\n<meta property=\"article:modified_time\" content=\"2025-06-12T09:49:14+00:00\" \/>\n<meta property=\"og:image\" content=\"https:\/\/rikliskarto.com\/wp-content\/uploads\/2024\/10\/Histoires-de-Parfums-blue1.2-120.png\" \/>\n\t<meta property=\"og:image:width\" content=\"1000\" \/>\n\t<meta property=\"og:image:height\" content=\"1000\" \/>\n\t<meta property=\"og:image:type\" content=\"image\/png\" \/>\n<meta name=\"twitter:card\" content=\"summary_large_image\" \/>\n<script type=\"application\/ld+json\" class=\"yoast-schema-graph\">{\"@context\":\"https:\/\/schema.org\",\"@graph\":[{\"@type\":\"WebPage\",\"@id\":\"https:\/\/rikliskarto.com\/de\/nischen-parfum\/histoires-de-parfums-de\/histoires-de-parfums-das-ist-keine-blaue-flasche-1-2\/\",\"url\":\"https:\/\/rikliskarto.com\/de\/nischen-parfum\/histoires-de-parfums-de\/histoires-de-parfums-das-ist-keine-blaue-flasche-1-2\/\",\"name\":\"Histoires de Parfums - Das ist keine blaue Flasche 1.2 - Riklis Karto\",\"isPartOf\":{\"@id\":\"https:\/\/rikliskarto.com\/de\/#website\"},\"primaryImageOfPage\":{\"@id\":\"https:\/\/rikliskarto.com\/de\/nischen-parfum\/histoires-de-parfums-de\/histoires-de-parfums-das-ist-keine-blaue-flasche-1-2\/#primaryimage\"},\"image\":{\"@id\":\"https:\/\/rikliskarto.com\/de\/nischen-parfum\/histoires-de-parfums-de\/histoires-de-parfums-das-ist-keine-blaue-flasche-1-2\/#primaryimage\"},\"thumbnailUrl\":\"https:\/\/rikliskarto.com\/wp-content\/uploads\/2024\/10\/Histoires-de-Parfums-blue1.2-120.png\",\"datePublished\":\"2022-09-28T18:55:26+00:00\",\"dateModified\":\"2025-06-12T09:49:14+00:00\",\"breadcrumb\":{\"@id\":\"https:\/\/rikliskarto.com\/de\/nischen-parfum\/histoires-de-parfums-de\/histoires-de-parfums-das-ist-keine-blaue-flasche-1-2\/#breadcrumb\"},\"inLanguage\":\"de\",\"potentialAction\":[{\"@type\":\"ReadAction\",\"target\":[\"https:\/\/rikliskarto.com\/de\/nischen-parfum\/histoires-de-parfums-de\/histoires-de-parfums-das-ist-keine-blaue-flasche-1-2\/\"]}]},{\"@type\":\"ImageObject\",\"inLanguage\":\"de\",\"@id\":\"https:\/\/rikliskarto.com\/de\/nischen-parfum\/histoires-de-parfums-de\/histoires-de-parfums-das-ist-keine-blaue-flasche-1-2\/#primaryimage\",\"url\":\"https:\/\/rikliskarto.com\/wp-content\/uploads\/2024\/10\/Histoires-de-Parfums-blue1.2-120.png\",\"contentUrl\":\"https:\/\/rikliskarto.com\/wp-content\/uploads\/2024\/10\/Histoires-de-Parfums-blue1.2-120.png\",\"width\":1000,\"height\":1000},{\"@type\":\"BreadcrumbList\",\"@id\":\"https:\/\/rikliskarto.com\/de\/nischen-parfum\/histoires-de-parfums-de\/histoires-de-parfums-das-ist-keine-blaue-flasche-1-2\/#breadcrumb\",\"itemListElement\":[{\"@type\":\"ListItem\",\"position\":1,\"name\":\"Home\",\"item\":\"https:\/\/rikliskarto.com\/de\/heim\/\"},{\"@type\":\"ListItem\",\"position\":2,\"name\":\"Priv\u00e9: Laden\",\"item\":\"https:\/\/rikliskarto.com\/de\/shop\/\"},{\"@type\":\"ListItem\",\"position\":3,\"name\":\"Histoires de Parfums &#8211; Das ist keine blaue Flasche 1.2\"}]},{\"@type\":\"WebSite\",\"@id\":\"https:\/\/rikliskarto.com\/de\/#website\",\"url\":\"https:\/\/rikliskarto.com\/de\/\",\"name\":\"Riklis Karto\",\"description\":\"Ontdek de beste Niche Parfum &amp; Geurkaarsen.\",\"potentialAction\":[{\"@type\":\"SearchAction\",\"target\":{\"@type\":\"EntryPoint\",\"urlTemplate\":\"https:\/\/rikliskarto.com\/de\/?s={search_term_string}\"},\"query-input\":{\"@type\":\"PropertyValueSpecification\",\"valueRequired\":true,\"valueName\":\"search_term_string\"}}],\"inLanguage\":\"de\"}]}<\/script>\n<!-- \/ Yoast SEO plugin. -->","yoast_head_json":{"title":"Histoires de Parfums - Das ist keine blaue Flasche 1.2 - Riklis Karto","robots":{"index":"index","follow":"follow","max-snippet":"max-snippet:-1","max-image-preview":"max-image-preview:large","max-video-preview":"max-video-preview:-1"},"canonical":"https:\/\/rikliskarto.com\/de\/nischen-parfum\/histoires-de-parfums-de\/histoires-de-parfums-das-ist-keine-blaue-flasche-1-2\/","og_locale":"de_DE","og_type":"article","og_title":"Histoires de Parfums - Das ist keine blaue Flasche 1.2 - Riklis Karto","og_description":"Geschichtsfans und Parf\u00fcmliebhaber, das ist genau das Richtige f\u00fcr Sie! G\u00e9rald Ghislain, der Kopf hinter Histoires de Parfums, hat eine einzigartige Duftkollektion kreiert, die von historischen Pers\u00f6nlichkeiten des 18. und 19. Jahrhunderts inspiriert ist. Jeder Duft erz\u00e4hlt eine Geschichte und weckt Emotionen, die durch den Duft erlebbar werden. Wenn Sie auf der Suche nach einem luxuri\u00f6sen, kreativen und einzigartigen Dufterlebnis sind, dann sollten Sie Histoires de Parfums entdecken. Mit D\u00fcften, die von der Geschichte inspiriert sind und Emotionen hervorrufen, werden Sie D\u00fcfte nie wieder auf die gleiche Weise betrachten. Kaufen Sie jetzt auf unserer Website ein und erleben Sie die Welt der Histoires de Parfums!","og_url":"https:\/\/rikliskarto.com\/de\/nischen-parfum\/histoires-de-parfums-de\/histoires-de-parfums-das-ist-keine-blaue-flasche-1-2\/","og_site_name":"Riklis Karto","article_modified_time":"2025-06-12T09:49:14+00:00","og_image":[{"width":1000,"height":1000,"url":"https:\/\/rikliskarto.com\/wp-content\/uploads\/2024\/10\/Histoires-de-Parfums-blue1.2-120.png","type":"image\/png"}],"twitter_card":"summary_large_image","schema":{"@context":"https:\/\/schema.org","@graph":[{"@type":"WebPage","@id":"https:\/\/rikliskarto.com\/de\/nischen-parfum\/histoires-de-parfums-de\/histoires-de-parfums-das-ist-keine-blaue-flasche-1-2\/","url":"https:\/\/rikliskarto.com\/de\/nischen-parfum\/histoires-de-parfums-de\/histoires-de-parfums-das-ist-keine-blaue-flasche-1-2\/","name":"Histoires de Parfums - Das ist keine blaue Flasche 1.2 - Riklis Karto","isPartOf":{"@id":"https:\/\/rikliskarto.com\/de\/#website"},"primaryImageOfPage":{"@id":"https:\/\/rikliskarto.com\/de\/nischen-parfum\/histoires-de-parfums-de\/histoires-de-parfums-das-ist-keine-blaue-flasche-1-2\/#primaryimage"},"image":{"@id":"https:\/\/rikliskarto.com\/de\/nischen-parfum\/histoires-de-parfums-de\/histoires-de-parfums-das-ist-keine-blaue-flasche-1-2\/#primaryimage"},"thumbnailUrl":"https:\/\/rikliskarto.com\/wp-content\/uploads\/2024\/10\/Histoires-de-Parfums-blue1.2-120.png","datePublished":"2022-09-28T18:55:26+00:00","dateModified":"2025-06-12T09:49:14+00:00","breadcrumb":{"@id":"https:\/\/rikliskarto.com\/de\/nischen-parfum\/histoires-de-parfums-de\/histoires-de-parfums-das-ist-keine-blaue-flasche-1-2\/#breadcrumb"},"inLanguage":"de","potentialAction":[{"@type":"ReadAction","target":["https:\/\/rikliskarto.com\/de\/nischen-parfum\/histoires-de-parfums-de\/histoires-de-parfums-das-ist-keine-blaue-flasche-1-2\/"]}]},{"@type":"ImageObject","inLanguage":"de","@id":"https:\/\/rikliskarto.com\/de\/nischen-parfum\/histoires-de-parfums-de\/histoires-de-parfums-das-ist-keine-blaue-flasche-1-2\/#primaryimage","url":"https:\/\/rikliskarto.com\/wp-content\/uploads\/2024\/10\/Histoires-de-Parfums-blue1.2-120.png","contentUrl":"https:\/\/rikliskarto.com\/wp-content\/uploads\/2024\/10\/Histoires-de-Parfums-blue1.2-120.png","width":1000,"height":1000},{"@type":"BreadcrumbList","@id":"https:\/\/rikliskarto.com\/de\/nischen-parfum\/histoires-de-parfums-de\/histoires-de-parfums-das-ist-keine-blaue-flasche-1-2\/#breadcrumb","itemListElement":[{"@type":"ListItem","position":1,"name":"Home","item":"https:\/\/rikliskarto.com\/de\/heim\/"},{"@type":"ListItem","position":2,"name":"Priv\u00e9: Laden","item":"https:\/\/rikliskarto.com\/de\/shop\/"},{"@type":"ListItem","position":3,"name":"Histoires de Parfums &#8211; Das ist keine blaue Flasche 1.2"}]},{"@type":"WebSite","@id":"https:\/\/rikliskarto.com\/de\/#website","url":"https:\/\/rikliskarto.com\/de\/","name":"Riklis Karto","description":"Ontdek de beste Niche Parfum &amp; Geurkaarsen.","potentialAction":[{"@type":"SearchAction","target":{"@type":"EntryPoint","urlTemplate":"https:\/\/rikliskarto.com\/de\/?s={search_term_string}"},"query-input":{"@type":"PropertyValueSpecification","valueRequired":true,"valueName":"search_term_string"}}],"inLanguage":"de"}]}},"_links":{"self":[{"href":"https:\/\/rikliskarto.com\/de\/wp-json\/wp\/v2\/product\/15675","targetHints":{"allow":["GET"]}}],"collection":[{"href":"https:\/\/rikliskarto.com\/de\/wp-json\/wp\/v2\/product"}],"about":[{"href":"https:\/\/rikliskarto.com\/de\/wp-json\/wp\/v2\/types\/product"}],"replies":[{"embeddable":true,"href":"https:\/\/rikliskarto.com\/de\/wp-json\/wp\/v2\/comments?post=15675"}],"wp:featuredmedia":[{"embeddable":true,"href":"https:\/\/rikliskarto.com\/de\/wp-json\/wp\/v2\/media\/4854"}],"wp:attachment":[{"href":"https:\/\/rikliskarto.com\/de\/wp-json\/wp\/v2\/media?parent=15675"}],"wp:term":[{"taxonomy":"product_brand","embeddable":true,"href":"https:\/\/rikliskarto.com\/de\/wp-json\/wp\/v2\/product_brand?post=15675"},{"taxonomy":"product_cat","embeddable":true,"href":"https:\/\/rikliskarto.com\/de\/wp-json\/wp\/v2\/product_cat?post=15675"},{"taxonomy":"product_tag","embeddable":true,"href":"https:\/\/rikliskarto.com\/de\/wp-json\/wp\/v2\/product_tag?post=15675"}],"curies":[{"name":"wp","href":"https:\/\/api.w.org\/{rel}","templated":true}]}}